{"id":5568,"date":"2022-01-27T15:26:10","date_gmt":"2022-01-27T15:26:10","guid":{"rendered":"https:\/\/evko-ks.com\/?page_id=5568"},"modified":"2022-09-20T11:32:22","modified_gmt":"2022-09-20T11:32:22","slug":"products","status":"publish","type":"page","link":"https:\/\/evko-ks.com\/sq\/products\/","title":{"rendered":"Produktet"},"content":{"rendered":"<div data-elementor-type=\"wp-page\" data-elementor-id=\"5568\" class=\"elementor elementor-5568\">\n\t\t\t\t\t\t\t\t\t<section class=\"elementor-section elementor-top-section elementor-element elementor-element-318601f1 elementor-section-boxed elementor-section-height-default elementor-section-height-default\" data-id=\"318601f1\" data-element_type=\"section\">\n\t\t\t\t\t\t<div class=\"elementor-container elementor-column-gap-default\">\n\t\t\t\t\t<div class=\"elementor-column elementor-col-100 elementor-top-column elementor-element elementor-element-523ed5a\" data-id=\"523ed5a\" data-element_type=\"column\">\n\t\t\t<div class=\"elementor-widget-wrap elementor-element-populated\">\n\t\t\t\t\t\t\t\t<div class=\"elementor-element elementor-element-50963d00 elementor-widget elementor-widget-heading\" data-id=\"50963d00\" data-element_type=\"widget\" data-widget_type=\"heading.default\">\n\t\t\t\t<div class=\"elementor-widget-container\">\n\t\t\t<style>\/*! elementor - v3.11.5 - 14-03-2023 *\/\n.elementor-heading-title{padding:0;margin:0;line-height:1}.elementor-widget-heading .elementor-heading-title[class*=elementor-size-]>a{color:inherit;font-size:inherit;line-height:inherit}.elementor-widget-heading .elementor-heading-title.elementor-size-small{font-size:15px}.elementor-widget-heading .elementor-heading-title.elementor-size-medium{font-size:19px}.elementor-widget-heading .elementor-heading-title.elementor-size-large{font-size:29px}.elementor-widget-heading .elementor-heading-title.elementor-size-xl{font-size:39px}.elementor-widget-heading .elementor-heading-title.elementor-size-xxl{font-size:59px}<\/style><h2 class=\"elementor-heading-title elementor-size-default\">Produktet tona<\/h2>\t\t<\/div>\n\t\t\t\t<\/div>\n\t\t\t\t\t<\/div>\n\t\t<\/div>\n\t\t\t\t\t\t\t<\/div>\n\t\t<\/section>\n\t\t\t\t<section class=\"elementor-section elementor-top-section elementor-element elementor-element-1d32fd97 elementor-section-boxed elementor-section-height-default elementor-section-height-default\" data-id=\"1d32fd97\" data-element_type=\"section\">\n\t\t\t\t\t\t<div class=\"elementor-container elementor-column-gap-default\">\n\t\t\t\t\t<div class=\"elementor-column elementor-col-100 elementor-top-column elementor-element elementor-element-4d15749c\" data-id=\"4d15749c\" data-element_type=\"column\">\n\t\t\t<div class=\"elementor-widget-wrap elementor-element-populated\">\n\t\t\t\t\t\t\t\t<div class=\"elementor-element elementor-element-2ffd1a43 elementor-search-form--skin-classic elementor-search-form--button-type-icon elementor-search-form--icon-search elementor-widget elementor-widget-search-form\" data-id=\"2ffd1a43\" data-element_type=\"widget\" data-settings=\"{&quot;skin&quot;:&quot;classic&quot;}\" data-widget_type=\"search-form.default\">\n\t\t\t\t<div class=\"elementor-widget-container\">\n\t\t\t\t\t<form class=\"elementor-search-form\" role=\"search\" action=\"https:\/\/evko-ks.com\/sq\" method=\"get\" data-trp-original-action=\"https:\/\/evko-ks.com\/sq\">\r\n\t\t\t\t\t\t\t\t\t<div class=\"elementor-search-form__container\">\r\n\t\t\t\t\t\t\t\t<input placeholder=\"Search..\" class=\"elementor-search-form__input\" type=\"search\" name=\"s\" title=\"Search\" value=\"\">\r\n\t\t\t\t\t\t\t\t\t\t\t\t\t<button class=\"elementor-search-form__submit\" type=\"submit\" title=\"Search\" aria-label=\"Search\">\r\n\t\t\t\t\t\t\t\t\t\t\t\t\t<i aria-hidden=\"true\" class=\"fas fa-search\"><\/i>\t\t\t\t\t\t\t<span class=\"elementor-screen-only\">Search<\/span>\r\n\t\t\t\t\t\t\t\t\t\t\t<\/button>\r\n\t\t\t\t\t\t\t\t\t\t\t<\/div>\r\n\t\t<input type=\"hidden\" name=\"trp-form-language\" value=\"sq\"\/><\/form>\r\n\t\t\t\t<\/div>\n\t\t\t\t<\/div>\n\t\t\t\t\t<\/div>\n\t\t<\/div>\n\t\t\t\t\t\t\t<\/div>\n\t\t<\/section>\n\t\t\t\t<section class=\"elementor-section elementor-top-section elementor-element elementor-element-412528f0 elementor-section-boxed elementor-section-height-default elementor-section-height-default\" data-id=\"412528f0\" data-element_type=\"section\">\n\t\t\t\t\t\t<div class=\"elementor-container elementor-column-gap-default\">\n\t\t\t\t\t<div class=\"elementor-column elementor-col-100 elementor-top-column elementor-element elementor-element-84a0576\" data-id=\"84a0576\" data-element_type=\"column\">\n\t\t\t<div class=\"elementor-widget-wrap elementor-element-populated\">\n\t\t\t\t\t\t\t\t<div class=\"elementor-element elementor-element-738eabc7 elementor-widget elementor-widget-heading\" data-id=\"738eabc7\" data-element_type=\"widget\" data-widget_type=\"heading.default\">\n\t\t\t\t<div class=\"elementor-widget-container\">\n\t\t\t<h3 class=\"elementor-heading-title elementor-size-default\">Sot po k\u00ebrkoj...<\/h3>\t\t<\/div>\n\t\t\t\t<\/div>\n\t\t\t\t\t<\/div>\n\t\t<\/div>\n\t\t\t\t\t\t\t<\/div>\n\t\t<\/section>\n\t\t\t\t<section class=\"elementor-section elementor-top-section elementor-element elementor-element-2c1f2fc8 elementor-section-boxed elementor-section-height-default elementor-section-height-default\" data-id=\"2c1f2fc8\" data-element_type=\"section\">\n\t\t\t\t\t\t<div class=\"elementor-container elementor-column-gap-default\">\n\t\t\t\t\t<div class=\"elementor-column elementor-col-25 elementor-top-column elementor-element elementor-element-4957c67e\" data-id=\"4957c67e\" data-element_type=\"column\" data-settings=\"{&quot;background_background&quot;:&quot;classic&quot;}\">\n\t\t\t<div class=\"elementor-widget-wrap elementor-element-populated\">\n\t\t\t\t\t\t\t\t<div class=\"elementor-element elementor-element-79c9acc6 elementor-widget elementor-widget-image\" data-id=\"79c9acc6\" data-element_type=\"widget\" data-widget_type=\"image.default\">\n\t\t\t\t<div class=\"elementor-widget-container\">\n\t\t\t<style>\/*! elementor - v3.11.5 - 14-03-2023 *\/\n.elementor-widget-image{text-align:center}.elementor-widget-image a{display:inline-block}.elementor-widget-image a img[src$=\".svg\"]{width:48px}.elementor-widget-image img{vertical-align:middle;display:inline-block}<\/style>\t\t\t\t\t\t\t\t\t\t\t\t\t<a href=\"https:\/\/evko-ks.com\/sq\/soups\/\">\n\t\t\t\t\t\t\t<img decoding=\"async\" width=\"960\" height=\"639\" src=\"https:\/\/evko-ks.com\/wp-content\/uploads\/2022\/01\/1-3-1024x682.png\" class=\"elementor-animation-grow attachment-large size-large wp-image-5301\" alt=\"\" loading=\"lazy\" srcset=\"https:\/\/evko-ks.com\/wp-content\/uploads\/2022\/01\/1-3-1024x682.png 1024w, https:\/\/evko-ks.com\/wp-content\/uploads\/2022\/01\/1-3-300x200.png 300w, https:\/\/evko-ks.com\/wp-content\/uploads\/2022\/01\/1-3-768x512.png 768w, https:\/\/evko-ks.com\/wp-content\/uploads\/2022\/01\/1-3-1536x1024.png 1536w, https:\/\/evko-ks.com\/wp-content\/uploads\/2022\/01\/1-3-2048x1365.png 2048w, https:\/\/evko-ks.com\/wp-content\/uploads\/2022\/01\/1-3-600x400.png 600w\" sizes=\"(max-width: 960px) 100vw, 960px\" \/>\t\t\t\t\t\t\t\t<\/a>\n\t\t\t\t\t\t\t\t\t\t\t\t\t\t\t<\/div>\n\t\t\t\t<\/div>\n\t\t\t\t<div class=\"elementor-element elementor-element-6f28a4ff elementor-widget elementor-widget-heading\" data-id=\"6f28a4ff\" data-element_type=\"widget\" data-widget_type=\"heading.default\">\n\t\t\t\t<div class=\"elementor-widget-container\">\n\t\t\t<h2 class=\"elementor-heading-title elementor-size-default\">Supa<\/h2>\t\t<\/div>\n\t\t\t\t<\/div>\n\t\t\t\t\t<\/div>\n\t\t<\/div>\n\t\t\t\t<div class=\"elementor-column elementor-col-25 elementor-top-column elementor-element elementor-element-7cc17404\" data-id=\"7cc17404\" data-element_type=\"column\" data-settings=\"{&quot;background_background&quot;:&quot;classic&quot;}\">\n\t\t\t<div class=\"elementor-widget-wrap elementor-element-populated\">\n\t\t\t\t\t\t\t\t<div class=\"elementor-element elementor-element-39ef4b87 elementor-widget elementor-widget-image\" data-id=\"39ef4b87\" data-element_type=\"widget\" data-widget_type=\"image.default\">\n\t\t\t\t<div class=\"elementor-widget-container\">\n\t\t\t\t\t\t\t\t\t\t\t\t\t\t\t\t<a href=\"https:\/\/evko-ks.com\/sq\/products\/snacks\/\">\n\t\t\t\t\t\t\t<img decoding=\"async\" width=\"960\" height=\"960\" src=\"https:\/\/evko-ks.com\/wp-content\/uploads\/2022\/01\/2-1024x1024.png\" class=\"elementor-animation-grow attachment-large size-large wp-image-5246\" alt=\"\" loading=\"lazy\" srcset=\"https:\/\/evko-ks.com\/wp-content\/uploads\/2022\/01\/2-1024x1024.png 1024w, https:\/\/evko-ks.com\/wp-content\/uploads\/2022\/01\/2-300x300.png 300w, https:\/\/evko-ks.com\/wp-content\/uploads\/2022\/01\/2-150x150.png 150w, https:\/\/evko-ks.com\/wp-content\/uploads\/2022\/01\/2-768x768.png 768w, https:\/\/evko-ks.com\/wp-content\/uploads\/2022\/01\/2-1536x1536.png 1536w, https:\/\/evko-ks.com\/wp-content\/uploads\/2022\/01\/2-2048x2048.png 2048w, https:\/\/evko-ks.com\/wp-content\/uploads\/2022\/01\/2-600x600.png 600w, https:\/\/evko-ks.com\/wp-content\/uploads\/2022\/01\/2-100x100.png 100w\" sizes=\"(max-width: 960px) 100vw, 960px\" \/>\t\t\t\t\t\t\t\t<\/a>\n\t\t\t\t\t\t\t\t\t\t\t\t\t\t\t<\/div>\n\t\t\t\t<\/div>\n\t\t\t\t<div class=\"elementor-element elementor-element-2664110f elementor-widget elementor-widget-heading\" data-id=\"2664110f\" data-element_type=\"widget\" data-widget_type=\"heading.default\">\n\t\t\t\t<div class=\"elementor-widget-container\">\n\t\t\t<h2 class=\"elementor-heading-title elementor-size-default\">Snacks<\/h2>\t\t<\/div>\n\t\t\t\t<\/div>\n\t\t\t\t\t<\/div>\n\t\t<\/div>\n\t\t\t\t<div class=\"elementor-column elementor-col-25 elementor-top-column elementor-element elementor-element-45eda597\" data-id=\"45eda597\" data-element_type=\"column\" data-settings=\"{&quot;background_background&quot;:&quot;classic&quot;}\">\n\t\t\t<div class=\"elementor-widget-wrap elementor-element-populated\">\n\t\t\t\t\t\t\t\t<div class=\"elementor-element elementor-element-12523f31 elementor-widget elementor-widget-image\" data-id=\"12523f31\" data-element_type=\"widget\" data-widget_type=\"image.default\">\n\t\t\t\t<div class=\"elementor-widget-container\">\n\t\t\t\t\t\t\t\t\t\t\t\t\t\t\t\t<a href=\"https:\/\/evko-ks.com\/sq\/products\/cakes\/\">\n\t\t\t\t\t\t\t<img decoding=\"async\" width=\"960\" height=\"960\" src=\"https:\/\/evko-ks.com\/wp-content\/uploads\/2022\/01\/3-1024x1024.png\" class=\"elementor-animation-grow attachment-large size-large wp-image-5247\" alt=\"\" loading=\"lazy\" srcset=\"https:\/\/evko-ks.com\/wp-content\/uploads\/2022\/01\/3-1024x1024.png 1024w, https:\/\/evko-ks.com\/wp-content\/uploads\/2022\/01\/3-300x300.png 300w, https:\/\/evko-ks.com\/wp-content\/uploads\/2022\/01\/3-150x150.png 150w, https:\/\/evko-ks.com\/wp-content\/uploads\/2022\/01\/3-768x768.png 768w, https:\/\/evko-ks.com\/wp-content\/uploads\/2022\/01\/3-1536x1536.png 1536w, https:\/\/evko-ks.com\/wp-content\/uploads\/2022\/01\/3-2048x2048.png 2048w, https:\/\/evko-ks.com\/wp-content\/uploads\/2022\/01\/3-600x600.png 600w, https:\/\/evko-ks.com\/wp-content\/uploads\/2022\/01\/3-100x100.png 100w\" sizes=\"(max-width: 960px) 100vw, 960px\" \/>\t\t\t\t\t\t\t\t<\/a>\n\t\t\t\t\t\t\t\t\t\t\t\t\t\t\t<\/div>\n\t\t\t\t<\/div>\n\t\t\t\t<div class=\"elementor-element elementor-element-7d9bd895 elementor-widget elementor-widget-heading\" data-id=\"7d9bd895\" data-element_type=\"widget\" data-widget_type=\"heading.default\">\n\t\t\t\t<div class=\"elementor-widget-container\">\n\t\t\t<h2 class=\"elementor-heading-title elementor-size-default\">\u00cbmb\u00eblsira<\/h2>\t\t<\/div>\n\t\t\t\t<\/div>\n\t\t\t\t\t<\/div>\n\t\t<\/div>\n\t\t\t\t<div class=\"elementor-column elementor-col-25 elementor-top-column elementor-element elementor-element-2c51f428\" data-id=\"2c51f428\" data-element_type=\"column\" data-settings=\"{&quot;background_background&quot;:&quot;classic&quot;}\">\n\t\t\t<div class=\"elementor-widget-wrap elementor-element-populated\">\n\t\t\t\t\t\t\t\t<div class=\"elementor-element elementor-element-451d234f elementor-widget elementor-widget-image\" data-id=\"451d234f\" data-element_type=\"widget\" data-widget_type=\"image.default\">\n\t\t\t\t<div class=\"elementor-widget-container\">\n\t\t\t\t\t\t\t\t\t\t\t\t\t\t\t\t<a href=\"https:\/\/evko-ks.com\/sq\/products\/baking\/\">\n\t\t\t\t\t\t\t<img decoding=\"async\" width=\"960\" height=\"960\" src=\"https:\/\/evko-ks.com\/wp-content\/uploads\/2022\/01\/4-1024x1024.png\" class=\"elementor-animation-grow attachment-large size-large wp-image-5248\" alt=\"\" loading=\"lazy\" srcset=\"https:\/\/evko-ks.com\/wp-content\/uploads\/2022\/01\/4-1024x1024.png 1024w, https:\/\/evko-ks.com\/wp-content\/uploads\/2022\/01\/4-300x300.png 300w, https:\/\/evko-ks.com\/wp-content\/uploads\/2022\/01\/4-150x150.png 150w, https:\/\/evko-ks.com\/wp-content\/uploads\/2022\/01\/4-768x768.png 768w, https:\/\/evko-ks.com\/wp-content\/uploads\/2022\/01\/4-1536x1536.png 1536w, https:\/\/evko-ks.com\/wp-content\/uploads\/2022\/01\/4-2048x2048.png 2048w, https:\/\/evko-ks.com\/wp-content\/uploads\/2022\/01\/4-600x600.png 600w, https:\/\/evko-ks.com\/wp-content\/uploads\/2022\/01\/4-100x100.png 100w\" sizes=\"(max-width: 960px) 100vw, 960px\" \/>\t\t\t\t\t\t\t\t<\/a>\n\t\t\t\t\t\t\t\t\t\t\t\t\t\t\t<\/div>\n\t\t\t\t<\/div>\n\t\t\t\t<div class=\"elementor-element elementor-element-6e398077 elementor-widget elementor-widget-heading\" data-id=\"6e398077\" data-element_type=\"widget\" data-widget_type=\"heading.default\">\n\t\t\t\t<div class=\"elementor-widget-container\">\n\t\t\t<h2 class=\"elementor-heading-title elementor-size-default\">Pjekurina<\/h2>\t\t<\/div>\n\t\t\t\t<\/div>\n\t\t\t\t\t<\/div>\n\t\t<\/div>\n\t\t\t\t\t\t\t<\/div>\n\t\t<\/section>\n\t\t\t\t<section class=\"elementor-section elementor-top-section elementor-element elementor-element-2d85005b elementor-section-boxed elementor-section-height-default elementor-section-height-default\" data-id=\"2d85005b\" data-element_type=\"section\">\n\t\t\t\t\t\t<div class=\"elementor-container elementor-column-gap-default\">\n\t\t\t\t\t<div class=\"elementor-column elementor-col-100 elementor-top-column elementor-element elementor-element-5ec2986b\" data-id=\"5ec2986b\" data-element_type=\"column\">\n\t\t\t<div class=\"elementor-widget-wrap elementor-element-populated\">\n\t\t\t\t\t\t\t\t<div class=\"elementor-element elementor-element-1e68de59 elementor-widget elementor-widget-heading\" data-id=\"1e68de59\" data-element_type=\"widget\" data-widget_type=\"heading.default\">\n\t\t\t\t<div class=\"elementor-widget-container\">\n\t\t\t<h2 class=\"elementor-heading-title elementor-size-default\">New Products<\/h2>\t\t<\/div>\n\t\t\t\t<\/div>\n\t\t\t\t\t<\/div>\n\t\t<\/div>\n\t\t\t\t\t\t\t<\/div>\n\t\t<\/section>\n\t\t\t\t<section class=\"elementor-section elementor-top-section elementor-element elementor-element-2e13999 elementor-section-boxed elementor-section-height-default elementor-section-height-default\" data-id=\"2e13999\" data-element_type=\"section\">\n\t\t\t\t\t\t<div class=\"elementor-container elementor-column-gap-default\">\n\t\t\t\t\t<div class=\"elementor-column elementor-col-50 elementor-top-column elementor-element elementor-element-4dd5aac7\" data-id=\"4dd5aac7\" data-element_type=\"column\" data-settings=\"{&quot;background_background&quot;:&quot;classic&quot;}\">\n\t\t\t<div class=\"elementor-widget-wrap elementor-element-populated\">\n\t\t\t\t\t\t\t\t<div class=\"elementor-element elementor-element-75c125cf elementor-widget elementor-widget-image\" data-id=\"75c125cf\" data-element_type=\"widget\" data-widget_type=\"image.default\">\n\t\t\t\t<div class=\"elementor-widget-container\">\n\t\t\t\t\t\t\t\t\t\t\t\t\t\t\t\t<a href=\"https:\/\/evko-ks.com\/sq\/products\/soups\/chicken-soup\/\">\n\t\t\t\t\t\t\t<img decoding=\"async\" width=\"960\" height=\"960\" src=\"https:\/\/evko-ks.com\/wp-content\/uploads\/2022\/02\/01_Mate_Vegetable-1024x1024.png\" class=\"elementor-animation-grow attachment-large size-large wp-image-6810\" alt=\"\" loading=\"lazy\" srcset=\"https:\/\/evko-ks.com\/wp-content\/uploads\/2022\/02\/01_Mate_Vegetable-1024x1024.png 1024w, https:\/\/evko-ks.com\/wp-content\/uploads\/2022\/02\/01_Mate_Vegetable-300x300.png 300w, https:\/\/evko-ks.com\/wp-content\/uploads\/2022\/02\/01_Mate_Vegetable-150x150.png 150w, https:\/\/evko-ks.com\/wp-content\/uploads\/2022\/02\/01_Mate_Vegetable-768x768.png 768w, https:\/\/evko-ks.com\/wp-content\/uploads\/2022\/02\/01_Mate_Vegetable-1536x1536.png 1536w, https:\/\/evko-ks.com\/wp-content\/uploads\/2022\/02\/01_Mate_Vegetable-2048x2048.png 2048w, https:\/\/evko-ks.com\/wp-content\/uploads\/2022\/02\/01_Mate_Vegetable-12x12.png 12w\" sizes=\"(max-width: 960px) 100vw, 960px\" \/>\t\t\t\t\t\t\t\t<\/a>\n\t\t\t\t\t\t\t\t\t\t\t\t\t\t\t<\/div>\n\t\t\t\t<\/div>\n\t\t\t\t<div class=\"elementor-element elementor-element-4582a7c5 elementor-widget elementor-widget-heading\" data-id=\"4582a7c5\" data-element_type=\"widget\" data-widget_type=\"heading.default\">\n\t\t\t\t<div class=\"elementor-widget-container\">\n\t\t\t<h2 class=\"elementor-heading-title elementor-size-default\">Sup\u00eb Pule<\/h2>\t\t<\/div>\n\t\t\t\t<\/div>\n\t\t\t\t<div class=\"elementor-element elementor-element-3e447667 elementor-widget elementor-widget-heading\" data-id=\"3e447667\" data-element_type=\"widget\" data-widget_type=\"heading.default\">\n\t\t\t\t<div class=\"elementor-widget-container\">\n\t\t\t<h2 class=\"elementor-heading-title elementor-size-default\">Supa e pul\u00ebs \u00ebsht\u00eb nj\u00eb nga supat q\u00eb ne e duam shum\u00eb. K\u00ebt\u00eb sup\u00eb na p\u00eblqen ta gatuajm\u00eb qoft\u00eb n\u00eb stin\u00ebt e ngrohta qoft\u00eb n\u00eb ato t\u00eb ftohta. Provojeni shijen e vecant\u00eb t\u00eb k\u00ebsaj supe dhe do t\u00eb ngelni shum\u00eb t\u00eb k\u00ebnaqur!<\/h2>\t\t<\/div>\n\t\t\t\t<\/div>\n\t\t\t\t\t<\/div>\n\t\t<\/div>\n\t\t\t\t<div class=\"elementor-column elementor-col-50 elementor-top-column elementor-element elementor-element-2f6a48d2\" data-id=\"2f6a48d2\" data-element_type=\"column\" data-settings=\"{&quot;background_background&quot;:&quot;classic&quot;}\">\n\t\t\t<div class=\"elementor-widget-wrap elementor-element-populated\">\n\t\t\t\t\t\t\t\t<div class=\"elementor-element elementor-element-19667a8b elementor-widget elementor-widget-image\" data-id=\"19667a8b\" data-element_type=\"widget\" data-widget_type=\"image.default\">\n\t\t\t\t<div class=\"elementor-widget-container\">\n\t\t\t\t\t\t\t\t\t\t\t\t\t\t\t\t<a href=\"https:\/\/evko-ks.com\/sq\/products\/soups\/vegetable-soup\/\">\n\t\t\t\t\t\t\t<img decoding=\"async\" width=\"960\" height=\"960\" src=\"https:\/\/evko-ks.com\/wp-content\/uploads\/2022\/02\/01_Mate_Vegetable_Final-1024x1024.png\" class=\"elementor-animation-grow attachment-large size-large wp-image-6811\" alt=\"\" loading=\"lazy\" srcset=\"https:\/\/evko-ks.com\/wp-content\/uploads\/2022\/02\/01_Mate_Vegetable_Final-1024x1024.png 1024w, https:\/\/evko-ks.com\/wp-content\/uploads\/2022\/02\/01_Mate_Vegetable_Final-300x300.png 300w, https:\/\/evko-ks.com\/wp-content\/uploads\/2022\/02\/01_Mate_Vegetable_Final-150x150.png 150w, https:\/\/evko-ks.com\/wp-content\/uploads\/2022\/02\/01_Mate_Vegetable_Final-768x768.png 768w, https:\/\/evko-ks.com\/wp-content\/uploads\/2022\/02\/01_Mate_Vegetable_Final-1536x1536.png 1536w, https:\/\/evko-ks.com\/wp-content\/uploads\/2022\/02\/01_Mate_Vegetable_Final-2048x2048.png 2048w, https:\/\/evko-ks.com\/wp-content\/uploads\/2022\/02\/01_Mate_Vegetable_Final-12x12.png 12w\" sizes=\"(max-width: 960px) 100vw, 960px\" \/>\t\t\t\t\t\t\t\t<\/a>\n\t\t\t\t\t\t\t\t\t\t\t\t\t\t\t<\/div>\n\t\t\t\t<\/div>\n\t\t\t\t<div class=\"elementor-element elementor-element-7a2db743 elementor-widget elementor-widget-heading\" data-id=\"7a2db743\" data-element_type=\"widget\" data-widget_type=\"heading.default\">\n\t\t\t\t<div class=\"elementor-widget-container\">\n\t\t\t<h2 class=\"elementor-heading-title elementor-size-default\">Sup\u00eb Perimesh\n<\/h2>\t\t<\/div>\n\t\t\t\t<\/div>\n\t\t\t\t<div class=\"elementor-element elementor-element-13285a5f elementor-widget elementor-widget-heading\" data-id=\"13285a5f\" data-element_type=\"widget\" data-widget_type=\"heading.default\">\n\t\t\t\t<div class=\"elementor-widget-container\">\n\t\t\t<h2 class=\"elementor-heading-title elementor-size-default\">M\u00eb t\u00eb mirat perime t\u00eb stin\u00ebs, t\u00eb pasura me vlera ushqyese, e sigurisht super t\u00eb shijshme t\u00eb sjella n\u00eb nj\u00eb paketim supe jan\u00eb dhurata m\u00eb e mir\u00eb p\u00ebr nj\u00eb organiz\u00ebm t\u00eb fuqish\u00ebm dhe t\u00eb sh\u00ebndetsh\u00ebm.\nNj\u00eb sup\u00eb e leht\u00eb, plot shije, e thjesht\u00eb n\u00eb p\u00ebrgatitje por e pasur n\u00eb vitamina dhe minerale. <\/h2>\t\t<\/div>\n\t\t\t\t<\/div>\n\t\t\t\t\t<\/div>\n\t\t<\/div>\n\t\t\t\t\t\t\t<\/div>\n\t\t<\/section>\n\t\t\t\t\t\t\t<\/div>","protected":false},"excerpt":{"rendered":"<p>Our Products Today,I&#8217;m looking for&#8230; Soups Snacks Cakes Baking New Products Chicken Soup Chicken soup is one of the soups we love so much. We like to cook this soup in both warm and cold seasons. Try the special taste of this soup and you will be very satisfied! Vegetable Soup The best vegetables of [&hellip;]<\/p>","protected":false},"author":1,"featured_media":0,"parent":0,"menu_order":0,"comment_status":"closed","ping_status":"closed","template":"","meta":[],"yoast_head":"<!-- This site is optimized with the Yoast SEO plugin v20.3 - https:\/\/yoast.com\/wordpress\/plugins\/seo\/ -->\n<title>Products - EVKO<\/title>\n<meta name=\"robots\" content=\"index, follow, max-snippet:-1, max-image-preview:large, max-video-preview:-1\" \/>\n<link rel=\"canonical\" href=\"https:\/\/evko-ks.com\/sq\/products\/\" \/>\n<meta property=\"og:locale\" content=\"sq_AL\" \/>\n<meta property=\"og:type\" content=\"article\" \/>\n<meta property=\"og:title\" content=\"Products - EVKO\" \/>\n<meta property=\"og:description\" content=\"Our Products Today,I&#8217;m looking for&#8230; Soups Snacks Cakes Baking New Products Chicken Soup Chicken soup is one of the soups we love so much. We like to cook this soup in both warm and cold seasons. Try the special taste of this soup and you will be very satisfied! Vegetable Soup The best vegetables of [&hellip;]\" \/>\n<meta property=\"og:url\" content=\"https:\/\/evko-ks.com\/sq\/products\/\" \/>\n<meta property=\"og:site_name\" content=\"EVKO\" \/>\n<meta property=\"article:modified_time\" content=\"2022-09-20T11:32:22+00:00\" \/>\n<meta property=\"og:image\" content=\"https:\/\/evko-ks.com\/wp-content\/uploads\/2022\/01\/1-3-1024x682.png\" \/>\n<meta name=\"twitter:card\" content=\"summary_large_image\" \/>\n<meta name=\"twitter:label1\" content=\"Est. reading time\" \/>\n\t<meta name=\"twitter:data1\" content=\"2 minuta\" \/>\n<script type=\"application\/ld+json\" class=\"yoast-schema-graph\">{\"@context\":\"https:\/\/schema.org\",\"@graph\":[{\"@type\":\"WebPage\",\"@id\":\"https:\/\/evko-ks.com\/products\/\",\"url\":\"https:\/\/evko-ks.com\/products\/\",\"name\":\"Products - EVKO\",\"isPartOf\":{\"@id\":\"https:\/\/evko-ks.com\/#website\"},\"datePublished\":\"2022-01-27T15:26:10+00:00\",\"dateModified\":\"2022-09-20T11:32:22+00:00\",\"breadcrumb\":{\"@id\":\"https:\/\/evko-ks.com\/products\/#breadcrumb\"},\"inLanguage\":\"sq\",\"potentialAction\":[{\"@type\":\"ReadAction\",\"target\":[\"https:\/\/evko-ks.com\/products\/\"]}]},{\"@type\":\"BreadcrumbList\",\"@id\":\"https:\/\/evko-ks.com\/products\/#breadcrumb\",\"itemListElement\":[{\"@type\":\"ListItem\",\"position\":1,\"name\":\"Home\",\"item\":\"https:\/\/evko-ks.com\/\"},{\"@type\":\"ListItem\",\"position\":2,\"name\":\"Products\"}]},{\"@type\":\"WebSite\",\"@id\":\"https:\/\/evko-ks.com\/#website\",\"url\":\"https:\/\/evko-ks.com\/\",\"name\":\"EVKO\",\"description\":\"\",\"potentialAction\":[{\"@type\":\"SearchAction\",\"target\":{\"@type\":\"EntryPoint\",\"urlTemplate\":\"https:\/\/evko-ks.com\/?s={search_term_string}\"},\"query-input\":\"required name=search_term_string\"}],\"inLanguage\":\"sq\"}]}<\/script>\n<!-- \/ Yoast SEO plugin. -->","yoast_head_json":{"title":"Products - EVKO","robots":{"index":"index","follow":"follow","max-snippet":"max-snippet:-1","max-image-preview":"max-image-preview:large","max-video-preview":"max-video-preview:-1"},"canonical":"https:\/\/evko-ks.com\/sq\/products\/","og_locale":"sq_AL","og_type":"article","og_title":"Products - EVKO","og_description":"Our Products Today,I&#8217;m looking for&#8230; Soups Snacks Cakes Baking New Products Chicken Soup Chicken soup is one of the soups we love so much. We like to cook this soup in both warm and cold seasons. Try the special taste of this soup and you will be very satisfied! Vegetable Soup The best vegetables of [&hellip;]","og_url":"https:\/\/evko-ks.com\/sq\/products\/","og_site_name":"EVKO","article_modified_time":"2022-09-20T11:32:22+00:00","og_image":[{"url":"https:\/\/evko-ks.com\/wp-content\/uploads\/2022\/01\/1-3-1024x682.png"}],"twitter_card":"summary_large_image","twitter_misc":{"Est. reading time":"2 minuta"},"schema":{"@context":"https:\/\/schema.org","@graph":[{"@type":"WebPage","@id":"https:\/\/evko-ks.com\/products\/","url":"https:\/\/evko-ks.com\/products\/","name":"Products - EVKO","isPartOf":{"@id":"https:\/\/evko-ks.com\/#website"},"datePublished":"2022-01-27T15:26:10+00:00","dateModified":"2022-09-20T11:32:22+00:00","breadcrumb":{"@id":"https:\/\/evko-ks.com\/products\/#breadcrumb"},"inLanguage":"sq","potentialAction":[{"@type":"ReadAction","target":["https:\/\/evko-ks.com\/products\/"]}]},{"@type":"BreadcrumbList","@id":"https:\/\/evko-ks.com\/products\/#breadcrumb","itemListElement":[{"@type":"ListItem","position":1,"name":"Home","item":"https:\/\/evko-ks.com\/"},{"@type":"ListItem","position":2,"name":"Products"}]},{"@type":"WebSite","@id":"https:\/\/evko-ks.com\/#website","url":"https:\/\/evko-ks.com\/","name":"EVKO","description":"","potentialAction":[{"@type":"SearchAction","target":{"@type":"EntryPoint","urlTemplate":"https:\/\/evko-ks.com\/?s={search_term_string}"},"query-input":"required name=search_term_string"}],"inLanguage":"sq"}]}},"_links":{"self":[{"href":"https:\/\/evko-ks.com\/sq\/wp-json\/wp\/v2\/pages\/5568"}],"collection":[{"href":"https:\/\/evko-ks.com\/sq\/wp-json\/wp\/v2\/pages"}],"about":[{"href":"https:\/\/evko-ks.com\/sq\/wp-json\/wp\/v2\/types\/page"}],"author":[{"embeddable":true,"href":"https:\/\/evko-ks.com\/sq\/wp-json\/wp\/v2\/users\/1"}],"replies":[{"embeddable":true,"href":"https:\/\/evko-ks.com\/sq\/wp-json\/wp\/v2\/comments?post=5568"}],"version-history":[{"count":0,"href":"https:\/\/evko-ks.com\/sq\/wp-json\/wp\/v2\/pages\/5568\/revisions"}],"wp:attachment":[{"href":"https:\/\/evko-ks.com\/sq\/wp-json\/wp\/v2\/media?parent=5568"}],"curies":[{"name":"wp","href":"https:\/\/api.w.org\/{rel}","templated":true}]}}