{"id":5636,"date":"2022-01-28T13:39:12","date_gmt":"2022-01-28T13:39:12","guid":{"rendered":"https:\/\/evko-ks.com\/?page_id=5636"},"modified":"2022-03-31T18:23:12","modified_gmt":"2022-03-31T18:23:12","slug":"our-history","status":"publish","type":"page","link":"https:\/\/evko-ks.com\/sq\/our-history\/","title":{"rendered":"Historia"},"content":{"rendered":"<div data-elementor-type=\"wp-page\" data-elementor-id=\"5636\" class=\"elementor elementor-5636\">\n\t\t\t\t\t\t\t\t\t<section class=\"elementor-section elementor-top-section elementor-element elementor-element-954548f elementor-section-boxed elementor-section-height-default elementor-section-height-default\" data-id=\"954548f\" data-element_type=\"section\">\n\t\t\t\t\t\t<div class=\"elementor-container elementor-column-gap-default\">\n\t\t\t\t\t<div class=\"elementor-column elementor-col-100 elementor-top-column elementor-element elementor-element-74d8f2e\" data-id=\"74d8f2e\" data-element_type=\"column\">\n\t\t\t<div class=\"elementor-widget-wrap elementor-element-populated\">\n\t\t\t\t\t\t\t\t<div class=\"elementor-element elementor-element-86f4436 elementor-widget elementor-widget-heading\" data-id=\"86f4436\" data-element_type=\"widget\" data-widget_type=\"heading.default\">\n\t\t\t\t<div class=\"elementor-widget-container\">\n\t\t\t<style>\/*! elementor - v3.11.5 - 14-03-2023 *\/\n.elementor-heading-title{padding:0;margin:0;line-height:1}.elementor-widget-heading .elementor-heading-title[class*=elementor-size-]>a{color:inherit;font-size:inherit;line-height:inherit}.elementor-widget-heading .elementor-heading-title.elementor-size-small{font-size:15px}.elementor-widget-heading .elementor-heading-title.elementor-size-medium{font-size:19px}.elementor-widget-heading .elementor-heading-title.elementor-size-large{font-size:29px}.elementor-widget-heading .elementor-heading-title.elementor-size-xl{font-size:39px}.elementor-widget-heading .elementor-heading-title.elementor-size-xxl{font-size:59px}<\/style><h2 class=\"elementor-heading-title elementor-size-default\">Historia<\/h2>\t\t<\/div>\n\t\t\t\t<\/div>\n\t\t\t\t\t<\/div>\n\t\t<\/div>\n\t\t\t\t\t\t\t<\/div>\n\t\t<\/section>\n\t\t\t\t<section class=\"elementor-section elementor-top-section elementor-element elementor-element-54890f3 elementor-section-boxed elementor-section-height-default elementor-section-height-default\" data-id=\"54890f3\" data-element_type=\"section\">\n\t\t\t\t\t\t<div class=\"elementor-container elementor-column-gap-default\">\n\t\t\t\t\t<div class=\"elementor-column elementor-col-100 elementor-top-column elementor-element elementor-element-808dd81\" data-id=\"808dd81\" data-element_type=\"column\">\n\t\t\t<div class=\"elementor-widget-wrap elementor-element-populated\">\n\t\t\t\t\t\t\t\t<div class=\"elementor-element elementor-element-f1f0a71 elementor-widget elementor-widget-heading\" data-id=\"f1f0a71\" data-element_type=\"widget\" data-widget_type=\"heading.default\">\n\t\t\t\t<div class=\"elementor-widget-container\">\n\t\t\t<h2 class=\"elementor-heading-title elementor-size-default\">RRETH NESH<\/h2>\t\t<\/div>\n\t\t\t\t<\/div>\n\t\t\t\t\t<\/div>\n\t\t<\/div>\n\t\t\t\t\t\t\t<\/div>\n\t\t<\/section>\n\t\t\t\t<section class=\"elementor-section elementor-top-section elementor-element elementor-element-469f6cd elementor-section-boxed elementor-section-height-default elementor-section-height-default\" data-id=\"469f6cd\" data-element_type=\"section\">\n\t\t\t\t\t\t<div class=\"elementor-container elementor-column-gap-default\">\n\t\t\t\t\t<div class=\"elementor-column elementor-col-100 elementor-top-column elementor-element elementor-element-fc9609e\" data-id=\"fc9609e\" data-element_type=\"column\" data-settings=\"{&quot;background_background&quot;:&quot;classic&quot;}\">\n\t\t\t<div class=\"elementor-widget-wrap elementor-element-populated\">\n\t\t\t\t\t<div class=\"elementor-background-overlay\"><\/div>\n\t\t\t\t\t\t\t\t<div class=\"elementor-element elementor-element-af073bd elementor-widget elementor-widget-heading\" data-id=\"af073bd\" data-element_type=\"widget\" data-widget_type=\"heading.default\">\n\t\t\t\t<div class=\"elementor-widget-container\">\n\t\t\t<h2 class=\"elementor-heading-title elementor-size-default\">Kompania EVKO \u00ebsht\u00eb themeluar n\u00eb vitin 1995.\n\u00cbsht\u00eb e specializuar n\u00eb prodhimin dhe paketimin e artikujve ushqimor\u00eb. N\u00eb fillet e saj, kompania prodhoi produktin e specializuar t\u00eb \u201cOHO Flips\u201d,kurse m\u00eb von\u00eb ka vazhduar edhe me prodhimin e puding\u00ebve, pjekurinave, shllagut pluhur (shkum\u00eb dhe krem vanilje, dredh\u00ebze, dhe \u00e7okollate), me p\u00ebrpunimin e kafes\u00eb, t\u00eb kikirik\u00ebve, pires\u00eb nga patatja, supave m\u00eblmesave, miellit, kokosit, kakaos, sod\u00ebs bikarbonate, piperit t\u00eb zi, nishestes s\u00eb misrit, dhe miellit t\u00eb grurit, prodhimin Kjo ka mund\u00ebsuar nj\u00eb zgjerim t\u00eb konsideruesh\u00ebm t\u00eb kompanis\u00eb son\u00eb.<\/h2>\t\t<\/div>\n\t\t\t\t<\/div>\n\t\t\t\t\t<\/div>\n\t\t<\/div>\n\t\t\t\t\t\t\t<\/div>\n\t\t<\/section>\n\t\t\t\t<section class=\"elementor-section elementor-top-section elementor-element elementor-element-5ab59b8 elementor-section-boxed elementor-section-height-default elementor-section-height-default\" data-id=\"5ab59b8\" data-element_type=\"section\">\n\t\t\t\t\t\t<div class=\"elementor-container elementor-column-gap-default\">\n\t\t\t\t\t<div class=\"elementor-column elementor-col-100 elementor-top-column elementor-element elementor-element-ac3627d\" data-id=\"ac3627d\" data-element_type=\"column\">\n\t\t\t<div class=\"elementor-widget-wrap elementor-element-populated\">\n\t\t\t\t\t\t\t\t<div class=\"elementor-element elementor-element-223c649 elementor-widget elementor-widget-heading\" data-id=\"223c649\" data-element_type=\"widget\" data-widget_type=\"heading.default\">\n\t\t\t\t<div class=\"elementor-widget-container\">\n\t\t\t<h2 class=\"elementor-heading-title elementor-size-default\">MISIONI<\/h2>\t\t<\/div>\n\t\t\t\t<\/div>\n\t\t\t\t\t<\/div>\n\t\t<\/div>\n\t\t\t\t\t\t\t<\/div>\n\t\t<\/section>\n\t\t\t\t<section class=\"elementor-section elementor-top-section elementor-element elementor-element-4edcd77 elementor-section-boxed elementor-section-height-default elementor-section-height-default\" data-id=\"4edcd77\" data-element_type=\"section\">\n\t\t\t\t\t\t<div class=\"elementor-container elementor-column-gap-default\">\n\t\t\t\t\t<div class=\"elementor-column elementor-col-100 elementor-top-column elementor-element elementor-element-8343aa0\" data-id=\"8343aa0\" data-element_type=\"column\" data-settings=\"{&quot;background_background&quot;:&quot;classic&quot;}\">\n\t\t\t<div class=\"elementor-widget-wrap elementor-element-populated\">\n\t\t\t\t\t<div class=\"elementor-background-overlay\"><\/div>\n\t\t\t\t\t\t\t\t<div class=\"elementor-element elementor-element-7102392 elementor-widget elementor-widget-heading\" data-id=\"7102392\" data-element_type=\"widget\" data-widget_type=\"heading.default\">\n\t\t\t\t<div class=\"elementor-widget-container\">\n\t\t\t<h2 class=\"elementor-heading-title elementor-size-default\">Misioni yn\u00eb \u00ebsht\u00eb t\u00eb prodhojm\u00eb dhe paketojm\u00eb produkte ushqimore t\u00eb cil\u00ebsis\u00eb s\u00eb lart\u00eb dhe t\u00eb ofrojm\u00eb sh\u00ebrbime t\u00eb shk\u00eblqyeshme p\u00ebr klient\u00ebt tan\u00eb. Ne synojm\u00eb t\u00eb kontribuojm\u00eb n\u00eb \u00e7do sht\u00ebpi duke prodhuar, p\u00ebrpunuar, dhe paketuar shumic\u00ebn e produkteve t\u00eb amvis\u00ebris\u00eb. Ne p\u00ebrpiqemi dhe angazhohemi t\u2019iu p\u00ebrgjigjemi nevojave t\u00eb konsumatorve duke shtuar vazhdimisht produkte t\u00eb reja dhe cil\u00ebsore konform k\u00ebrkesave t\u00eb tyre. Rritja e kompanis\u00eb son\u00eb do t\u00eb b\u00ebhet gjithmon\u00eb duke u bazuar n\u00eb k\u00ebto nevoja dhe duke ruajtur vlerat dhe parimet q\u00eb e kan\u00eb karakterizuar k\u00ebt\u00eb kompani q\u00eb nga themelimi.<\/h2>\t\t<\/div>\n\t\t\t\t<\/div>\n\t\t\t\t\t<\/div>\n\t\t<\/div>\n\t\t\t\t\t\t\t<\/div>\n\t\t<\/section>\n\t\t\t\t<section class=\"elementor-section elementor-top-section elementor-element elementor-element-9073885 elementor-section-boxed elementor-section-height-default elementor-section-height-default\" data-id=\"9073885\" data-element_type=\"section\">\n\t\t\t\t\t\t<div class=\"elementor-container elementor-column-gap-default\">\n\t\t\t\t\t<div class=\"elementor-column elementor-col-100 elementor-top-column elementor-element elementor-element-8bac559\" data-id=\"8bac559\" data-element_type=\"column\">\n\t\t\t<div class=\"elementor-widget-wrap elementor-element-populated\">\n\t\t\t\t\t\t\t\t<div class=\"elementor-element elementor-element-d532d94 elementor-widget elementor-widget-heading\" data-id=\"d532d94\" data-element_type=\"widget\" data-widget_type=\"heading.default\">\n\t\t\t\t<div class=\"elementor-widget-container\">\n\t\t\t<h2 class=\"elementor-heading-title elementor-size-default\">VIZIONI<\/h2>\t\t<\/div>\n\t\t\t\t<\/div>\n\t\t\t\t\t<\/div>\n\t\t<\/div>\n\t\t\t\t\t\t\t<\/div>\n\t\t<\/section>\n\t\t\t\t<section class=\"elementor-section elementor-top-section elementor-element elementor-element-c97ffe1 elementor-section-boxed elementor-section-height-default elementor-section-height-default\" data-id=\"c97ffe1\" data-element_type=\"section\">\n\t\t\t\t\t\t<div class=\"elementor-container elementor-column-gap-default\">\n\t\t\t\t\t<div class=\"elementor-column elementor-col-100 elementor-top-column elementor-element elementor-element-88b3f6f\" data-id=\"88b3f6f\" data-element_type=\"column\" data-settings=\"{&quot;background_background&quot;:&quot;classic&quot;}\">\n\t\t\t<div class=\"elementor-widget-wrap elementor-element-populated\">\n\t\t\t\t\t<div class=\"elementor-background-overlay\"><\/div>\n\t\t\t\t\t\t\t\t<div class=\"elementor-element elementor-element-b6a057f elementor-widget elementor-widget-heading\" data-id=\"b6a057f\" data-element_type=\"widget\" data-widget_type=\"heading.default\">\n\t\t\t\t<div class=\"elementor-widget-container\">\n\t\t\t<h2 class=\"elementor-heading-title elementor-size-default\">Vizioni i kompanis\u00eb son\u00eb \u00ebsht\u00eb t\u00eb mbaj\u00eb pozit\u00ebn e udh\u00ebheq\u00ebsit n\u00eb prodhim, p\u00ebrpunim, dhe paketim t\u00eb produkteve cil\u00ebsore. Ne synojm\u00eb t\u00eb konkurrojm\u00eb n\u00eb tregun vendor, por edhe at\u00eb nd\u00ebrkomb\u00ebtar me brendet m\u00eb t\u00eb njohura bot\u00ebrore dhe n\u00eb t\u00eb nj\u00ebjt\u00ebn koh\u00eb t\u00eb sh\u00ebrbejm\u00eb si shembull p\u00ebr cil\u00ebsin\u00eb e produkteve n\u00eb treg dhe p\u00ebr p\u00ebrkushtimin dhe plot\u00ebsimin e k\u00ebrkesave t\u00eb konsumator\u00ebve.<\/h2>\t\t<\/div>\n\t\t\t\t<\/div>\n\t\t\t\t\t<\/div>\n\t\t<\/div>\n\t\t\t\t\t\t\t<\/div>\n\t\t<\/section>\n\t\t\t\t<section class=\"elementor-section elementor-top-section elementor-element elementor-element-39e6dc7 elementor-section-boxed elementor-section-height-default elementor-section-height-default\" data-id=\"39e6dc7\" data-element_type=\"section\">\n\t\t\t\t\t\t<div class=\"elementor-container elementor-column-gap-default\">\n\t\t\t\t\t<div class=\"elementor-column elementor-col-100 elementor-top-column elementor-element elementor-element-a3455ed\" data-id=\"a3455ed\" data-element_type=\"column\">\n\t\t\t<div class=\"elementor-widget-wrap\">\n\t\t\t\t\t\t\t\t\t<\/div>\n\t\t<\/div>\n\t\t\t\t\t\t\t<\/div>\n\t\t<\/section>\n\t\t\t\t\t\t\t<\/div>","protected":false},"excerpt":{"rendered":"<p>Our History About Us EVKO company was established in 1995. It specializes in the production and packaging of food items. In its infancy, the company produced the specialized product &#8220;OHO Flips&#8221;, and then went on to produce puddings, pastries, pana cream (foam and vanilla cream, strawberries and chocolate), with the processing of coffee, peanuts, puree [&hellip;]<\/p>","protected":false},"author":1,"featured_media":0,"parent":0,"menu_order":0,"comment_status":"closed","ping_status":"closed","template":"","meta":[],"yoast_head":"<!-- This site is optimized with the Yoast SEO plugin v20.3 - https:\/\/yoast.com\/wordpress\/plugins\/seo\/ -->\n<title>Our History - EVKO<\/title>\n<meta name=\"robots\" content=\"index, follow, max-snippet:-1, max-image-preview:large, max-video-preview:-1\" \/>\n<link rel=\"canonical\" href=\"https:\/\/evko-ks.com\/sq\/our-history\/\" \/>\n<meta property=\"og:locale\" content=\"sq_AL\" \/>\n<meta property=\"og:type\" content=\"article\" \/>\n<meta property=\"og:title\" content=\"Our History - EVKO\" \/>\n<meta property=\"og:description\" content=\"Our History About Us EVKO company was established in 1995. It specializes in the production and packaging of food items. In its infancy, the company produced the specialized product &#8220;OHO Flips&#8221;, and then went on to produce puddings, pastries, pana cream (foam and vanilla cream, strawberries and chocolate), with the processing of coffee, peanuts, puree [&hellip;]\" \/>\n<meta property=\"og:url\" content=\"https:\/\/evko-ks.com\/sq\/our-history\/\" \/>\n<meta property=\"og:site_name\" content=\"EVKO\" \/>\n<meta property=\"article:modified_time\" content=\"2022-03-31T18:23:12+00:00\" \/>\n<meta name=\"twitter:card\" content=\"summary_large_image\" \/>\n<meta name=\"twitter:label1\" content=\"Est. reading time\" \/>\n\t<meta name=\"twitter:data1\" content=\"1 minut\u00eb\" \/>\n<script type=\"application\/ld+json\" class=\"yoast-schema-graph\">{\"@context\":\"https:\/\/schema.org\",\"@graph\":[{\"@type\":\"WebPage\",\"@id\":\"https:\/\/evko-ks.com\/our-history\/\",\"url\":\"https:\/\/evko-ks.com\/our-history\/\",\"name\":\"Our History - EVKO\",\"isPartOf\":{\"@id\":\"https:\/\/evko-ks.com\/#website\"},\"datePublished\":\"2022-01-28T13:39:12+00:00\",\"dateModified\":\"2022-03-31T18:23:12+00:00\",\"breadcrumb\":{\"@id\":\"https:\/\/evko-ks.com\/our-history\/#breadcrumb\"},\"inLanguage\":\"sq\",\"potentialAction\":[{\"@type\":\"ReadAction\",\"target\":[\"https:\/\/evko-ks.com\/our-history\/\"]}]},{\"@type\":\"BreadcrumbList\",\"@id\":\"https:\/\/evko-ks.com\/our-history\/#breadcrumb\",\"itemListElement\":[{\"@type\":\"ListItem\",\"position\":1,\"name\":\"Home\",\"item\":\"https:\/\/evko-ks.com\/\"},{\"@type\":\"ListItem\",\"position\":2,\"name\":\"Our History\"}]},{\"@type\":\"WebSite\",\"@id\":\"https:\/\/evko-ks.com\/#website\",\"url\":\"https:\/\/evko-ks.com\/\",\"name\":\"EVKO\",\"description\":\"\",\"potentialAction\":[{\"@type\":\"SearchAction\",\"target\":{\"@type\":\"EntryPoint\",\"urlTemplate\":\"https:\/\/evko-ks.com\/?s={search_term_string}\"},\"query-input\":\"required name=search_term_string\"}],\"inLanguage\":\"sq\"}]}<\/script>\n<!-- \/ Yoast SEO plugin. -->","yoast_head_json":{"title":"Our History - EVKO","robots":{"index":"index","follow":"follow","max-snippet":"max-snippet:-1","max-image-preview":"max-image-preview:large","max-video-preview":"max-video-preview:-1"},"canonical":"https:\/\/evko-ks.com\/sq\/our-history\/","og_locale":"sq_AL","og_type":"article","og_title":"Our History - EVKO","og_description":"Our History About Us EVKO company was established in 1995. It specializes in the production and packaging of food items. In its infancy, the company produced the specialized product &#8220;OHO Flips&#8221;, and then went on to produce puddings, pastries, pana cream (foam and vanilla cream, strawberries and chocolate), with the processing of coffee, peanuts, puree [&hellip;]","og_url":"https:\/\/evko-ks.com\/sq\/our-history\/","og_site_name":"EVKO","article_modified_time":"2022-03-31T18:23:12+00:00","twitter_card":"summary_large_image","twitter_misc":{"Est. reading time":"1 minut\u00eb"},"schema":{"@context":"https:\/\/schema.org","@graph":[{"@type":"WebPage","@id":"https:\/\/evko-ks.com\/our-history\/","url":"https:\/\/evko-ks.com\/our-history\/","name":"Our History - EVKO","isPartOf":{"@id":"https:\/\/evko-ks.com\/#website"},"datePublished":"2022-01-28T13:39:12+00:00","dateModified":"2022-03-31T18:23:12+00:00","breadcrumb":{"@id":"https:\/\/evko-ks.com\/our-history\/#breadcrumb"},"inLanguage":"sq","potentialAction":[{"@type":"ReadAction","target":["https:\/\/evko-ks.com\/our-history\/"]}]},{"@type":"BreadcrumbList","@id":"https:\/\/evko-ks.com\/our-history\/#breadcrumb","itemListElement":[{"@type":"ListItem","position":1,"name":"Home","item":"https:\/\/evko-ks.com\/"},{"@type":"ListItem","position":2,"name":"Our History"}]},{"@type":"WebSite","@id":"https:\/\/evko-ks.com\/#website","url":"https:\/\/evko-ks.com\/","name":"EVKO","description":"","potentialAction":[{"@type":"SearchAction","target":{"@type":"EntryPoint","urlTemplate":"https:\/\/evko-ks.com\/?s={search_term_string}"},"query-input":"required name=search_term_string"}],"inLanguage":"sq"}]}},"_links":{"self":[{"href":"https:\/\/evko-ks.com\/sq\/wp-json\/wp\/v2\/pages\/5636"}],"collection":[{"href":"https:\/\/evko-ks.com\/sq\/wp-json\/wp\/v2\/pages"}],"about":[{"href":"https:\/\/evko-ks.com\/sq\/wp-json\/wp\/v2\/types\/page"}],"author":[{"embeddable":true,"href":"https:\/\/evko-ks.com\/sq\/wp-json\/wp\/v2\/users\/1"}],"replies":[{"embeddable":true,"href":"https:\/\/evko-ks.com\/sq\/wp-json\/wp\/v2\/comments?post=5636"}],"version-history":[{"count":0,"href":"https:\/\/evko-ks.com\/sq\/wp-json\/wp\/v2\/pages\/5636\/revisions"}],"wp:attachment":[{"href":"https:\/\/evko-ks.com\/sq\/wp-json\/wp\/v2\/media?parent=5636"}],"curies":[{"name":"wp","href":"https:\/\/api.w.org\/{rel}","templated":true}]}}