{"id":5810,"date":"2022-02-06T18:43:55","date_gmt":"2022-02-06T18:43:55","guid":{"rendered":"https:\/\/evko-ks.com\/?page_id=5810"},"modified":"2022-02-09T13:22:10","modified_gmt":"2022-02-09T13:22:10","slug":"ferrero-dessert","status":"publish","type":"page","link":"https:\/\/evko-ks.com\/sq\/festive-recipes\/ferrero-dessert\/","title":{"rendered":"Ferrero Dessert"},"content":{"rendered":"<div data-elementor-type=\"wp-page\" data-elementor-id=\"5810\" class=\"elementor elementor-5810\">\n\t\t\t\t\t\t\t\t\t<section class=\"elementor-section elementor-top-section elementor-element elementor-element-665069f1 elementor-section-boxed elementor-section-height-default elementor-section-height-default\" data-id=\"665069f1\" data-element_type=\"section\" data-settings=\"{&quot;background_background&quot;:&quot;classic&quot;}\">\n\t\t\t\t\t\t<div class=\"elementor-container elementor-column-gap-default\">\n\t\t\t\t\t<div class=\"elementor-column elementor-col-50 elementor-top-column elementor-element elementor-element-6a761fe7\" data-id=\"6a761fe7\" data-element_type=\"column\">\n\t\t\t<div class=\"elementor-widget-wrap elementor-element-populated\">\n\t\t\t\t\t\t\t\t<div class=\"elementor-element elementor-element-b9ad82b elementor-widget elementor-widget-image\" data-id=\"b9ad82b\" data-element_type=\"widget\" data-widget_type=\"image.default\">\n\t\t\t\t<div class=\"elementor-widget-container\">\n\t\t\t<style>\/*! elementor - v3.11.5 - 14-03-2023 *\/\n.elementor-widget-image{text-align:center}.elementor-widget-image a{display:inline-block}.elementor-widget-image a img[src$=\".svg\"]{width:48px}.elementor-widget-image img{vertical-align:middle;display:inline-block}<\/style>\t\t\t\t\t\t\t\t\t\t\t\t\t<a href=\"https:\/\/evko-ks.com\/sq\/soups\/\">\n\t\t\t\t\t\t\t<img decoding=\"async\" width=\"960\" height=\"639\" src=\"https:\/\/evko-ks.com\/wp-content\/uploads\/2022\/01\/1.Embelsire-Ferrero-1024x682.jpg\" class=\"attachment-large size-large wp-image-5271\" alt=\"\" loading=\"lazy\" srcset=\"https:\/\/evko-ks.com\/wp-content\/uploads\/2022\/01\/1.Embelsire-Ferrero-1024x682.jpg 1024w, https:\/\/evko-ks.com\/wp-content\/uploads\/2022\/01\/1.Embelsire-Ferrero-300x200.jpg 300w, https:\/\/evko-ks.com\/wp-content\/uploads\/2022\/01\/1.Embelsire-Ferrero-768x512.jpg 768w, https:\/\/evko-ks.com\/wp-content\/uploads\/2022\/01\/1.Embelsire-Ferrero-1536x1024.jpg 1536w, https:\/\/evko-ks.com\/wp-content\/uploads\/2022\/01\/1.Embelsire-Ferrero-2048x1365.jpg 2048w, https:\/\/evko-ks.com\/wp-content\/uploads\/2022\/01\/1.Embelsire-Ferrero-600x400.jpg 600w\" sizes=\"(max-width: 960px) 100vw, 960px\" \/>\t\t\t\t\t\t\t\t<\/a>\n\t\t\t\t\t\t\t\t\t\t\t\t\t\t\t<\/div>\n\t\t\t\t<\/div>\n\t\t\t\t\t<\/div>\n\t\t<\/div>\n\t\t\t\t<div class=\"elementor-column elementor-col-50 elementor-top-column elementor-element elementor-element-51f486a9\" data-id=\"51f486a9\" data-element_type=\"column\">\n\t\t\t<div class=\"elementor-widget-wrap elementor-element-populated\">\n\t\t\t\t\t\t\t\t<div class=\"elementor-element elementor-element-46568058 elementor-widget elementor-widget-heading\" data-id=\"46568058\" data-element_type=\"widget\" data-widget_type=\"heading.default\">\n\t\t\t\t<div class=\"elementor-widget-container\">\n\t\t\t<style>\/*! elementor - v3.11.5 - 14-03-2023 *\/\n.elementor-heading-title{padding:0;margin:0;line-height:1}.elementor-widget-heading .elementor-heading-title[class*=elementor-size-]>a{color:inherit;font-size:inherit;line-height:inherit}.elementor-widget-heading .elementor-heading-title.elementor-size-small{font-size:15px}.elementor-widget-heading .elementor-heading-title.elementor-size-medium{font-size:19px}.elementor-widget-heading .elementor-heading-title.elementor-size-large{font-size:29px}.elementor-widget-heading .elementor-heading-title.elementor-size-xl{font-size:39px}.elementor-widget-heading .elementor-heading-title.elementor-size-xxl{font-size:59px}<\/style><h2 class=\"elementor-heading-title elementor-size-default\">\u00cbmbelsir\u00eb Ferrero<\/h2>\t\t<\/div>\n\t\t\t\t<\/div>\n\t\t\t\t<div class=\"elementor-element elementor-element-26f0713e elementor-widget elementor-widget-heading\" data-id=\"26f0713e\" data-element_type=\"widget\" data-widget_type=\"heading.default\">\n\t\t\t\t<div class=\"elementor-widget-container\">\n\t\t\t<h2 class=\"elementor-heading-title elementor-size-default\">Me nj\u00eb p\u00ebrmbajtje t\u00eb pasur dhe me nj\u00eb shije unike kjo \u00ebmbelsir\u00eb \u00ebsht\u00eb ideale p\u00ebr festa, p\u00ebrb\u00ebr\u00ebsit e k\u00ebsaj \u00ebmbelsire jan\u00eb t\u00eb vecant dhe shum\u00eb t\u00eb shijsh\u00ebm.<\/h2>\t\t<\/div>\n\t\t\t\t<\/div>\n\t\t\t\t\t<\/div>\n\t\t<\/div>\n\t\t\t\t\t\t\t<\/div>\n\t\t<\/section>\n\t\t\t\t<section class=\"elementor-section elementor-top-section elementor-element elementor-element-65673634 elementor-section-boxed elementor-section-height-default elementor-section-height-default\" data-id=\"65673634\" data-element_type=\"section\" data-settings=\"{&quot;background_background&quot;:&quot;classic&quot;}\">\n\t\t\t\t\t\t<div class=\"elementor-container elementor-column-gap-no\">\n\t\t\t\t\t<div class=\"elementor-column elementor-col-100 elementor-top-column elementor-element elementor-element-6bb841e7\" data-id=\"6bb841e7\" data-element_type=\"column\">\n\t\t\t<div class=\"elementor-widget-wrap elementor-element-populated\">\n\t\t\t\t\t\t\t\t<div class=\"elementor-element elementor-element-57cd614b elementor-widget elementor-widget-heading\" data-id=\"57cd614b\" data-element_type=\"widget\" data-widget_type=\"heading.default\">\n\t\t\t\t<div class=\"elementor-widget-container\">\n\t\t\t<h2 class=\"elementor-heading-title elementor-size-default\">P\u00ebrb\u00ebr\u00ebsit<\/h2>\t\t<\/div>\n\t\t\t\t<\/div>\n\t\t\t\t<section class=\"elementor-section elementor-inner-section elementor-element elementor-element-4c6ba0a elementor-section-boxed elementor-section-height-default elementor-section-height-default\" data-id=\"4c6ba0a\" data-element_type=\"section\">\n\t\t\t\t\t\t<div class=\"elementor-container elementor-column-gap-no\">\n\t\t\t\t\t<div class=\"elementor-column elementor-col-33 elementor-inner-column elementor-element elementor-element-cf02d10\" data-id=\"cf02d10\" data-element_type=\"column\">\n\t\t\t<div class=\"elementor-widget-wrap elementor-element-populated\">\n\t\t\t\t\t\t\t\t<div class=\"elementor-element elementor-element-a9f6d13 elementor-widget elementor-widget-text-editor\" data-id=\"a9f6d13\" data-element_type=\"widget\" data-widget_type=\"text-editor.default\">\n\t\t\t\t<div class=\"elementor-widget-container\">\n\t\t\t<style>\/*! elementor - v3.11.5 - 14-03-2023 *\/\n.elementor-widget-text-editor.elementor-drop-cap-view-stacked .elementor-drop-cap{background-color:#818a91;color:#fff}.elementor-widget-text-editor.elementor-drop-cap-view-framed .elementor-drop-cap{color:#818a91;border:3px solid;background-color:transparent}.elementor-widget-text-editor:not(.elementor-drop-cap-view-default) .elementor-drop-cap{margin-top:8px}.elementor-widget-text-editor:not(.elementor-drop-cap-view-default) .elementor-drop-cap-letter{width:1em;height:1em}.elementor-widget-text-editor .elementor-drop-cap{float:left;text-align:center;line-height:1;font-size:50px}.elementor-widget-text-editor .elementor-drop-cap-letter{display:inline-block}<\/style>\t\t\t\t<p><strong>P\u00ebrb\u00ebr\u00ebsit p\u00ebr pet\u00ebn:<\/strong><\/p><p>5 vez\u00eb<\/p><p>100 gr sheqer<\/p><p>200 gr lajthi t\u00eb pjekura<\/p><p>1 sheqer vanile<\/p><p>25 g kakao<\/p><p>35 gr miell<\/p><p>1 pluhur p\u00ebr pjekurina<\/p>\t\t\t\t\t\t<\/div>\n\t\t\t\t<\/div>\n\t\t\t\t\t<\/div>\n\t\t<\/div>\n\t\t\t\t<div class=\"elementor-column elementor-col-33 elementor-inner-column elementor-element elementor-element-e7f368c\" data-id=\"e7f368c\" data-element_type=\"column\">\n\t\t\t<div class=\"elementor-widget-wrap elementor-element-populated\">\n\t\t\t\t\t\t\t\t<div class=\"elementor-element elementor-element-40bbde0 elementor-widget elementor-widget-text-editor\" data-id=\"40bbde0\" data-element_type=\"widget\" data-widget_type=\"text-editor.default\">\n\t\t\t\t<div class=\"elementor-widget-container\">\n\t\t\t\t\t\t\t<p><strong>P\u00ebrb\u00ebr\u00ebsit p\u00ebr fillin:<\/strong><\/p><p>200 gr margarin<\/p><p>100 gr \u00e7okolat\u00eb e zez\u00eb<\/p><p>100 gr \u00e7okolat\u00eb me qum\u00ebsht<\/p><p>160 gr \"Nutella\"<\/p><p>60 gr napolitanka me shije lajthie<\/p>\t\t\t\t\t\t<\/div>\n\t\t\t\t<\/div>\n\t\t\t\t\t<\/div>\n\t\t<\/div>\n\t\t\t\t<div class=\"elementor-column elementor-col-33 elementor-inner-column elementor-element elementor-element-a17a7a1\" data-id=\"a17a7a1\" data-element_type=\"column\">\n\t\t\t<div class=\"elementor-widget-wrap elementor-element-populated\">\n\t\t\t\t\t\t\t\t<div class=\"elementor-element elementor-element-38180c2 elementor-widget elementor-widget-text-editor\" data-id=\"38180c2\" data-element_type=\"widget\" data-widget_type=\"text-editor.default\">\n\t\t\t\t<div class=\"elementor-widget-container\">\n\t\t\t\t\t\t\t<p><strong>P\u00ebrb\u00ebr\u00ebsit p\u00ebr glazur\u00ebn:<\/strong><\/p><p>100 gr \u00e7okolat\u00eb e zez\u00eb<\/p><p>50 gr \u00e7okolat\u00eb me qum\u00ebsht<\/p><p>25 gr margarin<\/p><p>60 ml ajk\u00eb kosi<\/p><p>Nevoiten edhe 12 cop\u00eb toptha\"Ferrero Rocher\"<\/p>\t\t\t\t\t\t<\/div>\n\t\t\t\t<\/div>\n\t\t\t\t\t<\/div>\n\t\t<\/div>\n\t\t\t\t\t\t\t<\/div>\n\t\t<\/section>\n\t\t\t\t\t<\/div>\n\t\t<\/div>\n\t\t\t\t\t\t\t<\/div>\n\t\t<\/section>\n\t\t\t\t<section class=\"elementor-section elementor-top-section elementor-element elementor-element-5d8b159c elementor-section-boxed elementor-section-height-default elementor-section-height-default\" data-id=\"5d8b159c\" data-element_type=\"section\">\n\t\t\t\t\t\t<div class=\"elementor-container elementor-column-gap-no\">\n\t\t\t\t\t<div class=\"elementor-column elementor-col-100 elementor-top-column elementor-element elementor-element-29a79342\" data-id=\"29a79342\" data-element_type=\"column\">\n\t\t\t<div class=\"elementor-widget-wrap elementor-element-populated\">\n\t\t\t\t\t\t\t\t<div class=\"elementor-element elementor-element-5193422a elementor-widget elementor-widget-heading\" data-id=\"5193422a\" data-element_type=\"widget\" data-widget_type=\"heading.default\">\n\t\t\t\t<div class=\"elementor-widget-container\">\n\t\t\t<h2 class=\"elementor-heading-title elementor-size-default\">How to use<\/h2>\t\t<\/div>\n\t\t\t\t<\/div>\n\t\t\t\t<section class=\"elementor-section elementor-inner-section elementor-element elementor-element-bfa4d2c elementor-section-boxed elementor-section-height-default elementor-section-height-default\" data-id=\"bfa4d2c\" data-element_type=\"section\">\n\t\t\t\t\t\t<div class=\"elementor-container elementor-column-gap-no\">\n\t\t\t\t\t<div class=\"elementor-column elementor-col-100 elementor-inner-column elementor-element elementor-element-7bfe7a4\" data-id=\"7bfe7a4\" data-element_type=\"column\">\n\t\t\t<div class=\"elementor-widget-wrap elementor-element-populated\">\n\t\t\t\t\t\t\t\t<div class=\"elementor-element elementor-element-649a6c6 elementor-widget elementor-widget-text-editor\" data-id=\"649a6c6\" data-element_type=\"widget\" data-widget_type=\"text-editor.default\">\n\t\t\t\t<div class=\"elementor-widget-container\">\n\t\t\t\t\t\t\t<p><strong>P\u00ebrgatitja:<\/strong><\/p><p>Rrahim vez\u00ebt me sheqer dhe vanil sheqer.N\u00eb nj\u00eb en\u00eb tjet\u00ebr p\u00ebrziejm\u00eb miellin,kakaon,pluhurin p\u00ebr pjekurina si dhe lajthit\u00eb e pjekura m\u00eb par\u00eb.<\/p><p>Kur t\u00eb trashen vez\u00ebt i shtojm\u00eb perzierjen me mielle me lajthi ngadal duke e p\u00ebrzier me lug\u00eb.<\/p><p>Mas\u00ebn e qesim n\u00eb tepsi t\u00eb shtruar me let\u00ebr p\u00ebr pjekje.Pjekim n\u00eb temperatur\u00eb 185*C rreth 25 minuta.E lejm\u00eb ashtu t\u00eb ftohet n\u00eb tepsi.Pastaj e prejm\u00eb p\u00ebrgjysm\u00eb n\u00eb m\u00ebnyr\u00eb q\u00eb t\u00eb fitojm\u00eb 2 shtresa.\nDeri sa t\u00eb ftohet mir\u00eb,p\u00ebrgatisim fillin.<\/p><p>Deri sa t\u00eb ftohet mir\u00eb,p\u00ebrgatisim fillin.<\/p><p>Shkrijm\u00eb n\u00eb avull \u00e7okolat\u00ebn dhe e lejm\u00eb t\u00eb ftohet pak,pastaj i shtojm\u00eb \"Nutell\u00ebn\",napolitankat e coptuara dhe margarinen e rrahur me mikser.P\u00ebrziejm\u00eb mir\u00eb dhe me k\u00ebt\u00eb mas\u00eb lyejm\u00eb nj\u00ebr\u00ebn pet\u00eb dhe p\u00ebrmbi ia qesim pet\u00ebn tjet\u00ebr.Shtypim pak me dor\u00eb dhe e lejm\u00eb n\u00eb frigorifer p\u00ebr disa or\u00eb.<\/p><p><strong>P\u00ebrgatitja e glazur\u00ebs:<\/strong><\/p><p>Shkrijm\u00eb n\u00eb avull \u00e7okolat\u00ebn,margarin\u00ebn dhe ajk\u00ebn.Me k\u00ebt\u00eb e lyejm\u00eb tort\u00ebn p\u00ebrmbi.Dekorojm\u00eb me toptha\"Ferrero Rocher\".<\/p>\t\t\t\t\t\t<\/div>\n\t\t\t\t<\/div>\n\t\t\t\t\t<\/div>\n\t\t<\/div>\n\t\t\t\t\t\t\t<\/div>\n\t\t<\/section>\n\t\t\t\t\t<\/div>\n\t\t<\/div>\n\t\t\t\t\t\t\t<\/div>\n\t\t<\/section>\n\t\t\t\t\t\t\t<\/div>","protected":false},"excerpt":{"rendered":"<p>Ferrero Dessert With a rich content and a unique taste this dessert is ideal for the holidays, the ingredients of this dessert are special and very tasty. Ingredients Ingredients for the noodle: 5 eggs 100 gr sugar 200 gr roasted hazelnuts 1 vanilla sugar 25 g cocoa 35 gr flour 1 baking powder Ingredients for [&hellip;]<\/p>","protected":false},"author":1,"featured_media":0,"parent":5580,"menu_order":0,"comment_status":"closed","ping_status":"closed","template":"","meta":[],"yoast_head":"<!-- This site is optimized with the Yoast SEO plugin v20.3 - https:\/\/yoast.com\/wordpress\/plugins\/seo\/ -->\n<title>Ferrero Dessert - EVKO<\/title>\n<meta name=\"robots\" content=\"index, follow, max-snippet:-1, max-image-preview:large, max-video-preview:-1\" \/>\n<link rel=\"canonical\" href=\"https:\/\/evko-ks.com\/sq\/festive-recipes\/ferrero-dessert\/\" \/>\n<meta property=\"og:locale\" content=\"sq_AL\" \/>\n<meta property=\"og:type\" content=\"article\" \/>\n<meta property=\"og:title\" content=\"Ferrero Dessert - EVKO\" \/>\n<meta property=\"og:description\" content=\"Ferrero Dessert With a rich content and a unique taste this dessert is ideal for the holidays, the ingredients of this dessert are special and very tasty. Ingredients Ingredients for the noodle: 5 eggs 100 gr sugar 200 gr roasted hazelnuts 1 vanilla sugar 25 g cocoa 35 gr flour 1 baking powder Ingredients for [&hellip;]\" \/>\n<meta property=\"og:url\" content=\"https:\/\/evko-ks.com\/sq\/festive-recipes\/ferrero-dessert\/\" \/>\n<meta property=\"og:site_name\" content=\"EVKO\" \/>\n<meta property=\"article:modified_time\" content=\"2022-02-09T13:22:10+00:00\" \/>\n<meta property=\"og:image\" content=\"https:\/\/evko-ks.com\/wp-content\/uploads\/2022\/01\/1.Embelsire-Ferrero-1024x682.jpg\" \/>\n<meta name=\"twitter:card\" content=\"summary_large_image\" \/>\n<meta name=\"twitter:label1\" content=\"Est. reading time\" \/>\n\t<meta name=\"twitter:data1\" content=\"1 minut\u00eb\" \/>\n<script type=\"application\/ld+json\" class=\"yoast-schema-graph\">{\"@context\":\"https:\/\/schema.org\",\"@graph\":[{\"@type\":\"WebPage\",\"@id\":\"https:\/\/evko-ks.com\/festive-recipes\/ferrero-dessert\/\",\"url\":\"https:\/\/evko-ks.com\/festive-recipes\/ferrero-dessert\/\",\"name\":\"Ferrero Dessert - EVKO\",\"isPartOf\":{\"@id\":\"https:\/\/evko-ks.com\/#website\"},\"datePublished\":\"2022-02-06T18:43:55+00:00\",\"dateModified\":\"2022-02-09T13:22:10+00:00\",\"breadcrumb\":{\"@id\":\"https:\/\/evko-ks.com\/festive-recipes\/ferrero-dessert\/#breadcrumb\"},\"inLanguage\":\"sq\",\"potentialAction\":[{\"@type\":\"ReadAction\",\"target\":[\"https:\/\/evko-ks.com\/festive-recipes\/ferrero-dessert\/\"]}]},{\"@type\":\"BreadcrumbList\",\"@id\":\"https:\/\/evko-ks.com\/festive-recipes\/ferrero-dessert\/#breadcrumb\",\"itemListElement\":[{\"@type\":\"ListItem\",\"position\":1,\"name\":\"Home\",\"item\":\"https:\/\/evko-ks.com\/\"},{\"@type\":\"ListItem\",\"position\":2,\"name\":\"Festive Recipes\",\"item\":\"https:\/\/evko-ks.com\/festive-recipes\/\"},{\"@type\":\"ListItem\",\"position\":3,\"name\":\"Ferrero Dessert\"}]},{\"@type\":\"WebSite\",\"@id\":\"https:\/\/evko-ks.com\/#website\",\"url\":\"https:\/\/evko-ks.com\/\",\"name\":\"EVKO\",\"description\":\"\",\"potentialAction\":[{\"@type\":\"SearchAction\",\"target\":{\"@type\":\"EntryPoint\",\"urlTemplate\":\"https:\/\/evko-ks.com\/?s={search_term_string}\"},\"query-input\":\"required name=search_term_string\"}],\"inLanguage\":\"sq\"}]}<\/script>\n<!-- \/ Yoast SEO plugin. -->","yoast_head_json":{"title":"Ferrero Dessert - EVKO","robots":{"index":"index","follow":"follow","max-snippet":"max-snippet:-1","max-image-preview":"max-image-preview:large","max-video-preview":"max-video-preview:-1"},"canonical":"https:\/\/evko-ks.com\/sq\/festive-recipes\/ferrero-dessert\/","og_locale":"sq_AL","og_type":"article","og_title":"Ferrero Dessert - EVKO","og_description":"Ferrero Dessert With a rich content and a unique taste this dessert is ideal for the holidays, the ingredients of this dessert are special and very tasty. Ingredients Ingredients for the noodle: 5 eggs 100 gr sugar 200 gr roasted hazelnuts 1 vanilla sugar 25 g cocoa 35 gr flour 1 baking powder Ingredients for [&hellip;]","og_url":"https:\/\/evko-ks.com\/sq\/festive-recipes\/ferrero-dessert\/","og_site_name":"EVKO","article_modified_time":"2022-02-09T13:22:10+00:00","og_image":[{"url":"https:\/\/evko-ks.com\/wp-content\/uploads\/2022\/01\/1.Embelsire-Ferrero-1024x682.jpg"}],"twitter_card":"summary_large_image","twitter_misc":{"Est. reading time":"1 minut\u00eb"},"schema":{"@context":"https:\/\/schema.org","@graph":[{"@type":"WebPage","@id":"https:\/\/evko-ks.com\/festive-recipes\/ferrero-dessert\/","url":"https:\/\/evko-ks.com\/festive-recipes\/ferrero-dessert\/","name":"Ferrero Dessert - EVKO","isPartOf":{"@id":"https:\/\/evko-ks.com\/#website"},"datePublished":"2022-02-06T18:43:55+00:00","dateModified":"2022-02-09T13:22:10+00:00","breadcrumb":{"@id":"https:\/\/evko-ks.com\/festive-recipes\/ferrero-dessert\/#breadcrumb"},"inLanguage":"sq","potentialAction":[{"@type":"ReadAction","target":["https:\/\/evko-ks.com\/festive-recipes\/ferrero-dessert\/"]}]},{"@type":"BreadcrumbList","@id":"https:\/\/evko-ks.com\/festive-recipes\/ferrero-dessert\/#breadcrumb","itemListElement":[{"@type":"ListItem","position":1,"name":"Home","item":"https:\/\/evko-ks.com\/"},{"@type":"ListItem","position":2,"name":"Festive Recipes","item":"https:\/\/evko-ks.com\/festive-recipes\/"},{"@type":"ListItem","position":3,"name":"Ferrero Dessert"}]},{"@type":"WebSite","@id":"https:\/\/evko-ks.com\/#website","url":"https:\/\/evko-ks.com\/","name":"EVKO","description":"","potentialAction":[{"@type":"SearchAction","target":{"@type":"EntryPoint","urlTemplate":"https:\/\/evko-ks.com\/?s={search_term_string}"},"query-input":"required name=search_term_string"}],"inLanguage":"sq"}]}},"_links":{"self":[{"href":"https:\/\/evko-ks.com\/sq\/wp-json\/wp\/v2\/pages\/5810"}],"collection":[{"href":"https:\/\/evko-ks.com\/sq\/wp-json\/wp\/v2\/pages"}],"about":[{"href":"https:\/\/evko-ks.com\/sq\/wp-json\/wp\/v2\/types\/page"}],"author":[{"embeddable":true,"href":"https:\/\/evko-ks.com\/sq\/wp-json\/wp\/v2\/users\/1"}],"replies":[{"embeddable":true,"href":"https:\/\/evko-ks.com\/sq\/wp-json\/wp\/v2\/comments?post=5810"}],"version-history":[{"count":0,"href":"https:\/\/evko-ks.com\/sq\/wp-json\/wp\/v2\/pages\/5810\/revisions"}],"up":[{"embeddable":true,"href":"https:\/\/evko-ks.com\/sq\/wp-json\/wp\/v2\/pages\/5580"}],"wp:attachment":[{"href":"https:\/\/evko-ks.com\/sq\/wp-json\/wp\/v2\/media?parent=5810"}],"curies":[{"name":"wp","href":"https:\/\/api.w.org\/{rel}","templated":true}]}}