{"id":5967,"date":"2022-02-06T20:15:44","date_gmt":"2022-02-06T20:15:44","guid":{"rendered":"https:\/\/evko-ks.com\/?page_id=5967"},"modified":"2022-02-08T13:54:59","modified_gmt":"2022-02-08T13:54:59","slug":"cherry-cheesecake","status":"publish","type":"page","link":"https:\/\/evko-ks.com\/sq\/festive-recipes\/cherry-cheesecake\/","title":{"rendered":"Cheesecake me Vishnje"},"content":{"rendered":"<div data-elementor-type=\"wp-page\" data-elementor-id=\"5967\" class=\"elementor elementor-5967\">\n\t\t\t\t\t\t\t\t\t<section class=\"elementor-section elementor-top-section elementor-element elementor-element-1f69b275 elementor-section-boxed elementor-section-height-default elementor-section-height-default\" data-id=\"1f69b275\" data-element_type=\"section\" data-settings=\"{&quot;background_background&quot;:&quot;classic&quot;}\">\n\t\t\t\t\t\t<div class=\"elementor-container elementor-column-gap-default\">\n\t\t\t\t\t<div class=\"elementor-column elementor-col-50 elementor-top-column elementor-element elementor-element-2cc66332\" data-id=\"2cc66332\" data-element_type=\"column\">\n\t\t\t<div class=\"elementor-widget-wrap elementor-element-populated\">\n\t\t\t\t\t\t\t\t<div class=\"elementor-element elementor-element-2928496 elementor-widget elementor-widget-image\" data-id=\"2928496\" data-element_type=\"widget\" data-widget_type=\"image.default\">\n\t\t\t\t<div class=\"elementor-widget-container\">\n\t\t\t<style>\/*! elementor - v3.11.5 - 14-03-2023 *\/\n.elementor-widget-image{text-align:center}.elementor-widget-image a{display:inline-block}.elementor-widget-image a img[src$=\".svg\"]{width:48px}.elementor-widget-image img{vertical-align:middle;display:inline-block}<\/style>\t\t\t\t\t\t\t\t\t\t\t\t\t<a href=\"https:\/\/evko-ks.com\/sq\/soups\/\">\n\t\t\t\t\t\t\t<img decoding=\"async\" width=\"960\" height=\"639\" src=\"https:\/\/evko-ks.com\/wp-content\/uploads\/2022\/01\/2.Cheesecake-me-Vishnje-1024x682.jpg\" class=\"attachment-large size-large wp-image-5272\" alt=\"\" loading=\"lazy\" srcset=\"https:\/\/evko-ks.com\/wp-content\/uploads\/2022\/01\/2.Cheesecake-me-Vishnje-1024x682.jpg 1024w, https:\/\/evko-ks.com\/wp-content\/uploads\/2022\/01\/2.Cheesecake-me-Vishnje-300x200.jpg 300w, https:\/\/evko-ks.com\/wp-content\/uploads\/2022\/01\/2.Cheesecake-me-Vishnje-768x512.jpg 768w, https:\/\/evko-ks.com\/wp-content\/uploads\/2022\/01\/2.Cheesecake-me-Vishnje-1536x1024.jpg 1536w, https:\/\/evko-ks.com\/wp-content\/uploads\/2022\/01\/2.Cheesecake-me-Vishnje-2048x1365.jpg 2048w, https:\/\/evko-ks.com\/wp-content\/uploads\/2022\/01\/2.Cheesecake-me-Vishnje-600x400.jpg 600w\" sizes=\"(max-width: 960px) 100vw, 960px\" \/>\t\t\t\t\t\t\t\t<\/a>\n\t\t\t\t\t\t\t\t\t\t\t\t\t\t\t<\/div>\n\t\t\t\t<\/div>\n\t\t\t\t\t<\/div>\n\t\t<\/div>\n\t\t\t\t<div class=\"elementor-column elementor-col-50 elementor-top-column elementor-element elementor-element-1c183f6a\" data-id=\"1c183f6a\" data-element_type=\"column\">\n\t\t\t<div class=\"elementor-widget-wrap elementor-element-populated\">\n\t\t\t\t\t\t\t\t<div class=\"elementor-element elementor-element-3841a76e elementor-widget elementor-widget-heading\" data-id=\"3841a76e\" data-element_type=\"widget\" data-widget_type=\"heading.default\">\n\t\t\t\t<div class=\"elementor-widget-container\">\n\t\t\t<style>\/*! elementor - v3.11.5 - 14-03-2023 *\/\n.elementor-heading-title{padding:0;margin:0;line-height:1}.elementor-widget-heading .elementor-heading-title[class*=elementor-size-]>a{color:inherit;font-size:inherit;line-height:inherit}.elementor-widget-heading .elementor-heading-title.elementor-size-small{font-size:15px}.elementor-widget-heading .elementor-heading-title.elementor-size-medium{font-size:19px}.elementor-widget-heading .elementor-heading-title.elementor-size-large{font-size:29px}.elementor-widget-heading .elementor-heading-title.elementor-size-xl{font-size:39px}.elementor-widget-heading .elementor-heading-title.elementor-size-xxl{font-size:59px}<\/style><h2 class=\"elementor-heading-title elementor-size-default\">Cheesecake me Vishnje<\/h2>\t\t<\/div>\n\t\t\t\t<\/div>\n\t\t\t\t<div class=\"elementor-element elementor-element-4e08b25d elementor-widget elementor-widget-heading\" data-id=\"4e08b25d\" data-element_type=\"widget\" data-widget_type=\"heading.default\">\n\t\t\t\t<div class=\"elementor-widget-container\">\n\t\t\t<h2 class=\"elementor-heading-title elementor-size-default\">Kjo \u00ebmbelsir\u00eb ka nj\u00eb pamje q\u00eb t\u00eb b\u00ebn\u00eb p\u00ebr vete por gjithashtu ka nj\u00eb shije t\u00eb p\u00ebrkryer, \u00ebmbelsir\u00eb e duhur p\u00ebr raste t\u00eb vecanta.<\/h2>\t\t<\/div>\n\t\t\t\t<\/div>\n\t\t\t\t\t<\/div>\n\t\t<\/div>\n\t\t\t\t\t\t\t<\/div>\n\t\t<\/section>\n\t\t\t\t<section class=\"elementor-section elementor-top-section elementor-element elementor-element-1ee0929a elementor-section-boxed elementor-section-height-default elementor-section-height-default\" data-id=\"1ee0929a\" data-element_type=\"section\" data-settings=\"{&quot;background_background&quot;:&quot;classic&quot;}\">\n\t\t\t\t\t\t<div class=\"elementor-container elementor-column-gap-no\">\n\t\t\t\t\t<div class=\"elementor-column elementor-col-100 elementor-top-column elementor-element elementor-element-4353aba6\" data-id=\"4353aba6\" data-element_type=\"column\">\n\t\t\t<div class=\"elementor-widget-wrap elementor-element-populated\">\n\t\t\t\t\t\t\t\t<div class=\"elementor-element elementor-element-29e98943 elementor-widget elementor-widget-heading\" data-id=\"29e98943\" data-element_type=\"widget\" data-widget_type=\"heading.default\">\n\t\t\t\t<div class=\"elementor-widget-container\">\n\t\t\t<h2 class=\"elementor-heading-title elementor-size-default\">P\u00ebrb\u00ebr\u00ebsit<\/h2>\t\t<\/div>\n\t\t\t\t<\/div>\n\t\t\t\t<section class=\"elementor-section elementor-inner-section elementor-element elementor-element-36ffbeb6 elementor-section-boxed elementor-section-height-default elementor-section-height-default\" data-id=\"36ffbeb6\" data-element_type=\"section\">\n\t\t\t\t\t\t<div class=\"elementor-container elementor-column-gap-no\">\n\t\t\t\t\t<div class=\"elementor-column elementor-col-33 elementor-inner-column elementor-element elementor-element-17085c48\" data-id=\"17085c48\" data-element_type=\"column\">\n\t\t\t<div class=\"elementor-widget-wrap elementor-element-populated\">\n\t\t\t\t\t\t\t\t<div class=\"elementor-element elementor-element-5062dbc1 elementor-widget elementor-widget-text-editor\" data-id=\"5062dbc1\" data-element_type=\"widget\" data-widget_type=\"text-editor.default\">\n\t\t\t\t<div class=\"elementor-widget-container\">\n\t\t\t<style>\/*! elementor - v3.11.5 - 14-03-2023 *\/\n.elementor-widget-text-editor.elementor-drop-cap-view-stacked .elementor-drop-cap{background-color:#818a91;color:#fff}.elementor-widget-text-editor.elementor-drop-cap-view-framed .elementor-drop-cap{color:#818a91;border:3px solid;background-color:transparent}.elementor-widget-text-editor:not(.elementor-drop-cap-view-default) .elementor-drop-cap{margin-top:8px}.elementor-widget-text-editor:not(.elementor-drop-cap-view-default) .elementor-drop-cap-letter{width:1em;height:1em}.elementor-widget-text-editor .elementor-drop-cap{float:left;text-align:center;line-height:1;font-size:50px}.elementor-widget-text-editor .elementor-drop-cap-letter{display:inline-block}<\/style>\t\t\t\t<p><strong>P\u00ebrb\u00ebr\u00ebsit p\u00ebr baz\u00ebn e \u00ebmbelsir\u00ebs:<\/strong><\/p><p>160 gr Biskota Digestive ( mund\u00ebsisht)<\/p><p>70 gr Gjalp\u00eb<\/p><p>Pak krip\u00eb<\/p><p>2 lug\u00eb Sheqer kallami<\/p>\t\t\t\t\t\t<\/div>\n\t\t\t\t<\/div>\n\t\t\t\t\t<\/div>\n\t\t<\/div>\n\t\t\t\t<div class=\"elementor-column elementor-col-33 elementor-inner-column elementor-element elementor-element-280b0561\" data-id=\"280b0561\" data-element_type=\"column\">\n\t\t\t<div class=\"elementor-widget-wrap elementor-element-populated\">\n\t\t\t\t\t\t\t\t<div class=\"elementor-element elementor-element-49b758bf elementor-widget elementor-widget-text-editor\" data-id=\"49b758bf\" data-element_type=\"widget\" data-widget_type=\"text-editor.default\">\n\t\t\t\t<div class=\"elementor-widget-container\">\n\t\t\t\t\t\t\t<p><strong>P\u00ebrb\u00ebr\u00ebsit p\u00ebr kremin<\/strong><\/p><p>50 ml L\u00ebng Vishnje<\/p><p>20 Vishnje te zeza<\/p><p>8 gr Xhelatin\u00eb<\/p><p>250 gr Filadelfia<\/p><p>500 gr Gjiz\u00eb<\/p><p>1 pako Vanillin<\/p><p>1 Lug\u00eb gjelle Sheqer pluhur<\/p>\t\t\t\t\t\t<\/div>\n\t\t\t\t<\/div>\n\t\t\t\t\t<\/div>\n\t\t<\/div>\n\t\t\t\t<div class=\"elementor-column elementor-col-33 elementor-inner-column elementor-element elementor-element-26ab2874\" data-id=\"26ab2874\" data-element_type=\"column\">\n\t\t\t<div class=\"elementor-widget-wrap elementor-element-populated\">\n\t\t\t\t\t\t\t\t<div class=\"elementor-element elementor-element-3a2dc004 elementor-widget elementor-widget-text-editor\" data-id=\"3a2dc004\" data-element_type=\"widget\" data-widget_type=\"text-editor.default\">\n\t\t\t\t<div class=\"elementor-widget-container\">\n\t\t\t\t\t\t\t<p><strong>P\u00ebrb\u00ebr\u00ebsit p\u00ebr mbules\u00ebn<\/strong><\/p><p>600 gr Vishnje<\/p><p>100 ml L\u00ebng Vishnje<\/p><p>8 gr Xhelatin\u00eb<\/p><p>3 Lug\u00eb gjelle Sheqer pluhur<\/p>\t\t\t\t\t\t<\/div>\n\t\t\t\t<\/div>\n\t\t\t\t\t<\/div>\n\t\t<\/div>\n\t\t\t\t\t\t\t<\/div>\n\t\t<\/section>\n\t\t\t\t\t<\/div>\n\t\t<\/div>\n\t\t\t\t\t\t\t<\/div>\n\t\t<\/section>\n\t\t\t\t<section class=\"elementor-section elementor-top-section elementor-element elementor-element-1e940a6c elementor-section-boxed elementor-section-height-default elementor-section-height-default\" data-id=\"1e940a6c\" data-element_type=\"section\">\n\t\t\t\t\t\t<div class=\"elementor-container elementor-column-gap-no\">\n\t\t\t\t\t<div class=\"elementor-column elementor-col-100 elementor-top-column elementor-element elementor-element-4ce52b4\" data-id=\"4ce52b4\" data-element_type=\"column\">\n\t\t\t<div class=\"elementor-widget-wrap elementor-element-populated\">\n\t\t\t\t\t\t\t\t<div class=\"elementor-element elementor-element-313186b6 elementor-widget elementor-widget-heading\" data-id=\"313186b6\" data-element_type=\"widget\" data-widget_type=\"heading.default\">\n\t\t\t\t<div class=\"elementor-widget-container\">\n\t\t\t<h2 class=\"elementor-heading-title elementor-size-default\">How to use<\/h2>\t\t<\/div>\n\t\t\t\t<\/div>\n\t\t\t\t<section class=\"elementor-section elementor-inner-section elementor-element elementor-element-371b0304 elementor-section-boxed elementor-section-height-default elementor-section-height-default\" data-id=\"371b0304\" data-element_type=\"section\">\n\t\t\t\t\t\t<div class=\"elementor-container elementor-column-gap-no\">\n\t\t\t\t\t<div class=\"elementor-column elementor-col-100 elementor-inner-column elementor-element elementor-element-545d79b4\" data-id=\"545d79b4\" data-element_type=\"column\">\n\t\t\t<div class=\"elementor-widget-wrap elementor-element-populated\">\n\t\t\t\t\t\t\t\t<div class=\"elementor-element elementor-element-66d04263 elementor-widget elementor-widget-text-editor\" data-id=\"66d04263\" data-element_type=\"widget\" data-widget_type=\"text-editor.default\">\n\t\t\t\t<div class=\"elementor-widget-container\">\n\t\t\t\t\t\t\t<p><strong>P\u00ebrgatitja:<\/strong><\/p><p><strong>P\u00ebr t\u00eb p\u00ebrgatitur baz\u00ebn e biskotave:<\/strong>Vendosni biskotat n\u00eb nj\u00eb mikser dhe grijini im\u00ebt derisa t\u00eb marrin nj\u00eb pluhur t\u00eb im\u00ebt. Masen e hedhim ne nje ene shtojme gjalpin e shkrire me pas hedhim kallamin sheqer dhe e perziejme mire kete mase e hedhim ne nje tave qe hapet ne te cilen kemi hedhur leter furre. E shtrijm\u00eb n\u00eb t\u00eb gjith\u00eb pjes\u00ebn e poshtme t\u00eb tav\u00ebs duke e b\u00ebr\u00eb mas\u00ebn t\u00eb nj\u00ebtrajtshme me ndihm\u00ebn e nj\u00eb luge, e rrafshojm\u00eb. (shih foton) E vendosim n\u00eb frigorifer p\u00ebr rreth gjysm\u00eb ore q\u00eb t\u00eb b\u00ebhet e fort\u00eb.<\/p><p><strong>Kremi:<\/strong>Shp\u00eblajini qershit\u00eb dhe l\u00ebrini m\u00ebnjan\u00eb. Pasi i kemi pastruar qershit\u00eb sigurisht pa fara. Ne robot ose Rrafshe hedhim djathin me filadefian dhe e perziejme per disa momente derisa djathet te bashkohen mire. E vendosim n\u00eb nj\u00eb en\u00eb, shtojm\u00eb sheqerin pluhur dhe me lug\u00eb druri e p\u00ebrziejm\u00eb vaniljen derisa t\u00eb b\u00ebhet homogjene.<\/p><p>Xhelatin\u00ebn e vendosim n\u00eb uj\u00eb t\u00eb ftohet p\u00ebr disa minuta, derisa t\u00eb zbutet. N\u00eb nj\u00eb tenxhere t\u00eb vog\u00ebl ngrohim l\u00ebngun e qershis\u00eb dhe vendosim brenda xhelatin\u00ebn e shtrydhur dhe e p\u00ebrziejm\u00eb mas\u00ebn dhe e l\u00ebm\u00eb derisa t\u00eb shkrihet duke e p\u00ebrzier, e l\u00ebm\u00eb t\u00eb vak\u00ebt m\u00eb pas e hedhim mbi djath\u00ebrat dhe e p\u00ebrziejm\u00eb derisa t\u00eb bashkohet masa. Shtojm\u00eb qershit\u00eb e prera n\u00eb copa t\u00eb m\u00ebdha, p\u00ebrziejm\u00eb dhe mas\u00ebn e hedhim mbi baz\u00ebn e biskotave, e rrafshojm\u00eb mir\u00eb me kremin dhe e vendosim n\u00eb frigorifer p\u00ebr rreth 2 or\u00eb derisa kremi t\u00eb forcohet. Gjysm\u00eb ore para se ta nxjerrim tort\u00ebn nga frigoriferi P\u00ebrgatisim kapakun e fundit.<\/p><p><strong>Mbulesa:<\/strong>Merrini qershit\u00eb pa fara dhe i hidhni n\u00eb nj\u00eb tigan (duhen ato q\u00eb nuk ngjiten me gj\u00ebrat), shtoni sheqerin dhe ziejini p\u00ebr 4-5 minuta derisa t\u00eb shkrihet sheqeri.<\/p><p>V\u00ebreni xhelatin n\u00eb uj\u00eb t\u00eb ftoht\u00eb. Ngrohim 100 ml l\u00ebng qershie, m\u00eb pas shtojm\u00eb xhelatin e shtrydhur, e p\u00ebrziejm\u00eb shpejt dhe e vendosim sip\u00ebr qershive n\u00eb tav\u00eb, e p\u00ebrziejm\u00eb mir\u00eb: E lem\u00eb t\u00eb ftohet, m\u00eb pas k\u00ebt\u00eb mas\u00eb e hedhim n\u00eb sip\u00ebrfaqen e kekut dhe e mbulojm\u00eb mir\u00eb.<\/p><p>E lem\u00eb n\u00eb frigorifer p\u00ebr 4-5 or\u00eb derisa sip\u00ebrfaqja e xhelatin\u00ebs t\u00eb forcohet. Pastaj prisni. E konservuar n\u00eb frigorifer.<\/p>\t\t\t\t\t\t<\/div>\n\t\t\t\t<\/div>\n\t\t\t\t\t<\/div>\n\t\t<\/div>\n\t\t\t\t\t\t\t<\/div>\n\t\t<\/section>\n\t\t\t\t\t<\/div>\n\t\t<\/div>\n\t\t\t\t\t\t\t<\/div>\n\t\t<\/section>\n\t\t\t\t\t\t\t<\/div>","protected":false},"excerpt":{"rendered":"<p>Cherry Cheesecake This dessert has a look to make for itself but also has a perfect taste, the right dessert for special occasions. Ingredients Ingredients for the dessert base: 160 gr Digestive Biscuits (preferably) 70 gr Butter A little hedgehog 2 tablespoons Cane Sugar Ingredients for the cream 50 ml Cherry Juice 20 Black cherries [&hellip;]<\/p>","protected":false},"author":1,"featured_media":0,"parent":5580,"menu_order":0,"comment_status":"closed","ping_status":"closed","template":"","meta":[],"yoast_head":"<!-- This site is optimized with the Yoast SEO plugin v20.3 - https:\/\/yoast.com\/wordpress\/plugins\/seo\/ -->\n<title>Cherry Cheesecake - EVKO<\/title>\n<meta name=\"robots\" content=\"index, follow, max-snippet:-1, max-image-preview:large, max-video-preview:-1\" \/>\n<link rel=\"canonical\" href=\"https:\/\/evko-ks.com\/sq\/festive-recipes\/cherry-cheesecake\/\" \/>\n<meta property=\"og:locale\" content=\"sq_AL\" \/>\n<meta property=\"og:type\" content=\"article\" \/>\n<meta property=\"og:title\" content=\"Cherry Cheesecake - EVKO\" \/>\n<meta property=\"og:description\" content=\"Cherry Cheesecake This dessert has a look to make for itself but also has a perfect taste, the right dessert for special occasions. Ingredients Ingredients for the dessert base: 160 gr Digestive Biscuits (preferably) 70 gr Butter A little hedgehog 2 tablespoons Cane Sugar Ingredients for the cream 50 ml Cherry Juice 20 Black cherries [&hellip;]\" \/>\n<meta property=\"og:url\" content=\"https:\/\/evko-ks.com\/sq\/festive-recipes\/cherry-cheesecake\/\" \/>\n<meta property=\"og:site_name\" content=\"EVKO\" \/>\n<meta property=\"article:modified_time\" content=\"2022-02-08T13:54:59+00:00\" \/>\n<meta property=\"og:image\" content=\"https:\/\/evko-ks.com\/wp-content\/uploads\/2022\/01\/2.Cheesecake-me-Vishnje-1024x682.jpg\" \/>\n<meta name=\"twitter:card\" content=\"summary_large_image\" \/>\n<meta name=\"twitter:label1\" content=\"Est. reading time\" \/>\n\t<meta name=\"twitter:data1\" content=\"2 minuta\" \/>\n<script type=\"application\/ld+json\" class=\"yoast-schema-graph\">{\"@context\":\"https:\/\/schema.org\",\"@graph\":[{\"@type\":\"WebPage\",\"@id\":\"https:\/\/evko-ks.com\/festive-recipes\/cherry-cheesecake\/\",\"url\":\"https:\/\/evko-ks.com\/festive-recipes\/cherry-cheesecake\/\",\"name\":\"Cherry Cheesecake - EVKO\",\"isPartOf\":{\"@id\":\"https:\/\/evko-ks.com\/#website\"},\"datePublished\":\"2022-02-06T20:15:44+00:00\",\"dateModified\":\"2022-02-08T13:54:59+00:00\",\"breadcrumb\":{\"@id\":\"https:\/\/evko-ks.com\/festive-recipes\/cherry-cheesecake\/#breadcrumb\"},\"inLanguage\":\"sq\",\"potentialAction\":[{\"@type\":\"ReadAction\",\"target\":[\"https:\/\/evko-ks.com\/festive-recipes\/cherry-cheesecake\/\"]}]},{\"@type\":\"BreadcrumbList\",\"@id\":\"https:\/\/evko-ks.com\/festive-recipes\/cherry-cheesecake\/#breadcrumb\",\"itemListElement\":[{\"@type\":\"ListItem\",\"position\":1,\"name\":\"Home\",\"item\":\"https:\/\/evko-ks.com\/\"},{\"@type\":\"ListItem\",\"position\":2,\"name\":\"Festive Recipes\",\"item\":\"https:\/\/evko-ks.com\/festive-recipes\/\"},{\"@type\":\"ListItem\",\"position\":3,\"name\":\"Cherry Cheesecake\"}]},{\"@type\":\"WebSite\",\"@id\":\"https:\/\/evko-ks.com\/#website\",\"url\":\"https:\/\/evko-ks.com\/\",\"name\":\"EVKO\",\"description\":\"\",\"potentialAction\":[{\"@type\":\"SearchAction\",\"target\":{\"@type\":\"EntryPoint\",\"urlTemplate\":\"https:\/\/evko-ks.com\/?s={search_term_string}\"},\"query-input\":\"required name=search_term_string\"}],\"inLanguage\":\"sq\"}]}<\/script>\n<!-- \/ Yoast SEO plugin. -->","yoast_head_json":{"title":"Cherry Cheesecake - EVKO","robots":{"index":"index","follow":"follow","max-snippet":"max-snippet:-1","max-image-preview":"max-image-preview:large","max-video-preview":"max-video-preview:-1"},"canonical":"https:\/\/evko-ks.com\/sq\/festive-recipes\/cherry-cheesecake\/","og_locale":"sq_AL","og_type":"article","og_title":"Cherry Cheesecake - EVKO","og_description":"Cherry Cheesecake This dessert has a look to make for itself but also has a perfect taste, the right dessert for special occasions. Ingredients Ingredients for the dessert base: 160 gr Digestive Biscuits (preferably) 70 gr Butter A little hedgehog 2 tablespoons Cane Sugar Ingredients for the cream 50 ml Cherry Juice 20 Black cherries [&hellip;]","og_url":"https:\/\/evko-ks.com\/sq\/festive-recipes\/cherry-cheesecake\/","og_site_name":"EVKO","article_modified_time":"2022-02-08T13:54:59+00:00","og_image":[{"url":"https:\/\/evko-ks.com\/wp-content\/uploads\/2022\/01\/2.Cheesecake-me-Vishnje-1024x682.jpg"}],"twitter_card":"summary_large_image","twitter_misc":{"Est. reading time":"2 minuta"},"schema":{"@context":"https:\/\/schema.org","@graph":[{"@type":"WebPage","@id":"https:\/\/evko-ks.com\/festive-recipes\/cherry-cheesecake\/","url":"https:\/\/evko-ks.com\/festive-recipes\/cherry-cheesecake\/","name":"Cherry Cheesecake - EVKO","isPartOf":{"@id":"https:\/\/evko-ks.com\/#website"},"datePublished":"2022-02-06T20:15:44+00:00","dateModified":"2022-02-08T13:54:59+00:00","breadcrumb":{"@id":"https:\/\/evko-ks.com\/festive-recipes\/cherry-cheesecake\/#breadcrumb"},"inLanguage":"sq","potentialAction":[{"@type":"ReadAction","target":["https:\/\/evko-ks.com\/festive-recipes\/cherry-cheesecake\/"]}]},{"@type":"BreadcrumbList","@id":"https:\/\/evko-ks.com\/festive-recipes\/cherry-cheesecake\/#breadcrumb","itemListElement":[{"@type":"ListItem","position":1,"name":"Home","item":"https:\/\/evko-ks.com\/"},{"@type":"ListItem","position":2,"name":"Festive Recipes","item":"https:\/\/evko-ks.com\/festive-recipes\/"},{"@type":"ListItem","position":3,"name":"Cherry Cheesecake"}]},{"@type":"WebSite","@id":"https:\/\/evko-ks.com\/#website","url":"https:\/\/evko-ks.com\/","name":"EVKO","description":"","potentialAction":[{"@type":"SearchAction","target":{"@type":"EntryPoint","urlTemplate":"https:\/\/evko-ks.com\/?s={search_term_string}"},"query-input":"required name=search_term_string"}],"inLanguage":"sq"}]}},"_links":{"self":[{"href":"https:\/\/evko-ks.com\/sq\/wp-json\/wp\/v2\/pages\/5967"}],"collection":[{"href":"https:\/\/evko-ks.com\/sq\/wp-json\/wp\/v2\/pages"}],"about":[{"href":"https:\/\/evko-ks.com\/sq\/wp-json\/wp\/v2\/types\/page"}],"author":[{"embeddable":true,"href":"https:\/\/evko-ks.com\/sq\/wp-json\/wp\/v2\/users\/1"}],"replies":[{"embeddable":true,"href":"https:\/\/evko-ks.com\/sq\/wp-json\/wp\/v2\/comments?post=5967"}],"version-history":[{"count":0,"href":"https:\/\/evko-ks.com\/sq\/wp-json\/wp\/v2\/pages\/5967\/revisions"}],"up":[{"embeddable":true,"href":"https:\/\/evko-ks.com\/sq\/wp-json\/wp\/v2\/pages\/5580"}],"wp:attachment":[{"href":"https:\/\/evko-ks.com\/sq\/wp-json\/wp\/v2\/media?parent=5967"}],"curies":[{"name":"wp","href":"https:\/\/api.w.org\/{rel}","templated":true}]}}