{"id":5991,"date":"2022-02-08T08:52:10","date_gmt":"2022-02-08T08:52:10","guid":{"rendered":"https:\/\/evko-ks.com\/?page_id=5991"},"modified":"2022-02-08T13:54:59","modified_gmt":"2022-02-08T13:54:59","slug":"dessert-with-cream-raspberry-and-chocolate","status":"publish","type":"page","link":"https:\/\/evko-ks.com\/sq\/festive-recipes\/dessert-with-cream-raspberry-and-chocolate\/","title":{"rendered":"\u00cbmbelsir\u00eb me krem, mjedra dhe \u00e7okollat\u00eb"},"content":{"rendered":"<div data-elementor-type=\"wp-page\" data-elementor-id=\"5991\" class=\"elementor elementor-5991\">\n\t\t\t\t\t\t\t\t\t<section class=\"elementor-section elementor-top-section elementor-element elementor-element-74cd0a05 elementor-section-boxed elementor-section-height-default elementor-section-height-default\" data-id=\"74cd0a05\" data-element_type=\"section\" data-settings=\"{&quot;background_background&quot;:&quot;classic&quot;}\">\n\t\t\t\t\t\t<div class=\"elementor-container elementor-column-gap-default\">\n\t\t\t\t\t<div class=\"elementor-column elementor-col-50 elementor-top-column elementor-element elementor-element-2b6ce321\" data-id=\"2b6ce321\" data-element_type=\"column\">\n\t\t\t<div class=\"elementor-widget-wrap elementor-element-populated\">\n\t\t\t\t\t\t\t\t<div class=\"elementor-element elementor-element-3c5d52a2 elementor-widget elementor-widget-image\" data-id=\"3c5d52a2\" data-element_type=\"widget\" data-widget_type=\"image.default\">\n\t\t\t\t<div class=\"elementor-widget-container\">\n\t\t\t<style>\/*! elementor - v3.11.5 - 14-03-2023 *\/\n.elementor-widget-image{text-align:center}.elementor-widget-image a{display:inline-block}.elementor-widget-image a img[src$=\".svg\"]{width:48px}.elementor-widget-image img{vertical-align:middle;display:inline-block}<\/style>\t\t\t\t\t\t\t\t\t\t\t\t\t<a href=\"https:\/\/evko-ks.com\/sq\/soups\/\">\n\t\t\t\t\t\t\t<img decoding=\"async\" width=\"960\" height=\"640\" src=\"https:\/\/evko-ks.com\/wp-content\/uploads\/2022\/02\/3.Embelsire-me-krem-mjedra-dhe-cokollate-1024x683.jpg\" class=\"attachment-large size-large wp-image-5975\" alt=\"\" loading=\"lazy\" srcset=\"https:\/\/evko-ks.com\/wp-content\/uploads\/2022\/02\/3.Embelsire-me-krem-mjedra-dhe-cokollate-1024x683.jpg 1024w, https:\/\/evko-ks.com\/wp-content\/uploads\/2022\/02\/3.Embelsire-me-krem-mjedra-dhe-cokollate-300x200.jpg 300w, https:\/\/evko-ks.com\/wp-content\/uploads\/2022\/02\/3.Embelsire-me-krem-mjedra-dhe-cokollate-768x512.jpg 768w, https:\/\/evko-ks.com\/wp-content\/uploads\/2022\/02\/3.Embelsire-me-krem-mjedra-dhe-cokollate-1536x1024.jpg 1536w, https:\/\/evko-ks.com\/wp-content\/uploads\/2022\/02\/3.Embelsire-me-krem-mjedra-dhe-cokollate-2048x1365.jpg 2048w, https:\/\/evko-ks.com\/wp-content\/uploads\/2022\/02\/3.Embelsire-me-krem-mjedra-dhe-cokollate-18x12.jpg 18w\" sizes=\"(max-width: 960px) 100vw, 960px\" \/>\t\t\t\t\t\t\t\t<\/a>\n\t\t\t\t\t\t\t\t\t\t\t\t\t\t\t<\/div>\n\t\t\t\t<\/div>\n\t\t\t\t\t<\/div>\n\t\t<\/div>\n\t\t\t\t<div class=\"elementor-column elementor-col-50 elementor-top-column elementor-element elementor-element-14810ea1\" data-id=\"14810ea1\" data-element_type=\"column\">\n\t\t\t<div class=\"elementor-widget-wrap elementor-element-populated\">\n\t\t\t\t\t\t\t\t<div class=\"elementor-element elementor-element-78de2e70 elementor-widget elementor-widget-heading\" data-id=\"78de2e70\" data-element_type=\"widget\" data-widget_type=\"heading.default\">\n\t\t\t\t<div class=\"elementor-widget-container\">\n\t\t\t<style>\/*! elementor - v3.11.5 - 14-03-2023 *\/\n.elementor-heading-title{padding:0;margin:0;line-height:1}.elementor-widget-heading .elementor-heading-title[class*=elementor-size-]>a{color:inherit;font-size:inherit;line-height:inherit}.elementor-widget-heading .elementor-heading-title.elementor-size-small{font-size:15px}.elementor-widget-heading .elementor-heading-title.elementor-size-medium{font-size:19px}.elementor-widget-heading .elementor-heading-title.elementor-size-large{font-size:29px}.elementor-widget-heading .elementor-heading-title.elementor-size-xl{font-size:39px}.elementor-widget-heading .elementor-heading-title.elementor-size-xxl{font-size:59px}<\/style><h2 class=\"elementor-heading-title elementor-size-default\">\u00cbmbelsir\u00eb me krem, mjedra dhe \u00e7okollat\u00eb<\/h2>\t\t<\/div>\n\t\t\t\t<\/div>\n\t\t\t\t<div class=\"elementor-element elementor-element-7f8ddfed elementor-widget elementor-widget-heading\" data-id=\"7f8ddfed\" data-element_type=\"widget\" data-widget_type=\"heading.default\">\n\t\t\t\t<div class=\"elementor-widget-container\">\n\t\t\t<h2 class=\"elementor-heading-title elementor-size-default\">\u00cbmbelsir\u00eb me krem, mjedra dhe \u00e7okollat\u00eb, shum\u00eb e shijshme dhe e leht\u00eb p\u00ebr ta p\u00ebrgatitur.<\/h2>\t\t<\/div>\n\t\t\t\t<\/div>\n\t\t\t\t\t<\/div>\n\t\t<\/div>\n\t\t\t\t\t\t\t<\/div>\n\t\t<\/section>\n\t\t\t\t<section class=\"elementor-section elementor-top-section elementor-element elementor-element-7c079d40 elementor-section-boxed elementor-section-height-default elementor-section-height-default\" data-id=\"7c079d40\" data-element_type=\"section\" data-settings=\"{&quot;background_background&quot;:&quot;classic&quot;}\">\n\t\t\t\t\t\t<div class=\"elementor-container elementor-column-gap-no\">\n\t\t\t\t\t<div class=\"elementor-column elementor-col-100 elementor-top-column elementor-element elementor-element-23bfe9a5\" data-id=\"23bfe9a5\" data-element_type=\"column\">\n\t\t\t<div class=\"elementor-widget-wrap elementor-element-populated\">\n\t\t\t\t\t\t\t\t<div class=\"elementor-element elementor-element-1c2bfbb1 elementor-widget elementor-widget-heading\" data-id=\"1c2bfbb1\" data-element_type=\"widget\" data-widget_type=\"heading.default\">\n\t\t\t\t<div class=\"elementor-widget-container\">\n\t\t\t<h2 class=\"elementor-heading-title elementor-size-default\">P\u00ebrb\u00ebr\u00ebsit<\/h2>\t\t<\/div>\n\t\t\t\t<\/div>\n\t\t\t\t<section class=\"elementor-section elementor-inner-section elementor-element elementor-element-131a2fd4 elementor-section-boxed elementor-section-height-default elementor-section-height-default\" data-id=\"131a2fd4\" data-element_type=\"section\">\n\t\t\t\t\t\t<div class=\"elementor-container elementor-column-gap-no\">\n\t\t\t\t\t<div class=\"elementor-column elementor-col-100 elementor-inner-column elementor-element elementor-element-3d5a0816\" data-id=\"3d5a0816\" data-element_type=\"column\">\n\t\t\t<div class=\"elementor-widget-wrap elementor-element-populated\">\n\t\t\t\t\t\t\t\t<div class=\"elementor-element elementor-element-4867a5d5 elementor-widget elementor-widget-text-editor\" data-id=\"4867a5d5\" data-element_type=\"widget\" data-widget_type=\"text-editor.default\">\n\t\t\t\t<div class=\"elementor-widget-container\">\n\t\t\t<style>\/*! elementor - v3.11.5 - 14-03-2023 *\/\n.elementor-widget-text-editor.elementor-drop-cap-view-stacked .elementor-drop-cap{background-color:#818a91;color:#fff}.elementor-widget-text-editor.elementor-drop-cap-view-framed .elementor-drop-cap{color:#818a91;border:3px solid;background-color:transparent}.elementor-widget-text-editor:not(.elementor-drop-cap-view-default) .elementor-drop-cap{margin-top:8px}.elementor-widget-text-editor:not(.elementor-drop-cap-view-default) .elementor-drop-cap-letter{width:1em;height:1em}.elementor-widget-text-editor .elementor-drop-cap{float:left;text-align:center;line-height:1;font-size:50px}.elementor-widget-text-editor .elementor-drop-cap-letter{display:inline-block}<\/style>\t\t\t\t<p>130 gr miell<\/p><p>70 gr niseshte<\/p><p>120 gr sheqer<\/p><p>100 gr gjalp<\/p><p>3 vez\u00eb<\/p><p>1 pako t\u00eb vog\u00ebl vanilje<\/p><p>1\/2 pako t\u00eb vog\u00ebl pluhur pjek\u00ebs<\/p><p>350 gr krem pasti\u00e7erie<\/p><p>2 lug\u00eb gjelle re\u00e7el mjedre<\/p><p>300 gr mjedra<\/p><p>Cop\u00ebza \u00e7okollate<\/p>\t\t\t\t\t\t<\/div>\n\t\t\t\t<\/div>\n\t\t\t\t\t<\/div>\n\t\t<\/div>\n\t\t\t\t\t\t\t<\/div>\n\t\t<\/section>\n\t\t\t\t\t<\/div>\n\t\t<\/div>\n\t\t\t\t\t\t\t<\/div>\n\t\t<\/section>\n\t\t\t\t<section class=\"elementor-section elementor-top-section elementor-element elementor-element-2b9378e1 elementor-section-boxed elementor-section-height-default elementor-section-height-default\" data-id=\"2b9378e1\" data-element_type=\"section\">\n\t\t\t\t\t\t<div class=\"elementor-container elementor-column-gap-no\">\n\t\t\t\t\t<div class=\"elementor-column elementor-col-100 elementor-top-column elementor-element elementor-element-14615f98\" data-id=\"14615f98\" data-element_type=\"column\">\n\t\t\t<div class=\"elementor-widget-wrap elementor-element-populated\">\n\t\t\t\t\t\t\t\t<div class=\"elementor-element elementor-element-4ca7b93 elementor-widget elementor-widget-heading\" data-id=\"4ca7b93\" data-element_type=\"widget\" data-widget_type=\"heading.default\">\n\t\t\t\t<div class=\"elementor-widget-container\">\n\t\t\t<h2 class=\"elementor-heading-title elementor-size-default\">How to use<\/h2>\t\t<\/div>\n\t\t\t\t<\/div>\n\t\t\t\t<section class=\"elementor-section elementor-inner-section elementor-element elementor-element-e34077b elementor-section-boxed elementor-section-height-default elementor-section-height-default\" data-id=\"e34077b\" data-element_type=\"section\">\n\t\t\t\t\t\t<div class=\"elementor-container elementor-column-gap-no\">\n\t\t\t\t\t<div class=\"elementor-column elementor-col-100 elementor-inner-column elementor-element elementor-element-502cf8d9\" data-id=\"502cf8d9\" data-element_type=\"column\">\n\t\t\t<div class=\"elementor-widget-wrap elementor-element-populated\">\n\t\t\t\t\t\t\t\t<div class=\"elementor-element elementor-element-12c7587e elementor-widget elementor-widget-text-editor\" data-id=\"12c7587e\" data-element_type=\"widget\" data-widget_type=\"text-editor.default\">\n\t\t\t\t<div class=\"elementor-widget-container\">\n\t\t\t\t\t\t\t<p><strong>P\u00ebrgatitja:<\/strong><\/p><p>P\u00ebrpara se t\u00eb fillojm\u00eb pregatitjen e tort\u00ebs, duhet t\u00eb pregatisim kremin e pasti\u00e7eris\u00eb sipas recet\u00ebs q\u00eb do ta gjeni k\u00ebtu. Kini parasysh t\u00eb p\u00ebrgjysmoni sasin\u00eb: pra 250 ml qum\u00ebsht, 1 lug\u00eb gjelle plot miell, 3 lug\u00eb gjelle plot sheqer, 3 t\u00eb verdha vez\u00ebsh dhe vanilje. Kremi duhet t\u00eb jet\u00eb plot\u00ebsisht i ftoht\u00eb.<\/p>\t\t\t\t\t\t<\/div>\n\t\t\t\t<\/div>\n\t\t\t\t<div class=\"elementor-element elementor-element-90dbdfd elementor-widget elementor-widget-text-editor\" data-id=\"90dbdfd\" data-element_type=\"widget\" data-widget_type=\"text-editor.default\">\n\t\t\t\t<div class=\"elementor-widget-container\">\n\t\t\t\t\t\t\t<p><strong>P\u00ebrgatisim baz\u00ebn :<\/strong><\/p><p>Rrahim gjalpin me sheqerin me ndihm\u00ebn e nj\u00eb mikseri elektrik. Shtojm\u00eb nj\u00eb nga nj\u00eb vez\u00ebt, miellin, niseshten, vaniljen, pluhurin pjek\u00ebs dhe vazhdojm\u00eb rrahjen derisa t\u00eb kemi p\u00ebrftuar nj\u00eb brum\u00eb homogjen. E hedhim brumin n\u00eb nj\u00eb tav\u00eb p\u00ebr torta t\u00eb lyer me pak gjalp e miell dhe e pjekim n\u00eb 180\u00b0C p\u00ebr 20 minuta. E l\u00ebm\u00eb t\u00eb ftohet plot\u00ebsisht dhe e kthejm\u00eb p\u00ebrmbys\u00eb.<\/p>\t\t\t\t\t\t<\/div>\n\t\t\t\t<\/div>\n\t\t\t\t<div class=\"elementor-element elementor-element-81cc2c2 elementor-widget elementor-widget-text-editor\" data-id=\"81cc2c2\" data-element_type=\"widget\" data-widget_type=\"text-editor.default\">\n\t\t\t\t<div class=\"elementor-widget-container\">\n\t\t\t\t\t\t\t<p><strong>P\u00ebrgatisim tort\u00ebn:<\/strong><\/p><p>E lyejm\u00eb sip\u00ebr kekun me re\u00e7el mjedre duke e shp\u00ebrndar\u00eb nj\u00ebtrajt\u00ebsisht. P\u00ebrhapim kremin e pasti\u00e7eris\u00eb tashm\u00eb t\u00eb ftohur (mund t\u00eb p\u00ebrdorni edhe puding vanilje nga ato pakot q\u00eb pregatiten vet\u00ebm me qum\u00ebsht) dhe sip\u00ebr e zbukurojm\u00eb sipas d\u00ebshir\u00ebs me mjedra t\u00eb fresk\u00ebta dhe fleta \u00e7okollate.<\/p><p>Kjo tort\u00eb mund t\u00eb pregatitet me \u00e7do lloj frute, vet\u00ebm keni kujdes q\u00eb shija e frutave t\u00eb fresk\u00ebta dhe re\u00e7elit t\u00eb jet\u00eb e njejt\u00eb.<\/p>\t\t\t\t\t\t<\/div>\n\t\t\t\t<\/div>\n\t\t\t\t\t<\/div>\n\t\t<\/div>\n\t\t\t\t\t\t\t<\/div>\n\t\t<\/section>\n\t\t\t\t\t<\/div>\n\t\t<\/div>\n\t\t\t\t\t\t\t<\/div>\n\t\t<\/section>\n\t\t\t\t\t\t\t<\/div>","protected":false},"excerpt":{"rendered":"<p>Dessert with cream, raspberry and chocolate Dessert with cream, raspberry and chocolate, very tasty and easy to prepare. Ingredients 130 gr flour 70 gr of starch 120 gr sugar 100 gr butter 3 eggs 1 small packet of vanilla 1\/2 small packet of baking powder 350 gr pastry cream 2 tablespoons raspberry jam 300 gr [&hellip;]<\/p>","protected":false},"author":1,"featured_media":0,"parent":5580,"menu_order":0,"comment_status":"closed","ping_status":"closed","template":"","meta":[],"yoast_head":"<!-- This site is optimized with the Yoast SEO plugin v20.3 - https:\/\/yoast.com\/wordpress\/plugins\/seo\/ -->\n<title>Dessert with cream, raspberry and chocolate - EVKO<\/title>\n<meta name=\"robots\" content=\"index, follow, max-snippet:-1, max-image-preview:large, max-video-preview:-1\" \/>\n<link rel=\"canonical\" href=\"https:\/\/evko-ks.com\/sq\/festive-recipes\/dessert-with-cream-raspberry-and-chocolate\/\" \/>\n<meta property=\"og:locale\" content=\"sq_AL\" \/>\n<meta property=\"og:type\" content=\"article\" \/>\n<meta property=\"og:title\" content=\"Dessert with cream, raspberry and chocolate - EVKO\" \/>\n<meta property=\"og:description\" content=\"Dessert with cream, raspberry and chocolate Dessert with cream, raspberry and chocolate, very tasty and easy to prepare. Ingredients 130 gr flour 70 gr of starch 120 gr sugar 100 gr butter 3 eggs 1 small packet of vanilla 1\/2 small packet of baking powder 350 gr pastry cream 2 tablespoons raspberry jam 300 gr [&hellip;]\" \/>\n<meta property=\"og:url\" content=\"https:\/\/evko-ks.com\/sq\/festive-recipes\/dessert-with-cream-raspberry-and-chocolate\/\" \/>\n<meta property=\"og:site_name\" content=\"EVKO\" \/>\n<meta property=\"article:modified_time\" content=\"2022-02-08T13:54:59+00:00\" \/>\n<meta property=\"og:image\" content=\"https:\/\/evko-ks.com\/wp-content\/uploads\/2022\/02\/3.Embelsire-me-krem-mjedra-dhe-cokollate-1024x683.jpg\" \/>\n<meta name=\"twitter:card\" content=\"summary_large_image\" \/>\n<meta name=\"twitter:label1\" content=\"Est. reading time\" \/>\n\t<meta name=\"twitter:data1\" content=\"1 minut\u00eb\" \/>\n<script type=\"application\/ld+json\" class=\"yoast-schema-graph\">{\"@context\":\"https:\/\/schema.org\",\"@graph\":[{\"@type\":\"WebPage\",\"@id\":\"https:\/\/evko-ks.com\/festive-recipes\/dessert-with-cream-raspberry-and-chocolate\/\",\"url\":\"https:\/\/evko-ks.com\/festive-recipes\/dessert-with-cream-raspberry-and-chocolate\/\",\"name\":\"Dessert with cream, raspberry and chocolate - EVKO\",\"isPartOf\":{\"@id\":\"https:\/\/evko-ks.com\/#website\"},\"datePublished\":\"2022-02-08T08:52:10+00:00\",\"dateModified\":\"2022-02-08T13:54:59+00:00\",\"breadcrumb\":{\"@id\":\"https:\/\/evko-ks.com\/festive-recipes\/dessert-with-cream-raspberry-and-chocolate\/#breadcrumb\"},\"inLanguage\":\"sq\",\"potentialAction\":[{\"@type\":\"ReadAction\",\"target\":[\"https:\/\/evko-ks.com\/festive-recipes\/dessert-with-cream-raspberry-and-chocolate\/\"]}]},{\"@type\":\"BreadcrumbList\",\"@id\":\"https:\/\/evko-ks.com\/festive-recipes\/dessert-with-cream-raspberry-and-chocolate\/#breadcrumb\",\"itemListElement\":[{\"@type\":\"ListItem\",\"position\":1,\"name\":\"Home\",\"item\":\"https:\/\/evko-ks.com\/\"},{\"@type\":\"ListItem\",\"position\":2,\"name\":\"Festive Recipes\",\"item\":\"https:\/\/evko-ks.com\/festive-recipes\/\"},{\"@type\":\"ListItem\",\"position\":3,\"name\":\"Dessert with cream, raspberry and chocolate\"}]},{\"@type\":\"WebSite\",\"@id\":\"https:\/\/evko-ks.com\/#website\",\"url\":\"https:\/\/evko-ks.com\/\",\"name\":\"EVKO\",\"description\":\"\",\"potentialAction\":[{\"@type\":\"SearchAction\",\"target\":{\"@type\":\"EntryPoint\",\"urlTemplate\":\"https:\/\/evko-ks.com\/?s={search_term_string}\"},\"query-input\":\"required name=search_term_string\"}],\"inLanguage\":\"sq\"}]}<\/script>\n<!-- \/ Yoast SEO plugin. -->","yoast_head_json":{"title":"Dessert with cream, raspberry and chocolate - EVKO","robots":{"index":"index","follow":"follow","max-snippet":"max-snippet:-1","max-image-preview":"max-image-preview:large","max-video-preview":"max-video-preview:-1"},"canonical":"https:\/\/evko-ks.com\/sq\/festive-recipes\/dessert-with-cream-raspberry-and-chocolate\/","og_locale":"sq_AL","og_type":"article","og_title":"Dessert with cream, raspberry and chocolate - EVKO","og_description":"Dessert with cream, raspberry and chocolate Dessert with cream, raspberry and chocolate, very tasty and easy to prepare. Ingredients 130 gr flour 70 gr of starch 120 gr sugar 100 gr butter 3 eggs 1 small packet of vanilla 1\/2 small packet of baking powder 350 gr pastry cream 2 tablespoons raspberry jam 300 gr [&hellip;]","og_url":"https:\/\/evko-ks.com\/sq\/festive-recipes\/dessert-with-cream-raspberry-and-chocolate\/","og_site_name":"EVKO","article_modified_time":"2022-02-08T13:54:59+00:00","og_image":[{"url":"https:\/\/evko-ks.com\/wp-content\/uploads\/2022\/02\/3.Embelsire-me-krem-mjedra-dhe-cokollate-1024x683.jpg"}],"twitter_card":"summary_large_image","twitter_misc":{"Est. reading time":"1 minut\u00eb"},"schema":{"@context":"https:\/\/schema.org","@graph":[{"@type":"WebPage","@id":"https:\/\/evko-ks.com\/festive-recipes\/dessert-with-cream-raspberry-and-chocolate\/","url":"https:\/\/evko-ks.com\/festive-recipes\/dessert-with-cream-raspberry-and-chocolate\/","name":"Dessert with cream, raspberry and chocolate - EVKO","isPartOf":{"@id":"https:\/\/evko-ks.com\/#website"},"datePublished":"2022-02-08T08:52:10+00:00","dateModified":"2022-02-08T13:54:59+00:00","breadcrumb":{"@id":"https:\/\/evko-ks.com\/festive-recipes\/dessert-with-cream-raspberry-and-chocolate\/#breadcrumb"},"inLanguage":"sq","potentialAction":[{"@type":"ReadAction","target":["https:\/\/evko-ks.com\/festive-recipes\/dessert-with-cream-raspberry-and-chocolate\/"]}]},{"@type":"BreadcrumbList","@id":"https:\/\/evko-ks.com\/festive-recipes\/dessert-with-cream-raspberry-and-chocolate\/#breadcrumb","itemListElement":[{"@type":"ListItem","position":1,"name":"Home","item":"https:\/\/evko-ks.com\/"},{"@type":"ListItem","position":2,"name":"Festive Recipes","item":"https:\/\/evko-ks.com\/festive-recipes\/"},{"@type":"ListItem","position":3,"name":"Dessert with cream, raspberry and chocolate"}]},{"@type":"WebSite","@id":"https:\/\/evko-ks.com\/#website","url":"https:\/\/evko-ks.com\/","name":"EVKO","description":"","potentialAction":[{"@type":"SearchAction","target":{"@type":"EntryPoint","urlTemplate":"https:\/\/evko-ks.com\/?s={search_term_string}"},"query-input":"required name=search_term_string"}],"inLanguage":"sq"}]}},"_links":{"self":[{"href":"https:\/\/evko-ks.com\/sq\/wp-json\/wp\/v2\/pages\/5991"}],"collection":[{"href":"https:\/\/evko-ks.com\/sq\/wp-json\/wp\/v2\/pages"}],"about":[{"href":"https:\/\/evko-ks.com\/sq\/wp-json\/wp\/v2\/types\/page"}],"author":[{"embeddable":true,"href":"https:\/\/evko-ks.com\/sq\/wp-json\/wp\/v2\/users\/1"}],"replies":[{"embeddable":true,"href":"https:\/\/evko-ks.com\/sq\/wp-json\/wp\/v2\/comments?post=5991"}],"version-history":[{"count":0,"href":"https:\/\/evko-ks.com\/sq\/wp-json\/wp\/v2\/pages\/5991\/revisions"}],"up":[{"embeddable":true,"href":"https:\/\/evko-ks.com\/sq\/wp-json\/wp\/v2\/pages\/5580"}],"wp:attachment":[{"href":"https:\/\/evko-ks.com\/sq\/wp-json\/wp\/v2\/media?parent=5991"}],"curies":[{"name":"wp","href":"https:\/\/api.w.org\/{rel}","templated":true}]}}