{"id":6004,"date":"2022-02-08T10:25:24","date_gmt":"2022-02-08T10:25:24","guid":{"rendered":"https:\/\/evko-ks.com\/?page_id=6004"},"modified":"2022-02-08T13:54:59","modified_gmt":"2022-02-08T13:54:59","slug":"millionaire-dessert","status":"publish","type":"page","link":"https:\/\/evko-ks.com\/sq\/festive-recipes\/millionaire-dessert\/","title":{"rendered":"\u00cbmbelsir\u00eb Millionaire"},"content":{"rendered":"<div data-elementor-type=\"wp-page\" data-elementor-id=\"6004\" class=\"elementor elementor-6004\">\n\t\t\t\t\t\t\t\t\t<section class=\"elementor-section elementor-top-section elementor-element elementor-element-67d5a919 elementor-section-boxed elementor-section-height-default elementor-section-height-default\" data-id=\"67d5a919\" data-element_type=\"section\" data-settings=\"{&quot;background_background&quot;:&quot;classic&quot;}\">\n\t\t\t\t\t\t<div class=\"elementor-container elementor-column-gap-default\">\n\t\t\t\t\t<div class=\"elementor-column elementor-col-50 elementor-top-column elementor-element elementor-element-88a5574\" data-id=\"88a5574\" data-element_type=\"column\">\n\t\t\t<div class=\"elementor-widget-wrap elementor-element-populated\">\n\t\t\t\t\t\t\t\t<div class=\"elementor-element elementor-element-4db182c7 elementor-widget elementor-widget-image\" data-id=\"4db182c7\" data-element_type=\"widget\" data-widget_type=\"image.default\">\n\t\t\t\t<div class=\"elementor-widget-container\">\n\t\t\t<style>\/*! elementor - v3.11.5 - 14-03-2023 *\/\n.elementor-widget-image{text-align:center}.elementor-widget-image a{display:inline-block}.elementor-widget-image a img[src$=\".svg\"]{width:48px}.elementor-widget-image img{vertical-align:middle;display:inline-block}<\/style>\t\t\t\t\t\t\t\t\t\t\t\t\t<a href=\"https:\/\/evko-ks.com\/sq\/soups\/\">\n\t\t\t\t\t\t\t<img decoding=\"async\" width=\"960\" height=\"640\" src=\"https:\/\/evko-ks.com\/wp-content\/uploads\/2022\/02\/5.Embelsire-Millionaire-1024x683.jpg\" class=\"attachment-large size-large wp-image-6000\" alt=\"\" loading=\"lazy\" srcset=\"https:\/\/evko-ks.com\/wp-content\/uploads\/2022\/02\/5.Embelsire-Millionaire-1024x683.jpg 1024w, https:\/\/evko-ks.com\/wp-content\/uploads\/2022\/02\/5.Embelsire-Millionaire-300x200.jpg 300w, https:\/\/evko-ks.com\/wp-content\/uploads\/2022\/02\/5.Embelsire-Millionaire-768x512.jpg 768w, https:\/\/evko-ks.com\/wp-content\/uploads\/2022\/02\/5.Embelsire-Millionaire-1536x1024.jpg 1536w, https:\/\/evko-ks.com\/wp-content\/uploads\/2022\/02\/5.Embelsire-Millionaire-2048x1365.jpg 2048w, https:\/\/evko-ks.com\/wp-content\/uploads\/2022\/02\/5.Embelsire-Millionaire-18x12.jpg 18w\" sizes=\"(max-width: 960px) 100vw, 960px\" \/>\t\t\t\t\t\t\t\t<\/a>\n\t\t\t\t\t\t\t\t\t\t\t\t\t\t\t<\/div>\n\t\t\t\t<\/div>\n\t\t\t\t\t<\/div>\n\t\t<\/div>\n\t\t\t\t<div class=\"elementor-column elementor-col-50 elementor-top-column elementor-element elementor-element-1cc4f427\" data-id=\"1cc4f427\" data-element_type=\"column\">\n\t\t\t<div class=\"elementor-widget-wrap elementor-element-populated\">\n\t\t\t\t\t\t\t\t<div class=\"elementor-element elementor-element-6f4a808a elementor-widget elementor-widget-heading\" data-id=\"6f4a808a\" data-element_type=\"widget\" data-widget_type=\"heading.default\">\n\t\t\t\t<div class=\"elementor-widget-container\">\n\t\t\t<style>\/*! elementor - v3.11.5 - 14-03-2023 *\/\n.elementor-heading-title{padding:0;margin:0;line-height:1}.elementor-widget-heading .elementor-heading-title[class*=elementor-size-]>a{color:inherit;font-size:inherit;line-height:inherit}.elementor-widget-heading .elementor-heading-title.elementor-size-small{font-size:15px}.elementor-widget-heading .elementor-heading-title.elementor-size-medium{font-size:19px}.elementor-widget-heading .elementor-heading-title.elementor-size-large{font-size:29px}.elementor-widget-heading .elementor-heading-title.elementor-size-xl{font-size:39px}.elementor-widget-heading .elementor-heading-title.elementor-size-xxl{font-size:59px}<\/style><h2 class=\"elementor-heading-title elementor-size-default\">\u00cbmbelsir\u00eb Millionaire<\/h2>\t\t<\/div>\n\t\t\t\t<\/div>\n\t\t\t\t<div class=\"elementor-element elementor-element-248b9e81 elementor-widget elementor-widget-heading\" data-id=\"248b9e81\" data-element_type=\"widget\" data-widget_type=\"heading.default\">\n\t\t\t\t<div class=\"elementor-widget-container\">\n\t\t\t<h2 class=\"elementor-heading-title elementor-size-default\">Kjo recet\u00eb e k\u00ebsaj \u00ebmb\u00eblsire \u00ebsht\u00eb shum\u00eb e rrall\u00eb, shija e saj \u00ebsht\u00eb unike, n\u00ebse d\u00ebshironi t\u00eb p\u00ebrgatisni dicka t\u00eb shum\u00eb t\u00eb vecant\u00eb at\u00ebher kjo \u00ebmb\u00eblsir\u00eb \u00ebsht\u00eb zgjedhja m\u00eb e mire.<\/h2>\t\t<\/div>\n\t\t\t\t<\/div>\n\t\t\t\t\t<\/div>\n\t\t<\/div>\n\t\t\t\t\t\t\t<\/div>\n\t\t<\/section>\n\t\t\t\t<section class=\"elementor-section elementor-top-section elementor-element elementor-element-555ad9b9 elementor-section-boxed elementor-section-height-default elementor-section-height-default\" data-id=\"555ad9b9\" data-element_type=\"section\" data-settings=\"{&quot;background_background&quot;:&quot;classic&quot;}\">\n\t\t\t\t\t\t<div class=\"elementor-container elementor-column-gap-no\">\n\t\t\t\t\t<div class=\"elementor-column elementor-col-100 elementor-top-column elementor-element elementor-element-6465826\" data-id=\"6465826\" data-element_type=\"column\">\n\t\t\t<div class=\"elementor-widget-wrap elementor-element-populated\">\n\t\t\t\t\t\t\t\t<div class=\"elementor-element elementor-element-57976e5 elementor-widget elementor-widget-heading\" data-id=\"57976e5\" data-element_type=\"widget\" data-widget_type=\"heading.default\">\n\t\t\t\t<div class=\"elementor-widget-container\">\n\t\t\t<h2 class=\"elementor-heading-title elementor-size-default\">P\u00ebrb\u00ebr\u00ebsit<\/h2>\t\t<\/div>\n\t\t\t\t<\/div>\n\t\t\t\t<section class=\"elementor-section elementor-inner-section elementor-element elementor-element-6e99508b elementor-section-boxed elementor-section-height-default elementor-section-height-default\" data-id=\"6e99508b\" data-element_type=\"section\">\n\t\t\t\t\t\t<div class=\"elementor-container elementor-column-gap-no\">\n\t\t\t\t\t<div class=\"elementor-column elementor-col-33 elementor-inner-column elementor-element elementor-element-e7a1cf7\" data-id=\"e7a1cf7\" data-element_type=\"column\">\n\t\t\t<div class=\"elementor-widget-wrap elementor-element-populated\">\n\t\t\t\t\t\t\t\t<div class=\"elementor-element elementor-element-34284594 elementor-widget elementor-widget-text-editor\" data-id=\"34284594\" data-element_type=\"widget\" data-widget_type=\"text-editor.default\">\n\t\t\t\t<div class=\"elementor-widget-container\">\n\t\t\t<style>\/*! elementor - v3.11.5 - 14-03-2023 *\/\n.elementor-widget-text-editor.elementor-drop-cap-view-stacked .elementor-drop-cap{background-color:#818a91;color:#fff}.elementor-widget-text-editor.elementor-drop-cap-view-framed .elementor-drop-cap{color:#818a91;border:3px solid;background-color:transparent}.elementor-widget-text-editor:not(.elementor-drop-cap-view-default) .elementor-drop-cap{margin-top:8px}.elementor-widget-text-editor:not(.elementor-drop-cap-view-default) .elementor-drop-cap-letter{width:1em;height:1em}.elementor-widget-text-editor .elementor-drop-cap{float:left;text-align:center;line-height:1;font-size:50px}.elementor-widget-text-editor .elementor-drop-cap-letter{display:inline-block}<\/style>\t\t\t\t<p><strong>P\u00ebr brum\u00eb:<\/strong><\/p><p>125 gram miell<\/p><p>125 gram gjalp\u00eb e pakrip\u00eb, e zbutur dhe e cop\u00ebtuar<\/p><p>50 gram sheqer p\u00ebr ngrirje<\/p>\t\t\t\t\t\t<\/div>\n\t\t\t\t<\/div>\n\t\t\t\t\t<\/div>\n\t\t<\/div>\n\t\t\t\t<div class=\"elementor-column elementor-col-33 elementor-inner-column elementor-element elementor-element-5328951e\" data-id=\"5328951e\" data-element_type=\"column\">\n\t\t\t<div class=\"elementor-widget-wrap elementor-element-populated\">\n\t\t\t\t\t\t\t\t<div class=\"elementor-element elementor-element-69a30db7 elementor-widget elementor-widget-text-editor\" data-id=\"69a30db7\" data-element_type=\"widget\" data-widget_type=\"text-editor.default\">\n\t\t\t\t<div class=\"elementor-widget-container\">\n\t\t\t\t\t\t\t<p><strong>P\u00ebr karamelen:<\/strong><\/p><p>125 gram sheqer t\u00eb l\u00ebng\u00ebt<\/p><p>75 gram shurup t\u00eb art\u00eb<\/p><p>250 mililitra krem t\u00eb rrahur<\/p><p>gjysm\u00eb luge \u00e7aji sheqer vanilje<\/p><p>75 gram gjalp\u00eb pa krip\u00eb<\/p><p>Pak krip\u00eb<\/p><p>25 gram \u00e7okollat\u00eb t\u00eb zez\u00eb, e prer\u00eb mir\u00eb<\/p>\t\t\t\t\t\t<\/div>\n\t\t\t\t<\/div>\n\t\t\t\t\t<\/div>\n\t\t<\/div>\n\t\t\t\t<div class=\"elementor-column elementor-col-33 elementor-inner-column elementor-element elementor-element-2af5559b\" data-id=\"2af5559b\" data-element_type=\"column\">\n\t\t\t<div class=\"elementor-widget-wrap elementor-element-populated\">\n\t\t\t\t\t\t\t\t<div class=\"elementor-element elementor-element-1a9c12f5 elementor-widget elementor-widget-text-editor\" data-id=\"1a9c12f5\" data-element_type=\"widget\" data-widget_type=\"text-editor.default\">\n\t\t\t\t<div class=\"elementor-widget-container\">\n\t\t\t\t\t\t\t<p><strong>P\u00ebr mb\u00ebshtjellje:<\/strong><\/p><p>125 gram \u00e7okollat\u00eb t\u00eb zez\u00eb, s\u00eb paku 70 p\u00ebr qind kakao t\u00eb past\u00ebr, e prer\u00eb mir\u00eb<\/p><p>50 gram \u00e7okollat\u00eb e bardh\u00eb, e prer\u00eb mir\u00eb.s<\/p>\t\t\t\t\t\t<\/div>\n\t\t\t\t<\/div>\n\t\t\t\t\t<\/div>\n\t\t<\/div>\n\t\t\t\t\t\t\t<\/div>\n\t\t<\/section>\n\t\t\t\t\t<\/div>\n\t\t<\/div>\n\t\t\t\t\t\t\t<\/div>\n\t\t<\/section>\n\t\t\t\t<section class=\"elementor-section elementor-top-section elementor-element elementor-element-5b93384 elementor-section-boxed elementor-section-height-default elementor-section-height-default\" data-id=\"5b93384\" data-element_type=\"section\">\n\t\t\t\t\t\t<div class=\"elementor-container elementor-column-gap-no\">\n\t\t\t\t\t<div class=\"elementor-column elementor-col-100 elementor-top-column elementor-element elementor-element-21723b0c\" data-id=\"21723b0c\" data-element_type=\"column\">\n\t\t\t<div class=\"elementor-widget-wrap elementor-element-populated\">\n\t\t\t\t\t\t\t\t<div class=\"elementor-element elementor-element-55c39711 elementor-widget elementor-widget-heading\" data-id=\"55c39711\" data-element_type=\"widget\" data-widget_type=\"heading.default\">\n\t\t\t\t<div class=\"elementor-widget-container\">\n\t\t\t<h2 class=\"elementor-heading-title elementor-size-default\">How to use<\/h2>\t\t<\/div>\n\t\t\t\t<\/div>\n\t\t\t\t<section class=\"elementor-section elementor-inner-section elementor-element elementor-element-790664 elementor-section-boxed elementor-section-height-default elementor-section-height-default\" data-id=\"790664\" data-element_type=\"section\">\n\t\t\t\t\t\t<div class=\"elementor-container elementor-column-gap-no\">\n\t\t\t\t\t<div class=\"elementor-column elementor-col-100 elementor-inner-column elementor-element elementor-element-46418664\" data-id=\"46418664\" data-element_type=\"column\">\n\t\t\t<div class=\"elementor-widget-wrap elementor-element-populated\">\n\t\t\t\t\t\t\t\t<div class=\"elementor-element elementor-element-2ee08a7f elementor-widget elementor-widget-text-editor\" data-id=\"2ee08a7f\" data-element_type=\"widget\" data-widget_type=\"text-editor.default\">\n\t\t\t\t<div class=\"elementor-widget-container\">\n\t\t\t\t\t\t\t<p><strong>P\u00ebrgatitja:<\/strong><\/p><p>L\u00ebshoni t\u00eb nxehet furra n\u00eb 180 grad\u00eb, pastaj filloni t\u00eb p\u00ebrgatisni brumin.<\/p><p>P\u00ebrzieni n\u00eb nj\u00eb en\u00eb, miellin me gjalpin e shkrir\u00eb, derisa masa t\u00eb b\u00ebhet e nj\u00ebjt\u00eb. Shtojani krip\u00ebn dhe sheqerin p\u00ebr ngrirje dhe vazhdoni ta p\u00ebrzini, derisa t\u00eb mos mbeten dromca.<\/p><p>K\u00ebt\u00eb mas\u00eb, vendoseni n\u00eb tepsin\u00eb e lyer me pak vaj dhe l\u00ebreni t\u00eb piqet p\u00ebr 20 minuta, apo derisa sip\u00ebrfaqja t\u00eb marr\u00eb ngjyr\u00ebn e kafe. Nxirreni dhe l\u00ebreni t\u00eb ftohet. N\u00eb nd\u00ebrkoh\u00eb, p\u00ebrgatitni kremin p\u00ebr sip\u00ebrfaqen e lart\u00eb.<\/p><p>N\u00eb nj\u00eb tigan t\u00eb thell\u00eb, vendos kremin e rrahur dhe sheqerin e l\u00ebng\u00ebt. P\u00ebrzini ngadal\u00eb, n\u00eb temperatur\u00eb jo fort\u00eb t\u00eb lart\u00eb.<\/p><p>Kur masa fillon t\u00eb b\u00ebhet homogjene, shtojani edhe gjalpin e shkrir\u00eb, si dhe p\u00ebrb\u00ebr\u00ebsit tjer\u00eb, q\u00eb jan\u00eb parapar\u00eb p\u00ebr karamelen. K\u00ebt\u00eb mas\u00eb t\u00eb nxeht\u00eb, shtojani brumit dhe l\u00ebreni t\u00eb ftohet n\u00eb t\u00ebr\u00ebsi.<\/p><p>Pasi t\u00eb keni prer\u00eb n\u00eb katror\u00eb, nxirreni nga tepsia. \u00c7okollat\u00ebn e shkrir\u00eb, vejani sip\u00ebr katror\u00ebve dhe l\u00ebreni t\u00eb ftohet.<\/p><p>Shkrini \u00e7okollat\u00ebn e bardh\u00eb pasi sip\u00ebrfaqja t\u00eb forcohet, dhe vejani sip\u00ebr n\u00eb vij\u00ebza t\u00eb parregullta.<\/p>\t\t\t\t\t\t<\/div>\n\t\t\t\t<\/div>\n\t\t\t\t\t<\/div>\n\t\t<\/div>\n\t\t\t\t\t\t\t<\/div>\n\t\t<\/section>\n\t\t\t\t\t<\/div>\n\t\t<\/div>\n\t\t\t\t\t\t\t<\/div>\n\t\t<\/section>\n\t\t\t\t\t\t\t<\/div>","protected":false},"excerpt":{"rendered":"<p>Millionaire dessert This recipe of this dessert is very rare, its taste is unique, if you want to prepare something very special then this dessert is the best choice. Ingredients For the dough: 125 grams of flour 125 grams of unsalted butter, softened and chopped 50 grams of sugar for freezing For the candy: 125 [&hellip;]<\/p>","protected":false},"author":1,"featured_media":0,"parent":5580,"menu_order":0,"comment_status":"closed","ping_status":"closed","template":"","meta":[],"yoast_head":"<!-- This site is optimized with the Yoast SEO plugin v20.3 - https:\/\/yoast.com\/wordpress\/plugins\/seo\/ -->\n<title>Millionaire dessert - EVKO<\/title>\n<meta name=\"robots\" content=\"index, follow, max-snippet:-1, max-image-preview:large, max-video-preview:-1\" \/>\n<link rel=\"canonical\" href=\"https:\/\/evko-ks.com\/sq\/festive-recipes\/millionaire-dessert\/\" \/>\n<meta property=\"og:locale\" content=\"sq_AL\" \/>\n<meta property=\"og:type\" content=\"article\" \/>\n<meta property=\"og:title\" content=\"Millionaire dessert - EVKO\" \/>\n<meta property=\"og:description\" content=\"Millionaire dessert This recipe of this dessert is very rare, its taste is unique, if you want to prepare something very special then this dessert is the best choice. Ingredients For the dough: 125 grams of flour 125 grams of unsalted butter, softened and chopped 50 grams of sugar for freezing For the candy: 125 [&hellip;]\" \/>\n<meta property=\"og:url\" content=\"https:\/\/evko-ks.com\/sq\/festive-recipes\/millionaire-dessert\/\" \/>\n<meta property=\"og:site_name\" content=\"EVKO\" \/>\n<meta property=\"article:modified_time\" content=\"2022-02-08T13:54:59+00:00\" \/>\n<meta property=\"og:image\" content=\"https:\/\/evko-ks.com\/wp-content\/uploads\/2022\/02\/5.Embelsire-Millionaire-1024x683.jpg\" \/>\n<meta name=\"twitter:card\" content=\"summary_large_image\" \/>\n<meta name=\"twitter:label1\" content=\"Est. reading time\" \/>\n\t<meta name=\"twitter:data1\" content=\"1 minut\u00eb\" \/>\n<script type=\"application\/ld+json\" class=\"yoast-schema-graph\">{\"@context\":\"https:\/\/schema.org\",\"@graph\":[{\"@type\":\"WebPage\",\"@id\":\"https:\/\/evko-ks.com\/festive-recipes\/millionaire-dessert\/\",\"url\":\"https:\/\/evko-ks.com\/festive-recipes\/millionaire-dessert\/\",\"name\":\"Millionaire dessert - EVKO\",\"isPartOf\":{\"@id\":\"https:\/\/evko-ks.com\/#website\"},\"datePublished\":\"2022-02-08T10:25:24+00:00\",\"dateModified\":\"2022-02-08T13:54:59+00:00\",\"breadcrumb\":{\"@id\":\"https:\/\/evko-ks.com\/festive-recipes\/millionaire-dessert\/#breadcrumb\"},\"inLanguage\":\"sq\",\"potentialAction\":[{\"@type\":\"ReadAction\",\"target\":[\"https:\/\/evko-ks.com\/festive-recipes\/millionaire-dessert\/\"]}]},{\"@type\":\"BreadcrumbList\",\"@id\":\"https:\/\/evko-ks.com\/festive-recipes\/millionaire-dessert\/#breadcrumb\",\"itemListElement\":[{\"@type\":\"ListItem\",\"position\":1,\"name\":\"Home\",\"item\":\"https:\/\/evko-ks.com\/\"},{\"@type\":\"ListItem\",\"position\":2,\"name\":\"Festive Recipes\",\"item\":\"https:\/\/evko-ks.com\/festive-recipes\/\"},{\"@type\":\"ListItem\",\"position\":3,\"name\":\"Millionaire dessert\"}]},{\"@type\":\"WebSite\",\"@id\":\"https:\/\/evko-ks.com\/#website\",\"url\":\"https:\/\/evko-ks.com\/\",\"name\":\"EVKO\",\"description\":\"\",\"potentialAction\":[{\"@type\":\"SearchAction\",\"target\":{\"@type\":\"EntryPoint\",\"urlTemplate\":\"https:\/\/evko-ks.com\/?s={search_term_string}\"},\"query-input\":\"required name=search_term_string\"}],\"inLanguage\":\"sq\"}]}<\/script>\n<!-- \/ Yoast SEO plugin. -->","yoast_head_json":{"title":"Millionaire dessert - EVKO","robots":{"index":"index","follow":"follow","max-snippet":"max-snippet:-1","max-image-preview":"max-image-preview:large","max-video-preview":"max-video-preview:-1"},"canonical":"https:\/\/evko-ks.com\/sq\/festive-recipes\/millionaire-dessert\/","og_locale":"sq_AL","og_type":"article","og_title":"Millionaire dessert - EVKO","og_description":"Millionaire dessert This recipe of this dessert is very rare, its taste is unique, if you want to prepare something very special then this dessert is the best choice. Ingredients For the dough: 125 grams of flour 125 grams of unsalted butter, softened and chopped 50 grams of sugar for freezing For the candy: 125 [&hellip;]","og_url":"https:\/\/evko-ks.com\/sq\/festive-recipes\/millionaire-dessert\/","og_site_name":"EVKO","article_modified_time":"2022-02-08T13:54:59+00:00","og_image":[{"url":"https:\/\/evko-ks.com\/wp-content\/uploads\/2022\/02\/5.Embelsire-Millionaire-1024x683.jpg"}],"twitter_card":"summary_large_image","twitter_misc":{"Est. reading time":"1 minut\u00eb"},"schema":{"@context":"https:\/\/schema.org","@graph":[{"@type":"WebPage","@id":"https:\/\/evko-ks.com\/festive-recipes\/millionaire-dessert\/","url":"https:\/\/evko-ks.com\/festive-recipes\/millionaire-dessert\/","name":"Millionaire dessert - EVKO","isPartOf":{"@id":"https:\/\/evko-ks.com\/#website"},"datePublished":"2022-02-08T10:25:24+00:00","dateModified":"2022-02-08T13:54:59+00:00","breadcrumb":{"@id":"https:\/\/evko-ks.com\/festive-recipes\/millionaire-dessert\/#breadcrumb"},"inLanguage":"sq","potentialAction":[{"@type":"ReadAction","target":["https:\/\/evko-ks.com\/festive-recipes\/millionaire-dessert\/"]}]},{"@type":"BreadcrumbList","@id":"https:\/\/evko-ks.com\/festive-recipes\/millionaire-dessert\/#breadcrumb","itemListElement":[{"@type":"ListItem","position":1,"name":"Home","item":"https:\/\/evko-ks.com\/"},{"@type":"ListItem","position":2,"name":"Festive Recipes","item":"https:\/\/evko-ks.com\/festive-recipes\/"},{"@type":"ListItem","position":3,"name":"Millionaire dessert"}]},{"@type":"WebSite","@id":"https:\/\/evko-ks.com\/#website","url":"https:\/\/evko-ks.com\/","name":"EVKO","description":"","potentialAction":[{"@type":"SearchAction","target":{"@type":"EntryPoint","urlTemplate":"https:\/\/evko-ks.com\/?s={search_term_string}"},"query-input":"required name=search_term_string"}],"inLanguage":"sq"}]}},"_links":{"self":[{"href":"https:\/\/evko-ks.com\/sq\/wp-json\/wp\/v2\/pages\/6004"}],"collection":[{"href":"https:\/\/evko-ks.com\/sq\/wp-json\/wp\/v2\/pages"}],"about":[{"href":"https:\/\/evko-ks.com\/sq\/wp-json\/wp\/v2\/types\/page"}],"author":[{"embeddable":true,"href":"https:\/\/evko-ks.com\/sq\/wp-json\/wp\/v2\/users\/1"}],"replies":[{"embeddable":true,"href":"https:\/\/evko-ks.com\/sq\/wp-json\/wp\/v2\/comments?post=6004"}],"version-history":[{"count":0,"href":"https:\/\/evko-ks.com\/sq\/wp-json\/wp\/v2\/pages\/6004\/revisions"}],"up":[{"embeddable":true,"href":"https:\/\/evko-ks.com\/sq\/wp-json\/wp\/v2\/pages\/5580"}],"wp:attachment":[{"href":"https:\/\/evko-ks.com\/sq\/wp-json\/wp\/v2\/media?parent=6004"}],"curies":[{"name":"wp","href":"https:\/\/api.w.org\/{rel}","templated":true}]}}