{"id":6017,"date":"2022-02-08T10:36:22","date_gmt":"2022-02-08T10:36:22","guid":{"rendered":"https:\/\/evko-ks.com\/?page_id=6017"},"modified":"2022-02-08T13:54:59","modified_gmt":"2022-02-08T13:54:59","slug":"crepe-with-bananas","status":"publish","type":"page","link":"https:\/\/evko-ks.com\/sq\/festive-recipes\/crepe-with-bananas\/","title":{"rendered":"Krep me Banane"},"content":{"rendered":"<div data-elementor-type=\"wp-page\" data-elementor-id=\"6017\" class=\"elementor elementor-6017\">\n\t\t\t\t\t\t\t\t\t<section class=\"elementor-section elementor-top-section elementor-element elementor-element-2c74ad1b elementor-section-boxed elementor-section-height-default elementor-section-height-default\" data-id=\"2c74ad1b\" data-element_type=\"section\" data-settings=\"{&quot;background_background&quot;:&quot;classic&quot;}\">\n\t\t\t\t\t\t<div class=\"elementor-container elementor-column-gap-default\">\n\t\t\t\t\t<div class=\"elementor-column elementor-col-50 elementor-top-column elementor-element elementor-element-17db079c\" data-id=\"17db079c\" data-element_type=\"column\">\n\t\t\t<div class=\"elementor-widget-wrap elementor-element-populated\">\n\t\t\t\t\t\t\t\t<div class=\"elementor-element elementor-element-3f2b296a elementor-widget elementor-widget-image\" data-id=\"3f2b296a\" data-element_type=\"widget\" data-widget_type=\"image.default\">\n\t\t\t\t<div class=\"elementor-widget-container\">\n\t\t\t<style>\/*! elementor - v3.11.5 - 14-03-2023 *\/\n.elementor-widget-image{text-align:center}.elementor-widget-image a{display:inline-block}.elementor-widget-image a img[src$=\".svg\"]{width:48px}.elementor-widget-image img{vertical-align:middle;display:inline-block}<\/style>\t\t\t\t\t\t\t\t\t\t\t\t\t<a href=\"https:\/\/evko-ks.com\/sq\/soups\/\">\n\t\t\t\t\t\t\t<img decoding=\"async\" width=\"960\" height=\"640\" src=\"https:\/\/evko-ks.com\/wp-content\/uploads\/2022\/02\/6.-Krep-me-Banane-1024x683.jpg\" class=\"attachment-large size-large wp-image-6016\" alt=\"\" loading=\"lazy\" srcset=\"https:\/\/evko-ks.com\/wp-content\/uploads\/2022\/02\/6.-Krep-me-Banane-1024x683.jpg 1024w, https:\/\/evko-ks.com\/wp-content\/uploads\/2022\/02\/6.-Krep-me-Banane-300x200.jpg 300w, https:\/\/evko-ks.com\/wp-content\/uploads\/2022\/02\/6.-Krep-me-Banane-768x512.jpg 768w, https:\/\/evko-ks.com\/wp-content\/uploads\/2022\/02\/6.-Krep-me-Banane-1536x1024.jpg 1536w, https:\/\/evko-ks.com\/wp-content\/uploads\/2022\/02\/6.-Krep-me-Banane-2048x1365.jpg 2048w, https:\/\/evko-ks.com\/wp-content\/uploads\/2022\/02\/6.-Krep-me-Banane-18x12.jpg 18w\" sizes=\"(max-width: 960px) 100vw, 960px\" \/>\t\t\t\t\t\t\t\t<\/a>\n\t\t\t\t\t\t\t\t\t\t\t\t\t\t\t<\/div>\n\t\t\t\t<\/div>\n\t\t\t\t\t<\/div>\n\t\t<\/div>\n\t\t\t\t<div class=\"elementor-column elementor-col-50 elementor-top-column elementor-element elementor-element-d281579\" data-id=\"d281579\" data-element_type=\"column\">\n\t\t\t<div class=\"elementor-widget-wrap elementor-element-populated\">\n\t\t\t\t\t\t\t\t<div class=\"elementor-element elementor-element-1d3a9e68 elementor-widget elementor-widget-heading\" data-id=\"1d3a9e68\" data-element_type=\"widget\" data-widget_type=\"heading.default\">\n\t\t\t\t<div class=\"elementor-widget-container\">\n\t\t\t<style>\/*! elementor - v3.11.5 - 14-03-2023 *\/\n.elementor-heading-title{padding:0;margin:0;line-height:1}.elementor-widget-heading .elementor-heading-title[class*=elementor-size-]>a{color:inherit;font-size:inherit;line-height:inherit}.elementor-widget-heading .elementor-heading-title.elementor-size-small{font-size:15px}.elementor-widget-heading .elementor-heading-title.elementor-size-medium{font-size:19px}.elementor-widget-heading .elementor-heading-title.elementor-size-large{font-size:29px}.elementor-widget-heading .elementor-heading-title.elementor-size-xl{font-size:39px}.elementor-widget-heading .elementor-heading-title.elementor-size-xxl{font-size:59px}<\/style><h2 class=\"elementor-heading-title elementor-size-default\">Krep me Banane<\/h2>\t\t<\/div>\n\t\t\t\t<\/div>\n\t\t\t\t<div class=\"elementor-element elementor-element-253f10af elementor-widget elementor-widget-heading\" data-id=\"253f10af\" data-element_type=\"widget\" data-widget_type=\"heading.default\">\n\t\t\t\t<div class=\"elementor-widget-container\">\n\t\t\t<h2 class=\"elementor-heading-title elementor-size-default\">\u00cbmbelsir\u00eb shum\u00eb e shpejt\u00eb dhe leht\u00eb p\u00ebr tu p\u00ebrgatitur, ideale p\u00ebr festa, shije e \u00ebmb\u00ebl e leht\u00eb.<\/h2>\t\t<\/div>\n\t\t\t\t<\/div>\n\t\t\t\t\t<\/div>\n\t\t<\/div>\n\t\t\t\t\t\t\t<\/div>\n\t\t<\/section>\n\t\t\t\t<section class=\"elementor-section elementor-top-section elementor-element elementor-element-5872effb elementor-section-boxed elementor-section-height-default elementor-section-height-default\" data-id=\"5872effb\" data-element_type=\"section\" data-settings=\"{&quot;background_background&quot;:&quot;classic&quot;}\">\n\t\t\t\t\t\t<div class=\"elementor-container elementor-column-gap-no\">\n\t\t\t\t\t<div class=\"elementor-column elementor-col-100 elementor-top-column elementor-element elementor-element-1becf9a\" data-id=\"1becf9a\" data-element_type=\"column\">\n\t\t\t<div class=\"elementor-widget-wrap elementor-element-populated\">\n\t\t\t\t\t\t\t\t<div class=\"elementor-element elementor-element-342f46eb elementor-widget elementor-widget-heading\" data-id=\"342f46eb\" data-element_type=\"widget\" data-widget_type=\"heading.default\">\n\t\t\t\t<div class=\"elementor-widget-container\">\n\t\t\t<h2 class=\"elementor-heading-title elementor-size-default\">P\u00ebrb\u00ebr\u00ebsit<\/h2>\t\t<\/div>\n\t\t\t\t<\/div>\n\t\t\t\t<section class=\"elementor-section elementor-inner-section elementor-element elementor-element-2ea37019 elementor-section-boxed elementor-section-height-default elementor-section-height-default\" data-id=\"2ea37019\" data-element_type=\"section\">\n\t\t\t\t\t\t<div class=\"elementor-container elementor-column-gap-no\">\n\t\t\t\t\t<div class=\"elementor-column elementor-col-50 elementor-inner-column elementor-element elementor-element-3f825f41\" data-id=\"3f825f41\" data-element_type=\"column\">\n\t\t\t<div class=\"elementor-widget-wrap elementor-element-populated\">\n\t\t\t\t\t\t\t\t<div class=\"elementor-element elementor-element-73dcf78a elementor-widget elementor-widget-text-editor\" data-id=\"73dcf78a\" data-element_type=\"widget\" data-widget_type=\"text-editor.default\">\n\t\t\t\t<div class=\"elementor-widget-container\">\n\t\t\t<style>\/*! elementor - v3.11.5 - 14-03-2023 *\/\n.elementor-widget-text-editor.elementor-drop-cap-view-stacked .elementor-drop-cap{background-color:#818a91;color:#fff}.elementor-widget-text-editor.elementor-drop-cap-view-framed .elementor-drop-cap{color:#818a91;border:3px solid;background-color:transparent}.elementor-widget-text-editor:not(.elementor-drop-cap-view-default) .elementor-drop-cap{margin-top:8px}.elementor-widget-text-editor:not(.elementor-drop-cap-view-default) .elementor-drop-cap-letter{width:1em;height:1em}.elementor-widget-text-editor .elementor-drop-cap{float:left;text-align:center;line-height:1;font-size:50px}.elementor-widget-text-editor .elementor-drop-cap-letter{display:inline-block}<\/style>\t\t\t\t<p><strong>P\u00ebrb\u00ebr\u00ebsit:<\/strong><\/p><p>2 gota qum\u00ebsht<\/p><p>2 vez\u00eb<\/p><p>1 vanilje<\/p><p>2 luge te gjelles kakao<\/p><p>7 luge te gjelles miell<\/p><p>3 Lug\u00eb gjelle Sheqer pluhur<\/p>\t\t\t\t\t\t<\/div>\n\t\t\t\t<\/div>\n\t\t\t\t\t<\/div>\n\t\t<\/div>\n\t\t\t\t<div class=\"elementor-column elementor-col-50 elementor-inner-column elementor-element elementor-element-7e706d3f\" data-id=\"7e706d3f\" data-element_type=\"column\">\n\t\t\t<div class=\"elementor-widget-wrap elementor-element-populated\">\n\t\t\t\t\t\t\t\t<div class=\"elementor-element elementor-element-208c9092 elementor-widget elementor-widget-text-editor\" data-id=\"208c9092\" data-element_type=\"widget\" data-widget_type=\"text-editor.default\">\n\t\t\t\t<div class=\"elementor-widget-container\">\n\t\t\t\t\t\t\t<p><strong>P\u00ebrb\u00ebr\u00ebsit e brendsh\u00ebm:<\/strong><\/p><p>Banane<\/p><p>Krem shllag p\u00ebr \u00ebmb\u00eblsira.<\/p><p>Lajthi<\/p>\t\t\t\t\t\t<\/div>\n\t\t\t\t<\/div>\n\t\t\t\t\t<\/div>\n\t\t<\/div>\n\t\t\t\t\t\t\t<\/div>\n\t\t<\/section>\n\t\t\t\t\t<\/div>\n\t\t<\/div>\n\t\t\t\t\t\t\t<\/div>\n\t\t<\/section>\n\t\t\t\t<section class=\"elementor-section elementor-top-section elementor-element elementor-element-28e16718 elementor-section-boxed elementor-section-height-default elementor-section-height-default\" data-id=\"28e16718\" data-element_type=\"section\">\n\t\t\t\t\t\t<div class=\"elementor-container elementor-column-gap-no\">\n\t\t\t\t\t<div class=\"elementor-column elementor-col-100 elementor-top-column elementor-element elementor-element-76fb9499\" data-id=\"76fb9499\" data-element_type=\"column\">\n\t\t\t<div class=\"elementor-widget-wrap elementor-element-populated\">\n\t\t\t\t\t\t\t\t<div class=\"elementor-element elementor-element-64c0c873 elementor-widget elementor-widget-heading\" data-id=\"64c0c873\" data-element_type=\"widget\" data-widget_type=\"heading.default\">\n\t\t\t\t<div class=\"elementor-widget-container\">\n\t\t\t<h2 class=\"elementor-heading-title elementor-size-default\">How to use<\/h2>\t\t<\/div>\n\t\t\t\t<\/div>\n\t\t\t\t<section class=\"elementor-section elementor-inner-section elementor-element elementor-element-6d8ce481 elementor-section-boxed elementor-section-height-default elementor-section-height-default\" data-id=\"6d8ce481\" data-element_type=\"section\">\n\t\t\t\t\t\t<div class=\"elementor-container elementor-column-gap-no\">\n\t\t\t\t\t<div class=\"elementor-column elementor-col-100 elementor-inner-column elementor-element elementor-element-64467947\" data-id=\"64467947\" data-element_type=\"column\">\n\t\t\t<div class=\"elementor-widget-wrap elementor-element-populated\">\n\t\t\t\t\t\t\t\t<div class=\"elementor-element elementor-element-2ec62cb4 elementor-widget elementor-widget-text-editor\" data-id=\"2ec62cb4\" data-element_type=\"widget\" data-widget_type=\"text-editor.default\">\n\t\t\t\t<div class=\"elementor-widget-container\">\n\t\t\t\t\t\t\t<p><strong>P\u00ebrgatitja:<\/strong><\/p><p>T\u00eb gjith\u00eb p\u00ebrb\u00ebr\u00ebsit i p\u00ebrzieni dhe p\u00ebrfitoni glazur\u00ebn e krepit.<\/p><p>E derdhni n\u00eb tigan dhe i pjekeni n\u00eb t\u00eb dy an\u00ebt, i leni n\u00eb ftohje.<\/p><p>Krepat n\u00eb midis i lyeni me mjalt\u00eb dhe me cop\u00ebza t\u00eb lajthis, pastaj ia vendosni bananen, dhe e b\u00ebni n\u00eb forme t\u00eb rol\u00ebs.<\/p>\t\t\t\t\t\t<\/div>\n\t\t\t\t<\/div>\n\t\t\t\t\t<\/div>\n\t\t<\/div>\n\t\t\t\t\t\t\t<\/div>\n\t\t<\/section>\n\t\t\t\t\t<\/div>\n\t\t<\/div>\n\t\t\t\t\t\t\t<\/div>\n\t\t<\/section>\n\t\t\t\t\t\t\t<\/div>","protected":false},"excerpt":{"rendered":"<p>Crepe with Bananas Very quick and easy dessert to prepare, ideal for holidays, light sweet taste. Ingredients Ingredients: 2 cups milk 2 eggs 1 vanilla 2 tablespoons cocoa 7 tablespoons flour 3 tablespoons powdered sugar Internal ingredients: Bananas Cream whipped cream for cakes. Hazelnut How to use Preparation Mix all the ingredients and get the [&hellip;]<\/p>","protected":false},"author":1,"featured_media":0,"parent":5580,"menu_order":0,"comment_status":"closed","ping_status":"closed","template":"","meta":[],"yoast_head":"<!-- This site is optimized with the Yoast SEO plugin v20.3 - https:\/\/yoast.com\/wordpress\/plugins\/seo\/ -->\n<title>Crepe with Bananas - EVKO<\/title>\n<meta name=\"robots\" content=\"index, follow, max-snippet:-1, max-image-preview:large, max-video-preview:-1\" \/>\n<link rel=\"canonical\" href=\"https:\/\/evko-ks.com\/sq\/festive-recipes\/crepe-with-bananas\/\" \/>\n<meta property=\"og:locale\" content=\"sq_AL\" \/>\n<meta property=\"og:type\" content=\"article\" \/>\n<meta property=\"og:title\" content=\"Crepe with Bananas - EVKO\" \/>\n<meta property=\"og:description\" content=\"Crepe with Bananas Very quick and easy dessert to prepare, ideal for holidays, light sweet taste. Ingredients Ingredients: 2 cups milk 2 eggs 1 vanilla 2 tablespoons cocoa 7 tablespoons flour 3 tablespoons powdered sugar Internal ingredients: Bananas Cream whipped cream for cakes. Hazelnut How to use Preparation Mix all the ingredients and get the [&hellip;]\" \/>\n<meta property=\"og:url\" content=\"https:\/\/evko-ks.com\/sq\/festive-recipes\/crepe-with-bananas\/\" \/>\n<meta property=\"og:site_name\" content=\"EVKO\" \/>\n<meta property=\"article:modified_time\" content=\"2022-02-08T13:54:59+00:00\" \/>\n<meta property=\"og:image\" content=\"https:\/\/evko-ks.com\/wp-content\/uploads\/2022\/02\/6.-Krep-me-Banane-1024x683.jpg\" \/>\n<meta name=\"twitter:card\" content=\"summary_large_image\" \/>\n<script type=\"application\/ld+json\" class=\"yoast-schema-graph\">{\"@context\":\"https:\/\/schema.org\",\"@graph\":[{\"@type\":\"WebPage\",\"@id\":\"https:\/\/evko-ks.com\/festive-recipes\/crepe-with-bananas\/\",\"url\":\"https:\/\/evko-ks.com\/festive-recipes\/crepe-with-bananas\/\",\"name\":\"Crepe with Bananas - EVKO\",\"isPartOf\":{\"@id\":\"https:\/\/evko-ks.com\/#website\"},\"datePublished\":\"2022-02-08T10:36:22+00:00\",\"dateModified\":\"2022-02-08T13:54:59+00:00\",\"breadcrumb\":{\"@id\":\"https:\/\/evko-ks.com\/festive-recipes\/crepe-with-bananas\/#breadcrumb\"},\"inLanguage\":\"sq\",\"potentialAction\":[{\"@type\":\"ReadAction\",\"target\":[\"https:\/\/evko-ks.com\/festive-recipes\/crepe-with-bananas\/\"]}]},{\"@type\":\"BreadcrumbList\",\"@id\":\"https:\/\/evko-ks.com\/festive-recipes\/crepe-with-bananas\/#breadcrumb\",\"itemListElement\":[{\"@type\":\"ListItem\",\"position\":1,\"name\":\"Home\",\"item\":\"https:\/\/evko-ks.com\/\"},{\"@type\":\"ListItem\",\"position\":2,\"name\":\"Festive Recipes\",\"item\":\"https:\/\/evko-ks.com\/festive-recipes\/\"},{\"@type\":\"ListItem\",\"position\":3,\"name\":\"Crepe with Bananas\"}]},{\"@type\":\"WebSite\",\"@id\":\"https:\/\/evko-ks.com\/#website\",\"url\":\"https:\/\/evko-ks.com\/\",\"name\":\"EVKO\",\"description\":\"\",\"potentialAction\":[{\"@type\":\"SearchAction\",\"target\":{\"@type\":\"EntryPoint\",\"urlTemplate\":\"https:\/\/evko-ks.com\/?s={search_term_string}\"},\"query-input\":\"required name=search_term_string\"}],\"inLanguage\":\"sq\"}]}<\/script>\n<!-- \/ Yoast SEO plugin. -->","yoast_head_json":{"title":"Crepe with Bananas - EVKO","robots":{"index":"index","follow":"follow","max-snippet":"max-snippet:-1","max-image-preview":"max-image-preview:large","max-video-preview":"max-video-preview:-1"},"canonical":"https:\/\/evko-ks.com\/sq\/festive-recipes\/crepe-with-bananas\/","og_locale":"sq_AL","og_type":"article","og_title":"Crepe with Bananas - EVKO","og_description":"Crepe with Bananas Very quick and easy dessert to prepare, ideal for holidays, light sweet taste. Ingredients Ingredients: 2 cups milk 2 eggs 1 vanilla 2 tablespoons cocoa 7 tablespoons flour 3 tablespoons powdered sugar Internal ingredients: Bananas Cream whipped cream for cakes. Hazelnut How to use Preparation Mix all the ingredients and get the [&hellip;]","og_url":"https:\/\/evko-ks.com\/sq\/festive-recipes\/crepe-with-bananas\/","og_site_name":"EVKO","article_modified_time":"2022-02-08T13:54:59+00:00","og_image":[{"url":"https:\/\/evko-ks.com\/wp-content\/uploads\/2022\/02\/6.-Krep-me-Banane-1024x683.jpg"}],"twitter_card":"summary_large_image","schema":{"@context":"https:\/\/schema.org","@graph":[{"@type":"WebPage","@id":"https:\/\/evko-ks.com\/festive-recipes\/crepe-with-bananas\/","url":"https:\/\/evko-ks.com\/festive-recipes\/crepe-with-bananas\/","name":"Crepe with Bananas - EVKO","isPartOf":{"@id":"https:\/\/evko-ks.com\/#website"},"datePublished":"2022-02-08T10:36:22+00:00","dateModified":"2022-02-08T13:54:59+00:00","breadcrumb":{"@id":"https:\/\/evko-ks.com\/festive-recipes\/crepe-with-bananas\/#breadcrumb"},"inLanguage":"sq","potentialAction":[{"@type":"ReadAction","target":["https:\/\/evko-ks.com\/festive-recipes\/crepe-with-bananas\/"]}]},{"@type":"BreadcrumbList","@id":"https:\/\/evko-ks.com\/festive-recipes\/crepe-with-bananas\/#breadcrumb","itemListElement":[{"@type":"ListItem","position":1,"name":"Home","item":"https:\/\/evko-ks.com\/"},{"@type":"ListItem","position":2,"name":"Festive Recipes","item":"https:\/\/evko-ks.com\/festive-recipes\/"},{"@type":"ListItem","position":3,"name":"Crepe with Bananas"}]},{"@type":"WebSite","@id":"https:\/\/evko-ks.com\/#website","url":"https:\/\/evko-ks.com\/","name":"EVKO","description":"","potentialAction":[{"@type":"SearchAction","target":{"@type":"EntryPoint","urlTemplate":"https:\/\/evko-ks.com\/?s={search_term_string}"},"query-input":"required name=search_term_string"}],"inLanguage":"sq"}]}},"_links":{"self":[{"href":"https:\/\/evko-ks.com\/sq\/wp-json\/wp\/v2\/pages\/6017"}],"collection":[{"href":"https:\/\/evko-ks.com\/sq\/wp-json\/wp\/v2\/pages"}],"about":[{"href":"https:\/\/evko-ks.com\/sq\/wp-json\/wp\/v2\/types\/page"}],"author":[{"embeddable":true,"href":"https:\/\/evko-ks.com\/sq\/wp-json\/wp\/v2\/users\/1"}],"replies":[{"embeddable":true,"href":"https:\/\/evko-ks.com\/sq\/wp-json\/wp\/v2\/comments?post=6017"}],"version-history":[{"count":0,"href":"https:\/\/evko-ks.com\/sq\/wp-json\/wp\/v2\/pages\/6017\/revisions"}],"up":[{"embeddable":true,"href":"https:\/\/evko-ks.com\/sq\/wp-json\/wp\/v2\/pages\/5580"}],"wp:attachment":[{"href":"https:\/\/evko-ks.com\/sq\/wp-json\/wp\/v2\/media?parent=6017"}],"curies":[{"name":"wp","href":"https:\/\/api.w.org\/{rel}","templated":true}]}}