{"id":6032,"date":"2022-02-08T14:47:39","date_gmt":"2022-02-08T14:47:39","guid":{"rendered":"https:\/\/evko-ks.com\/?page_id=6032"},"modified":"2022-02-08T14:56:38","modified_gmt":"2022-02-08T14:56:38","slug":"chocolate-wafles","status":"publish","type":"page","link":"https:\/\/evko-ks.com\/sq\/festive-recipes\/chocolate-wafles\/","title":{"rendered":"Wafle me \u00c7okollat\u00eb"},"content":{"rendered":"<div data-elementor-type=\"wp-page\" data-elementor-id=\"6032\" class=\"elementor elementor-6032\">\n\t\t\t\t\t\t\t\t\t<section class=\"elementor-section elementor-top-section elementor-element elementor-element-77fb50ad elementor-section-boxed elementor-section-height-default elementor-section-height-default\" data-id=\"77fb50ad\" data-element_type=\"section\" data-settings=\"{&quot;background_background&quot;:&quot;classic&quot;}\">\n\t\t\t\t\t\t<div class=\"elementor-container elementor-column-gap-default\">\n\t\t\t\t\t<div class=\"elementor-column elementor-col-50 elementor-top-column elementor-element elementor-element-3ef39348\" data-id=\"3ef39348\" data-element_type=\"column\">\n\t\t\t<div class=\"elementor-widget-wrap elementor-element-populated\">\n\t\t\t\t\t\t\t\t<div class=\"elementor-element elementor-element-67db4c80 elementor-widget elementor-widget-image\" data-id=\"67db4c80\" data-element_type=\"widget\" data-widget_type=\"image.default\">\n\t\t\t\t<div class=\"elementor-widget-container\">\n\t\t\t<style>\/*! elementor - v3.11.5 - 14-03-2023 *\/\n.elementor-widget-image{text-align:center}.elementor-widget-image a{display:inline-block}.elementor-widget-image a img[src$=\".svg\"]{width:48px}.elementor-widget-image img{vertical-align:middle;display:inline-block}<\/style>\t\t\t\t\t\t\t\t\t\t\t\t\t<a href=\"https:\/\/evko-ks.com\/sq\/soups\/\">\n\t\t\t\t\t\t\t<img decoding=\"async\" width=\"960\" height=\"636\" src=\"https:\/\/evko-ks.com\/wp-content\/uploads\/2022\/02\/7.-Wafle-me-Cokollate-1024x678.jpg\" class=\"attachment-large size-large wp-image-6028\" alt=\"\" loading=\"lazy\" srcset=\"https:\/\/evko-ks.com\/wp-content\/uploads\/2022\/02\/7.-Wafle-me-Cokollate-1024x678.jpg 1024w, https:\/\/evko-ks.com\/wp-content\/uploads\/2022\/02\/7.-Wafle-me-Cokollate-300x199.jpg 300w, https:\/\/evko-ks.com\/wp-content\/uploads\/2022\/02\/7.-Wafle-me-Cokollate-768x509.jpg 768w, https:\/\/evko-ks.com\/wp-content\/uploads\/2022\/02\/7.-Wafle-me-Cokollate-1536x1017.jpg 1536w, https:\/\/evko-ks.com\/wp-content\/uploads\/2022\/02\/7.-Wafle-me-Cokollate-2048x1356.jpg 2048w, https:\/\/evko-ks.com\/wp-content\/uploads\/2022\/02\/7.-Wafle-me-Cokollate-18x12.jpg 18w\" sizes=\"(max-width: 960px) 100vw, 960px\" \/>\t\t\t\t\t\t\t\t<\/a>\n\t\t\t\t\t\t\t\t\t\t\t\t\t\t\t<\/div>\n\t\t\t\t<\/div>\n\t\t\t\t\t<\/div>\n\t\t<\/div>\n\t\t\t\t<div class=\"elementor-column elementor-col-50 elementor-top-column elementor-element elementor-element-4faaf78c\" data-id=\"4faaf78c\" data-element_type=\"column\">\n\t\t\t<div class=\"elementor-widget-wrap elementor-element-populated\">\n\t\t\t\t\t\t\t\t<div class=\"elementor-element elementor-element-54c597d elementor-widget elementor-widget-heading\" data-id=\"54c597d\" data-element_type=\"widget\" data-widget_type=\"heading.default\">\n\t\t\t\t<div class=\"elementor-widget-container\">\n\t\t\t<style>\/*! elementor - v3.11.5 - 14-03-2023 *\/\n.elementor-heading-title{padding:0;margin:0;line-height:1}.elementor-widget-heading .elementor-heading-title[class*=elementor-size-]>a{color:inherit;font-size:inherit;line-height:inherit}.elementor-widget-heading .elementor-heading-title.elementor-size-small{font-size:15px}.elementor-widget-heading .elementor-heading-title.elementor-size-medium{font-size:19px}.elementor-widget-heading .elementor-heading-title.elementor-size-large{font-size:29px}.elementor-widget-heading .elementor-heading-title.elementor-size-xl{font-size:39px}.elementor-widget-heading .elementor-heading-title.elementor-size-xxl{font-size:59px}<\/style><h2 class=\"elementor-heading-title elementor-size-default\">Wafle me \u00c7okollat\u00eb<\/h2>\t\t<\/div>\n\t\t\t\t<\/div>\n\t\t\t\t<div class=\"elementor-element elementor-element-1bd9f1f3 elementor-widget elementor-widget-heading\" data-id=\"1bd9f1f3\" data-element_type=\"widget\" data-widget_type=\"heading.default\">\n\t\t\t\t<div class=\"elementor-widget-container\">\n\t\t\t<h2 class=\"elementor-heading-title elementor-size-default\">K\u00ebto Wafles me \u00e7okollat\u00eb jan\u00eb krokante nga jasht\u00eb dhe shum\u00eb t\u00eb buta nga brenda. Receta perfekte p\u00ebr festat e fundvitit!<\/h2>\t\t<\/div>\n\t\t\t\t<\/div>\n\t\t\t\t\t<\/div>\n\t\t<\/div>\n\t\t\t\t\t\t\t<\/div>\n\t\t<\/section>\n\t\t\t\t<section class=\"elementor-section elementor-top-section elementor-element elementor-element-18dc2b6b elementor-section-boxed elementor-section-height-default elementor-section-height-default\" data-id=\"18dc2b6b\" data-element_type=\"section\" data-settings=\"{&quot;background_background&quot;:&quot;classic&quot;}\">\n\t\t\t\t\t\t<div class=\"elementor-container elementor-column-gap-no\">\n\t\t\t\t\t<div class=\"elementor-column elementor-col-100 elementor-top-column elementor-element elementor-element-4bb0b200\" data-id=\"4bb0b200\" data-element_type=\"column\">\n\t\t\t<div class=\"elementor-widget-wrap elementor-element-populated\">\n\t\t\t\t\t\t\t\t<div class=\"elementor-element elementor-element-50d6a57e elementor-widget elementor-widget-heading\" data-id=\"50d6a57e\" data-element_type=\"widget\" data-widget_type=\"heading.default\">\n\t\t\t\t<div class=\"elementor-widget-container\">\n\t\t\t<h2 class=\"elementor-heading-title elementor-size-default\">P\u00ebrb\u00ebr\u00ebsit<\/h2>\t\t<\/div>\n\t\t\t\t<\/div>\n\t\t\t\t<section class=\"elementor-section elementor-inner-section elementor-element elementor-element-3170d897 elementor-section-boxed elementor-section-height-default elementor-section-height-default\" data-id=\"3170d897\" data-element_type=\"section\">\n\t\t\t\t\t\t<div class=\"elementor-container elementor-column-gap-no\">\n\t\t\t\t\t<div class=\"elementor-column elementor-col-100 elementor-inner-column elementor-element elementor-element-4ddee956\" data-id=\"4ddee956\" data-element_type=\"column\">\n\t\t\t<div class=\"elementor-widget-wrap elementor-element-populated\">\n\t\t\t\t\t\t\t\t<div class=\"elementor-element elementor-element-5c2afd66 elementor-widget elementor-widget-text-editor\" data-id=\"5c2afd66\" data-element_type=\"widget\" data-widget_type=\"text-editor.default\">\n\t\t\t\t<div class=\"elementor-widget-container\">\n\t\t\t<style>\/*! elementor - v3.11.5 - 14-03-2023 *\/\n.elementor-widget-text-editor.elementor-drop-cap-view-stacked .elementor-drop-cap{background-color:#818a91;color:#fff}.elementor-widget-text-editor.elementor-drop-cap-view-framed .elementor-drop-cap{color:#818a91;border:3px solid;background-color:transparent}.elementor-widget-text-editor:not(.elementor-drop-cap-view-default) .elementor-drop-cap{margin-top:8px}.elementor-widget-text-editor:not(.elementor-drop-cap-view-default) .elementor-drop-cap-letter{width:1em;height:1em}.elementor-widget-text-editor .elementor-drop-cap{float:left;text-align:center;line-height:1;font-size:50px}.elementor-widget-text-editor .elementor-drop-cap-letter{display:inline-block}<\/style>\t\t\t\t<p>200 gr miell,<\/p><p>100 gr miell misri,<\/p><p>10 gr sheqer<\/p><p>2 vez\u00eb,<\/p><p>500 ml litra qum\u00ebsht,<\/p><p>30 gr vaj, \u00c7okokrem,<\/p><p>10 gr sod\u00eb buk\u00eb dhe krip\u00eb<\/p>\t\t\t\t\t\t<\/div>\n\t\t\t\t<\/div>\n\t\t\t\t\t<\/div>\n\t\t<\/div>\n\t\t\t\t\t\t\t<\/div>\n\t\t<\/section>\n\t\t\t\t\t<\/div>\n\t\t<\/div>\n\t\t\t\t\t\t\t<\/div>\n\t\t<\/section>\n\t\t\t\t<section class=\"elementor-section elementor-top-section elementor-element elementor-element-84b6edc elementor-section-boxed elementor-section-height-default elementor-section-height-default\" data-id=\"84b6edc\" data-element_type=\"section\">\n\t\t\t\t\t\t<div class=\"elementor-container elementor-column-gap-no\">\n\t\t\t\t\t<div class=\"elementor-column elementor-col-100 elementor-top-column elementor-element elementor-element-7fef30cf\" data-id=\"7fef30cf\" data-element_type=\"column\">\n\t\t\t<div class=\"elementor-widget-wrap elementor-element-populated\">\n\t\t\t\t\t\t\t\t<div class=\"elementor-element elementor-element-3bec1940 elementor-widget elementor-widget-heading\" data-id=\"3bec1940\" data-element_type=\"widget\" data-widget_type=\"heading.default\">\n\t\t\t\t<div class=\"elementor-widget-container\">\n\t\t\t<h2 class=\"elementor-heading-title elementor-size-default\">How to use<\/h2>\t\t<\/div>\n\t\t\t\t<\/div>\n\t\t\t\t<section class=\"elementor-section elementor-inner-section elementor-element elementor-element-63a5fcd2 elementor-section-boxed elementor-section-height-default elementor-section-height-default\" data-id=\"63a5fcd2\" data-element_type=\"section\">\n\t\t\t\t\t\t<div class=\"elementor-container elementor-column-gap-no\">\n\t\t\t\t\t<div class=\"elementor-column elementor-col-100 elementor-inner-column elementor-element elementor-element-558795ed\" data-id=\"558795ed\" data-element_type=\"column\">\n\t\t\t<div class=\"elementor-widget-wrap elementor-element-populated\">\n\t\t\t\t\t\t\t\t<div class=\"elementor-element elementor-element-525b730b elementor-widget elementor-widget-text-editor\" data-id=\"525b730b\" data-element_type=\"widget\" data-widget_type=\"text-editor.default\">\n\t\t\t\t<div class=\"elementor-widget-container\">\n\t\t\t\t\t\t\t<p><strong>P\u00ebrgatitja:<\/strong><\/p><p>N\u00eb fillim rrahim vez\u00ebt me sheqerin derisa t\u00eb shkrij\u00eb. Shtojm\u00eb qum\u00ebshtin dhe vajin dhe vazhdojm\u00eb t\u2019i p\u00ebrziejm\u00eb. Nd\u00ebrkoh\u00eb n\u00eb nj\u00eb tas p\u00ebrziejm\u00eb miellin e grurit me sod\u00ebn e buk\u00ebs, krip\u00ebn dhe miellin e misrit. I hedhim ato tek vez\u00ebt e rrahura dhe i p\u00ebrziejm\u00eb ngadal\u00eb, derisa t\u00eb krijohet nj\u00eb mas\u00eb homogjeni brumi, jo e fort\u00eb, por e l\u00ebngshme. Paralelisht vendosim tostier\u00ebn t\u00eb nxehet n\u00eb temperatur\u00eb maksimale. Hedhim brumin n\u00eb tostier\u00eb dhe e l\u00ebm\u00eb t\u00eb piqet. E vendosim n\u00eb pjat\u00eb, e presim n\u00eb copa dhe e lyejm\u00eb sip\u00ebr me \u00e7okokrem.<\/p>\t\t\t\t\t\t<\/div>\n\t\t\t\t<\/div>\n\t\t\t\t\t<\/div>\n\t\t<\/div>\n\t\t\t\t\t\t\t<\/div>\n\t\t<\/section>\n\t\t\t\t\t<\/div>\n\t\t<\/div>\n\t\t\t\t\t\t\t<\/div>\n\t\t<\/section>\n\t\t\t\t\t\t\t<\/div>","protected":false},"excerpt":{"rendered":"<p>Chocolate Wafles These chocolate Wafles are crunchy on the outside and very soft on the inside. The perfect recipe for the holiday season! Ingredients 200 gr flour, 100 gr of corn flour, 10 gr sugar, 2 eggs, 500 ml liters of milk, 30 gr oil, Chocolate Cream, 10 gr baking soda and salt How to [&hellip;]<\/p>","protected":false},"author":1,"featured_media":0,"parent":5580,"menu_order":0,"comment_status":"closed","ping_status":"closed","template":"","meta":[],"yoast_head":"<!-- This site is optimized with the Yoast SEO plugin v20.3 - https:\/\/yoast.com\/wordpress\/plugins\/seo\/ -->\n<title>Chocolate Wafles - EVKO<\/title>\n<meta name=\"robots\" content=\"index, follow, max-snippet:-1, max-image-preview:large, max-video-preview:-1\" \/>\n<link rel=\"canonical\" href=\"https:\/\/evko-ks.com\/sq\/festive-recipes\/chocolate-wafles\/\" \/>\n<meta property=\"og:locale\" content=\"sq_AL\" \/>\n<meta property=\"og:type\" content=\"article\" \/>\n<meta property=\"og:title\" content=\"Chocolate Wafles - EVKO\" \/>\n<meta property=\"og:description\" content=\"Chocolate Wafles These chocolate Wafles are crunchy on the outside and very soft on the inside. The perfect recipe for the holiday season! Ingredients 200 gr flour, 100 gr of corn flour, 10 gr sugar, 2 eggs, 500 ml liters of milk, 30 gr oil, Chocolate Cream, 10 gr baking soda and salt How to [&hellip;]\" \/>\n<meta property=\"og:url\" content=\"https:\/\/evko-ks.com\/sq\/festive-recipes\/chocolate-wafles\/\" \/>\n<meta property=\"og:site_name\" content=\"EVKO\" \/>\n<meta property=\"article:modified_time\" content=\"2022-02-08T14:56:38+00:00\" \/>\n<meta property=\"og:image\" content=\"https:\/\/evko-ks.com\/wp-content\/uploads\/2022\/02\/7.-Wafle-me-Cokollate-1024x678.jpg\" \/>\n<meta name=\"twitter:card\" content=\"summary_large_image\" \/>\n<meta name=\"twitter:label1\" content=\"Est. reading time\" \/>\n\t<meta name=\"twitter:data1\" content=\"1 minut\u00eb\" \/>\n<script type=\"application\/ld+json\" class=\"yoast-schema-graph\">{\"@context\":\"https:\/\/schema.org\",\"@graph\":[{\"@type\":\"WebPage\",\"@id\":\"https:\/\/evko-ks.com\/festive-recipes\/chocolate-wafles\/\",\"url\":\"https:\/\/evko-ks.com\/festive-recipes\/chocolate-wafles\/\",\"name\":\"Chocolate Wafles - EVKO\",\"isPartOf\":{\"@id\":\"https:\/\/evko-ks.com\/#website\"},\"datePublished\":\"2022-02-08T14:47:39+00:00\",\"dateModified\":\"2022-02-08T14:56:38+00:00\",\"breadcrumb\":{\"@id\":\"https:\/\/evko-ks.com\/festive-recipes\/chocolate-wafles\/#breadcrumb\"},\"inLanguage\":\"sq\",\"potentialAction\":[{\"@type\":\"ReadAction\",\"target\":[\"https:\/\/evko-ks.com\/festive-recipes\/chocolate-wafles\/\"]}]},{\"@type\":\"BreadcrumbList\",\"@id\":\"https:\/\/evko-ks.com\/festive-recipes\/chocolate-wafles\/#breadcrumb\",\"itemListElement\":[{\"@type\":\"ListItem\",\"position\":1,\"name\":\"Home\",\"item\":\"https:\/\/evko-ks.com\/\"},{\"@type\":\"ListItem\",\"position\":2,\"name\":\"Festive Recipes\",\"item\":\"https:\/\/evko-ks.com\/festive-recipes\/\"},{\"@type\":\"ListItem\",\"position\":3,\"name\":\"Chocolate Wafles\"}]},{\"@type\":\"WebSite\",\"@id\":\"https:\/\/evko-ks.com\/#website\",\"url\":\"https:\/\/evko-ks.com\/\",\"name\":\"EVKO\",\"description\":\"\",\"potentialAction\":[{\"@type\":\"SearchAction\",\"target\":{\"@type\":\"EntryPoint\",\"urlTemplate\":\"https:\/\/evko-ks.com\/?s={search_term_string}\"},\"query-input\":\"required name=search_term_string\"}],\"inLanguage\":\"sq\"}]}<\/script>\n<!-- \/ Yoast SEO plugin. -->","yoast_head_json":{"title":"Chocolate Wafles - EVKO","robots":{"index":"index","follow":"follow","max-snippet":"max-snippet:-1","max-image-preview":"max-image-preview:large","max-video-preview":"max-video-preview:-1"},"canonical":"https:\/\/evko-ks.com\/sq\/festive-recipes\/chocolate-wafles\/","og_locale":"sq_AL","og_type":"article","og_title":"Chocolate Wafles - EVKO","og_description":"Chocolate Wafles These chocolate Wafles are crunchy on the outside and very soft on the inside. The perfect recipe for the holiday season! Ingredients 200 gr flour, 100 gr of corn flour, 10 gr sugar, 2 eggs, 500 ml liters of milk, 30 gr oil, Chocolate Cream, 10 gr baking soda and salt How to [&hellip;]","og_url":"https:\/\/evko-ks.com\/sq\/festive-recipes\/chocolate-wafles\/","og_site_name":"EVKO","article_modified_time":"2022-02-08T14:56:38+00:00","og_image":[{"url":"https:\/\/evko-ks.com\/wp-content\/uploads\/2022\/02\/7.-Wafle-me-Cokollate-1024x678.jpg"}],"twitter_card":"summary_large_image","twitter_misc":{"Est. reading time":"1 minut\u00eb"},"schema":{"@context":"https:\/\/schema.org","@graph":[{"@type":"WebPage","@id":"https:\/\/evko-ks.com\/festive-recipes\/chocolate-wafles\/","url":"https:\/\/evko-ks.com\/festive-recipes\/chocolate-wafles\/","name":"Chocolate Wafles - EVKO","isPartOf":{"@id":"https:\/\/evko-ks.com\/#website"},"datePublished":"2022-02-08T14:47:39+00:00","dateModified":"2022-02-08T14:56:38+00:00","breadcrumb":{"@id":"https:\/\/evko-ks.com\/festive-recipes\/chocolate-wafles\/#breadcrumb"},"inLanguage":"sq","potentialAction":[{"@type":"ReadAction","target":["https:\/\/evko-ks.com\/festive-recipes\/chocolate-wafles\/"]}]},{"@type":"BreadcrumbList","@id":"https:\/\/evko-ks.com\/festive-recipes\/chocolate-wafles\/#breadcrumb","itemListElement":[{"@type":"ListItem","position":1,"name":"Home","item":"https:\/\/evko-ks.com\/"},{"@type":"ListItem","position":2,"name":"Festive Recipes","item":"https:\/\/evko-ks.com\/festive-recipes\/"},{"@type":"ListItem","position":3,"name":"Chocolate Wafles"}]},{"@type":"WebSite","@id":"https:\/\/evko-ks.com\/#website","url":"https:\/\/evko-ks.com\/","name":"EVKO","description":"","potentialAction":[{"@type":"SearchAction","target":{"@type":"EntryPoint","urlTemplate":"https:\/\/evko-ks.com\/?s={search_term_string}"},"query-input":"required name=search_term_string"}],"inLanguage":"sq"}]}},"_links":{"self":[{"href":"https:\/\/evko-ks.com\/sq\/wp-json\/wp\/v2\/pages\/6032"}],"collection":[{"href":"https:\/\/evko-ks.com\/sq\/wp-json\/wp\/v2\/pages"}],"about":[{"href":"https:\/\/evko-ks.com\/sq\/wp-json\/wp\/v2\/types\/page"}],"author":[{"embeddable":true,"href":"https:\/\/evko-ks.com\/sq\/wp-json\/wp\/v2\/users\/1"}],"replies":[{"embeddable":true,"href":"https:\/\/evko-ks.com\/sq\/wp-json\/wp\/v2\/comments?post=6032"}],"version-history":[{"count":0,"href":"https:\/\/evko-ks.com\/sq\/wp-json\/wp\/v2\/pages\/6032\/revisions"}],"up":[{"embeddable":true,"href":"https:\/\/evko-ks.com\/sq\/wp-json\/wp\/v2\/pages\/5580"}],"wp:attachment":[{"href":"https:\/\/evko-ks.com\/sq\/wp-json\/wp\/v2\/media?parent=6032"}],"curies":[{"name":"wp","href":"https:\/\/api.w.org\/{rel}","templated":true}]}}