{"id":6041,"date":"2022-02-08T14:59:31","date_gmt":"2022-02-08T14:59:31","guid":{"rendered":"https:\/\/evko-ks.com\/?page_id=6041"},"modified":"2022-02-08T15:02:58","modified_gmt":"2022-02-08T15:02:58","slug":"dessert-with-oranges","status":"publish","type":"page","link":"https:\/\/evko-ks.com\/sq\/festive-recipes\/dessert-with-oranges\/","title":{"rendered":"\u00cbmbelsir\u00eb me Portokall"},"content":{"rendered":"<div data-elementor-type=\"wp-page\" data-elementor-id=\"6041\" class=\"elementor elementor-6041\">\n\t\t\t\t\t\t\t\t\t<section class=\"elementor-section elementor-top-section elementor-element elementor-element-4d592df6 elementor-section-boxed elementor-section-height-default elementor-section-height-default\" data-id=\"4d592df6\" data-element_type=\"section\" data-settings=\"{&quot;background_background&quot;:&quot;classic&quot;}\">\n\t\t\t\t\t\t<div class=\"elementor-container elementor-column-gap-default\">\n\t\t\t\t\t<div class=\"elementor-column elementor-col-50 elementor-top-column elementor-element elementor-element-278e0588\" data-id=\"278e0588\" data-element_type=\"column\">\n\t\t\t<div class=\"elementor-widget-wrap elementor-element-populated\">\n\t\t\t\t\t\t\t\t<div class=\"elementor-element elementor-element-2fccb313 elementor-widget elementor-widget-image\" data-id=\"2fccb313\" data-element_type=\"widget\" data-widget_type=\"image.default\">\n\t\t\t\t<div class=\"elementor-widget-container\">\n\t\t\t<style>\/*! elementor - v3.11.5 - 14-03-2023 *\/\n.elementor-widget-image{text-align:center}.elementor-widget-image a{display:inline-block}.elementor-widget-image a img[src$=\".svg\"]{width:48px}.elementor-widget-image img{vertical-align:middle;display:inline-block}<\/style>\t\t\t\t\t\t\t\t\t\t\t\t\t<a href=\"https:\/\/evko-ks.com\/sq\/soups\/\">\n\t\t\t\t\t\t\t<img decoding=\"async\" width=\"960\" height=\"640\" src=\"https:\/\/evko-ks.com\/wp-content\/uploads\/2022\/02\/8.-Embelsire-me-Portokall-1024x683.jpg\" class=\"attachment-large size-large wp-image-6042\" alt=\"\" loading=\"lazy\" srcset=\"https:\/\/evko-ks.com\/wp-content\/uploads\/2022\/02\/8.-Embelsire-me-Portokall-1024x683.jpg 1024w, https:\/\/evko-ks.com\/wp-content\/uploads\/2022\/02\/8.-Embelsire-me-Portokall-300x200.jpg 300w, https:\/\/evko-ks.com\/wp-content\/uploads\/2022\/02\/8.-Embelsire-me-Portokall-768x513.jpg 768w, https:\/\/evko-ks.com\/wp-content\/uploads\/2022\/02\/8.-Embelsire-me-Portokall-1536x1025.jpg 1536w, https:\/\/evko-ks.com\/wp-content\/uploads\/2022\/02\/8.-Embelsire-me-Portokall-2048x1367.jpg 2048w, https:\/\/evko-ks.com\/wp-content\/uploads\/2022\/02\/8.-Embelsire-me-Portokall-18x12.jpg 18w\" sizes=\"(max-width: 960px) 100vw, 960px\" \/>\t\t\t\t\t\t\t\t<\/a>\n\t\t\t\t\t\t\t\t\t\t\t\t\t\t\t<\/div>\n\t\t\t\t<\/div>\n\t\t\t\t\t<\/div>\n\t\t<\/div>\n\t\t\t\t<div class=\"elementor-column elementor-col-50 elementor-top-column elementor-element elementor-element-3793c99\" data-id=\"3793c99\" data-element_type=\"column\">\n\t\t\t<div class=\"elementor-widget-wrap elementor-element-populated\">\n\t\t\t\t\t\t\t\t<div class=\"elementor-element elementor-element-770c29a6 elementor-widget elementor-widget-heading\" data-id=\"770c29a6\" data-element_type=\"widget\" data-widget_type=\"heading.default\">\n\t\t\t\t<div class=\"elementor-widget-container\">\n\t\t\t<style>\/*! elementor - v3.11.5 - 14-03-2023 *\/\n.elementor-heading-title{padding:0;margin:0;line-height:1}.elementor-widget-heading .elementor-heading-title[class*=elementor-size-]>a{color:inherit;font-size:inherit;line-height:inherit}.elementor-widget-heading .elementor-heading-title.elementor-size-small{font-size:15px}.elementor-widget-heading .elementor-heading-title.elementor-size-medium{font-size:19px}.elementor-widget-heading .elementor-heading-title.elementor-size-large{font-size:29px}.elementor-widget-heading .elementor-heading-title.elementor-size-xl{font-size:39px}.elementor-widget-heading .elementor-heading-title.elementor-size-xxl{font-size:59px}<\/style><h2 class=\"elementor-heading-title elementor-size-default\">\u00cbmbelsir\u00eb me Portokall<\/h2>\t\t<\/div>\n\t\t\t\t<\/div>\n\t\t\t\t<div class=\"elementor-element elementor-element-255b3af elementor-widget elementor-widget-heading\" data-id=\"255b3af\" data-element_type=\"widget\" data-widget_type=\"heading.default\">\n\t\t\t\t<div class=\"elementor-widget-container\">\n\t\t\t<h2 class=\"elementor-heading-title elementor-size-default\">Me k\u00ebt\u00eb \u00ebmbelsir\u00eb me Portokall festat tuaja do t\u00eb jen\u00eb shum\u00eb t\u00eb \u00ebmb\u00ebla. P\u00ebrgatitja e k\u00ebsaj \u00ebmbelsire \u00ebsht\u00eb e thjesht\u00eb, shija dhe aroma jan\u00eb fantastike.<\/h2>\t\t<\/div>\n\t\t\t\t<\/div>\n\t\t\t\t\t<\/div>\n\t\t<\/div>\n\t\t\t\t\t\t\t<\/div>\n\t\t<\/section>\n\t\t\t\t<section class=\"elementor-section elementor-top-section elementor-element elementor-element-15e49d15 elementor-section-boxed elementor-section-height-default elementor-section-height-default\" data-id=\"15e49d15\" data-element_type=\"section\" data-settings=\"{&quot;background_background&quot;:&quot;classic&quot;}\">\n\t\t\t\t\t\t<div class=\"elementor-container elementor-column-gap-no\">\n\t\t\t\t\t<div class=\"elementor-column elementor-col-100 elementor-top-column elementor-element elementor-element-3998dd08\" data-id=\"3998dd08\" data-element_type=\"column\">\n\t\t\t<div class=\"elementor-widget-wrap elementor-element-populated\">\n\t\t\t\t\t\t\t\t<div class=\"elementor-element elementor-element-1e3ead9e elementor-widget elementor-widget-heading\" data-id=\"1e3ead9e\" data-element_type=\"widget\" data-widget_type=\"heading.default\">\n\t\t\t\t<div class=\"elementor-widget-container\">\n\t\t\t<h2 class=\"elementor-heading-title elementor-size-default\">P\u00ebrb\u00ebr\u00ebsit<\/h2>\t\t<\/div>\n\t\t\t\t<\/div>\n\t\t\t\t<section class=\"elementor-section elementor-inner-section elementor-element elementor-element-6ee3f70a elementor-section-boxed elementor-section-height-default elementor-section-height-default\" data-id=\"6ee3f70a\" data-element_type=\"section\">\n\t\t\t\t\t\t<div class=\"elementor-container elementor-column-gap-no\">\n\t\t\t\t\t<div class=\"elementor-column elementor-col-100 elementor-inner-column elementor-element elementor-element-7504970c\" data-id=\"7504970c\" data-element_type=\"column\">\n\t\t\t<div class=\"elementor-widget-wrap elementor-element-populated\">\n\t\t\t\t\t\t\t\t<div class=\"elementor-element elementor-element-33ad1cff elementor-widget elementor-widget-text-editor\" data-id=\"33ad1cff\" data-element_type=\"widget\" data-widget_type=\"text-editor.default\">\n\t\t\t\t<div class=\"elementor-widget-container\">\n\t\t\t<style>\/*! elementor - v3.11.5 - 14-03-2023 *\/\n.elementor-widget-text-editor.elementor-drop-cap-view-stacked .elementor-drop-cap{background-color:#818a91;color:#fff}.elementor-widget-text-editor.elementor-drop-cap-view-framed .elementor-drop-cap{color:#818a91;border:3px solid;background-color:transparent}.elementor-widget-text-editor:not(.elementor-drop-cap-view-default) .elementor-drop-cap{margin-top:8px}.elementor-widget-text-editor:not(.elementor-drop-cap-view-default) .elementor-drop-cap-letter{width:1em;height:1em}.elementor-widget-text-editor .elementor-drop-cap{float:left;text-align:center;line-height:1;font-size:50px}.elementor-widget-text-editor .elementor-drop-cap-letter{display:inline-block}<\/style>\t\t\t\t<p>3-4 portokaj\u00eb<\/p><p>100 gr margarin\u00eb<\/p><p>250 gr miell<\/p><p>3 vez\u00eb<\/p><p>250 gr krem djathi<\/p><p>170 gr sheqer<\/p><p>1 luge e vogle pluhur p\u00ebr pjekje<\/p><p>L\u00ebngu I \u00bd limoni<\/p><p>Levorja e gjysem limoni e grir\u00eb n\u00eb rende<\/p><p>Pak krip\u00eb<\/p><p>L\u00ebngu i nj\u00eb portokalli<\/p>\t\t\t\t\t\t<\/div>\n\t\t\t\t<\/div>\n\t\t\t\t\t<\/div>\n\t\t<\/div>\n\t\t\t\t\t\t\t<\/div>\n\t\t<\/section>\n\t\t\t\t\t<\/div>\n\t\t<\/div>\n\t\t\t\t\t\t\t<\/div>\n\t\t<\/section>\n\t\t\t\t<section class=\"elementor-section elementor-top-section elementor-element elementor-element-2c17e083 elementor-section-boxed elementor-section-height-default elementor-section-height-default\" data-id=\"2c17e083\" data-element_type=\"section\">\n\t\t\t\t\t\t<div class=\"elementor-container elementor-column-gap-no\">\n\t\t\t\t\t<div class=\"elementor-column elementor-col-100 elementor-top-column elementor-element elementor-element-2df93ffe\" data-id=\"2df93ffe\" data-element_type=\"column\">\n\t\t\t<div class=\"elementor-widget-wrap elementor-element-populated\">\n\t\t\t\t\t\t\t\t<div class=\"elementor-element elementor-element-25df3a74 elementor-widget elementor-widget-heading\" data-id=\"25df3a74\" data-element_type=\"widget\" data-widget_type=\"heading.default\">\n\t\t\t\t<div class=\"elementor-widget-container\">\n\t\t\t<h2 class=\"elementor-heading-title elementor-size-default\">How to use<\/h2>\t\t<\/div>\n\t\t\t\t<\/div>\n\t\t\t\t<section class=\"elementor-section elementor-inner-section elementor-element elementor-element-4d92233d elementor-section-boxed elementor-section-height-default elementor-section-height-default\" data-id=\"4d92233d\" data-element_type=\"section\">\n\t\t\t\t\t\t<div class=\"elementor-container elementor-column-gap-no\">\n\t\t\t\t\t<div class=\"elementor-column elementor-col-100 elementor-inner-column elementor-element elementor-element-4ea7968a\" data-id=\"4ea7968a\" data-element_type=\"column\">\n\t\t\t<div class=\"elementor-widget-wrap elementor-element-populated\">\n\t\t\t\t\t\t\t\t<div class=\"elementor-element elementor-element-138e6247 elementor-widget elementor-widget-text-editor\" data-id=\"138e6247\" data-element_type=\"widget\" data-widget_type=\"text-editor.default\">\n\t\t\t\t<div class=\"elementor-widget-container\">\n\t\t\t\t\t\t\t<p><strong>P\u00ebrgatitja:<\/strong><\/p><p>Ngroheni furr\u00ebn n\u00eb 180 grad\u00eb.<\/p><p>Tepsin\u00eb e pjekjes e lyejm\u00eb me yndyr\u00eb 24 cm<\/p><p>N\u00eb nj\u00eb en\u00eb p\u00ebrziejm\u00eb margarin\u00ebn e mbajtur n\u00eb temp. mjedisi, sheqer dhe krem djathi.<\/p><p>N\u00eb k\u00ebt\u00eb mas\u00eb shtojm\u00eb 3 t\u00eb verdha vez\u00ebsh, nd\u00ebrsa t\u00eb bardhat i tundim ve\u00e7mas n\u00eb shkum\u00eb t\u00eb fort\u00eb.<\/p><p>N\u00eb mas\u00ebn e t\u00eb verdh\u00ebve t\u00eb vez\u00ebve shtoni gradualisht miellin e p\u00ebrzier me pluhurin p\u00ebr pjekje, shtoni krip\u00ebn, l\u00ebngun e limonit, l\u00ebngun e portokallit dhe l\u00ebvozhgat e grira t\u00eb limonit dhe portokallit.<\/p><p>T\u00eb gjitha k\u00ebto i p\u00ebrziejm\u00eb me lug\u00eb, shtojm\u00eb ngadal\u00eb shkum\u00ebn nga t\u00eb bardhat e vez\u00ebve dhe i p\u00ebrziejm\u00eb ngadal\u00eb me lug\u00eb.<\/p><p>Tepsin\u00eb e lyejm\u00eb dhe e mbulojm\u00eb me let\u00ebr furre, i shtrijm\u00eb fetat e portokallit n\u00eb t\u00eb gjith\u00eb sip\u00ebrfaqen posht\u00eb dhe anash.<\/p><p>Mas\u00ebn e vendosim n\u00eb nj\u00eb kallep t\u00eb mbuluar me portokall dhe e rrafshojm\u00eb mir\u00eb.<\/p><p>E pjekim ne 180 grade per 40-45 minuta ose derisa pjekja te konfirmohet me njomje.<\/p><p>Pas pjekjes dhe ftohjes, tort\u00ebn e kthejm\u00eb me kok\u00eb posht\u00eb n\u00eb tepsi dhe e heqim letr\u00ebn e pjekjes.<\/p><p>Sh\u00ebrbejeni t\u00eb nxeht\u00eb apo edhe t\u00eb ftoht\u00eb sipas d\u00ebshir\u00ebs. Aroma dhe shija e portokallit do ju magjepsin dhe nuk do prisni q\u00eb t\u00eb ftohet.<\/p>\t\t\t\t\t\t<\/div>\n\t\t\t\t<\/div>\n\t\t\t\t\t<\/div>\n\t\t<\/div>\n\t\t\t\t\t\t\t<\/div>\n\t\t<\/section>\n\t\t\t\t\t<\/div>\n\t\t<\/div>\n\t\t\t\t\t\t\t<\/div>\n\t\t<\/section>\n\t\t\t\t\t\t\t<\/div>","protected":false},"excerpt":{"rendered":"<p>Dessert with Oranges With this Orange dessert your holidays will be very sweet. The preparation of this dessert is simple, the taste and aroma are fantastic. Ingredients 3-4 oranges 100 gr margarine 250 gr flour 3 eggs 250 gr cream cheese 170 gr sugar 1 tablespoon baking powder Lemon juice. Peel a squash, grate it [&hellip;]<\/p>","protected":false},"author":1,"featured_media":0,"parent":5580,"menu_order":0,"comment_status":"closed","ping_status":"closed","template":"","meta":[],"yoast_head":"<!-- This site is optimized with the Yoast SEO plugin v20.3 - https:\/\/yoast.com\/wordpress\/plugins\/seo\/ -->\n<title>Dessert with Oranges - EVKO<\/title>\n<meta name=\"robots\" content=\"index, follow, max-snippet:-1, max-image-preview:large, max-video-preview:-1\" \/>\n<link rel=\"canonical\" href=\"https:\/\/evko-ks.com\/sq\/festive-recipes\/dessert-with-oranges\/\" \/>\n<meta property=\"og:locale\" content=\"sq_AL\" \/>\n<meta property=\"og:type\" content=\"article\" \/>\n<meta property=\"og:title\" content=\"Dessert with Oranges - EVKO\" \/>\n<meta property=\"og:description\" content=\"Dessert with Oranges With this Orange dessert your holidays will be very sweet. The preparation of this dessert is simple, the taste and aroma are fantastic. Ingredients 3-4 oranges 100 gr margarine 250 gr flour 3 eggs 250 gr cream cheese 170 gr sugar 1 tablespoon baking powder Lemon juice. Peel a squash, grate it [&hellip;]\" \/>\n<meta property=\"og:url\" content=\"https:\/\/evko-ks.com\/sq\/festive-recipes\/dessert-with-oranges\/\" \/>\n<meta property=\"og:site_name\" content=\"EVKO\" \/>\n<meta property=\"article:modified_time\" content=\"2022-02-08T15:02:58+00:00\" \/>\n<meta property=\"og:image\" content=\"https:\/\/evko-ks.com\/wp-content\/uploads\/2022\/02\/8.-Embelsire-me-Portokall-1024x683.jpg\" \/>\n<meta name=\"twitter:card\" content=\"summary_large_image\" \/>\n<meta name=\"twitter:label1\" content=\"Est. reading time\" \/>\n\t<meta name=\"twitter:data1\" content=\"1 minut\u00eb\" \/>\n<script type=\"application\/ld+json\" class=\"yoast-schema-graph\">{\"@context\":\"https:\/\/schema.org\",\"@graph\":[{\"@type\":\"WebPage\",\"@id\":\"https:\/\/evko-ks.com\/festive-recipes\/dessert-with-oranges\/\",\"url\":\"https:\/\/evko-ks.com\/festive-recipes\/dessert-with-oranges\/\",\"name\":\"Dessert with Oranges - EVKO\",\"isPartOf\":{\"@id\":\"https:\/\/evko-ks.com\/#website\"},\"datePublished\":\"2022-02-08T14:59:31+00:00\",\"dateModified\":\"2022-02-08T15:02:58+00:00\",\"breadcrumb\":{\"@id\":\"https:\/\/evko-ks.com\/festive-recipes\/dessert-with-oranges\/#breadcrumb\"},\"inLanguage\":\"sq\",\"potentialAction\":[{\"@type\":\"ReadAction\",\"target\":[\"https:\/\/evko-ks.com\/festive-recipes\/dessert-with-oranges\/\"]}]},{\"@type\":\"BreadcrumbList\",\"@id\":\"https:\/\/evko-ks.com\/festive-recipes\/dessert-with-oranges\/#breadcrumb\",\"itemListElement\":[{\"@type\":\"ListItem\",\"position\":1,\"name\":\"Home\",\"item\":\"https:\/\/evko-ks.com\/\"},{\"@type\":\"ListItem\",\"position\":2,\"name\":\"Festive Recipes\",\"item\":\"https:\/\/evko-ks.com\/festive-recipes\/\"},{\"@type\":\"ListItem\",\"position\":3,\"name\":\"Dessert with Oranges\"}]},{\"@type\":\"WebSite\",\"@id\":\"https:\/\/evko-ks.com\/#website\",\"url\":\"https:\/\/evko-ks.com\/\",\"name\":\"EVKO\",\"description\":\"\",\"potentialAction\":[{\"@type\":\"SearchAction\",\"target\":{\"@type\":\"EntryPoint\",\"urlTemplate\":\"https:\/\/evko-ks.com\/?s={search_term_string}\"},\"query-input\":\"required name=search_term_string\"}],\"inLanguage\":\"sq\"}]}<\/script>\n<!-- \/ Yoast SEO plugin. -->","yoast_head_json":{"title":"Dessert with Oranges - EVKO","robots":{"index":"index","follow":"follow","max-snippet":"max-snippet:-1","max-image-preview":"max-image-preview:large","max-video-preview":"max-video-preview:-1"},"canonical":"https:\/\/evko-ks.com\/sq\/festive-recipes\/dessert-with-oranges\/","og_locale":"sq_AL","og_type":"article","og_title":"Dessert with Oranges - EVKO","og_description":"Dessert with Oranges With this Orange dessert your holidays will be very sweet. The preparation of this dessert is simple, the taste and aroma are fantastic. Ingredients 3-4 oranges 100 gr margarine 250 gr flour 3 eggs 250 gr cream cheese 170 gr sugar 1 tablespoon baking powder Lemon juice. Peel a squash, grate it [&hellip;]","og_url":"https:\/\/evko-ks.com\/sq\/festive-recipes\/dessert-with-oranges\/","og_site_name":"EVKO","article_modified_time":"2022-02-08T15:02:58+00:00","og_image":[{"url":"https:\/\/evko-ks.com\/wp-content\/uploads\/2022\/02\/8.-Embelsire-me-Portokall-1024x683.jpg"}],"twitter_card":"summary_large_image","twitter_misc":{"Est. reading time":"1 minut\u00eb"},"schema":{"@context":"https:\/\/schema.org","@graph":[{"@type":"WebPage","@id":"https:\/\/evko-ks.com\/festive-recipes\/dessert-with-oranges\/","url":"https:\/\/evko-ks.com\/festive-recipes\/dessert-with-oranges\/","name":"Dessert with Oranges - EVKO","isPartOf":{"@id":"https:\/\/evko-ks.com\/#website"},"datePublished":"2022-02-08T14:59:31+00:00","dateModified":"2022-02-08T15:02:58+00:00","breadcrumb":{"@id":"https:\/\/evko-ks.com\/festive-recipes\/dessert-with-oranges\/#breadcrumb"},"inLanguage":"sq","potentialAction":[{"@type":"ReadAction","target":["https:\/\/evko-ks.com\/festive-recipes\/dessert-with-oranges\/"]}]},{"@type":"BreadcrumbList","@id":"https:\/\/evko-ks.com\/festive-recipes\/dessert-with-oranges\/#breadcrumb","itemListElement":[{"@type":"ListItem","position":1,"name":"Home","item":"https:\/\/evko-ks.com\/"},{"@type":"ListItem","position":2,"name":"Festive Recipes","item":"https:\/\/evko-ks.com\/festive-recipes\/"},{"@type":"ListItem","position":3,"name":"Dessert with Oranges"}]},{"@type":"WebSite","@id":"https:\/\/evko-ks.com\/#website","url":"https:\/\/evko-ks.com\/","name":"EVKO","description":"","potentialAction":[{"@type":"SearchAction","target":{"@type":"EntryPoint","urlTemplate":"https:\/\/evko-ks.com\/?s={search_term_string}"},"query-input":"required name=search_term_string"}],"inLanguage":"sq"}]}},"_links":{"self":[{"href":"https:\/\/evko-ks.com\/sq\/wp-json\/wp\/v2\/pages\/6041"}],"collection":[{"href":"https:\/\/evko-ks.com\/sq\/wp-json\/wp\/v2\/pages"}],"about":[{"href":"https:\/\/evko-ks.com\/sq\/wp-json\/wp\/v2\/types\/page"}],"author":[{"embeddable":true,"href":"https:\/\/evko-ks.com\/sq\/wp-json\/wp\/v2\/users\/1"}],"replies":[{"embeddable":true,"href":"https:\/\/evko-ks.com\/sq\/wp-json\/wp\/v2\/comments?post=6041"}],"version-history":[{"count":0,"href":"https:\/\/evko-ks.com\/sq\/wp-json\/wp\/v2\/pages\/6041\/revisions"}],"up":[{"embeddable":true,"href":"https:\/\/evko-ks.com\/sq\/wp-json\/wp\/v2\/pages\/5580"}],"wp:attachment":[{"href":"https:\/\/evko-ks.com\/sq\/wp-json\/wp\/v2\/media?parent=6041"}],"curies":[{"name":"wp","href":"https:\/\/api.w.org\/{rel}","templated":true}]}}