{"id":6060,"date":"2022-02-08T15:05:55","date_gmt":"2022-02-08T15:05:55","guid":{"rendered":"https:\/\/evko-ks.com\/?page_id=6060"},"modified":"2022-02-08T15:08:27","modified_gmt":"2022-02-08T15:08:27","slug":"chocolate-cake","status":"publish","type":"page","link":"https:\/\/evko-ks.com\/sq\/festive-recipes\/chocolate-cake\/","title":{"rendered":"Kek \u00e7okollate"},"content":{"rendered":"<div data-elementor-type=\"wp-page\" data-elementor-id=\"6060\" class=\"elementor elementor-6060\">\n\t\t\t\t\t\t\t\t\t<section class=\"elementor-section elementor-top-section elementor-element elementor-element-1d26c946 elementor-section-boxed elementor-section-height-default elementor-section-height-default\" data-id=\"1d26c946\" data-element_type=\"section\" data-settings=\"{&quot;background_background&quot;:&quot;classic&quot;}\">\n\t\t\t\t\t\t<div class=\"elementor-container elementor-column-gap-default\">\n\t\t\t\t\t<div class=\"elementor-column elementor-col-50 elementor-top-column elementor-element elementor-element-3cb57ad3\" data-id=\"3cb57ad3\" data-element_type=\"column\">\n\t\t\t<div class=\"elementor-widget-wrap elementor-element-populated\">\n\t\t\t\t\t\t\t\t<div class=\"elementor-element elementor-element-74c695bc elementor-widget elementor-widget-image\" data-id=\"74c695bc\" data-element_type=\"widget\" data-widget_type=\"image.default\">\n\t\t\t\t<div class=\"elementor-widget-container\">\n\t\t\t<style>\/*! elementor - v3.11.5 - 14-03-2023 *\/\n.elementor-widget-image{text-align:center}.elementor-widget-image a{display:inline-block}.elementor-widget-image a img[src$=\".svg\"]{width:48px}.elementor-widget-image img{vertical-align:middle;display:inline-block}<\/style>\t\t\t\t\t\t\t\t\t\t\t\t\t<a href=\"https:\/\/evko-ks.com\/sq\/soups\/\">\n\t\t\t\t\t\t\t<img decoding=\"async\" width=\"960\" height=\"640\" src=\"https:\/\/evko-ks.com\/wp-content\/uploads\/2022\/02\/9.-Kek-cokollate-1024x683.jpg\" class=\"attachment-large size-large wp-image-6056\" alt=\"\" loading=\"lazy\" srcset=\"https:\/\/evko-ks.com\/wp-content\/uploads\/2022\/02\/9.-Kek-cokollate-1024x683.jpg 1024w, https:\/\/evko-ks.com\/wp-content\/uploads\/2022\/02\/9.-Kek-cokollate-300x200.jpg 300w, https:\/\/evko-ks.com\/wp-content\/uploads\/2022\/02\/9.-Kek-cokollate-768x512.jpg 768w, https:\/\/evko-ks.com\/wp-content\/uploads\/2022\/02\/9.-Kek-cokollate-1536x1024.jpg 1536w, https:\/\/evko-ks.com\/wp-content\/uploads\/2022\/02\/9.-Kek-cokollate-2048x1365.jpg 2048w, https:\/\/evko-ks.com\/wp-content\/uploads\/2022\/02\/9.-Kek-cokollate-18x12.jpg 18w\" sizes=\"(max-width: 960px) 100vw, 960px\" \/>\t\t\t\t\t\t\t\t<\/a>\n\t\t\t\t\t\t\t\t\t\t\t\t\t\t\t<\/div>\n\t\t\t\t<\/div>\n\t\t\t\t\t<\/div>\n\t\t<\/div>\n\t\t\t\t<div class=\"elementor-column elementor-col-50 elementor-top-column elementor-element elementor-element-43b83abd\" data-id=\"43b83abd\" data-element_type=\"column\">\n\t\t\t<div class=\"elementor-widget-wrap elementor-element-populated\">\n\t\t\t\t\t\t\t\t<div class=\"elementor-element elementor-element-209f7259 elementor-widget elementor-widget-heading\" data-id=\"209f7259\" data-element_type=\"widget\" data-widget_type=\"heading.default\">\n\t\t\t\t<div class=\"elementor-widget-container\">\n\t\t\t<style>\/*! elementor - v3.11.5 - 14-03-2023 *\/\n.elementor-heading-title{padding:0;margin:0;line-height:1}.elementor-widget-heading .elementor-heading-title[class*=elementor-size-]>a{color:inherit;font-size:inherit;line-height:inherit}.elementor-widget-heading .elementor-heading-title.elementor-size-small{font-size:15px}.elementor-widget-heading .elementor-heading-title.elementor-size-medium{font-size:19px}.elementor-widget-heading .elementor-heading-title.elementor-size-large{font-size:29px}.elementor-widget-heading .elementor-heading-title.elementor-size-xl{font-size:39px}.elementor-widget-heading .elementor-heading-title.elementor-size-xxl{font-size:59px}<\/style><h2 class=\"elementor-heading-title elementor-size-default\">Kek \u00e7okollate<\/h2>\t\t<\/div>\n\t\t\t\t<\/div>\n\t\t\t\t<div class=\"elementor-element elementor-element-4a07fc5d elementor-widget elementor-widget-heading\" data-id=\"4a07fc5d\" data-element_type=\"widget\" data-widget_type=\"heading.default\">\n\t\t\t\t<div class=\"elementor-widget-container\">\n\t\t\t<h2 class=\"elementor-heading-title elementor-size-default\">Kek \u00e7okollate me \u00e7okollat\u00eb dhe kos \u00ebsht\u00eb nj\u00eb recet\u00eb e thjesht\u00eb p\u00ebr tu p\u00ebrgatitur duke b\u00ebr\u00eb pak kujdes n\u00eb pjekje. Aroma dhe shija e k\u00ebsaj \u00ebmb\u00eblsire \u00ebsht\u00eb e pa rezistueshme dhe mund t\u00eb konsumohet n\u00eb \u00e7do koh\u00eb.<\/h2>\t\t<\/div>\n\t\t\t\t<\/div>\n\t\t\t\t\t<\/div>\n\t\t<\/div>\n\t\t\t\t\t\t\t<\/div>\n\t\t<\/section>\n\t\t\t\t<section class=\"elementor-section elementor-top-section elementor-element elementor-element-19143cf8 elementor-section-boxed elementor-section-height-default elementor-section-height-default\" data-id=\"19143cf8\" data-element_type=\"section\" data-settings=\"{&quot;background_background&quot;:&quot;classic&quot;}\">\n\t\t\t\t\t\t<div class=\"elementor-container elementor-column-gap-no\">\n\t\t\t\t\t<div class=\"elementor-column elementor-col-100 elementor-top-column elementor-element elementor-element-554fb8b0\" data-id=\"554fb8b0\" data-element_type=\"column\">\n\t\t\t<div class=\"elementor-widget-wrap elementor-element-populated\">\n\t\t\t\t\t\t\t\t<div class=\"elementor-element elementor-element-537ba51c elementor-widget elementor-widget-heading\" data-id=\"537ba51c\" data-element_type=\"widget\" data-widget_type=\"heading.default\">\n\t\t\t\t<div class=\"elementor-widget-container\">\n\t\t\t<h2 class=\"elementor-heading-title elementor-size-default\">P\u00ebrb\u00ebr\u00ebsit<\/h2>\t\t<\/div>\n\t\t\t\t<\/div>\n\t\t\t\t<section class=\"elementor-section elementor-inner-section elementor-element elementor-element-46465ee3 elementor-section-boxed elementor-section-height-default elementor-section-height-default\" data-id=\"46465ee3\" data-element_type=\"section\">\n\t\t\t\t\t\t<div class=\"elementor-container elementor-column-gap-no\">\n\t\t\t\t\t<div class=\"elementor-column elementor-col-100 elementor-inner-column elementor-element elementor-element-5e1dc29d\" data-id=\"5e1dc29d\" data-element_type=\"column\">\n\t\t\t<div class=\"elementor-widget-wrap elementor-element-populated\">\n\t\t\t\t\t\t\t\t<div class=\"elementor-element elementor-element-36bc9ee0 elementor-widget elementor-widget-text-editor\" data-id=\"36bc9ee0\" data-element_type=\"widget\" data-widget_type=\"text-editor.default\">\n\t\t\t\t<div class=\"elementor-widget-container\">\n\t\t\t<style>\/*! elementor - v3.11.5 - 14-03-2023 *\/\n.elementor-widget-text-editor.elementor-drop-cap-view-stacked .elementor-drop-cap{background-color:#818a91;color:#fff}.elementor-widget-text-editor.elementor-drop-cap-view-framed .elementor-drop-cap{color:#818a91;border:3px solid;background-color:transparent}.elementor-widget-text-editor:not(.elementor-drop-cap-view-default) .elementor-drop-cap{margin-top:8px}.elementor-widget-text-editor:not(.elementor-drop-cap-view-default) .elementor-drop-cap-letter{width:1em;height:1em}.elementor-widget-text-editor .elementor-drop-cap{float:left;text-align:center;line-height:1;font-size:50px}.elementor-widget-text-editor .elementor-drop-cap-letter{display:inline-block}<\/style>\t\t\t\t<p>250 gr Miell<\/p><p>200 gr Sheqer<\/p><p>4 Vez\u00eb<\/p><p>150 gr Gjalp\u00eb i fresk\u00ebt<\/p><p>50 gr Lajthi ose bajame t\u00eb pjekura<\/p><p>10 gr Kakao 10 gr<\/p><p>25 gr Liker<\/p><p>Pak ced\u00ebr portokalli<\/p><p>1 gr Sod\u00eb buk\u00eb<\/p>\t\t\t\t\t\t<\/div>\n\t\t\t\t<\/div>\n\t\t\t\t\t<\/div>\n\t\t<\/div>\n\t\t\t\t\t\t\t<\/div>\n\t\t<\/section>\n\t\t\t\t\t<\/div>\n\t\t<\/div>\n\t\t\t\t\t\t\t<\/div>\n\t\t<\/section>\n\t\t\t\t<section class=\"elementor-section elementor-top-section elementor-element elementor-element-70f9be36 elementor-section-boxed elementor-section-height-default elementor-section-height-default\" data-id=\"70f9be36\" data-element_type=\"section\">\n\t\t\t\t\t\t<div class=\"elementor-container elementor-column-gap-no\">\n\t\t\t\t\t<div class=\"elementor-column elementor-col-100 elementor-top-column elementor-element elementor-element-206e2dba\" data-id=\"206e2dba\" data-element_type=\"column\">\n\t\t\t<div class=\"elementor-widget-wrap elementor-element-populated\">\n\t\t\t\t\t\t\t\t<div class=\"elementor-element elementor-element-66ea1120 elementor-widget elementor-widget-heading\" data-id=\"66ea1120\" data-element_type=\"widget\" data-widget_type=\"heading.default\">\n\t\t\t\t<div class=\"elementor-widget-container\">\n\t\t\t<h2 class=\"elementor-heading-title elementor-size-default\">How to use<\/h2>\t\t<\/div>\n\t\t\t\t<\/div>\n\t\t\t\t<section class=\"elementor-section elementor-inner-section elementor-element elementor-element-482dcee4 elementor-section-boxed elementor-section-height-default elementor-section-height-default\" data-id=\"482dcee4\" data-element_type=\"section\">\n\t\t\t\t\t\t<div class=\"elementor-container elementor-column-gap-no\">\n\t\t\t\t\t<div class=\"elementor-column elementor-col-100 elementor-inner-column elementor-element elementor-element-330e961d\" data-id=\"330e961d\" data-element_type=\"column\">\n\t\t\t<div class=\"elementor-widget-wrap elementor-element-populated\">\n\t\t\t\t\t\t\t\t<div class=\"elementor-element elementor-element-7d6c498 elementor-widget elementor-widget-text-editor\" data-id=\"7d6c498\" data-element_type=\"widget\" data-widget_type=\"text-editor.default\">\n\t\t\t\t<div class=\"elementor-widget-container\">\n\t\t\t\t\t\t\t<p><strong>P\u00ebrgatitja:<\/strong><\/p><p>Gjalpi zbutet dhe rrihet me sheqerin n\u00eb en\u00eb inoksi derisa t\u00eb zbardhet. N\u00eb k\u00ebt\u00eb mas\u00eb hidhen t\u00eb verdhat e vez\u00ebve, pjes\u00eb pjes\u00eb, cedra e portokallit, kakao, likeri dhe nj\u00eb  pjes\u00eb mielli i p\u00ebrzier me lajthit\u00eb ose bajamet e pjekura. Nd\u00ebrkoh\u00eb jan\u00eb rrahur t\u00eb bardhat e vez\u00ebve si marenge.<\/p><p>Shtohet \u00bd e t\u00eb bardhave t\u00eb vez\u00ebve, p\u00ebrzihen leht\u00eb, shtohet pjesa tjet\u00ebr e miellit t\u00eb p\u00ebrzier me lajthit\u00eb dhe t\u00eb bardhat e vez\u00ebve (marenga). Brumi i p\u00ebrgatitur hidhet n\u00eb forma t\u00eb shtruara n\u00eb let\u00ebr dhe piqen n\u00eb temperature 190 \u2013 200 grad\u00eb Celsius p\u00ebr 40 \u2013 50 minuta. Pasi ftohen, nxirren nga forma hiqet letra dhe sp\u00ebrkatet me sheqer pluhur.<\/p>\t\t\t\t\t\t<\/div>\n\t\t\t\t<\/div>\n\t\t\t\t\t<\/div>\n\t\t<\/div>\n\t\t\t\t\t\t\t<\/div>\n\t\t<\/section>\n\t\t\t\t\t<\/div>\n\t\t<\/div>\n\t\t\t\t\t\t\t<\/div>\n\t\t<\/section>\n\t\t\t\t\t\t\t<\/div>","protected":false},"excerpt":{"rendered":"<p>Chocolate cake Chocolate and yogurt chocolate cake is a simple recipe to prepare by taking a little care in baking. The aroma and taste of this dessert is irresistible and can be consumed at any time. Ingredients 250 gr Flour 200 gr Sugar 4 Eggs 150 gr Fresh butter 50 gr Roasted hazelnuts or almonds [&hellip;]<\/p>","protected":false},"author":1,"featured_media":0,"parent":5580,"menu_order":0,"comment_status":"closed","ping_status":"closed","template":"","meta":[],"yoast_head":"<!-- This site is optimized with the Yoast SEO plugin v20.3 - https:\/\/yoast.com\/wordpress\/plugins\/seo\/ -->\n<title>Chocolate cake - EVKO<\/title>\n<meta name=\"robots\" content=\"index, follow, max-snippet:-1, max-image-preview:large, max-video-preview:-1\" \/>\n<link rel=\"canonical\" href=\"https:\/\/evko-ks.com\/sq\/festive-recipes\/chocolate-cake\/\" \/>\n<meta property=\"og:locale\" content=\"sq_AL\" \/>\n<meta property=\"og:type\" content=\"article\" \/>\n<meta property=\"og:title\" content=\"Chocolate cake - EVKO\" \/>\n<meta property=\"og:description\" content=\"Chocolate cake Chocolate and yogurt chocolate cake is a simple recipe to prepare by taking a little care in baking. The aroma and taste of this dessert is irresistible and can be consumed at any time. Ingredients 250 gr Flour 200 gr Sugar 4 Eggs 150 gr Fresh butter 50 gr Roasted hazelnuts or almonds [&hellip;]\" \/>\n<meta property=\"og:url\" content=\"https:\/\/evko-ks.com\/sq\/festive-recipes\/chocolate-cake\/\" \/>\n<meta property=\"og:site_name\" content=\"EVKO\" \/>\n<meta property=\"article:modified_time\" content=\"2022-02-08T15:08:27+00:00\" \/>\n<meta property=\"og:image\" content=\"https:\/\/evko-ks.com\/wp-content\/uploads\/2022\/02\/9.-Kek-cokollate-1024x683.jpg\" \/>\n<meta name=\"twitter:card\" content=\"summary_large_image\" \/>\n<meta name=\"twitter:label1\" content=\"Est. reading time\" \/>\n\t<meta name=\"twitter:data1\" content=\"1 minut\u00eb\" \/>\n<script type=\"application\/ld+json\" class=\"yoast-schema-graph\">{\"@context\":\"https:\/\/schema.org\",\"@graph\":[{\"@type\":\"WebPage\",\"@id\":\"https:\/\/evko-ks.com\/festive-recipes\/chocolate-cake\/\",\"url\":\"https:\/\/evko-ks.com\/festive-recipes\/chocolate-cake\/\",\"name\":\"Chocolate cake - EVKO\",\"isPartOf\":{\"@id\":\"https:\/\/evko-ks.com\/#website\"},\"datePublished\":\"2022-02-08T15:05:55+00:00\",\"dateModified\":\"2022-02-08T15:08:27+00:00\",\"breadcrumb\":{\"@id\":\"https:\/\/evko-ks.com\/festive-recipes\/chocolate-cake\/#breadcrumb\"},\"inLanguage\":\"sq\",\"potentialAction\":[{\"@type\":\"ReadAction\",\"target\":[\"https:\/\/evko-ks.com\/festive-recipes\/chocolate-cake\/\"]}]},{\"@type\":\"BreadcrumbList\",\"@id\":\"https:\/\/evko-ks.com\/festive-recipes\/chocolate-cake\/#breadcrumb\",\"itemListElement\":[{\"@type\":\"ListItem\",\"position\":1,\"name\":\"Home\",\"item\":\"https:\/\/evko-ks.com\/\"},{\"@type\":\"ListItem\",\"position\":2,\"name\":\"Festive Recipes\",\"item\":\"https:\/\/evko-ks.com\/festive-recipes\/\"},{\"@type\":\"ListItem\",\"position\":3,\"name\":\"Chocolate cake\"}]},{\"@type\":\"WebSite\",\"@id\":\"https:\/\/evko-ks.com\/#website\",\"url\":\"https:\/\/evko-ks.com\/\",\"name\":\"EVKO\",\"description\":\"\",\"potentialAction\":[{\"@type\":\"SearchAction\",\"target\":{\"@type\":\"EntryPoint\",\"urlTemplate\":\"https:\/\/evko-ks.com\/?s={search_term_string}\"},\"query-input\":\"required name=search_term_string\"}],\"inLanguage\":\"sq\"}]}<\/script>\n<!-- \/ Yoast SEO plugin. -->","yoast_head_json":{"title":"Chocolate cake - EVKO","robots":{"index":"index","follow":"follow","max-snippet":"max-snippet:-1","max-image-preview":"max-image-preview:large","max-video-preview":"max-video-preview:-1"},"canonical":"https:\/\/evko-ks.com\/sq\/festive-recipes\/chocolate-cake\/","og_locale":"sq_AL","og_type":"article","og_title":"Chocolate cake - EVKO","og_description":"Chocolate cake Chocolate and yogurt chocolate cake is a simple recipe to prepare by taking a little care in baking. The aroma and taste of this dessert is irresistible and can be consumed at any time. Ingredients 250 gr Flour 200 gr Sugar 4 Eggs 150 gr Fresh butter 50 gr Roasted hazelnuts or almonds [&hellip;]","og_url":"https:\/\/evko-ks.com\/sq\/festive-recipes\/chocolate-cake\/","og_site_name":"EVKO","article_modified_time":"2022-02-08T15:08:27+00:00","og_image":[{"url":"https:\/\/evko-ks.com\/wp-content\/uploads\/2022\/02\/9.-Kek-cokollate-1024x683.jpg"}],"twitter_card":"summary_large_image","twitter_misc":{"Est. reading time":"1 minut\u00eb"},"schema":{"@context":"https:\/\/schema.org","@graph":[{"@type":"WebPage","@id":"https:\/\/evko-ks.com\/festive-recipes\/chocolate-cake\/","url":"https:\/\/evko-ks.com\/festive-recipes\/chocolate-cake\/","name":"Chocolate cake - EVKO","isPartOf":{"@id":"https:\/\/evko-ks.com\/#website"},"datePublished":"2022-02-08T15:05:55+00:00","dateModified":"2022-02-08T15:08:27+00:00","breadcrumb":{"@id":"https:\/\/evko-ks.com\/festive-recipes\/chocolate-cake\/#breadcrumb"},"inLanguage":"sq","potentialAction":[{"@type":"ReadAction","target":["https:\/\/evko-ks.com\/festive-recipes\/chocolate-cake\/"]}]},{"@type":"BreadcrumbList","@id":"https:\/\/evko-ks.com\/festive-recipes\/chocolate-cake\/#breadcrumb","itemListElement":[{"@type":"ListItem","position":1,"name":"Home","item":"https:\/\/evko-ks.com\/"},{"@type":"ListItem","position":2,"name":"Festive Recipes","item":"https:\/\/evko-ks.com\/festive-recipes\/"},{"@type":"ListItem","position":3,"name":"Chocolate cake"}]},{"@type":"WebSite","@id":"https:\/\/evko-ks.com\/#website","url":"https:\/\/evko-ks.com\/","name":"EVKO","description":"","potentialAction":[{"@type":"SearchAction","target":{"@type":"EntryPoint","urlTemplate":"https:\/\/evko-ks.com\/?s={search_term_string}"},"query-input":"required name=search_term_string"}],"inLanguage":"sq"}]}},"_links":{"self":[{"href":"https:\/\/evko-ks.com\/sq\/wp-json\/wp\/v2\/pages\/6060"}],"collection":[{"href":"https:\/\/evko-ks.com\/sq\/wp-json\/wp\/v2\/pages"}],"about":[{"href":"https:\/\/evko-ks.com\/sq\/wp-json\/wp\/v2\/types\/page"}],"author":[{"embeddable":true,"href":"https:\/\/evko-ks.com\/sq\/wp-json\/wp\/v2\/users\/1"}],"replies":[{"embeddable":true,"href":"https:\/\/evko-ks.com\/sq\/wp-json\/wp\/v2\/comments?post=6060"}],"version-history":[{"count":0,"href":"https:\/\/evko-ks.com\/sq\/wp-json\/wp\/v2\/pages\/6060\/revisions"}],"up":[{"embeddable":true,"href":"https:\/\/evko-ks.com\/sq\/wp-json\/wp\/v2\/pages\/5580"}],"wp:attachment":[{"href":"https:\/\/evko-ks.com\/sq\/wp-json\/wp\/v2\/media?parent=6060"}],"curies":[{"name":"wp","href":"https:\/\/api.w.org\/{rel}","templated":true}]}}