{"id":6199,"date":"2022-02-10T12:43:47","date_gmt":"2022-02-10T12:43:47","guid":{"rendered":"https:\/\/evko-ks.com\/?page_id=6199"},"modified":"2022-02-21T11:02:16","modified_gmt":"2022-02-21T11:02:16","slug":"limontoz-10-gr","status":"publish","type":"page","link":"https:\/\/evko-ks.com\/sq\/products\/baking\/limontoz-10-gr\/","title":{"rendered":"Limontoz 10 gr"},"content":{"rendered":"<div data-elementor-type=\"wp-page\" data-elementor-id=\"6199\" class=\"elementor elementor-6199\">\n\t\t\t\t\t\t\t\t\t<section class=\"elementor-section elementor-top-section elementor-element elementor-element-4ae0f02e elementor-section-boxed elementor-section-height-default elementor-section-height-default\" data-id=\"4ae0f02e\" data-element_type=\"section\" data-settings=\"{&quot;background_background&quot;:&quot;classic&quot;}\">\n\t\t\t\t\t\t<div class=\"elementor-container elementor-column-gap-default\">\n\t\t\t\t\t<div class=\"elementor-column elementor-col-50 elementor-top-column elementor-element elementor-element-24ae4059\" data-id=\"24ae4059\" data-element_type=\"column\">\n\t\t\t<div class=\"elementor-widget-wrap elementor-element-populated\">\n\t\t\t\t\t\t\t\t<div class=\"elementor-element elementor-element-2ca604a0 elementor-widget elementor-widget-image\" data-id=\"2ca604a0\" data-element_type=\"widget\" data-widget_type=\"image.default\">\n\t\t\t\t<div class=\"elementor-widget-container\">\n\t\t\t<style>\/*! elementor - v3.11.5 - 14-03-2023 *\/\n.elementor-widget-image{text-align:center}.elementor-widget-image a{display:inline-block}.elementor-widget-image a img[src$=\".svg\"]{width:48px}.elementor-widget-image img{vertical-align:middle;display:inline-block}<\/style>\t\t\t\t\t\t\t\t\t\t\t\t\t<a href=\"https:\/\/evko-ks.com\/sq\/products\/baking\/\">\n\t\t\t\t\t\t\t<img decoding=\"async\" width=\"960\" height=\"960\" src=\"https:\/\/evko-ks.com\/wp-content\/uploads\/2022\/02\/3.Limontoz-1024x1024.png\" class=\"attachment-large size-large wp-image-6087\" alt=\"\" loading=\"lazy\" srcset=\"https:\/\/evko-ks.com\/wp-content\/uploads\/2022\/02\/3.Limontoz-1024x1024.png 1024w, https:\/\/evko-ks.com\/wp-content\/uploads\/2022\/02\/3.Limontoz-300x300.png 300w, https:\/\/evko-ks.com\/wp-content\/uploads\/2022\/02\/3.Limontoz-150x150.png 150w, https:\/\/evko-ks.com\/wp-content\/uploads\/2022\/02\/3.Limontoz-768x768.png 768w, https:\/\/evko-ks.com\/wp-content\/uploads\/2022\/02\/3.Limontoz-1536x1536.png 1536w, https:\/\/evko-ks.com\/wp-content\/uploads\/2022\/02\/3.Limontoz-2048x2048.png 2048w, https:\/\/evko-ks.com\/wp-content\/uploads\/2022\/02\/3.Limontoz-12x12.png 12w\" sizes=\"(max-width: 960px) 100vw, 960px\" \/>\t\t\t\t\t\t\t\t<\/a>\n\t\t\t\t\t\t\t\t\t\t\t\t\t\t\t<\/div>\n\t\t\t\t<\/div>\n\t\t\t\t\t<\/div>\n\t\t<\/div>\n\t\t\t\t<div class=\"elementor-column elementor-col-50 elementor-top-column elementor-element elementor-element-54e45304\" data-id=\"54e45304\" data-element_type=\"column\">\n\t\t\t<div class=\"elementor-widget-wrap elementor-element-populated\">\n\t\t\t\t\t\t\t\t<div class=\"elementor-element elementor-element-4b01bc78 elementor-widget elementor-widget-heading\" data-id=\"4b01bc78\" data-element_type=\"widget\" data-widget_type=\"heading.default\">\n\t\t\t\t<div class=\"elementor-widget-container\">\n\t\t\t<style>\/*! elementor - v3.11.5 - 14-03-2023 *\/\n.elementor-heading-title{padding:0;margin:0;line-height:1}.elementor-widget-heading .elementor-heading-title[class*=elementor-size-]>a{color:inherit;font-size:inherit;line-height:inherit}.elementor-widget-heading .elementor-heading-title.elementor-size-small{font-size:15px}.elementor-widget-heading .elementor-heading-title.elementor-size-medium{font-size:19px}.elementor-widget-heading .elementor-heading-title.elementor-size-large{font-size:29px}.elementor-widget-heading .elementor-heading-title.elementor-size-xl{font-size:39px}.elementor-widget-heading .elementor-heading-title.elementor-size-xxl{font-size:59px}<\/style><h2 class=\"elementor-heading-title elementor-size-default\">Limontoz 10 gr\u00a0<\/h2>\t\t<\/div>\n\t\t\t\t<\/div>\n\t\t\t\t<div class=\"elementor-element elementor-element-7b4d718c elementor-widget elementor-widget-heading\" data-id=\"7b4d718c\" data-element_type=\"widget\" data-widget_type=\"heading.default\">\n\t\t\t\t<div class=\"elementor-widget-container\">\n\t\t\t<h2 class=\"elementor-heading-title elementor-size-default\">Limontozi \u00ebsht\u00eb acid pluhur i bardh\u00eb, me shije t\u00eb thart\u00eb, q\u00eb gjendet n\u00eb kokrr\u00ebn e limonit e t\u00eb disa bim\u00ebve t\u00eb tjera dhe q\u00eb p\u00ebrdoret shum \u00ebsht\u00eb n\u00eb industrin\u00eb ushqimore por edhe p\u00ebr prodhimin e barnave t\u00eb ndryshme.<\/h2>\t\t<\/div>\n\t\t\t\t<\/div>\n\t\t\t\t\t<\/div>\n\t\t<\/div>\n\t\t\t\t\t\t\t<\/div>\n\t\t<\/section>\n\t\t\t\t<section class=\"elementor-section elementor-top-section elementor-element elementor-element-1798f7f1 elementor-section-boxed elementor-section-height-default elementor-section-height-default\" data-id=\"1798f7f1\" data-element_type=\"section\" data-settings=\"{&quot;background_background&quot;:&quot;classic&quot;}\">\n\t\t\t\t\t\t<div class=\"elementor-container elementor-column-gap-no\">\n\t\t\t\t\t<div class=\"elementor-column elementor-col-100 elementor-top-column elementor-element elementor-element-39239e0c\" data-id=\"39239e0c\" data-element_type=\"column\">\n\t\t\t<div class=\"elementor-widget-wrap elementor-element-populated\">\n\t\t\t\t\t\t\t\t<div class=\"elementor-element elementor-element-2c0067aa elementor-widget elementor-widget-heading\" data-id=\"2c0067aa\" data-element_type=\"widget\" data-widget_type=\"heading.default\">\n\t\t\t\t<div class=\"elementor-widget-container\">\n\t\t\t<h2 class=\"elementor-heading-title elementor-size-default\">P\u00ebrmbajtja<\/h2>\t\t<\/div>\n\t\t\t\t<\/div>\n\t\t\t\t<section class=\"elementor-section elementor-inner-section elementor-element elementor-element-7db65822 elementor-section-boxed elementor-section-height-default elementor-section-height-default\" data-id=\"7db65822\" data-element_type=\"section\">\n\t\t\t\t\t\t<div class=\"elementor-container elementor-column-gap-no\">\n\t\t\t\t\t<div class=\"elementor-column elementor-col-100 elementor-inner-column elementor-element elementor-element-5c6ebd22\" data-id=\"5c6ebd22\" data-element_type=\"column\">\n\t\t\t<div class=\"elementor-widget-wrap elementor-element-populated\">\n\t\t\t\t\t\t\t\t<div class=\"elementor-element elementor-element-126e82b1 elementor-widget elementor-widget-text-editor\" data-id=\"126e82b1\" data-element_type=\"widget\" data-widget_type=\"text-editor.default\">\n\t\t\t\t<div class=\"elementor-widget-container\">\n\t\t\t<style>\/*! elementor - v3.11.5 - 14-03-2023 *\/\n.elementor-widget-text-editor.elementor-drop-cap-view-stacked .elementor-drop-cap{background-color:#818a91;color:#fff}.elementor-widget-text-editor.elementor-drop-cap-view-framed .elementor-drop-cap{color:#818a91;border:3px solid;background-color:transparent}.elementor-widget-text-editor:not(.elementor-drop-cap-view-default) .elementor-drop-cap{margin-top:8px}.elementor-widget-text-editor:not(.elementor-drop-cap-view-default) .elementor-drop-cap-letter{width:1em;height:1em}.elementor-widget-text-editor .elementor-drop-cap{float:left;text-align:center;line-height:1;font-size:50px}.elementor-widget-text-editor .elementor-drop-cap-letter{display:inline-block}<\/style>\t\t\t\t<p>Acid citrik i destinuar p\u00ebr tu p\u00ebrdorur n\u00eb ushqim.                                                    T\u00eb ruhet n\u00eb vend t\u00eb fresk\u00eb dhe t\u00eb that\u00eb!<\/p>\t\t\t\t\t\t<\/div>\n\t\t\t\t<\/div>\n\t\t\t\t<div class=\"elementor-element elementor-element-21357f87 elementor-widget elementor-widget-heading\" data-id=\"21357f87\" data-element_type=\"widget\" data-widget_type=\"heading.default\">\n\t\t\t\t<div class=\"elementor-widget-container\">\n\t\t\t<h2 class=\"elementor-heading-title elementor-size-default\">Barkodi<\/h2>\t\t<\/div>\n\t\t\t\t<\/div>\n\t\t\t\t<div class=\"elementor-element elementor-element-7a8b2c77 elementor-widget elementor-widget-text-editor\" data-id=\"7a8b2c77\" data-element_type=\"widget\" data-widget_type=\"text-editor.default\">\n\t\t\t\t<div class=\"elementor-widget-container\">\n\t\t\t\t\t\t\t<p>3902756210788<\/p>\t\t\t\t\t\t<\/div>\n\t\t\t\t<\/div>\n\t\t\t\t\t<\/div>\n\t\t<\/div>\n\t\t\t\t\t\t\t<\/div>\n\t\t<\/section>\n\t\t\t\t\t<\/div>\n\t\t<\/div>\n\t\t\t\t\t\t\t<\/div>\n\t\t<\/section>\n\t\t\t\t\t\t\t<\/div>","protected":false},"excerpt":{"rendered":"<p>Lemontosis 10 gr Limontosis is a white, sour-tasting powdery acid found in the grains of lemons and some other plants that is widely used in the food industry but alsofor the production of various drugs. Content Citric acid intended for use in food. Store in a cool, dry place! Barcode 3902756210788<\/p>","protected":false},"author":1,"featured_media":0,"parent":6072,"menu_order":0,"comment_status":"closed","ping_status":"closed","template":"","meta":[],"yoast_head":"<!-- This site is optimized with the Yoast SEO plugin v20.3 - https:\/\/yoast.com\/wordpress\/plugins\/seo\/ -->\n<title>Limontoz 10 gr - EVKO<\/title>\n<meta name=\"robots\" content=\"index, follow, max-snippet:-1, max-image-preview:large, max-video-preview:-1\" \/>\n<link rel=\"canonical\" href=\"https:\/\/evko-ks.com\/sq\/products\/baking\/limontoz-10-gr\/\" \/>\n<meta property=\"og:locale\" content=\"sq_AL\" \/>\n<meta property=\"og:type\" content=\"article\" \/>\n<meta property=\"og:title\" content=\"Limontoz 10 gr - EVKO\" \/>\n<meta property=\"og:description\" content=\"Lemontosis 10 gr Limontosis is a white, sour-tasting powdery acid found in the grains of lemons and some other plants that is widely used in the food industry but alsofor the production of various drugs. Content Citric acid intended for use in food. Store in a cool, dry place! Barcode 3902756210788\" \/>\n<meta property=\"og:url\" content=\"https:\/\/evko-ks.com\/sq\/products\/baking\/limontoz-10-gr\/\" \/>\n<meta property=\"og:site_name\" content=\"EVKO\" \/>\n<meta property=\"article:modified_time\" content=\"2022-02-21T11:02:16+00:00\" \/>\n<meta property=\"og:image\" content=\"https:\/\/evko-ks.com\/wp-content\/uploads\/2022\/02\/3.Limontoz-1024x1024.png\" \/>\n<meta name=\"twitter:card\" content=\"summary_large_image\" \/>\n<meta name=\"twitter:label1\" content=\"Est. reading time\" \/>\n\t<meta name=\"twitter:data1\" content=\"1 minut\u00eb\" \/>\n<script type=\"application\/ld+json\" class=\"yoast-schema-graph\">{\"@context\":\"https:\/\/schema.org\",\"@graph\":[{\"@type\":\"WebPage\",\"@id\":\"https:\/\/evko-ks.com\/products\/baking\/limontoz-10-gr\/\",\"url\":\"https:\/\/evko-ks.com\/products\/baking\/limontoz-10-gr\/\",\"name\":\"Limontoz 10 gr - EVKO\",\"isPartOf\":{\"@id\":\"https:\/\/evko-ks.com\/#website\"},\"datePublished\":\"2022-02-10T12:43:47+00:00\",\"dateModified\":\"2022-02-21T11:02:16+00:00\",\"breadcrumb\":{\"@id\":\"https:\/\/evko-ks.com\/products\/baking\/limontoz-10-gr\/#breadcrumb\"},\"inLanguage\":\"sq\",\"potentialAction\":[{\"@type\":\"ReadAction\",\"target\":[\"https:\/\/evko-ks.com\/products\/baking\/limontoz-10-gr\/\"]}]},{\"@type\":\"BreadcrumbList\",\"@id\":\"https:\/\/evko-ks.com\/products\/baking\/limontoz-10-gr\/#breadcrumb\",\"itemListElement\":[{\"@type\":\"ListItem\",\"position\":1,\"name\":\"Home\",\"item\":\"https:\/\/evko-ks.com\/\"},{\"@type\":\"ListItem\",\"position\":2,\"name\":\"Products\",\"item\":\"https:\/\/evko-ks.com\/products\/\"},{\"@type\":\"ListItem\",\"position\":3,\"name\":\"Baking\",\"item\":\"https:\/\/evko-ks.com\/products\/baking\/\"},{\"@type\":\"ListItem\",\"position\":4,\"name\":\"Limontoz 10 gr\"}]},{\"@type\":\"WebSite\",\"@id\":\"https:\/\/evko-ks.com\/#website\",\"url\":\"https:\/\/evko-ks.com\/\",\"name\":\"EVKO\",\"description\":\"\",\"potentialAction\":[{\"@type\":\"SearchAction\",\"target\":{\"@type\":\"EntryPoint\",\"urlTemplate\":\"https:\/\/evko-ks.com\/?s={search_term_string}\"},\"query-input\":\"required name=search_term_string\"}],\"inLanguage\":\"sq\"}]}<\/script>\n<!-- \/ Yoast SEO plugin. -->","yoast_head_json":{"title":"Limontoz 10 gr - EVKO","robots":{"index":"index","follow":"follow","max-snippet":"max-snippet:-1","max-image-preview":"max-image-preview:large","max-video-preview":"max-video-preview:-1"},"canonical":"https:\/\/evko-ks.com\/sq\/products\/baking\/limontoz-10-gr\/","og_locale":"sq_AL","og_type":"article","og_title":"Limontoz 10 gr - EVKO","og_description":"Lemontosis 10 gr Limontosis is a white, sour-tasting powdery acid found in the grains of lemons and some other plants that is widely used in the food industry but alsofor the production of various drugs. Content Citric acid intended for use in food. Store in a cool, dry place! Barcode 3902756210788","og_url":"https:\/\/evko-ks.com\/sq\/products\/baking\/limontoz-10-gr\/","og_site_name":"EVKO","article_modified_time":"2022-02-21T11:02:16+00:00","og_image":[{"url":"https:\/\/evko-ks.com\/wp-content\/uploads\/2022\/02\/3.Limontoz-1024x1024.png"}],"twitter_card":"summary_large_image","twitter_misc":{"Est. reading time":"1 minut\u00eb"},"schema":{"@context":"https:\/\/schema.org","@graph":[{"@type":"WebPage","@id":"https:\/\/evko-ks.com\/products\/baking\/limontoz-10-gr\/","url":"https:\/\/evko-ks.com\/products\/baking\/limontoz-10-gr\/","name":"Limontoz 10 gr - EVKO","isPartOf":{"@id":"https:\/\/evko-ks.com\/#website"},"datePublished":"2022-02-10T12:43:47+00:00","dateModified":"2022-02-21T11:02:16+00:00","breadcrumb":{"@id":"https:\/\/evko-ks.com\/products\/baking\/limontoz-10-gr\/#breadcrumb"},"inLanguage":"sq","potentialAction":[{"@type":"ReadAction","target":["https:\/\/evko-ks.com\/products\/baking\/limontoz-10-gr\/"]}]},{"@type":"BreadcrumbList","@id":"https:\/\/evko-ks.com\/products\/baking\/limontoz-10-gr\/#breadcrumb","itemListElement":[{"@type":"ListItem","position":1,"name":"Home","item":"https:\/\/evko-ks.com\/"},{"@type":"ListItem","position":2,"name":"Products","item":"https:\/\/evko-ks.com\/products\/"},{"@type":"ListItem","position":3,"name":"Baking","item":"https:\/\/evko-ks.com\/products\/baking\/"},{"@type":"ListItem","position":4,"name":"Limontoz 10 gr"}]},{"@type":"WebSite","@id":"https:\/\/evko-ks.com\/#website","url":"https:\/\/evko-ks.com\/","name":"EVKO","description":"","potentialAction":[{"@type":"SearchAction","target":{"@type":"EntryPoint","urlTemplate":"https:\/\/evko-ks.com\/?s={search_term_string}"},"query-input":"required name=search_term_string"}],"inLanguage":"sq"}]}},"_links":{"self":[{"href":"https:\/\/evko-ks.com\/sq\/wp-json\/wp\/v2\/pages\/6199"}],"collection":[{"href":"https:\/\/evko-ks.com\/sq\/wp-json\/wp\/v2\/pages"}],"about":[{"href":"https:\/\/evko-ks.com\/sq\/wp-json\/wp\/v2\/types\/page"}],"author":[{"embeddable":true,"href":"https:\/\/evko-ks.com\/sq\/wp-json\/wp\/v2\/users\/1"}],"replies":[{"embeddable":true,"href":"https:\/\/evko-ks.com\/sq\/wp-json\/wp\/v2\/comments?post=6199"}],"version-history":[{"count":0,"href":"https:\/\/evko-ks.com\/sq\/wp-json\/wp\/v2\/pages\/6199\/revisions"}],"up":[{"embeddable":true,"href":"https:\/\/evko-ks.com\/sq\/wp-json\/wp\/v2\/pages\/6072"}],"wp:attachment":[{"href":"https:\/\/evko-ks.com\/sq\/wp-json\/wp\/v2\/media?parent=6199"}],"curies":[{"name":"wp","href":"https:\/\/api.w.org\/{rel}","templated":true}]}}