{"id":6293,"date":"2022-02-10T13:38:59","date_gmt":"2022-02-10T13:38:59","guid":{"rendered":"https:\/\/evko-ks.com\/?page_id=6293"},"modified":"2022-02-21T11:06:38","modified_gmt":"2022-02-21T11:06:38","slug":"ground-rice-200-gr","status":"publish","type":"page","link":"https:\/\/evko-ks.com\/sq\/products\/baking\/ground-rice-200-gr\/","title":{"rendered":"Oriz i bluar 200 gr\u00a0"},"content":{"rendered":"<div data-elementor-type=\"wp-page\" data-elementor-id=\"6293\" class=\"elementor elementor-6293\">\n\t\t\t\t\t\t\t\t\t<section class=\"elementor-section elementor-top-section elementor-element elementor-element-56cfe5df elementor-section-boxed elementor-section-height-default elementor-section-height-default\" data-id=\"56cfe5df\" data-element_type=\"section\" data-settings=\"{&quot;background_background&quot;:&quot;classic&quot;}\">\n\t\t\t\t\t\t<div class=\"elementor-container elementor-column-gap-default\">\n\t\t\t\t\t<div class=\"elementor-column elementor-col-50 elementor-top-column elementor-element elementor-element-7b5bdbf9\" data-id=\"7b5bdbf9\" data-element_type=\"column\">\n\t\t\t<div class=\"elementor-widget-wrap elementor-element-populated\">\n\t\t\t\t\t\t\t\t<div class=\"elementor-element elementor-element-24260e14 elementor-widget elementor-widget-image\" data-id=\"24260e14\" data-element_type=\"widget\" data-widget_type=\"image.default\">\n\t\t\t\t<div class=\"elementor-widget-container\">\n\t\t\t<style>\/*! elementor - v3.11.5 - 14-03-2023 *\/\n.elementor-widget-image{text-align:center}.elementor-widget-image a{display:inline-block}.elementor-widget-image a img[src$=\".svg\"]{width:48px}.elementor-widget-image img{vertical-align:middle;display:inline-block}<\/style>\t\t\t\t\t\t\t\t\t\t\t\t\t<a href=\"https:\/\/evko-ks.com\/sq\/products\/baking\/\">\n\t\t\t\t\t\t\t<img decoding=\"async\" width=\"960\" height=\"960\" src=\"https:\/\/evko-ks.com\/wp-content\/uploads\/2022\/02\/10.Oriz-I-bluar-200-gr-png-1024x1024.png\" class=\"attachment-large size-large wp-image-6267\" alt=\"\" loading=\"lazy\" srcset=\"https:\/\/evko-ks.com\/wp-content\/uploads\/2022\/02\/10.Oriz-I-bluar-200-gr-png-1024x1024.png 1024w, https:\/\/evko-ks.com\/wp-content\/uploads\/2022\/02\/10.Oriz-I-bluar-200-gr-png-300x300.png 300w, https:\/\/evko-ks.com\/wp-content\/uploads\/2022\/02\/10.Oriz-I-bluar-200-gr-png-150x150.png 150w, https:\/\/evko-ks.com\/wp-content\/uploads\/2022\/02\/10.Oriz-I-bluar-200-gr-png-768x768.png 768w, https:\/\/evko-ks.com\/wp-content\/uploads\/2022\/02\/10.Oriz-I-bluar-200-gr-png-1536x1536.png 1536w, https:\/\/evko-ks.com\/wp-content\/uploads\/2022\/02\/10.Oriz-I-bluar-200-gr-png-2048x2048.png 2048w, https:\/\/evko-ks.com\/wp-content\/uploads\/2022\/02\/10.Oriz-I-bluar-200-gr-png-12x12.png 12w\" sizes=\"(max-width: 960px) 100vw, 960px\" \/>\t\t\t\t\t\t\t\t<\/a>\n\t\t\t\t\t\t\t\t\t\t\t\t\t\t\t<\/div>\n\t\t\t\t<\/div>\n\t\t\t\t\t<\/div>\n\t\t<\/div>\n\t\t\t\t<div class=\"elementor-column elementor-col-50 elementor-top-column elementor-element elementor-element-569562e4\" data-id=\"569562e4\" data-element_type=\"column\">\n\t\t\t<div class=\"elementor-widget-wrap elementor-element-populated\">\n\t\t\t\t\t\t\t\t<div class=\"elementor-element elementor-element-574b9410 elementor-widget elementor-widget-heading\" data-id=\"574b9410\" data-element_type=\"widget\" data-widget_type=\"heading.default\">\n\t\t\t\t<div class=\"elementor-widget-container\">\n\t\t\t<style>\/*! elementor - v3.11.5 - 14-03-2023 *\/\n.elementor-heading-title{padding:0;margin:0;line-height:1}.elementor-widget-heading .elementor-heading-title[class*=elementor-size-]>a{color:inherit;font-size:inherit;line-height:inherit}.elementor-widget-heading .elementor-heading-title.elementor-size-small{font-size:15px}.elementor-widget-heading .elementor-heading-title.elementor-size-medium{font-size:19px}.elementor-widget-heading .elementor-heading-title.elementor-size-large{font-size:29px}.elementor-widget-heading .elementor-heading-title.elementor-size-xl{font-size:39px}.elementor-widget-heading .elementor-heading-title.elementor-size-xxl{font-size:59px}<\/style><h2 class=\"elementor-heading-title elementor-size-default\">Oriz i bluar 200 gr\u00a0<\/h2>\t\t<\/div>\n\t\t\t\t<\/div>\n\t\t\t\t<div class=\"elementor-element elementor-element-637d6b8f elementor-widget elementor-widget-heading\" data-id=\"637d6b8f\" data-element_type=\"widget\" data-widget_type=\"heading.default\">\n\t\t\t\t<div class=\"elementor-widget-container\">\n\t\t\t<h2 class=\"elementor-heading-title elementor-size-default\">Oriz i bluar\u00a0preferohet edhe\u00a0p\u00ebr\u00a0gatimin e \u00ebmbelsirave dhe gatimeve t\u00eb ndryshme. Grizi I grurit po ashtu p\u00ebrdoret edhe si ushqim p\u00ebr f\u00ebmij\u00ebt e vegj\u00ebl, \u00ebsht\u00eb shum\u00eb I shijsh\u00ebm dhe I sh\u00ebndetsh\u00ebm.<\/h2>\t\t<\/div>\n\t\t\t\t<\/div>\n\t\t\t\t\t<\/div>\n\t\t<\/div>\n\t\t\t\t\t\t\t<\/div>\n\t\t<\/section>\n\t\t\t\t<section class=\"elementor-section elementor-top-section elementor-element elementor-element-af8709 elementor-section-boxed elementor-section-height-default elementor-section-height-default\" data-id=\"af8709\" data-element_type=\"section\" data-settings=\"{&quot;background_background&quot;:&quot;classic&quot;}\">\n\t\t\t\t\t\t<div class=\"elementor-container elementor-column-gap-no\">\n\t\t\t\t\t<div class=\"elementor-column elementor-col-100 elementor-top-column elementor-element elementor-element-2b5499c1\" data-id=\"2b5499c1\" data-element_type=\"column\">\n\t\t\t<div class=\"elementor-widget-wrap elementor-element-populated\">\n\t\t\t\t\t\t\t\t<div class=\"elementor-element elementor-element-35f2cc5a elementor-widget elementor-widget-heading\" data-id=\"35f2cc5a\" data-element_type=\"widget\" data-widget_type=\"heading.default\">\n\t\t\t\t<div class=\"elementor-widget-container\">\n\t\t\t<h2 class=\"elementor-heading-title elementor-size-default\">P\u00ebrmbajtja<\/h2>\t\t<\/div>\n\t\t\t\t<\/div>\n\t\t\t\t<section class=\"elementor-section elementor-inner-section elementor-element elementor-element-753251f7 elementor-section-boxed elementor-section-height-default elementor-section-height-default\" data-id=\"753251f7\" data-element_type=\"section\">\n\t\t\t\t\t\t<div class=\"elementor-container elementor-column-gap-no\">\n\t\t\t\t\t<div class=\"elementor-column elementor-col-100 elementor-inner-column elementor-element elementor-element-1309c9d3\" data-id=\"1309c9d3\" data-element_type=\"column\">\n\t\t\t<div class=\"elementor-widget-wrap elementor-element-populated\">\n\t\t\t\t\t\t\t\t<div class=\"elementor-element elementor-element-304ab83 elementor-widget elementor-widget-text-editor\" data-id=\"304ab83\" data-element_type=\"widget\" data-widget_type=\"text-editor.default\">\n\t\t\t\t<div class=\"elementor-widget-container\">\n\t\t\t<style>\/*! elementor - v3.11.5 - 14-03-2023 *\/\n.elementor-widget-text-editor.elementor-drop-cap-view-stacked .elementor-drop-cap{background-color:#818a91;color:#fff}.elementor-widget-text-editor.elementor-drop-cap-view-framed .elementor-drop-cap{color:#818a91;border:3px solid;background-color:transparent}.elementor-widget-text-editor:not(.elementor-drop-cap-view-default) .elementor-drop-cap{margin-top:8px}.elementor-widget-text-editor:not(.elementor-drop-cap-view-default) .elementor-drop-cap-letter{width:1em;height:1em}.elementor-widget-text-editor .elementor-drop-cap{float:left;text-align:center;line-height:1;font-size:50px}.elementor-widget-text-editor .elementor-drop-cap-letter{display:inline-block}<\/style>\t\t\t\t<p>Oriz I bluar 200gr.                                                                                                               T\u00eb ruhet n\u00eb vende t\u00eb thata dhe t\u00eb err\u00ebta.<\/p>\t\t\t\t\t\t<\/div>\n\t\t\t\t<\/div>\n\t\t\t\t<div class=\"elementor-element elementor-element-180335e3 elementor-widget elementor-widget-heading\" data-id=\"180335e3\" data-element_type=\"widget\" data-widget_type=\"heading.default\">\n\t\t\t\t<div class=\"elementor-widget-container\">\n\t\t\t<h2 class=\"elementor-heading-title elementor-size-default\">P\u00ebrgatitja:<\/h2>\t\t<\/div>\n\t\t\t\t<\/div>\n\t\t\t\t<div class=\"elementor-element elementor-element-3221da09 elementor-widget elementor-widget-text-editor\" data-id=\"3221da09\" data-element_type=\"widget\" data-widget_type=\"text-editor.default\">\n\t\t\t\t<div class=\"elementor-widget-container\">\n\t\t\t\t\t\t\t<p>N\u00eb 200ml qum\u00ebsht t\u00eb vluar vendosen dy lug\u00eb( t\u00eb gjell\u00ebs) t\u00eb orizit t\u00eb bluar. Pastaj lihet t\u00eb vloj 7-10min duke e p\u00ebrzier koh\u00eb pas kohe. Emb\u00eblsohet sipas shij\u00ebs.<\/p>\t\t\t\t\t\t<\/div>\n\t\t\t\t<\/div>\n\t\t\t\t<div class=\"elementor-element elementor-element-2ab981a elementor-widget elementor-widget-heading\" data-id=\"2ab981a\" data-element_type=\"widget\" data-widget_type=\"heading.default\">\n\t\t\t\t<div class=\"elementor-widget-container\">\n\t\t\t<h2 class=\"elementor-heading-title elementor-size-default\">Barkodi<\/h2>\t\t<\/div>\n\t\t\t\t<\/div>\n\t\t\t\t<div class=\"elementor-element elementor-element-5e49a40 elementor-widget elementor-widget-text-editor\" data-id=\"5e49a40\" data-element_type=\"widget\" data-widget_type=\"text-editor.default\">\n\t\t\t\t<div class=\"elementor-widget-container\">\n\t\t\t\t\t\t\t<p>3902756210375<\/p>\t\t\t\t\t\t<\/div>\n\t\t\t\t<\/div>\n\t\t\t\t\t<\/div>\n\t\t<\/div>\n\t\t\t\t\t\t\t<\/div>\n\t\t<\/section>\n\t\t\t\t\t<\/div>\n\t\t<\/div>\n\t\t\t\t\t\t\t<\/div>\n\t\t<\/section>\n\t\t\t\t\t\t\t<\/div>","protected":false},"excerpt":{"rendered":"<p>Ground rice 200 gr Ground rice is also preferred for cooking sweets and various dishes. Wheatgrass is also used as food for young children, it is very tasty and healthy. Content Ground rice 200gr. Store in a dry, dark place. Preparation In 200ml of boiling milk put two tablespoons (of the dish) of ground rice. [&hellip;]<\/p>","protected":false},"author":1,"featured_media":0,"parent":6072,"menu_order":0,"comment_status":"closed","ping_status":"closed","template":"","meta":[],"yoast_head":"<!-- This site is optimized with the Yoast SEO plugin v20.3 - https:\/\/yoast.com\/wordpress\/plugins\/seo\/ -->\n<title>Ground rice 200 gr - EVKO<\/title>\n<meta name=\"robots\" content=\"index, follow, max-snippet:-1, max-image-preview:large, max-video-preview:-1\" \/>\n<link rel=\"canonical\" href=\"https:\/\/evko-ks.com\/sq\/products\/baking\/ground-rice-200-gr\/\" \/>\n<meta property=\"og:locale\" content=\"sq_AL\" \/>\n<meta property=\"og:type\" content=\"article\" \/>\n<meta property=\"og:title\" content=\"Ground rice 200 gr - EVKO\" \/>\n<meta property=\"og:description\" content=\"Ground rice 200 gr Ground rice is also preferred for cooking sweets and various dishes. Wheatgrass is also used as food for young children, it is very tasty and healthy. Content Ground rice 200gr. Store in a dry, dark place. Preparation In 200ml of boiling milk put two tablespoons (of the dish) of ground rice. [&hellip;]\" \/>\n<meta property=\"og:url\" content=\"https:\/\/evko-ks.com\/sq\/products\/baking\/ground-rice-200-gr\/\" \/>\n<meta property=\"og:site_name\" content=\"EVKO\" \/>\n<meta property=\"article:modified_time\" content=\"2022-02-21T11:06:38+00:00\" \/>\n<meta property=\"og:image\" content=\"https:\/\/evko-ks.com\/wp-content\/uploads\/2022\/02\/10.Oriz-I-bluar-200-gr-png-1024x1024.png\" \/>\n<meta name=\"twitter:card\" content=\"summary_large_image\" \/>\n<meta name=\"twitter:label1\" content=\"Est. reading time\" \/>\n\t<meta name=\"twitter:data1\" content=\"1 minut\u00eb\" \/>\n<script type=\"application\/ld+json\" class=\"yoast-schema-graph\">{\"@context\":\"https:\/\/schema.org\",\"@graph\":[{\"@type\":\"WebPage\",\"@id\":\"https:\/\/evko-ks.com\/products\/baking\/ground-rice-200-gr\/\",\"url\":\"https:\/\/evko-ks.com\/products\/baking\/ground-rice-200-gr\/\",\"name\":\"Ground rice 200 gr - EVKO\",\"isPartOf\":{\"@id\":\"https:\/\/evko-ks.com\/#website\"},\"datePublished\":\"2022-02-10T13:38:59+00:00\",\"dateModified\":\"2022-02-21T11:06:38+00:00\",\"breadcrumb\":{\"@id\":\"https:\/\/evko-ks.com\/products\/baking\/ground-rice-200-gr\/#breadcrumb\"},\"inLanguage\":\"sq\",\"potentialAction\":[{\"@type\":\"ReadAction\",\"target\":[\"https:\/\/evko-ks.com\/products\/baking\/ground-rice-200-gr\/\"]}]},{\"@type\":\"BreadcrumbList\",\"@id\":\"https:\/\/evko-ks.com\/products\/baking\/ground-rice-200-gr\/#breadcrumb\",\"itemListElement\":[{\"@type\":\"ListItem\",\"position\":1,\"name\":\"Home\",\"item\":\"https:\/\/evko-ks.com\/\"},{\"@type\":\"ListItem\",\"position\":2,\"name\":\"Products\",\"item\":\"https:\/\/evko-ks.com\/products\/\"},{\"@type\":\"ListItem\",\"position\":3,\"name\":\"Baking\",\"item\":\"https:\/\/evko-ks.com\/products\/baking\/\"},{\"@type\":\"ListItem\",\"position\":4,\"name\":\"Ground rice 200 gr\"}]},{\"@type\":\"WebSite\",\"@id\":\"https:\/\/evko-ks.com\/#website\",\"url\":\"https:\/\/evko-ks.com\/\",\"name\":\"EVKO\",\"description\":\"\",\"potentialAction\":[{\"@type\":\"SearchAction\",\"target\":{\"@type\":\"EntryPoint\",\"urlTemplate\":\"https:\/\/evko-ks.com\/?s={search_term_string}\"},\"query-input\":\"required name=search_term_string\"}],\"inLanguage\":\"sq\"}]}<\/script>\n<!-- \/ Yoast SEO plugin. -->","yoast_head_json":{"title":"Ground rice 200 gr - EVKO","robots":{"index":"index","follow":"follow","max-snippet":"max-snippet:-1","max-image-preview":"max-image-preview:large","max-video-preview":"max-video-preview:-1"},"canonical":"https:\/\/evko-ks.com\/sq\/products\/baking\/ground-rice-200-gr\/","og_locale":"sq_AL","og_type":"article","og_title":"Ground rice 200 gr - EVKO","og_description":"Ground rice 200 gr Ground rice is also preferred for cooking sweets and various dishes. Wheatgrass is also used as food for young children, it is very tasty and healthy. Content Ground rice 200gr. Store in a dry, dark place. Preparation In 200ml of boiling milk put two tablespoons (of the dish) of ground rice. [&hellip;]","og_url":"https:\/\/evko-ks.com\/sq\/products\/baking\/ground-rice-200-gr\/","og_site_name":"EVKO","article_modified_time":"2022-02-21T11:06:38+00:00","og_image":[{"url":"https:\/\/evko-ks.com\/wp-content\/uploads\/2022\/02\/10.Oriz-I-bluar-200-gr-png-1024x1024.png"}],"twitter_card":"summary_large_image","twitter_misc":{"Est. reading time":"1 minut\u00eb"},"schema":{"@context":"https:\/\/schema.org","@graph":[{"@type":"WebPage","@id":"https:\/\/evko-ks.com\/products\/baking\/ground-rice-200-gr\/","url":"https:\/\/evko-ks.com\/products\/baking\/ground-rice-200-gr\/","name":"Ground rice 200 gr - EVKO","isPartOf":{"@id":"https:\/\/evko-ks.com\/#website"},"datePublished":"2022-02-10T13:38:59+00:00","dateModified":"2022-02-21T11:06:38+00:00","breadcrumb":{"@id":"https:\/\/evko-ks.com\/products\/baking\/ground-rice-200-gr\/#breadcrumb"},"inLanguage":"sq","potentialAction":[{"@type":"ReadAction","target":["https:\/\/evko-ks.com\/products\/baking\/ground-rice-200-gr\/"]}]},{"@type":"BreadcrumbList","@id":"https:\/\/evko-ks.com\/products\/baking\/ground-rice-200-gr\/#breadcrumb","itemListElement":[{"@type":"ListItem","position":1,"name":"Home","item":"https:\/\/evko-ks.com\/"},{"@type":"ListItem","position":2,"name":"Products","item":"https:\/\/evko-ks.com\/products\/"},{"@type":"ListItem","position":3,"name":"Baking","item":"https:\/\/evko-ks.com\/products\/baking\/"},{"@type":"ListItem","position":4,"name":"Ground rice 200 gr"}]},{"@type":"WebSite","@id":"https:\/\/evko-ks.com\/#website","url":"https:\/\/evko-ks.com\/","name":"EVKO","description":"","potentialAction":[{"@type":"SearchAction","target":{"@type":"EntryPoint","urlTemplate":"https:\/\/evko-ks.com\/?s={search_term_string}"},"query-input":"required name=search_term_string"}],"inLanguage":"sq"}]}},"_links":{"self":[{"href":"https:\/\/evko-ks.com\/sq\/wp-json\/wp\/v2\/pages\/6293"}],"collection":[{"href":"https:\/\/evko-ks.com\/sq\/wp-json\/wp\/v2\/pages"}],"about":[{"href":"https:\/\/evko-ks.com\/sq\/wp-json\/wp\/v2\/types\/page"}],"author":[{"embeddable":true,"href":"https:\/\/evko-ks.com\/sq\/wp-json\/wp\/v2\/users\/1"}],"replies":[{"embeddable":true,"href":"https:\/\/evko-ks.com\/sq\/wp-json\/wp\/v2\/comments?post=6293"}],"version-history":[{"count":0,"href":"https:\/\/evko-ks.com\/sq\/wp-json\/wp\/v2\/pages\/6293\/revisions"}],"up":[{"embeddable":true,"href":"https:\/\/evko-ks.com\/sq\/wp-json\/wp\/v2\/pages\/6072"}],"wp:attachment":[{"href":"https:\/\/evko-ks.com\/sq\/wp-json\/wp\/v2\/media?parent=6293"}],"curies":[{"name":"wp","href":"https:\/\/api.w.org\/{rel}","templated":true}]}}