{"id":6415,"date":"2022-02-10T14:36:13","date_gmt":"2022-02-10T14:36:13","guid":{"rendered":"https:\/\/evko-ks.com\/?page_id=6415"},"modified":"2022-02-21T11:13:43","modified_gmt":"2022-02-21T11:13:43","slug":"baking-soda-1000-gr","status":"publish","type":"page","link":"https:\/\/evko-ks.com\/sq\/products\/baking\/baking-soda-1000-gr\/","title":{"rendered":"Sod\u00eb bikarbona 1000 gr"},"content":{"rendered":"<div data-elementor-type=\"wp-page\" data-elementor-id=\"6415\" class=\"elementor elementor-6415\">\n\t\t\t\t\t\t\t\t\t<section class=\"elementor-section elementor-top-section elementor-element elementor-element-2c5708e0 elementor-section-boxed elementor-section-height-default elementor-section-height-default\" data-id=\"2c5708e0\" data-element_type=\"section\" data-settings=\"{&quot;background_background&quot;:&quot;classic&quot;}\">\n\t\t\t\t\t\t<div class=\"elementor-container elementor-column-gap-default\">\n\t\t\t\t\t<div class=\"elementor-column elementor-col-50 elementor-top-column elementor-element elementor-element-646ce7ce\" data-id=\"646ce7ce\" data-element_type=\"column\">\n\t\t\t<div class=\"elementor-widget-wrap elementor-element-populated\">\n\t\t\t\t\t\t\t\t<div class=\"elementor-element elementor-element-169f4850 elementor-widget elementor-widget-image\" data-id=\"169f4850\" data-element_type=\"widget\" data-widget_type=\"image.default\">\n\t\t\t\t<div class=\"elementor-widget-container\">\n\t\t\t<style>\/*! elementor - v3.11.5 - 14-03-2023 *\/\n.elementor-widget-image{text-align:center}.elementor-widget-image a{display:inline-block}.elementor-widget-image a img[src$=\".svg\"]{width:48px}.elementor-widget-image img{vertical-align:middle;display:inline-block}<\/style>\t\t\t\t\t\t\t\t\t\t\t\t\t<a href=\"https:\/\/evko-ks.com\/sq\/products\/baking\/\">\n\t\t\t\t\t\t\t<img decoding=\"async\" width=\"960\" height=\"960\" src=\"https:\/\/evko-ks.com\/wp-content\/uploads\/2022\/02\/21.Sode_1000gr-1024x1024.png\" class=\"attachment-large size-large wp-image-6372\" alt=\"\" loading=\"lazy\" srcset=\"https:\/\/evko-ks.com\/wp-content\/uploads\/2022\/02\/21.Sode_1000gr-1024x1024.png 1024w, https:\/\/evko-ks.com\/wp-content\/uploads\/2022\/02\/21.Sode_1000gr-300x300.png 300w, https:\/\/evko-ks.com\/wp-content\/uploads\/2022\/02\/21.Sode_1000gr-150x150.png 150w, https:\/\/evko-ks.com\/wp-content\/uploads\/2022\/02\/21.Sode_1000gr-768x768.png 768w, https:\/\/evko-ks.com\/wp-content\/uploads\/2022\/02\/21.Sode_1000gr-1536x1536.png 1536w, https:\/\/evko-ks.com\/wp-content\/uploads\/2022\/02\/21.Sode_1000gr-2048x2048.png 2048w, https:\/\/evko-ks.com\/wp-content\/uploads\/2022\/02\/21.Sode_1000gr-12x12.png 12w\" sizes=\"(max-width: 960px) 100vw, 960px\" \/>\t\t\t\t\t\t\t\t<\/a>\n\t\t\t\t\t\t\t\t\t\t\t\t\t\t\t<\/div>\n\t\t\t\t<\/div>\n\t\t\t\t\t<\/div>\n\t\t<\/div>\n\t\t\t\t<div class=\"elementor-column elementor-col-50 elementor-top-column elementor-element elementor-element-6946de0e\" data-id=\"6946de0e\" data-element_type=\"column\">\n\t\t\t<div class=\"elementor-widget-wrap elementor-element-populated\">\n\t\t\t\t\t\t\t\t<div class=\"elementor-element elementor-element-7155dabe elementor-widget elementor-widget-heading\" data-id=\"7155dabe\" data-element_type=\"widget\" data-widget_type=\"heading.default\">\n\t\t\t\t<div class=\"elementor-widget-container\">\n\t\t\t<style>\/*! elementor - v3.11.5 - 14-03-2023 *\/\n.elementor-heading-title{padding:0;margin:0;line-height:1}.elementor-widget-heading .elementor-heading-title[class*=elementor-size-]>a{color:inherit;font-size:inherit;line-height:inherit}.elementor-widget-heading .elementor-heading-title.elementor-size-small{font-size:15px}.elementor-widget-heading .elementor-heading-title.elementor-size-medium{font-size:19px}.elementor-widget-heading .elementor-heading-title.elementor-size-large{font-size:29px}.elementor-widget-heading .elementor-heading-title.elementor-size-xl{font-size:39px}.elementor-widget-heading .elementor-heading-title.elementor-size-xxl{font-size:59px}<\/style><h2 class=\"elementor-heading-title elementor-size-default\">Sod\u00eb bikarbona 1000 gr<\/h2>\t\t<\/div>\n\t\t\t\t<\/div>\n\t\t\t\t<div class=\"elementor-element elementor-element-50f95753 elementor-widget elementor-widget-heading\" data-id=\"50f95753\" data-element_type=\"widget\" data-widget_type=\"heading.default\">\n\t\t\t\t<div class=\"elementor-widget-container\">\n\t\t\t<h2 class=\"elementor-heading-title elementor-size-default\">Soda e buk\u00ebs, e njohur gjithashtu si bikarbonat natriumi ose bikarbonat i sod\u00ebs, \u00ebsht\u00eb nj\u00eb p\u00ebrb\u00ebr\u00ebs popullor buke. Ai u jep ushqimeve si buka, \u00ebmb\u00eblsirat, kiflet dhe biskotat nj\u00eb struktur\u00eb t\u00eb leht\u00eb dhe t\u00eb mir\u00eb.<\/h2>\t\t<\/div>\n\t\t\t\t<\/div>\n\t\t\t\t\t<\/div>\n\t\t<\/div>\n\t\t\t\t\t\t\t<\/div>\n\t\t<\/section>\n\t\t\t\t<section class=\"elementor-section elementor-top-section elementor-element elementor-element-2df96f98 elementor-section-boxed elementor-section-height-default elementor-section-height-default\" data-id=\"2df96f98\" data-element_type=\"section\" data-settings=\"{&quot;background_background&quot;:&quot;classic&quot;}\">\n\t\t\t\t\t\t<div class=\"elementor-container elementor-column-gap-no\">\n\t\t\t\t\t<div class=\"elementor-column elementor-col-100 elementor-top-column elementor-element elementor-element-52f1b030\" data-id=\"52f1b030\" data-element_type=\"column\">\n\t\t\t<div class=\"elementor-widget-wrap elementor-element-populated\">\n\t\t\t\t\t\t\t\t<div class=\"elementor-element elementor-element-5629f9fc elementor-widget elementor-widget-heading\" data-id=\"5629f9fc\" data-element_type=\"widget\" data-widget_type=\"heading.default\">\n\t\t\t\t<div class=\"elementor-widget-container\">\n\t\t\t<h2 class=\"elementor-heading-title elementor-size-default\">P\u00ebrmbajtja<\/h2>\t\t<\/div>\n\t\t\t\t<\/div>\n\t\t\t\t<section class=\"elementor-section elementor-inner-section elementor-element elementor-element-28174e0b elementor-section-boxed elementor-section-height-default elementor-section-height-default\" data-id=\"28174e0b\" data-element_type=\"section\">\n\t\t\t\t\t\t<div class=\"elementor-container elementor-column-gap-no\">\n\t\t\t\t\t<div class=\"elementor-column elementor-col-100 elementor-inner-column elementor-element elementor-element-42690ee2\" data-id=\"42690ee2\" data-element_type=\"column\">\n\t\t\t<div class=\"elementor-widget-wrap elementor-element-populated\">\n\t\t\t\t\t\t\t\t<div class=\"elementor-element elementor-element-171e3844 elementor-widget elementor-widget-text-editor\" data-id=\"171e3844\" data-element_type=\"widget\" data-widget_type=\"text-editor.default\">\n\t\t\t\t<div class=\"elementor-widget-container\">\n\t\t\t<style>\/*! elementor - v3.11.5 - 14-03-2023 *\/\n.elementor-widget-text-editor.elementor-drop-cap-view-stacked .elementor-drop-cap{background-color:#818a91;color:#fff}.elementor-widget-text-editor.elementor-drop-cap-view-framed .elementor-drop-cap{color:#818a91;border:3px solid;background-color:transparent}.elementor-widget-text-editor:not(.elementor-drop-cap-view-default) .elementor-drop-cap{margin-top:8px}.elementor-widget-text-editor:not(.elementor-drop-cap-view-default) .elementor-drop-cap-letter{width:1em;height:1em}.elementor-widget-text-editor .elementor-drop-cap{float:left;text-align:center;line-height:1;font-size:50px}.elementor-widget-text-editor .elementor-drop-cap-letter{display:inline-block}<\/style>\t\t\t\t<p>Sod\u00eb Bikarbonati.                                                                                                              T\u00eb ruhet n\u00eb vende t\u00eb thata dhe t\u00eb err\u00ebta.<\/p>\t\t\t\t\t\t<\/div>\n\t\t\t\t<\/div>\n\t\t\t\t<div class=\"elementor-element elementor-element-7c74242d elementor-widget elementor-widget-heading\" data-id=\"7c74242d\" data-element_type=\"widget\" data-widget_type=\"heading.default\">\n\t\t\t\t<div class=\"elementor-widget-container\">\n\t\t\t<h2 class=\"elementor-heading-title elementor-size-default\">Barkodi<\/h2>\t\t<\/div>\n\t\t\t\t<\/div>\n\t\t\t\t<div class=\"elementor-element elementor-element-578a2ac5 elementor-widget elementor-widget-text-editor\" data-id=\"578a2ac5\" data-element_type=\"widget\" data-widget_type=\"text-editor.default\">\n\t\t\t\t<div class=\"elementor-widget-container\">\n\t\t\t\t\t\t\t<p>3902756210412<\/p>\t\t\t\t\t\t<\/div>\n\t\t\t\t<\/div>\n\t\t\t\t\t<\/div>\n\t\t<\/div>\n\t\t\t\t\t\t\t<\/div>\n\t\t<\/section>\n\t\t\t\t\t<\/div>\n\t\t<\/div>\n\t\t\t\t\t\t\t<\/div>\n\t\t<\/section>\n\t\t\t\t\t\t\t<\/div>","protected":false},"excerpt":{"rendered":"<p>Baking soda 1000 gr Baking soda, also known as sodium bicarbonate or baking soda, is a popular bread ingredient. It gives foods like bread, sweets, muffins and biscuits a light and good structure. Content Baking soda. Store in a dry, dark place. Barcode 3902756210412<\/p>","protected":false},"author":1,"featured_media":0,"parent":6072,"menu_order":0,"comment_status":"closed","ping_status":"closed","template":"","meta":[],"yoast_head":"<!-- This site is optimized with the Yoast SEO plugin v20.3 - https:\/\/yoast.com\/wordpress\/plugins\/seo\/ -->\n<title>Baking soda 1000 gr - EVKO<\/title>\n<meta name=\"robots\" content=\"index, follow, max-snippet:-1, max-image-preview:large, max-video-preview:-1\" \/>\n<link rel=\"canonical\" href=\"https:\/\/evko-ks.com\/sq\/products\/baking\/baking-soda-1000-gr\/\" \/>\n<meta property=\"og:locale\" content=\"sq_AL\" \/>\n<meta property=\"og:type\" content=\"article\" \/>\n<meta property=\"og:title\" content=\"Baking soda 1000 gr - EVKO\" \/>\n<meta property=\"og:description\" content=\"Baking soda 1000 gr Baking soda, also known as sodium bicarbonate or baking soda, is a popular bread ingredient. It gives foods like bread, sweets, muffins and biscuits a light and good structure. Content Baking soda. Store in a dry, dark place. Barcode 3902756210412\" \/>\n<meta property=\"og:url\" content=\"https:\/\/evko-ks.com\/sq\/products\/baking\/baking-soda-1000-gr\/\" \/>\n<meta property=\"og:site_name\" content=\"EVKO\" \/>\n<meta property=\"article:modified_time\" content=\"2022-02-21T11:13:43+00:00\" \/>\n<meta property=\"og:image\" content=\"https:\/\/evko-ks.com\/wp-content\/uploads\/2022\/02\/21.Sode_1000gr-1024x1024.png\" \/>\n<meta name=\"twitter:card\" content=\"summary_large_image\" \/>\n<meta name=\"twitter:label1\" content=\"Est. reading time\" \/>\n\t<meta name=\"twitter:data1\" content=\"1 minut\u00eb\" \/>\n<script type=\"application\/ld+json\" class=\"yoast-schema-graph\">{\"@context\":\"https:\/\/schema.org\",\"@graph\":[{\"@type\":\"WebPage\",\"@id\":\"https:\/\/evko-ks.com\/products\/baking\/baking-soda-1000-gr\/\",\"url\":\"https:\/\/evko-ks.com\/products\/baking\/baking-soda-1000-gr\/\",\"name\":\"Baking soda 1000 gr - EVKO\",\"isPartOf\":{\"@id\":\"https:\/\/evko-ks.com\/#website\"},\"datePublished\":\"2022-02-10T14:36:13+00:00\",\"dateModified\":\"2022-02-21T11:13:43+00:00\",\"breadcrumb\":{\"@id\":\"https:\/\/evko-ks.com\/products\/baking\/baking-soda-1000-gr\/#breadcrumb\"},\"inLanguage\":\"sq\",\"potentialAction\":[{\"@type\":\"ReadAction\",\"target\":[\"https:\/\/evko-ks.com\/products\/baking\/baking-soda-1000-gr\/\"]}]},{\"@type\":\"BreadcrumbList\",\"@id\":\"https:\/\/evko-ks.com\/products\/baking\/baking-soda-1000-gr\/#breadcrumb\",\"itemListElement\":[{\"@type\":\"ListItem\",\"position\":1,\"name\":\"Home\",\"item\":\"https:\/\/evko-ks.com\/\"},{\"@type\":\"ListItem\",\"position\":2,\"name\":\"Products\",\"item\":\"https:\/\/evko-ks.com\/products\/\"},{\"@type\":\"ListItem\",\"position\":3,\"name\":\"Baking\",\"item\":\"https:\/\/evko-ks.com\/products\/baking\/\"},{\"@type\":\"ListItem\",\"position\":4,\"name\":\"Baking soda 1000 gr\"}]},{\"@type\":\"WebSite\",\"@id\":\"https:\/\/evko-ks.com\/#website\",\"url\":\"https:\/\/evko-ks.com\/\",\"name\":\"EVKO\",\"description\":\"\",\"potentialAction\":[{\"@type\":\"SearchAction\",\"target\":{\"@type\":\"EntryPoint\",\"urlTemplate\":\"https:\/\/evko-ks.com\/?s={search_term_string}\"},\"query-input\":\"required name=search_term_string\"}],\"inLanguage\":\"sq\"}]}<\/script>\n<!-- \/ Yoast SEO plugin. -->","yoast_head_json":{"title":"Baking soda 1000 gr - EVKO","robots":{"index":"index","follow":"follow","max-snippet":"max-snippet:-1","max-image-preview":"max-image-preview:large","max-video-preview":"max-video-preview:-1"},"canonical":"https:\/\/evko-ks.com\/sq\/products\/baking\/baking-soda-1000-gr\/","og_locale":"sq_AL","og_type":"article","og_title":"Baking soda 1000 gr - EVKO","og_description":"Baking soda 1000 gr Baking soda, also known as sodium bicarbonate or baking soda, is a popular bread ingredient. It gives foods like bread, sweets, muffins and biscuits a light and good structure. Content Baking soda. Store in a dry, dark place. Barcode 3902756210412","og_url":"https:\/\/evko-ks.com\/sq\/products\/baking\/baking-soda-1000-gr\/","og_site_name":"EVKO","article_modified_time":"2022-02-21T11:13:43+00:00","og_image":[{"url":"https:\/\/evko-ks.com\/wp-content\/uploads\/2022\/02\/21.Sode_1000gr-1024x1024.png"}],"twitter_card":"summary_large_image","twitter_misc":{"Est. reading time":"1 minut\u00eb"},"schema":{"@context":"https:\/\/schema.org","@graph":[{"@type":"WebPage","@id":"https:\/\/evko-ks.com\/products\/baking\/baking-soda-1000-gr\/","url":"https:\/\/evko-ks.com\/products\/baking\/baking-soda-1000-gr\/","name":"Baking soda 1000 gr - EVKO","isPartOf":{"@id":"https:\/\/evko-ks.com\/#website"},"datePublished":"2022-02-10T14:36:13+00:00","dateModified":"2022-02-21T11:13:43+00:00","breadcrumb":{"@id":"https:\/\/evko-ks.com\/products\/baking\/baking-soda-1000-gr\/#breadcrumb"},"inLanguage":"sq","potentialAction":[{"@type":"ReadAction","target":["https:\/\/evko-ks.com\/products\/baking\/baking-soda-1000-gr\/"]}]},{"@type":"BreadcrumbList","@id":"https:\/\/evko-ks.com\/products\/baking\/baking-soda-1000-gr\/#breadcrumb","itemListElement":[{"@type":"ListItem","position":1,"name":"Home","item":"https:\/\/evko-ks.com\/"},{"@type":"ListItem","position":2,"name":"Products","item":"https:\/\/evko-ks.com\/products\/"},{"@type":"ListItem","position":3,"name":"Baking","item":"https:\/\/evko-ks.com\/products\/baking\/"},{"@type":"ListItem","position":4,"name":"Baking soda 1000 gr"}]},{"@type":"WebSite","@id":"https:\/\/evko-ks.com\/#website","url":"https:\/\/evko-ks.com\/","name":"EVKO","description":"","potentialAction":[{"@type":"SearchAction","target":{"@type":"EntryPoint","urlTemplate":"https:\/\/evko-ks.com\/?s={search_term_string}"},"query-input":"required name=search_term_string"}],"inLanguage":"sq"}]}},"_links":{"self":[{"href":"https:\/\/evko-ks.com\/sq\/wp-json\/wp\/v2\/pages\/6415"}],"collection":[{"href":"https:\/\/evko-ks.com\/sq\/wp-json\/wp\/v2\/pages"}],"about":[{"href":"https:\/\/evko-ks.com\/sq\/wp-json\/wp\/v2\/types\/page"}],"author":[{"embeddable":true,"href":"https:\/\/evko-ks.com\/sq\/wp-json\/wp\/v2\/users\/1"}],"replies":[{"embeddable":true,"href":"https:\/\/evko-ks.com\/sq\/wp-json\/wp\/v2\/comments?post=6415"}],"version-history":[{"count":0,"href":"https:\/\/evko-ks.com\/sq\/wp-json\/wp\/v2\/pages\/6415\/revisions"}],"up":[{"embeddable":true,"href":"https:\/\/evko-ks.com\/sq\/wp-json\/wp\/v2\/pages\/6072"}],"wp:attachment":[{"href":"https:\/\/evko-ks.com\/sq\/wp-json\/wp\/v2\/media?parent=6415"}],"curies":[{"name":"wp","href":"https:\/\/api.w.org\/{rel}","templated":true}]}}