{"id":6470,"date":"2022-02-11T07:39:06","date_gmt":"2022-02-11T07:39:06","guid":{"rendered":"https:\/\/evko-ks.com\/?page_id=6470"},"modified":"2022-02-11T07:40:53","modified_gmt":"2022-02-11T07:40:53","slug":"puding-dessert","status":"publish","type":"page","link":"https:\/\/evko-ks.com\/sq\/recipes\/puding-dessert\/","title":{"rendered":"\u00cbmbelsir\u00eb me puding"},"content":{"rendered":"<div data-elementor-type=\"wp-page\" data-elementor-id=\"6470\" class=\"elementor elementor-6470\">\n\t\t\t\t\t\t\t\t\t<section class=\"elementor-section elementor-top-section elementor-element elementor-element-488b074 elementor-section-boxed elementor-section-height-default elementor-section-height-default\" data-id=\"488b074\" data-element_type=\"section\" data-settings=\"{&quot;background_background&quot;:&quot;classic&quot;}\">\n\t\t\t\t\t\t<div class=\"elementor-container elementor-column-gap-default\">\n\t\t\t\t\t<div class=\"elementor-column elementor-col-50 elementor-top-column elementor-element elementor-element-48a73a9\" data-id=\"48a73a9\" data-element_type=\"column\">\n\t\t\t<div class=\"elementor-widget-wrap elementor-element-populated\">\n\t\t\t\t\t\t\t\t<div class=\"elementor-element elementor-element-3c13284d elementor-widget elementor-widget-image\" data-id=\"3c13284d\" data-element_type=\"widget\" data-widget_type=\"image.default\">\n\t\t\t\t<div class=\"elementor-widget-container\">\n\t\t\t<style>\/*! elementor - v3.11.5 - 14-03-2023 *\/\n.elementor-widget-image{text-align:center}.elementor-widget-image a{display:inline-block}.elementor-widget-image a img[src$=\".svg\"]{width:48px}.elementor-widget-image img{vertical-align:middle;display:inline-block}<\/style>\t\t\t\t\t\t\t\t\t\t\t\t\t<a href=\"https:\/\/evko-ks.com\/sq\/soups\/\">\n\t\t\t\t\t\t\t<img decoding=\"async\" width=\"960\" height=\"640\" src=\"https:\/\/evko-ks.com\/wp-content\/uploads\/2022\/02\/3-1024x683.jpg\" class=\"attachment-large size-large wp-image-6443\" alt=\"\" loading=\"lazy\" srcset=\"https:\/\/evko-ks.com\/wp-content\/uploads\/2022\/02\/3-1024x683.jpg 1024w, https:\/\/evko-ks.com\/wp-content\/uploads\/2022\/02\/3-300x200.jpg 300w, https:\/\/evko-ks.com\/wp-content\/uploads\/2022\/02\/3-768x512.jpg 768w, https:\/\/evko-ks.com\/wp-content\/uploads\/2022\/02\/3-1536x1024.jpg 1536w, https:\/\/evko-ks.com\/wp-content\/uploads\/2022\/02\/3-2048x1365.jpg 2048w, https:\/\/evko-ks.com\/wp-content\/uploads\/2022\/02\/3-18x12.jpg 18w\" sizes=\"(max-width: 960px) 100vw, 960px\" \/>\t\t\t\t\t\t\t\t<\/a>\n\t\t\t\t\t\t\t\t\t\t\t\t\t\t\t<\/div>\n\t\t\t\t<\/div>\n\t\t\t\t\t<\/div>\n\t\t<\/div>\n\t\t\t\t<div class=\"elementor-column elementor-col-50 elementor-top-column elementor-element elementor-element-a8d2489\" data-id=\"a8d2489\" data-element_type=\"column\">\n\t\t\t<div class=\"elementor-widget-wrap elementor-element-populated\">\n\t\t\t\t\t\t\t\t<div class=\"elementor-element elementor-element-7da3329f elementor-widget elementor-widget-heading\" data-id=\"7da3329f\" data-element_type=\"widget\" data-widget_type=\"heading.default\">\n\t\t\t\t<div class=\"elementor-widget-container\">\n\t\t\t<style>\/*! elementor - v3.11.5 - 14-03-2023 *\/\n.elementor-heading-title{padding:0;margin:0;line-height:1}.elementor-widget-heading .elementor-heading-title[class*=elementor-size-]>a{color:inherit;font-size:inherit;line-height:inherit}.elementor-widget-heading .elementor-heading-title.elementor-size-small{font-size:15px}.elementor-widget-heading .elementor-heading-title.elementor-size-medium{font-size:19px}.elementor-widget-heading .elementor-heading-title.elementor-size-large{font-size:29px}.elementor-widget-heading .elementor-heading-title.elementor-size-xl{font-size:39px}.elementor-widget-heading .elementor-heading-title.elementor-size-xxl{font-size:59px}<\/style><h2 class=\"elementor-heading-title elementor-size-default\">\u00cbmbelsir\u00eb me puding<\/h2>\t\t<\/div>\n\t\t\t\t<\/div>\n\t\t\t\t<div class=\"elementor-element elementor-element-1029403b elementor-widget elementor-widget-heading\" data-id=\"1029403b\" data-element_type=\"widget\" data-widget_type=\"heading.default\">\n\t\t\t\t<div class=\"elementor-widget-container\">\n\t\t\t<h2 class=\"elementor-heading-title elementor-size-default\">\u00cbmbelsira me puding \u00ebsht\u00eb nj\u00eb \u00ebmb\u00eblsir\u00eb q\u00eb mund t\u00eb p\u00ebrgatitet n\u00eb shum\u00eb sht\u00ebpi. Mjaftojn\u00eb p\u00ebrb\u00ebr\u00ebs t\u00eb thjeshta dhe keni nj\u00eb \u00ebmb\u00eblsir\u00eb shum\u00eb t\u00eb shijshme, provojeni dhe do t\u00eb ju p\u00eblqej shum\u00eb.<\/h2>\t\t<\/div>\n\t\t\t\t<\/div>\n\t\t\t\t\t<\/div>\n\t\t<\/div>\n\t\t\t\t\t\t\t<\/div>\n\t\t<\/section>\n\t\t\t\t<section class=\"elementor-section elementor-top-section elementor-element elementor-element-658924f5 elementor-section-boxed elementor-section-height-default elementor-section-height-default\" data-id=\"658924f5\" data-element_type=\"section\" data-settings=\"{&quot;background_background&quot;:&quot;classic&quot;}\">\n\t\t\t\t\t\t<div class=\"elementor-container elementor-column-gap-no\">\n\t\t\t\t\t<div class=\"elementor-column elementor-col-100 elementor-top-column elementor-element elementor-element-3d7503b9\" data-id=\"3d7503b9\" data-element_type=\"column\">\n\t\t\t<div class=\"elementor-widget-wrap elementor-element-populated\">\n\t\t\t\t\t\t\t\t<div class=\"elementor-element elementor-element-6f2d96bb elementor-widget elementor-widget-heading\" data-id=\"6f2d96bb\" data-element_type=\"widget\" data-widget_type=\"heading.default\">\n\t\t\t\t<div class=\"elementor-widget-container\">\n\t\t\t<h2 class=\"elementor-heading-title elementor-size-default\">P\u00ebrb\u00ebr\u00ebsit<\/h2>\t\t<\/div>\n\t\t\t\t<\/div>\n\t\t\t\t<section class=\"elementor-section elementor-inner-section elementor-element elementor-element-3c366e3f elementor-section-boxed elementor-section-height-default elementor-section-height-default\" data-id=\"3c366e3f\" data-element_type=\"section\">\n\t\t\t\t\t\t<div class=\"elementor-container elementor-column-gap-no\">\n\t\t\t\t\t<div class=\"elementor-column elementor-col-100 elementor-inner-column elementor-element elementor-element-6a480599\" data-id=\"6a480599\" data-element_type=\"column\">\n\t\t\t<div class=\"elementor-widget-wrap elementor-element-populated\">\n\t\t\t\t\t\t\t\t<div class=\"elementor-element elementor-element-114a3c32 elementor-widget elementor-widget-text-editor\" data-id=\"114a3c32\" data-element_type=\"widget\" data-widget_type=\"text-editor.default\">\n\t\t\t\t<div class=\"elementor-widget-container\">\n\t\t\t<style>\/*! elementor - v3.11.5 - 14-03-2023 *\/\n.elementor-widget-text-editor.elementor-drop-cap-view-stacked .elementor-drop-cap{background-color:#818a91;color:#fff}.elementor-widget-text-editor.elementor-drop-cap-view-framed .elementor-drop-cap{color:#818a91;border:3px solid;background-color:transparent}.elementor-widget-text-editor:not(.elementor-drop-cap-view-default) .elementor-drop-cap{margin-top:8px}.elementor-widget-text-editor:not(.elementor-drop-cap-view-default) .elementor-drop-cap-letter{width:1em;height:1em}.elementor-widget-text-editor .elementor-drop-cap{float:left;text-align:center;line-height:1;font-size:50px}.elementor-widget-text-editor .elementor-drop-cap-letter{display:inline-block}<\/style>\t\t\t\t<p>3 Vez\u00eb<\/p><p>1 got\u00eb Sheqer pluhur<\/p><p>1 got\u00eb Qum\u00ebsht<\/p><p>1 got\u00eb Vaj vegjetal<\/p><p>2 gota Miell<\/p><p>1 Pluhur p\u00ebr pjekurina<\/p><p>1 Vanilj\u00eb<\/p><p>1 Puding<\/p><p>2 gota Kakao<\/p>\t\t\t\t\t\t<\/div>\n\t\t\t\t<\/div>\n\t\t\t\t\t<\/div>\n\t\t<\/div>\n\t\t\t\t\t\t\t<\/div>\n\t\t<\/section>\n\t\t\t\t\t<\/div>\n\t\t<\/div>\n\t\t\t\t\t\t\t<\/div>\n\t\t<\/section>\n\t\t\t\t<section class=\"elementor-section elementor-top-section elementor-element elementor-element-68e2104a elementor-section-boxed elementor-section-height-default elementor-section-height-default\" data-id=\"68e2104a\" data-element_type=\"section\">\n\t\t\t\t\t\t<div class=\"elementor-container elementor-column-gap-no\">\n\t\t\t\t\t<div class=\"elementor-column elementor-col-100 elementor-top-column elementor-element elementor-element-64171a70\" data-id=\"64171a70\" data-element_type=\"column\">\n\t\t\t<div class=\"elementor-widget-wrap elementor-element-populated\">\n\t\t\t\t\t\t\t\t<div class=\"elementor-element elementor-element-1c944b24 elementor-widget elementor-widget-heading\" data-id=\"1c944b24\" data-element_type=\"widget\" data-widget_type=\"heading.default\">\n\t\t\t\t<div class=\"elementor-widget-container\">\n\t\t\t<h2 class=\"elementor-heading-title elementor-size-default\">How to use<\/h2>\t\t<\/div>\n\t\t\t\t<\/div>\n\t\t\t\t<section class=\"elementor-section elementor-inner-section elementor-element elementor-element-456e8309 elementor-section-boxed elementor-section-height-default elementor-section-height-default\" data-id=\"456e8309\" data-element_type=\"section\">\n\t\t\t\t\t\t<div class=\"elementor-container elementor-column-gap-no\">\n\t\t\t\t\t<div class=\"elementor-column elementor-col-100 elementor-inner-column elementor-element elementor-element-1dfb12e6\" data-id=\"1dfb12e6\" data-element_type=\"column\">\n\t\t\t<div class=\"elementor-widget-wrap elementor-element-populated\">\n\t\t\t\t\t\t\t\t<div class=\"elementor-element elementor-element-4471f7a7 elementor-widget elementor-widget-text-editor\" data-id=\"4471f7a7\" data-element_type=\"widget\" data-widget_type=\"text-editor.default\">\n\t\t\t\t<div class=\"elementor-widget-container\">\n\t\t\t\t\t\t\t<p><strong>P\u00ebrgatitja:<\/strong><\/p><p>P\u00ebrve\u00e7 kakaos t\u00eb gjith\u00eb p\u00ebrb\u00ebr\u00ebsit e tjer\u00eb i derdhni n\u00eb nj\u00eb en\u00eb dhe p\u00ebrzieni rreth 5 minuta.<\/p><p>Gjysm\u00ebn e glazur\u00ebs e derdhni tek ena e pjekj\u00ebs nd\u00ebrsa gjysm\u00ebs tjet\u00ebr ia shtoni kakaon dhe e p\u00ebrzieni.<\/p><p>Glazur\u00ebn me kakao e derdhni p\u00ebrmbi tek glazura e par\u00eb dhe tort\u00ebn e v\u00ebni n\u00eb furr\u00eb p\u00ebr pjekje n\u00eb temperatur\u00eb 180 grad\u00eb celsius.<\/p><p>Pas pjekj\u00ebs tort\u00ebs p\u00ebrmbi i hedhni pudingun.<\/p>\t\t\t\t\t\t<\/div>\n\t\t\t\t<\/div>\n\t\t\t\t\t<\/div>\n\t\t<\/div>\n\t\t\t\t\t\t\t<\/div>\n\t\t<\/section>\n\t\t\t\t\t<\/div>\n\t\t<\/div>\n\t\t\t\t\t\t\t<\/div>\n\t\t<\/section>\n\t\t\t\t\t\t\t<\/div>","protected":false},"excerpt":{"rendered":"<p>Puding dessert Puding cake is a dessert that can be prepared in many homes. Simple ingredients are enough and you have a very tasty dessert, try it and you will love it. Ingredients 3 Eggs 1 cup powdered Sugar 1 glass of Milk 1 cup vegetable Oil 2 cups Flour 1 Baking powder 1 Vanilla [&hellip;]<\/p>","protected":false},"author":1,"featured_media":0,"parent":6439,"menu_order":0,"comment_status":"closed","ping_status":"closed","template":"","meta":[],"yoast_head":"<!-- This site is optimized with the Yoast SEO plugin v20.3 - https:\/\/yoast.com\/wordpress\/plugins\/seo\/ -->\n<title>Puding dessert - EVKO<\/title>\n<meta name=\"robots\" content=\"index, follow, max-snippet:-1, max-image-preview:large, max-video-preview:-1\" \/>\n<link rel=\"canonical\" href=\"https:\/\/evko-ks.com\/sq\/recipes\/puding-dessert\/\" \/>\n<meta property=\"og:locale\" content=\"sq_AL\" \/>\n<meta property=\"og:type\" content=\"article\" \/>\n<meta property=\"og:title\" content=\"Puding dessert - EVKO\" \/>\n<meta property=\"og:description\" content=\"Puding dessert Puding cake is a dessert that can be prepared in many homes. Simple ingredients are enough and you have a very tasty dessert, try it and you will love it. Ingredients 3 Eggs 1 cup powdered Sugar 1 glass of Milk 1 cup vegetable Oil 2 cups Flour 1 Baking powder 1 Vanilla [&hellip;]\" \/>\n<meta property=\"og:url\" content=\"https:\/\/evko-ks.com\/sq\/recipes\/puding-dessert\/\" \/>\n<meta property=\"og:site_name\" content=\"EVKO\" \/>\n<meta property=\"article:modified_time\" content=\"2022-02-11T07:40:53+00:00\" \/>\n<meta property=\"og:image\" content=\"https:\/\/evko-ks.com\/wp-content\/uploads\/2022\/02\/3-1024x683.jpg\" \/>\n<meta name=\"twitter:card\" content=\"summary_large_image\" \/>\n<meta name=\"twitter:label1\" content=\"Est. reading time\" \/>\n\t<meta name=\"twitter:data1\" content=\"1 minut\u00eb\" \/>\n<script type=\"application\/ld+json\" class=\"yoast-schema-graph\">{\"@context\":\"https:\/\/schema.org\",\"@graph\":[{\"@type\":\"WebPage\",\"@id\":\"https:\/\/evko-ks.com\/recipes\/puding-dessert\/\",\"url\":\"https:\/\/evko-ks.com\/recipes\/puding-dessert\/\",\"name\":\"Puding dessert - EVKO\",\"isPartOf\":{\"@id\":\"https:\/\/evko-ks.com\/#website\"},\"datePublished\":\"2022-02-11T07:39:06+00:00\",\"dateModified\":\"2022-02-11T07:40:53+00:00\",\"breadcrumb\":{\"@id\":\"https:\/\/evko-ks.com\/recipes\/puding-dessert\/#breadcrumb\"},\"inLanguage\":\"sq\",\"potentialAction\":[{\"@type\":\"ReadAction\",\"target\":[\"https:\/\/evko-ks.com\/recipes\/puding-dessert\/\"]}]},{\"@type\":\"BreadcrumbList\",\"@id\":\"https:\/\/evko-ks.com\/recipes\/puding-dessert\/#breadcrumb\",\"itemListElement\":[{\"@type\":\"ListItem\",\"position\":1,\"name\":\"Home\",\"item\":\"https:\/\/evko-ks.com\/\"},{\"@type\":\"ListItem\",\"position\":2,\"name\":\"Recipes\",\"item\":\"https:\/\/evko-ks.com\/recipes\/\"},{\"@type\":\"ListItem\",\"position\":3,\"name\":\"Puding dessert\"}]},{\"@type\":\"WebSite\",\"@id\":\"https:\/\/evko-ks.com\/#website\",\"url\":\"https:\/\/evko-ks.com\/\",\"name\":\"EVKO\",\"description\":\"\",\"potentialAction\":[{\"@type\":\"SearchAction\",\"target\":{\"@type\":\"EntryPoint\",\"urlTemplate\":\"https:\/\/evko-ks.com\/?s={search_term_string}\"},\"query-input\":\"required name=search_term_string\"}],\"inLanguage\":\"sq\"}]}<\/script>\n<!-- \/ Yoast SEO plugin. -->","yoast_head_json":{"title":"Puding dessert - EVKO","robots":{"index":"index","follow":"follow","max-snippet":"max-snippet:-1","max-image-preview":"max-image-preview:large","max-video-preview":"max-video-preview:-1"},"canonical":"https:\/\/evko-ks.com\/sq\/recipes\/puding-dessert\/","og_locale":"sq_AL","og_type":"article","og_title":"Puding dessert - EVKO","og_description":"Puding dessert Puding cake is a dessert that can be prepared in many homes. Simple ingredients are enough and you have a very tasty dessert, try it and you will love it. Ingredients 3 Eggs 1 cup powdered Sugar 1 glass of Milk 1 cup vegetable Oil 2 cups Flour 1 Baking powder 1 Vanilla [&hellip;]","og_url":"https:\/\/evko-ks.com\/sq\/recipes\/puding-dessert\/","og_site_name":"EVKO","article_modified_time":"2022-02-11T07:40:53+00:00","og_image":[{"url":"https:\/\/evko-ks.com\/wp-content\/uploads\/2022\/02\/3-1024x683.jpg"}],"twitter_card":"summary_large_image","twitter_misc":{"Est. reading time":"1 minut\u00eb"},"schema":{"@context":"https:\/\/schema.org","@graph":[{"@type":"WebPage","@id":"https:\/\/evko-ks.com\/recipes\/puding-dessert\/","url":"https:\/\/evko-ks.com\/recipes\/puding-dessert\/","name":"Puding dessert - EVKO","isPartOf":{"@id":"https:\/\/evko-ks.com\/#website"},"datePublished":"2022-02-11T07:39:06+00:00","dateModified":"2022-02-11T07:40:53+00:00","breadcrumb":{"@id":"https:\/\/evko-ks.com\/recipes\/puding-dessert\/#breadcrumb"},"inLanguage":"sq","potentialAction":[{"@type":"ReadAction","target":["https:\/\/evko-ks.com\/recipes\/puding-dessert\/"]}]},{"@type":"BreadcrumbList","@id":"https:\/\/evko-ks.com\/recipes\/puding-dessert\/#breadcrumb","itemListElement":[{"@type":"ListItem","position":1,"name":"Home","item":"https:\/\/evko-ks.com\/"},{"@type":"ListItem","position":2,"name":"Recipes","item":"https:\/\/evko-ks.com\/recipes\/"},{"@type":"ListItem","position":3,"name":"Puding dessert"}]},{"@type":"WebSite","@id":"https:\/\/evko-ks.com\/#website","url":"https:\/\/evko-ks.com\/","name":"EVKO","description":"","potentialAction":[{"@type":"SearchAction","target":{"@type":"EntryPoint","urlTemplate":"https:\/\/evko-ks.com\/?s={search_term_string}"},"query-input":"required name=search_term_string"}],"inLanguage":"sq"}]}},"_links":{"self":[{"href":"https:\/\/evko-ks.com\/sq\/wp-json\/wp\/v2\/pages\/6470"}],"collection":[{"href":"https:\/\/evko-ks.com\/sq\/wp-json\/wp\/v2\/pages"}],"about":[{"href":"https:\/\/evko-ks.com\/sq\/wp-json\/wp\/v2\/types\/page"}],"author":[{"embeddable":true,"href":"https:\/\/evko-ks.com\/sq\/wp-json\/wp\/v2\/users\/1"}],"replies":[{"embeddable":true,"href":"https:\/\/evko-ks.com\/sq\/wp-json\/wp\/v2\/comments?post=6470"}],"version-history":[{"count":0,"href":"https:\/\/evko-ks.com\/sq\/wp-json\/wp\/v2\/pages\/6470\/revisions"}],"up":[{"embeddable":true,"href":"https:\/\/evko-ks.com\/sq\/wp-json\/wp\/v2\/pages\/6439"}],"wp:attachment":[{"href":"https:\/\/evko-ks.com\/sq\/wp-json\/wp\/v2\/media?parent=6470"}],"curies":[{"name":"wp","href":"https:\/\/api.w.org\/{rel}","templated":true}]}}