{"id":6482,"date":"2022-02-11T07:42:10","date_gmt":"2022-02-11T07:42:10","guid":{"rendered":"https:\/\/evko-ks.com\/?page_id=6482"},"modified":"2022-02-11T07:43:40","modified_gmt":"2022-02-11T07:43:40","slug":"chocolate-strawberries","status":"publish","type":"page","link":"https:\/\/evko-ks.com\/sq\/recipes\/chocolate-strawberries\/","title":{"rendered":"Luleshtrydhe me \u00e7okollat\u00eb"},"content":{"rendered":"<div data-elementor-type=\"wp-page\" data-elementor-id=\"6482\" class=\"elementor elementor-6482\">\n\t\t\t\t\t\t\t\t\t<section class=\"elementor-section elementor-top-section elementor-element elementor-element-cf14d4b elementor-section-boxed elementor-section-height-default elementor-section-height-default\" data-id=\"cf14d4b\" data-element_type=\"section\" data-settings=\"{&quot;background_background&quot;:&quot;classic&quot;}\">\n\t\t\t\t\t\t<div class=\"elementor-container elementor-column-gap-default\">\n\t\t\t\t\t<div class=\"elementor-column elementor-col-50 elementor-top-column elementor-element elementor-element-6f1147a\" data-id=\"6f1147a\" data-element_type=\"column\">\n\t\t\t<div class=\"elementor-widget-wrap elementor-element-populated\">\n\t\t\t\t\t\t\t\t<div class=\"elementor-element elementor-element-3dc92fc6 elementor-widget elementor-widget-image\" data-id=\"3dc92fc6\" data-element_type=\"widget\" data-widget_type=\"image.default\">\n\t\t\t\t<div class=\"elementor-widget-container\">\n\t\t\t<style>\/*! elementor - v3.11.5 - 14-03-2023 *\/\n.elementor-widget-image{text-align:center}.elementor-widget-image a{display:inline-block}.elementor-widget-image a img[src$=\".svg\"]{width:48px}.elementor-widget-image img{vertical-align:middle;display:inline-block}<\/style>\t\t\t\t\t\t\t\t\t\t\t\t\t<a href=\"https:\/\/evko-ks.com\/sq\/soups\/\">\n\t\t\t\t\t\t\t<img decoding=\"async\" width=\"960\" height=\"640\" src=\"https:\/\/evko-ks.com\/wp-content\/uploads\/2022\/02\/4-1024x683.jpg\" class=\"attachment-large size-large wp-image-6446\" alt=\"\" loading=\"lazy\" srcset=\"https:\/\/evko-ks.com\/wp-content\/uploads\/2022\/02\/4-1024x683.jpg 1024w, https:\/\/evko-ks.com\/wp-content\/uploads\/2022\/02\/4-300x200.jpg 300w, https:\/\/evko-ks.com\/wp-content\/uploads\/2022\/02\/4-768x512.jpg 768w, https:\/\/evko-ks.com\/wp-content\/uploads\/2022\/02\/4-1536x1024.jpg 1536w, https:\/\/evko-ks.com\/wp-content\/uploads\/2022\/02\/4-2048x1365.jpg 2048w, https:\/\/evko-ks.com\/wp-content\/uploads\/2022\/02\/4-18x12.jpg 18w\" sizes=\"(max-width: 960px) 100vw, 960px\" \/>\t\t\t\t\t\t\t\t<\/a>\n\t\t\t\t\t\t\t\t\t\t\t\t\t\t\t<\/div>\n\t\t\t\t<\/div>\n\t\t\t\t\t<\/div>\n\t\t<\/div>\n\t\t\t\t<div class=\"elementor-column elementor-col-50 elementor-top-column elementor-element elementor-element-18e8dc2f\" data-id=\"18e8dc2f\" data-element_type=\"column\">\n\t\t\t<div class=\"elementor-widget-wrap elementor-element-populated\">\n\t\t\t\t\t\t\t\t<div class=\"elementor-element elementor-element-73d6ccc3 elementor-widget elementor-widget-heading\" data-id=\"73d6ccc3\" data-element_type=\"widget\" data-widget_type=\"heading.default\">\n\t\t\t\t<div class=\"elementor-widget-container\">\n\t\t\t<style>\/*! elementor - v3.11.5 - 14-03-2023 *\/\n.elementor-heading-title{padding:0;margin:0;line-height:1}.elementor-widget-heading .elementor-heading-title[class*=elementor-size-]>a{color:inherit;font-size:inherit;line-height:inherit}.elementor-widget-heading .elementor-heading-title.elementor-size-small{font-size:15px}.elementor-widget-heading .elementor-heading-title.elementor-size-medium{font-size:19px}.elementor-widget-heading .elementor-heading-title.elementor-size-large{font-size:29px}.elementor-widget-heading .elementor-heading-title.elementor-size-xl{font-size:39px}.elementor-widget-heading .elementor-heading-title.elementor-size-xxl{font-size:59px}<\/style><h2 class=\"elementor-heading-title elementor-size-default\">Luleshtrydhe me \u00e7okollat\u00eb<\/h2>\t\t<\/div>\n\t\t\t\t<\/div>\n\t\t\t\t<div class=\"elementor-element elementor-element-72aa4bd4 elementor-widget elementor-widget-heading\" data-id=\"72aa4bd4\" data-element_type=\"widget\" data-widget_type=\"heading.default\">\n\t\t\t\t<div class=\"elementor-widget-container\">\n\t\t\t<h2 class=\"elementor-heading-title elementor-size-default\">Luleshtrydhe me \u00e7okollat\u00eb p\u00ebr nj\u00eb shije t\u00eb p\u00ebrkryer. K\u00ebta dy p\u00ebrb\u00ebr\u00ebs shkojn\u00eb shum\u00eb me nj\u00ebri tjetrin, prandaj ju preferjm\u00eb ta p\u00ebrgatitni dhe ta shijoni.<\/h2>\t\t<\/div>\n\t\t\t\t<\/div>\n\t\t\t\t\t<\/div>\n\t\t<\/div>\n\t\t\t\t\t\t\t<\/div>\n\t\t<\/section>\n\t\t\t\t<section class=\"elementor-section elementor-top-section elementor-element elementor-element-17393f65 elementor-section-boxed elementor-section-height-default elementor-section-height-default\" data-id=\"17393f65\" data-element_type=\"section\" data-settings=\"{&quot;background_background&quot;:&quot;classic&quot;}\">\n\t\t\t\t\t\t<div class=\"elementor-container elementor-column-gap-no\">\n\t\t\t\t\t<div class=\"elementor-column elementor-col-100 elementor-top-column elementor-element elementor-element-3fb02f46\" data-id=\"3fb02f46\" data-element_type=\"column\">\n\t\t\t<div class=\"elementor-widget-wrap elementor-element-populated\">\n\t\t\t\t\t\t\t\t<div class=\"elementor-element elementor-element-25fd4f20 elementor-widget elementor-widget-heading\" data-id=\"25fd4f20\" data-element_type=\"widget\" data-widget_type=\"heading.default\">\n\t\t\t\t<div class=\"elementor-widget-container\">\n\t\t\t<h2 class=\"elementor-heading-title elementor-size-default\">P\u00ebrb\u00ebr\u00ebsit<\/h2>\t\t<\/div>\n\t\t\t\t<\/div>\n\t\t\t\t<section class=\"elementor-section elementor-inner-section elementor-element elementor-element-54757743 elementor-section-boxed elementor-section-height-default elementor-section-height-default\" data-id=\"54757743\" data-element_type=\"section\">\n\t\t\t\t\t\t<div class=\"elementor-container elementor-column-gap-no\">\n\t\t\t\t\t<div class=\"elementor-column elementor-col-100 elementor-inner-column elementor-element elementor-element-1aa69ca5\" data-id=\"1aa69ca5\" data-element_type=\"column\">\n\t\t\t<div class=\"elementor-widget-wrap elementor-element-populated\">\n\t\t\t\t\t\t\t\t<div class=\"elementor-element elementor-element-67e4f654 elementor-widget elementor-widget-text-editor\" data-id=\"67e4f654\" data-element_type=\"widget\" data-widget_type=\"text-editor.default\">\n\t\t\t\t<div class=\"elementor-widget-container\">\n\t\t\t<style>\/*! elementor - v3.11.5 - 14-03-2023 *\/\n.elementor-widget-text-editor.elementor-drop-cap-view-stacked .elementor-drop-cap{background-color:#818a91;color:#fff}.elementor-widget-text-editor.elementor-drop-cap-view-framed .elementor-drop-cap{color:#818a91;border:3px solid;background-color:transparent}.elementor-widget-text-editor:not(.elementor-drop-cap-view-default) .elementor-drop-cap{margin-top:8px}.elementor-widget-text-editor:not(.elementor-drop-cap-view-default) .elementor-drop-cap-letter{width:1em;height:1em}.elementor-widget-text-editor .elementor-drop-cap{float:left;text-align:center;line-height:1;font-size:50px}.elementor-widget-text-editor .elementor-drop-cap-letter{display:inline-block}<\/style>\t\t\t\t<p>400gr Luleshtrydhe<\/p><p>200gr Cokollat\u00eb p\u00ebr gatim<\/p><p>20gr Gjalp\u00eb<\/p>\t\t\t\t\t\t<\/div>\n\t\t\t\t<\/div>\n\t\t\t\t\t<\/div>\n\t\t<\/div>\n\t\t\t\t\t\t\t<\/div>\n\t\t<\/section>\n\t\t\t\t\t<\/div>\n\t\t<\/div>\n\t\t\t\t\t\t\t<\/div>\n\t\t<\/section>\n\t\t\t\t<section class=\"elementor-section elementor-top-section elementor-element elementor-element-397372e8 elementor-section-boxed elementor-section-height-default elementor-section-height-default\" data-id=\"397372e8\" data-element_type=\"section\">\n\t\t\t\t\t\t<div class=\"elementor-container elementor-column-gap-no\">\n\t\t\t\t\t<div class=\"elementor-column elementor-col-100 elementor-top-column elementor-element elementor-element-6ab46b09\" data-id=\"6ab46b09\" data-element_type=\"column\">\n\t\t\t<div class=\"elementor-widget-wrap elementor-element-populated\">\n\t\t\t\t\t\t\t\t<div class=\"elementor-element elementor-element-49f05314 elementor-widget elementor-widget-heading\" data-id=\"49f05314\" data-element_type=\"widget\" data-widget_type=\"heading.default\">\n\t\t\t\t<div class=\"elementor-widget-container\">\n\t\t\t<h2 class=\"elementor-heading-title elementor-size-default\">How to use<\/h2>\t\t<\/div>\n\t\t\t\t<\/div>\n\t\t\t\t<section class=\"elementor-section elementor-inner-section elementor-element elementor-element-5469623c elementor-section-boxed elementor-section-height-default elementor-section-height-default\" data-id=\"5469623c\" data-element_type=\"section\">\n\t\t\t\t\t\t<div class=\"elementor-container elementor-column-gap-no\">\n\t\t\t\t\t<div class=\"elementor-column elementor-col-100 elementor-inner-column elementor-element elementor-element-425c9647\" data-id=\"425c9647\" data-element_type=\"column\">\n\t\t\t<div class=\"elementor-widget-wrap elementor-element-populated\">\n\t\t\t\t\t\t\t\t<div class=\"elementor-element elementor-element-299c52d9 elementor-widget elementor-widget-text-editor\" data-id=\"299c52d9\" data-element_type=\"widget\" data-widget_type=\"text-editor.default\">\n\t\t\t\t<div class=\"elementor-widget-container\">\n\t\t\t\t\t\t\t<p><strong>P\u00ebrgatitja:<\/strong><\/p><p>Luleshtrydhet i lajm\u00eb mir\u00eb dhe i kullojm\u00eb nga uji tep\u00ebrt. P\u00ebr t\u00eb p\u00ebrgatitur luleshtrydhe me \u00e7okollat\u00eb ato duhet t\u00eb jen\u00eb komplet t\u00eb thata.<\/p><p>Gjalpin dhe \u00e7okollat\u00ebn i hedhim n\u00eb nj\u00eb en\u00eb dhe i shkrijm\u00eb n\u00eb banjomari. Luleshtrydhet i marrim nj\u00eb nga nj\u00eb dhe i futim n\u00eb \u00e7okollat\u00ebn e shkrir\u00eb.<\/p><p>Luleshtrydhet e lyera i vendosim me kujdes n\u00eb nj\u00eb tav\u00eb me let\u00ebr kuzhine sa t\u00eb thahen.<\/p><p>Pasi \u00e7okollata t\u00eb thahet i vendosim n\u00eb en\u00ebn e servirjes.<\/p>\t\t\t\t\t\t<\/div>\n\t\t\t\t<\/div>\n\t\t\t\t\t<\/div>\n\t\t<\/div>\n\t\t\t\t\t\t\t<\/div>\n\t\t<\/section>\n\t\t\t\t\t<\/div>\n\t\t<\/div>\n\t\t\t\t\t\t\t<\/div>\n\t\t<\/section>\n\t\t\t\t\t\t\t<\/div>","protected":false},"excerpt":{"rendered":"<p>Chocolate strawberries Chocolate strawberries for a perfect taste. These two ingredients go very well with each other, so we prefer to prepare and enjoy it. Ingredients 400gr Strawberries 200gr cooking Chocolate 20gr Butter How to use Preparation: Wash the strawberries well and drain them from excess water. To prepare chocolate strawberries they must be completely [&hellip;]<\/p>","protected":false},"author":1,"featured_media":0,"parent":6439,"menu_order":0,"comment_status":"closed","ping_status":"closed","template":"","meta":[],"yoast_head":"<!-- This site is optimized with the Yoast SEO plugin v20.3 - https:\/\/yoast.com\/wordpress\/plugins\/seo\/ -->\n<title>Chocolate strawberries - EVKO<\/title>\n<meta name=\"robots\" content=\"index, follow, max-snippet:-1, max-image-preview:large, max-video-preview:-1\" \/>\n<link rel=\"canonical\" href=\"https:\/\/evko-ks.com\/sq\/recipes\/chocolate-strawberries\/\" \/>\n<meta property=\"og:locale\" content=\"sq_AL\" \/>\n<meta property=\"og:type\" content=\"article\" \/>\n<meta property=\"og:title\" content=\"Chocolate strawberries - EVKO\" \/>\n<meta property=\"og:description\" content=\"Chocolate strawberries Chocolate strawberries for a perfect taste. These two ingredients go very well with each other, so we prefer to prepare and enjoy it. Ingredients 400gr Strawberries 200gr cooking Chocolate 20gr Butter How to use Preparation: Wash the strawberries well and drain them from excess water. To prepare chocolate strawberries they must be completely [&hellip;]\" \/>\n<meta property=\"og:url\" content=\"https:\/\/evko-ks.com\/sq\/recipes\/chocolate-strawberries\/\" \/>\n<meta property=\"og:site_name\" content=\"EVKO\" \/>\n<meta property=\"article:modified_time\" content=\"2022-02-11T07:43:40+00:00\" \/>\n<meta property=\"og:image\" content=\"https:\/\/evko-ks.com\/wp-content\/uploads\/2022\/02\/4-1024x683.jpg\" \/>\n<meta name=\"twitter:card\" content=\"summary_large_image\" \/>\n<meta name=\"twitter:label1\" content=\"Est. reading time\" \/>\n\t<meta name=\"twitter:data1\" content=\"1 minut\u00eb\" \/>\n<script type=\"application\/ld+json\" class=\"yoast-schema-graph\">{\"@context\":\"https:\/\/schema.org\",\"@graph\":[{\"@type\":\"WebPage\",\"@id\":\"https:\/\/evko-ks.com\/recipes\/chocolate-strawberries\/\",\"url\":\"https:\/\/evko-ks.com\/recipes\/chocolate-strawberries\/\",\"name\":\"Chocolate strawberries - EVKO\",\"isPartOf\":{\"@id\":\"https:\/\/evko-ks.com\/#website\"},\"datePublished\":\"2022-02-11T07:42:10+00:00\",\"dateModified\":\"2022-02-11T07:43:40+00:00\",\"breadcrumb\":{\"@id\":\"https:\/\/evko-ks.com\/recipes\/chocolate-strawberries\/#breadcrumb\"},\"inLanguage\":\"sq\",\"potentialAction\":[{\"@type\":\"ReadAction\",\"target\":[\"https:\/\/evko-ks.com\/recipes\/chocolate-strawberries\/\"]}]},{\"@type\":\"BreadcrumbList\",\"@id\":\"https:\/\/evko-ks.com\/recipes\/chocolate-strawberries\/#breadcrumb\",\"itemListElement\":[{\"@type\":\"ListItem\",\"position\":1,\"name\":\"Home\",\"item\":\"https:\/\/evko-ks.com\/\"},{\"@type\":\"ListItem\",\"position\":2,\"name\":\"Recipes\",\"item\":\"https:\/\/evko-ks.com\/recipes\/\"},{\"@type\":\"ListItem\",\"position\":3,\"name\":\"Chocolate strawberries\"}]},{\"@type\":\"WebSite\",\"@id\":\"https:\/\/evko-ks.com\/#website\",\"url\":\"https:\/\/evko-ks.com\/\",\"name\":\"EVKO\",\"description\":\"\",\"potentialAction\":[{\"@type\":\"SearchAction\",\"target\":{\"@type\":\"EntryPoint\",\"urlTemplate\":\"https:\/\/evko-ks.com\/?s={search_term_string}\"},\"query-input\":\"required name=search_term_string\"}],\"inLanguage\":\"sq\"}]}<\/script>\n<!-- \/ Yoast SEO plugin. -->","yoast_head_json":{"title":"Chocolate strawberries - EVKO","robots":{"index":"index","follow":"follow","max-snippet":"max-snippet:-1","max-image-preview":"max-image-preview:large","max-video-preview":"max-video-preview:-1"},"canonical":"https:\/\/evko-ks.com\/sq\/recipes\/chocolate-strawberries\/","og_locale":"sq_AL","og_type":"article","og_title":"Chocolate strawberries - EVKO","og_description":"Chocolate strawberries Chocolate strawberries for a perfect taste. These two ingredients go very well with each other, so we prefer to prepare and enjoy it. Ingredients 400gr Strawberries 200gr cooking Chocolate 20gr Butter How to use Preparation: Wash the strawberries well and drain them from excess water. To prepare chocolate strawberries they must be completely [&hellip;]","og_url":"https:\/\/evko-ks.com\/sq\/recipes\/chocolate-strawberries\/","og_site_name":"EVKO","article_modified_time":"2022-02-11T07:43:40+00:00","og_image":[{"url":"https:\/\/evko-ks.com\/wp-content\/uploads\/2022\/02\/4-1024x683.jpg"}],"twitter_card":"summary_large_image","twitter_misc":{"Est. reading time":"1 minut\u00eb"},"schema":{"@context":"https:\/\/schema.org","@graph":[{"@type":"WebPage","@id":"https:\/\/evko-ks.com\/recipes\/chocolate-strawberries\/","url":"https:\/\/evko-ks.com\/recipes\/chocolate-strawberries\/","name":"Chocolate strawberries - EVKO","isPartOf":{"@id":"https:\/\/evko-ks.com\/#website"},"datePublished":"2022-02-11T07:42:10+00:00","dateModified":"2022-02-11T07:43:40+00:00","breadcrumb":{"@id":"https:\/\/evko-ks.com\/recipes\/chocolate-strawberries\/#breadcrumb"},"inLanguage":"sq","potentialAction":[{"@type":"ReadAction","target":["https:\/\/evko-ks.com\/recipes\/chocolate-strawberries\/"]}]},{"@type":"BreadcrumbList","@id":"https:\/\/evko-ks.com\/recipes\/chocolate-strawberries\/#breadcrumb","itemListElement":[{"@type":"ListItem","position":1,"name":"Home","item":"https:\/\/evko-ks.com\/"},{"@type":"ListItem","position":2,"name":"Recipes","item":"https:\/\/evko-ks.com\/recipes\/"},{"@type":"ListItem","position":3,"name":"Chocolate strawberries"}]},{"@type":"WebSite","@id":"https:\/\/evko-ks.com\/#website","url":"https:\/\/evko-ks.com\/","name":"EVKO","description":"","potentialAction":[{"@type":"SearchAction","target":{"@type":"EntryPoint","urlTemplate":"https:\/\/evko-ks.com\/?s={search_term_string}"},"query-input":"required name=search_term_string"}],"inLanguage":"sq"}]}},"_links":{"self":[{"href":"https:\/\/evko-ks.com\/sq\/wp-json\/wp\/v2\/pages\/6482"}],"collection":[{"href":"https:\/\/evko-ks.com\/sq\/wp-json\/wp\/v2\/pages"}],"about":[{"href":"https:\/\/evko-ks.com\/sq\/wp-json\/wp\/v2\/types\/page"}],"author":[{"embeddable":true,"href":"https:\/\/evko-ks.com\/sq\/wp-json\/wp\/v2\/users\/1"}],"replies":[{"embeddable":true,"href":"https:\/\/evko-ks.com\/sq\/wp-json\/wp\/v2\/comments?post=6482"}],"version-history":[{"count":0,"href":"https:\/\/evko-ks.com\/sq\/wp-json\/wp\/v2\/pages\/6482\/revisions"}],"up":[{"embeddable":true,"href":"https:\/\/evko-ks.com\/sq\/wp-json\/wp\/v2\/pages\/6439"}],"wp:attachment":[{"href":"https:\/\/evko-ks.com\/sq\/wp-json\/wp\/v2\/media?parent=6482"}],"curies":[{"name":"wp","href":"https:\/\/api.w.org\/{rel}","templated":true}]}}