{"id":6495,"date":"2022-02-11T07:44:37","date_gmt":"2022-02-11T07:44:37","guid":{"rendered":"https:\/\/evko-ks.com\/?page_id=6495"},"modified":"2022-02-11T07:46:24","modified_gmt":"2022-02-11T07:46:24","slug":"muffin-with-chocolate-chips","status":"publish","type":"page","link":"https:\/\/evko-ks.com\/sq\/recipes\/muffin-with-chocolate-chips\/","title":{"rendered":"Muffin me cop\u00ebza \u00e7okollate"},"content":{"rendered":"<div data-elementor-type=\"wp-page\" data-elementor-id=\"6495\" class=\"elementor elementor-6495\">\n\t\t\t\t\t\t\t\t\t<section class=\"elementor-section elementor-top-section elementor-element elementor-element-35e17f51 elementor-section-boxed elementor-section-height-default elementor-section-height-default\" data-id=\"35e17f51\" data-element_type=\"section\" data-settings=\"{&quot;background_background&quot;:&quot;classic&quot;}\">\n\t\t\t\t\t\t<div class=\"elementor-container elementor-column-gap-default\">\n\t\t\t\t\t<div class=\"elementor-column elementor-col-50 elementor-top-column elementor-element elementor-element-ecf5908\" data-id=\"ecf5908\" data-element_type=\"column\">\n\t\t\t<div class=\"elementor-widget-wrap elementor-element-populated\">\n\t\t\t\t\t\t\t\t<div class=\"elementor-element elementor-element-6c5638e elementor-widget elementor-widget-image\" data-id=\"6c5638e\" data-element_type=\"widget\" data-widget_type=\"image.default\">\n\t\t\t\t<div class=\"elementor-widget-container\">\n\t\t\t<style>\/*! elementor - v3.11.5 - 14-03-2023 *\/\n.elementor-widget-image{text-align:center}.elementor-widget-image a{display:inline-block}.elementor-widget-image a img[src$=\".svg\"]{width:48px}.elementor-widget-image img{vertical-align:middle;display:inline-block}<\/style>\t\t\t\t\t\t\t\t\t\t\t\t\t<a href=\"https:\/\/evko-ks.com\/sq\/soups\/\">\n\t\t\t\t\t\t\t<img decoding=\"async\" width=\"960\" height=\"641\" src=\"https:\/\/evko-ks.com\/wp-content\/uploads\/2022\/02\/5-1024x684.jpg\" class=\"attachment-large size-large wp-image-6447\" alt=\"\" loading=\"lazy\" srcset=\"https:\/\/evko-ks.com\/wp-content\/uploads\/2022\/02\/5-1024x684.jpg 1024w, https:\/\/evko-ks.com\/wp-content\/uploads\/2022\/02\/5-300x200.jpg 300w, https:\/\/evko-ks.com\/wp-content\/uploads\/2022\/02\/5-768x513.jpg 768w, https:\/\/evko-ks.com\/wp-content\/uploads\/2022\/02\/5-1536x1025.jpg 1536w, https:\/\/evko-ks.com\/wp-content\/uploads\/2022\/02\/5-2048x1367.jpg 2048w, https:\/\/evko-ks.com\/wp-content\/uploads\/2022\/02\/5-18x12.jpg 18w\" sizes=\"(max-width: 960px) 100vw, 960px\" \/>\t\t\t\t\t\t\t\t<\/a>\n\t\t\t\t\t\t\t\t\t\t\t\t\t\t\t<\/div>\n\t\t\t\t<\/div>\n\t\t\t\t\t<\/div>\n\t\t<\/div>\n\t\t\t\t<div class=\"elementor-column elementor-col-50 elementor-top-column elementor-element elementor-element-212de69\" data-id=\"212de69\" data-element_type=\"column\">\n\t\t\t<div class=\"elementor-widget-wrap elementor-element-populated\">\n\t\t\t\t\t\t\t\t<div class=\"elementor-element elementor-element-24fdf5da elementor-widget elementor-widget-heading\" data-id=\"24fdf5da\" data-element_type=\"widget\" data-widget_type=\"heading.default\">\n\t\t\t\t<div class=\"elementor-widget-container\">\n\t\t\t<style>\/*! elementor - v3.11.5 - 14-03-2023 *\/\n.elementor-heading-title{padding:0;margin:0;line-height:1}.elementor-widget-heading .elementor-heading-title[class*=elementor-size-]>a{color:inherit;font-size:inherit;line-height:inherit}.elementor-widget-heading .elementor-heading-title.elementor-size-small{font-size:15px}.elementor-widget-heading .elementor-heading-title.elementor-size-medium{font-size:19px}.elementor-widget-heading .elementor-heading-title.elementor-size-large{font-size:29px}.elementor-widget-heading .elementor-heading-title.elementor-size-xl{font-size:39px}.elementor-widget-heading .elementor-heading-title.elementor-size-xxl{font-size:59px}<\/style><h2 class=\"elementor-heading-title elementor-size-default\">Muffin me cop\u00ebza \u00e7okollate\n<\/h2>\t\t<\/div>\n\t\t\t\t<\/div>\n\t\t\t\t<div class=\"elementor-element elementor-element-417c44bd elementor-widget elementor-widget-heading\" data-id=\"417c44bd\" data-element_type=\"widget\" data-widget_type=\"heading.default\">\n\t\t\t\t<div class=\"elementor-widget-container\">\n\t\t\t<h2 class=\"elementor-heading-title elementor-size-default\">Muffin me cop\u00ebza \u00e7okollate me nj\u00eb shije t\u00eb vecant t\u00eb pasur me \u00e7okollat\u00eb t\u00eb shijshme. Shije perfekte p\u00ebr m\u00ebngjes ose nj\u00eb pasdite t\u00eb leht\u00eb.<\/h2>\t\t<\/div>\n\t\t\t\t<\/div>\n\t\t\t\t\t<\/div>\n\t\t<\/div>\n\t\t\t\t\t\t\t<\/div>\n\t\t<\/section>\n\t\t\t\t<section class=\"elementor-section elementor-top-section elementor-element elementor-element-372cb342 elementor-section-boxed elementor-section-height-default elementor-section-height-default\" data-id=\"372cb342\" data-element_type=\"section\" data-settings=\"{&quot;background_background&quot;:&quot;classic&quot;}\">\n\t\t\t\t\t\t<div class=\"elementor-container elementor-column-gap-no\">\n\t\t\t\t\t<div class=\"elementor-column elementor-col-100 elementor-top-column elementor-element elementor-element-276d070\" data-id=\"276d070\" data-element_type=\"column\">\n\t\t\t<div class=\"elementor-widget-wrap elementor-element-populated\">\n\t\t\t\t\t\t\t\t<div class=\"elementor-element elementor-element-cad24ab elementor-widget elementor-widget-heading\" data-id=\"cad24ab\" data-element_type=\"widget\" data-widget_type=\"heading.default\">\n\t\t\t\t<div class=\"elementor-widget-container\">\n\t\t\t<h2 class=\"elementor-heading-title elementor-size-default\">P\u00ebrb\u00ebr\u00ebsit<\/h2>\t\t<\/div>\n\t\t\t\t<\/div>\n\t\t\t\t<section class=\"elementor-section elementor-inner-section elementor-element elementor-element-470a3d37 elementor-section-boxed elementor-section-height-default elementor-section-height-default\" data-id=\"470a3d37\" data-element_type=\"section\">\n\t\t\t\t\t\t<div class=\"elementor-container elementor-column-gap-no\">\n\t\t\t\t\t<div class=\"elementor-column elementor-col-100 elementor-inner-column elementor-element elementor-element-12bd2fdd\" data-id=\"12bd2fdd\" data-element_type=\"column\">\n\t\t\t<div class=\"elementor-widget-wrap elementor-element-populated\">\n\t\t\t\t\t\t\t\t<div class=\"elementor-element elementor-element-23404bb1 elementor-widget elementor-widget-text-editor\" data-id=\"23404bb1\" data-element_type=\"widget\" data-widget_type=\"text-editor.default\">\n\t\t\t\t<div class=\"elementor-widget-container\">\n\t\t\t<style>\/*! elementor - v3.11.5 - 14-03-2023 *\/\n.elementor-widget-text-editor.elementor-drop-cap-view-stacked .elementor-drop-cap{background-color:#818a91;color:#fff}.elementor-widget-text-editor.elementor-drop-cap-view-framed .elementor-drop-cap{color:#818a91;border:3px solid;background-color:transparent}.elementor-widget-text-editor:not(.elementor-drop-cap-view-default) .elementor-drop-cap{margin-top:8px}.elementor-widget-text-editor:not(.elementor-drop-cap-view-default) .elementor-drop-cap-letter{width:1em;height:1em}.elementor-widget-text-editor .elementor-drop-cap{float:left;text-align:center;line-height:1;font-size:50px}.elementor-widget-text-editor .elementor-drop-cap-letter{display:inline-block}<\/style>\t\t\t\t<p>1 e 1\/2 filxhan \u00e7aji me Miell<\/p><p>1 e 1\/2 luge \u00e7aji pluhur p\u00ebr pjekurina<\/p><p>1\/4 lug\u00eb \u00e7aji Krip\u00eb<\/p><p>2 vez\u00eb<\/p><p>2\/3 filxhan Sheqer<\/p><p>150 gr Gjalp<\/p><p>2 lug\u00eb \u00e7aji Vanilje<\/p><p>1\/2 filxhan Qum\u00ebsht<\/p><p>100gr Cokollat\u00eb e zez\u00eb p\u00ebr gatim<\/p>\t\t\t\t\t\t<\/div>\n\t\t\t\t<\/div>\n\t\t\t\t\t<\/div>\n\t\t<\/div>\n\t\t\t\t\t\t\t<\/div>\n\t\t<\/section>\n\t\t\t\t\t<\/div>\n\t\t<\/div>\n\t\t\t\t\t\t\t<\/div>\n\t\t<\/section>\n\t\t\t\t<section class=\"elementor-section elementor-top-section elementor-element elementor-element-108c7e25 elementor-section-boxed elementor-section-height-default elementor-section-height-default\" data-id=\"108c7e25\" data-element_type=\"section\">\n\t\t\t\t\t\t<div class=\"elementor-container elementor-column-gap-no\">\n\t\t\t\t\t<div class=\"elementor-column elementor-col-100 elementor-top-column elementor-element elementor-element-6d675cd\" data-id=\"6d675cd\" data-element_type=\"column\">\n\t\t\t<div class=\"elementor-widget-wrap elementor-element-populated\">\n\t\t\t\t\t\t\t\t<div class=\"elementor-element elementor-element-4be94b8e elementor-widget elementor-widget-heading\" data-id=\"4be94b8e\" data-element_type=\"widget\" data-widget_type=\"heading.default\">\n\t\t\t\t<div class=\"elementor-widget-container\">\n\t\t\t<h2 class=\"elementor-heading-title elementor-size-default\">How to use<\/h2>\t\t<\/div>\n\t\t\t\t<\/div>\n\t\t\t\t<section class=\"elementor-section elementor-inner-section elementor-element elementor-element-54f3382c elementor-section-boxed elementor-section-height-default elementor-section-height-default\" data-id=\"54f3382c\" data-element_type=\"section\">\n\t\t\t\t\t\t<div class=\"elementor-container elementor-column-gap-no\">\n\t\t\t\t\t<div class=\"elementor-column elementor-col-100 elementor-inner-column elementor-element elementor-element-224fa09\" data-id=\"224fa09\" data-element_type=\"column\">\n\t\t\t<div class=\"elementor-widget-wrap elementor-element-populated\">\n\t\t\t\t\t\t\t\t<div class=\"elementor-element elementor-element-670f42df elementor-widget elementor-widget-text-editor\" data-id=\"670f42df\" data-element_type=\"widget\" data-widget_type=\"text-editor.default\">\n\t\t\t\t<div class=\"elementor-widget-container\">\n\t\t\t\t\t\t\t<p><strong>P\u00ebrgatitja:<\/strong><\/p><p>Bashkojm\u00eb n\u00eb en\u00eb t\u00eb ndryshme p\u00ebrb\u00ebr\u00ebsit e that\u00eb dhe p\u00ebrb\u00ebr\u00ebsit e njom\u00eb.N\u00eb nj\u00eb en\u00eb qelqi hedhim t\u00eb gjith\u00eb p\u00ebrb\u00ebr\u00ebsit e that\u00eb si miell,sheqer, fryr\u00ebs pak krip\u00eb dhe i p\u00ebrziejm\u00eb. N\u00eb nj\u00eb en\u00eb tjet\u00ebr hedhim vez\u00ebt, kos, qum\u00ebsht, vaj dhe i trazojm\u00eb p\u00ebr pak \u00e7aste.<\/p><p>P\u00ebrb\u00ebr\u00ebsit e njom\u00eb i hedhim te p\u00ebrb\u00ebr\u00ebsit e that\u00eb dhe i trazojm\u00eb sa t\u00eb bashkohen masat. Muffin me cop\u00ebza \u00e7okollate duhet t\u00eb jet\u00eb homogjene. N\u00eb fund shtojm\u00eb nj\u00eb pjes\u00eb t\u00eb cop\u00ebza \u00e7okollate dhe i p\u00ebrziejm\u00eb.<\/p><p>Brumin e hedhim n\u00eb en\u00ebt p\u00ebr muffin t\u00eb cilat i lyejm\u00eb pak me gjalp\u00eb. En\u00ebt i mbushim dhe sip\u00ebr i hedhim p\u00ebrs\u00ebri cop\u00ebza \u00e7okollate.<\/p><p>\u00cbmb\u00eblsirat muffin me cop\u00ebza \u00e7okollate sip\u00ebr i v\u00ebm\u00eb p\u00ebr tu pjekur n\u00eb furr\u00eb t\u00eb nxehur n\u00eb 180\u00b0c p\u00ebr 20-25 minuta.<\/p><p>Pas pjekjes i lem\u00eb edhe 10 minuta n\u00eb sob\u00eb t\u00eb fikur, q\u00eb \u00ebmb\u00eblsirat t\u00eb kullojn\u00eb. Muffin me cop\u00ebza \u00e7okollate jan\u00eb gati.<\/p>\t\t\t\t\t\t<\/div>\n\t\t\t\t<\/div>\n\t\t\t\t\t<\/div>\n\t\t<\/div>\n\t\t\t\t\t\t\t<\/div>\n\t\t<\/section>\n\t\t\t\t\t<\/div>\n\t\t<\/div>\n\t\t\t\t\t\t\t<\/div>\n\t\t<\/section>\n\t\t\t\t\t\t\t<\/div>","protected":false},"excerpt":{"rendered":"<p>Muffin with chocolate chips Chocolate muffins with a special rich taste of delicious chocolate. Perfect taste for breakfast or a light afternoon. Ingredients 1 and 1\/2 cups of tea with Flour 1 1\/2 teaspoons Baking powder 1\/4 teaspoon Salt 2 eggs 2\/3 cup tea with Sugar 150 gr Butter, 2 teaspoons Vanilla 1\/2 cup\u00a0 Milk [&hellip;]<\/p>","protected":false},"author":1,"featured_media":0,"parent":6439,"menu_order":0,"comment_status":"closed","ping_status":"closed","template":"","meta":[],"yoast_head":"<!-- This site is optimized with the Yoast SEO plugin v20.3 - https:\/\/yoast.com\/wordpress\/plugins\/seo\/ -->\n<title>Muffin with chocolate chips - EVKO<\/title>\n<meta name=\"robots\" content=\"index, follow, max-snippet:-1, max-image-preview:large, max-video-preview:-1\" \/>\n<link rel=\"canonical\" href=\"https:\/\/evko-ks.com\/sq\/recipes\/muffin-with-chocolate-chips\/\" \/>\n<meta property=\"og:locale\" content=\"sq_AL\" \/>\n<meta property=\"og:type\" content=\"article\" \/>\n<meta property=\"og:title\" content=\"Muffin with chocolate chips - EVKO\" \/>\n<meta property=\"og:description\" content=\"Muffin with chocolate chips Chocolate muffins with a special rich taste of delicious chocolate. Perfect taste for breakfast or a light afternoon. Ingredients 1 and 1\/2 cups of tea with Flour 1 1\/2 teaspoons Baking powder 1\/4 teaspoon Salt 2 eggs 2\/3 cup tea with Sugar 150 gr Butter, 2 teaspoons Vanilla 1\/2 cup\u00a0 Milk [&hellip;]\" \/>\n<meta property=\"og:url\" content=\"https:\/\/evko-ks.com\/sq\/recipes\/muffin-with-chocolate-chips\/\" \/>\n<meta property=\"og:site_name\" content=\"EVKO\" \/>\n<meta property=\"article:modified_time\" content=\"2022-02-11T07:46:24+00:00\" \/>\n<meta property=\"og:image\" content=\"https:\/\/evko-ks.com\/wp-content\/uploads\/2022\/02\/5-1024x684.jpg\" \/>\n<meta name=\"twitter:card\" content=\"summary_large_image\" \/>\n<meta name=\"twitter:label1\" content=\"Est. reading time\" \/>\n\t<meta name=\"twitter:data1\" content=\"1 minut\u00eb\" \/>\n<script type=\"application\/ld+json\" class=\"yoast-schema-graph\">{\"@context\":\"https:\/\/schema.org\",\"@graph\":[{\"@type\":\"WebPage\",\"@id\":\"https:\/\/evko-ks.com\/recipes\/muffin-with-chocolate-chips\/\",\"url\":\"https:\/\/evko-ks.com\/recipes\/muffin-with-chocolate-chips\/\",\"name\":\"Muffin with chocolate chips - EVKO\",\"isPartOf\":{\"@id\":\"https:\/\/evko-ks.com\/#website\"},\"datePublished\":\"2022-02-11T07:44:37+00:00\",\"dateModified\":\"2022-02-11T07:46:24+00:00\",\"breadcrumb\":{\"@id\":\"https:\/\/evko-ks.com\/recipes\/muffin-with-chocolate-chips\/#breadcrumb\"},\"inLanguage\":\"sq\",\"potentialAction\":[{\"@type\":\"ReadAction\",\"target\":[\"https:\/\/evko-ks.com\/recipes\/muffin-with-chocolate-chips\/\"]}]},{\"@type\":\"BreadcrumbList\",\"@id\":\"https:\/\/evko-ks.com\/recipes\/muffin-with-chocolate-chips\/#breadcrumb\",\"itemListElement\":[{\"@type\":\"ListItem\",\"position\":1,\"name\":\"Home\",\"item\":\"https:\/\/evko-ks.com\/\"},{\"@type\":\"ListItem\",\"position\":2,\"name\":\"Recipes\",\"item\":\"https:\/\/evko-ks.com\/recipes\/\"},{\"@type\":\"ListItem\",\"position\":3,\"name\":\"Muffin with chocolate chips\"}]},{\"@type\":\"WebSite\",\"@id\":\"https:\/\/evko-ks.com\/#website\",\"url\":\"https:\/\/evko-ks.com\/\",\"name\":\"EVKO\",\"description\":\"\",\"potentialAction\":[{\"@type\":\"SearchAction\",\"target\":{\"@type\":\"EntryPoint\",\"urlTemplate\":\"https:\/\/evko-ks.com\/?s={search_term_string}\"},\"query-input\":\"required name=search_term_string\"}],\"inLanguage\":\"sq\"}]}<\/script>\n<!-- \/ Yoast SEO plugin. -->","yoast_head_json":{"title":"Muffin with chocolate chips - EVKO","robots":{"index":"index","follow":"follow","max-snippet":"max-snippet:-1","max-image-preview":"max-image-preview:large","max-video-preview":"max-video-preview:-1"},"canonical":"https:\/\/evko-ks.com\/sq\/recipes\/muffin-with-chocolate-chips\/","og_locale":"sq_AL","og_type":"article","og_title":"Muffin with chocolate chips - EVKO","og_description":"Muffin with chocolate chips Chocolate muffins with a special rich taste of delicious chocolate. Perfect taste for breakfast or a light afternoon. Ingredients 1 and 1\/2 cups of tea with Flour 1 1\/2 teaspoons Baking powder 1\/4 teaspoon Salt 2 eggs 2\/3 cup tea with Sugar 150 gr Butter, 2 teaspoons Vanilla 1\/2 cup\u00a0 Milk [&hellip;]","og_url":"https:\/\/evko-ks.com\/sq\/recipes\/muffin-with-chocolate-chips\/","og_site_name":"EVKO","article_modified_time":"2022-02-11T07:46:24+00:00","og_image":[{"url":"https:\/\/evko-ks.com\/wp-content\/uploads\/2022\/02\/5-1024x684.jpg"}],"twitter_card":"summary_large_image","twitter_misc":{"Est. reading time":"1 minut\u00eb"},"schema":{"@context":"https:\/\/schema.org","@graph":[{"@type":"WebPage","@id":"https:\/\/evko-ks.com\/recipes\/muffin-with-chocolate-chips\/","url":"https:\/\/evko-ks.com\/recipes\/muffin-with-chocolate-chips\/","name":"Muffin with chocolate chips - EVKO","isPartOf":{"@id":"https:\/\/evko-ks.com\/#website"},"datePublished":"2022-02-11T07:44:37+00:00","dateModified":"2022-02-11T07:46:24+00:00","breadcrumb":{"@id":"https:\/\/evko-ks.com\/recipes\/muffin-with-chocolate-chips\/#breadcrumb"},"inLanguage":"sq","potentialAction":[{"@type":"ReadAction","target":["https:\/\/evko-ks.com\/recipes\/muffin-with-chocolate-chips\/"]}]},{"@type":"BreadcrumbList","@id":"https:\/\/evko-ks.com\/recipes\/muffin-with-chocolate-chips\/#breadcrumb","itemListElement":[{"@type":"ListItem","position":1,"name":"Home","item":"https:\/\/evko-ks.com\/"},{"@type":"ListItem","position":2,"name":"Recipes","item":"https:\/\/evko-ks.com\/recipes\/"},{"@type":"ListItem","position":3,"name":"Muffin with chocolate chips"}]},{"@type":"WebSite","@id":"https:\/\/evko-ks.com\/#website","url":"https:\/\/evko-ks.com\/","name":"EVKO","description":"","potentialAction":[{"@type":"SearchAction","target":{"@type":"EntryPoint","urlTemplate":"https:\/\/evko-ks.com\/?s={search_term_string}"},"query-input":"required name=search_term_string"}],"inLanguage":"sq"}]}},"_links":{"self":[{"href":"https:\/\/evko-ks.com\/sq\/wp-json\/wp\/v2\/pages\/6495"}],"collection":[{"href":"https:\/\/evko-ks.com\/sq\/wp-json\/wp\/v2\/pages"}],"about":[{"href":"https:\/\/evko-ks.com\/sq\/wp-json\/wp\/v2\/types\/page"}],"author":[{"embeddable":true,"href":"https:\/\/evko-ks.com\/sq\/wp-json\/wp\/v2\/users\/1"}],"replies":[{"embeddable":true,"href":"https:\/\/evko-ks.com\/sq\/wp-json\/wp\/v2\/comments?post=6495"}],"version-history":[{"count":0,"href":"https:\/\/evko-ks.com\/sq\/wp-json\/wp\/v2\/pages\/6495\/revisions"}],"up":[{"embeddable":true,"href":"https:\/\/evko-ks.com\/sq\/wp-json\/wp\/v2\/pages\/6439"}],"wp:attachment":[{"href":"https:\/\/evko-ks.com\/sq\/wp-json\/wp\/v2\/media?parent=6495"}],"curies":[{"name":"wp","href":"https:\/\/api.w.org\/{rel}","templated":true}]}}