{"id":6504,"date":"2022-02-11T07:47:14","date_gmt":"2022-02-11T07:47:14","guid":{"rendered":"https:\/\/evko-ks.com\/?page_id=6504"},"modified":"2022-02-11T07:48:49","modified_gmt":"2022-02-11T07:48:49","slug":"brownies-dessert","status":"publish","type":"page","link":"https:\/\/evko-ks.com\/sq\/recipes\/brownies-dessert\/","title":{"rendered":"\u00cbmb\u00eblsira Brownies"},"content":{"rendered":"<div data-elementor-type=\"wp-page\" data-elementor-id=\"6504\" class=\"elementor elementor-6504\">\n\t\t\t\t\t\t\t\t\t<section class=\"elementor-section elementor-top-section elementor-element elementor-element-2ec14f23 elementor-section-boxed elementor-section-height-default elementor-section-height-default\" data-id=\"2ec14f23\" data-element_type=\"section\" data-settings=\"{&quot;background_background&quot;:&quot;classic&quot;}\">\n\t\t\t\t\t\t<div class=\"elementor-container elementor-column-gap-default\">\n\t\t\t\t\t<div class=\"elementor-column elementor-col-50 elementor-top-column elementor-element elementor-element-2b4b407\" data-id=\"2b4b407\" data-element_type=\"column\">\n\t\t\t<div class=\"elementor-widget-wrap elementor-element-populated\">\n\t\t\t\t\t\t\t\t<div class=\"elementor-element elementor-element-63387f93 elementor-widget elementor-widget-image\" data-id=\"63387f93\" data-element_type=\"widget\" data-widget_type=\"image.default\">\n\t\t\t\t<div class=\"elementor-widget-container\">\n\t\t\t<style>\/*! elementor - v3.11.5 - 14-03-2023 *\/\n.elementor-widget-image{text-align:center}.elementor-widget-image a{display:inline-block}.elementor-widget-image a img[src$=\".svg\"]{width:48px}.elementor-widget-image img{vertical-align:middle;display:inline-block}<\/style>\t\t\t\t\t\t\t\t\t\t\t\t\t<a href=\"https:\/\/evko-ks.com\/sq\/soups\/\">\n\t\t\t\t\t\t\t<img decoding=\"async\" width=\"960\" height=\"640\" src=\"https:\/\/evko-ks.com\/wp-content\/uploads\/2022\/02\/6-1024x683.jpg\" class=\"attachment-large size-large wp-image-6445\" alt=\"\" loading=\"lazy\" srcset=\"https:\/\/evko-ks.com\/wp-content\/uploads\/2022\/02\/6-1024x683.jpg 1024w, https:\/\/evko-ks.com\/wp-content\/uploads\/2022\/02\/6-300x200.jpg 300w, https:\/\/evko-ks.com\/wp-content\/uploads\/2022\/02\/6-768x512.jpg 768w, https:\/\/evko-ks.com\/wp-content\/uploads\/2022\/02\/6-1536x1024.jpg 1536w, https:\/\/evko-ks.com\/wp-content\/uploads\/2022\/02\/6-2048x1365.jpg 2048w, https:\/\/evko-ks.com\/wp-content\/uploads\/2022\/02\/6-18x12.jpg 18w\" sizes=\"(max-width: 960px) 100vw, 960px\" \/>\t\t\t\t\t\t\t\t<\/a>\n\t\t\t\t\t\t\t\t\t\t\t\t\t\t\t<\/div>\n\t\t\t\t<\/div>\n\t\t\t\t\t<\/div>\n\t\t<\/div>\n\t\t\t\t<div class=\"elementor-column elementor-col-50 elementor-top-column elementor-element elementor-element-3fc40b66\" data-id=\"3fc40b66\" data-element_type=\"column\">\n\t\t\t<div class=\"elementor-widget-wrap elementor-element-populated\">\n\t\t\t\t\t\t\t\t<div class=\"elementor-element elementor-element-1d03523 elementor-widget elementor-widget-heading\" data-id=\"1d03523\" data-element_type=\"widget\" data-widget_type=\"heading.default\">\n\t\t\t\t<div class=\"elementor-widget-container\">\n\t\t\t<style>\/*! elementor - v3.11.5 - 14-03-2023 *\/\n.elementor-heading-title{padding:0;margin:0;line-height:1}.elementor-widget-heading .elementor-heading-title[class*=elementor-size-]>a{color:inherit;font-size:inherit;line-height:inherit}.elementor-widget-heading .elementor-heading-title.elementor-size-small{font-size:15px}.elementor-widget-heading .elementor-heading-title.elementor-size-medium{font-size:19px}.elementor-widget-heading .elementor-heading-title.elementor-size-large{font-size:29px}.elementor-widget-heading .elementor-heading-title.elementor-size-xl{font-size:39px}.elementor-widget-heading .elementor-heading-title.elementor-size-xxl{font-size:59px}<\/style><h2 class=\"elementor-heading-title elementor-size-default\">\u00cbmb\u00eblsira Brownies\n<\/h2>\t\t<\/div>\n\t\t\t\t<\/div>\n\t\t\t\t<div class=\"elementor-element elementor-element-27441f64 elementor-widget elementor-widget-heading\" data-id=\"27441f64\" data-element_type=\"widget\" data-widget_type=\"heading.default\">\n\t\t\t\t<div class=\"elementor-widget-container\">\n\t\t\t<h2 class=\"elementor-heading-title elementor-size-default\">\u00cbmb\u00eblsira Brownies, \u00ebsht\u00eb nj\u00eb recet\u00eb tradicionale amerikane. \u00cbsht\u00eb nj\u00eb tort\u00eb q\u00eb n\u00eb p\u00ebrb\u00ebrjen kryesore ka \u00e7okollat\u00ebn dhe mesin e but\u00eb. Kjo \u00ebmb\u00eblsir\u00eb mund t\u00eb p\u00ebrgatitet n\u00eb shum\u00eb m\u00ebnyra t\u00eb ndryshme.<\/h2>\t\t<\/div>\n\t\t\t\t<\/div>\n\t\t\t\t\t<\/div>\n\t\t<\/div>\n\t\t\t\t\t\t\t<\/div>\n\t\t<\/section>\n\t\t\t\t<section class=\"elementor-section elementor-top-section elementor-element elementor-element-30f7ddb9 elementor-section-boxed elementor-section-height-default elementor-section-height-default\" data-id=\"30f7ddb9\" data-element_type=\"section\" data-settings=\"{&quot;background_background&quot;:&quot;classic&quot;}\">\n\t\t\t\t\t\t<div class=\"elementor-container elementor-column-gap-no\">\n\t\t\t\t\t<div class=\"elementor-column elementor-col-100 elementor-top-column elementor-element elementor-element-f3e1c5b\" data-id=\"f3e1c5b\" data-element_type=\"column\">\n\t\t\t<div class=\"elementor-widget-wrap elementor-element-populated\">\n\t\t\t\t\t\t\t\t<div class=\"elementor-element elementor-element-411d047f elementor-widget elementor-widget-heading\" data-id=\"411d047f\" data-element_type=\"widget\" data-widget_type=\"heading.default\">\n\t\t\t\t<div class=\"elementor-widget-container\">\n\t\t\t<h2 class=\"elementor-heading-title elementor-size-default\">P\u00ebrb\u00ebr\u00ebsit<\/h2>\t\t<\/div>\n\t\t\t\t<\/div>\n\t\t\t\t<section class=\"elementor-section elementor-inner-section elementor-element elementor-element-c8e5a1a elementor-section-boxed elementor-section-height-default elementor-section-height-default\" data-id=\"c8e5a1a\" data-element_type=\"section\">\n\t\t\t\t\t\t<div class=\"elementor-container elementor-column-gap-no\">\n\t\t\t\t\t<div class=\"elementor-column elementor-col-100 elementor-inner-column elementor-element elementor-element-6608e162\" data-id=\"6608e162\" data-element_type=\"column\">\n\t\t\t<div class=\"elementor-widget-wrap elementor-element-populated\">\n\t\t\t\t\t\t\t\t<div class=\"elementor-element elementor-element-7e0c337 elementor-widget elementor-widget-text-editor\" data-id=\"7e0c337\" data-element_type=\"widget\" data-widget_type=\"text-editor.default\">\n\t\t\t\t<div class=\"elementor-widget-container\">\n\t\t\t<style>\/*! elementor - v3.11.5 - 14-03-2023 *\/\n.elementor-widget-text-editor.elementor-drop-cap-view-stacked .elementor-drop-cap{background-color:#818a91;color:#fff}.elementor-widget-text-editor.elementor-drop-cap-view-framed .elementor-drop-cap{color:#818a91;border:3px solid;background-color:transparent}.elementor-widget-text-editor:not(.elementor-drop-cap-view-default) .elementor-drop-cap{margin-top:8px}.elementor-widget-text-editor:not(.elementor-drop-cap-view-default) .elementor-drop-cap-letter{width:1em;height:1em}.elementor-widget-text-editor .elementor-drop-cap{float:left;text-align:center;line-height:1;font-size:50px}.elementor-widget-text-editor .elementor-drop-cap-letter{display:inline-block}<\/style>\t\t\t\t<p>200Gr \u00c7okollat p\u00ebr gatim<\/p><p>150Gr Miell<\/p><p>200Gr Sheqer<\/p><p>250Gr Gjalp\u00eb<\/p><p>4 Cop\u00eb Vez\u00eb<\/p><p>40Gr Kakao<\/p><p>Sheqer vanilje<\/p><p>Maja p\u00ebr \u00ebmb\u00eblsira<\/p><p>Pak krip\u00eb<\/p>\t\t\t\t\t\t<\/div>\n\t\t\t\t<\/div>\n\t\t\t\t\t<\/div>\n\t\t<\/div>\n\t\t\t\t\t\t\t<\/div>\n\t\t<\/section>\n\t\t\t\t\t<\/div>\n\t\t<\/div>\n\t\t\t\t\t\t\t<\/div>\n\t\t<\/section>\n\t\t\t\t<section class=\"elementor-section elementor-top-section elementor-element elementor-element-2a50ebc5 elementor-section-boxed elementor-section-height-default elementor-section-height-default\" data-id=\"2a50ebc5\" data-element_type=\"section\">\n\t\t\t\t\t\t<div class=\"elementor-container elementor-column-gap-no\">\n\t\t\t\t\t<div class=\"elementor-column elementor-col-100 elementor-top-column elementor-element elementor-element-2acfddae\" data-id=\"2acfddae\" data-element_type=\"column\">\n\t\t\t<div class=\"elementor-widget-wrap elementor-element-populated\">\n\t\t\t\t\t\t\t\t<div class=\"elementor-element elementor-element-3ed1ae2e elementor-widget elementor-widget-heading\" data-id=\"3ed1ae2e\" data-element_type=\"widget\" data-widget_type=\"heading.default\">\n\t\t\t\t<div class=\"elementor-widget-container\">\n\t\t\t<h2 class=\"elementor-heading-title elementor-size-default\">How to use<\/h2>\t\t<\/div>\n\t\t\t\t<\/div>\n\t\t\t\t<section class=\"elementor-section elementor-inner-section elementor-element elementor-element-55d13faf elementor-section-boxed elementor-section-height-default elementor-section-height-default\" data-id=\"55d13faf\" data-element_type=\"section\">\n\t\t\t\t\t\t<div class=\"elementor-container elementor-column-gap-no\">\n\t\t\t\t\t<div class=\"elementor-column elementor-col-100 elementor-inner-column elementor-element elementor-element-5c128d95\" data-id=\"5c128d95\" data-element_type=\"column\">\n\t\t\t<div class=\"elementor-widget-wrap elementor-element-populated\">\n\t\t\t\t\t\t\t\t<div class=\"elementor-element elementor-element-8dd2fbd elementor-widget elementor-widget-text-editor\" data-id=\"8dd2fbd\" data-element_type=\"widget\" data-widget_type=\"text-editor.default\">\n\t\t\t\t<div class=\"elementor-widget-container\">\n\t\t\t\t\t\t\t<p><strong>P\u00ebrgatitja:<\/strong><\/p><p>N\u00eb fillim p\u00ebr t\u00eb p\u00ebrgatitur k\u00ebto \u00ebmb\u00eblsira vrownies duhet t\u00eb shkrijm\u00eb \u00e7okollat\u00ebn. N\u00eb banj\u00eb-maria vendosim \u00e7okollat\u00ebn e prer\u00eb n\u00eb copa p\u00ebr shkrirje. Alternative \u00e7okollat\u00ebn mund ta shkrijm\u00eb edhe n\u00eb furr\u00eb me mikroval\u00eb. M\u00eb pas shtojm\u00eb dhe gjalpin. Pasi shkrihen p\u00ebrziejm\u00eb t\u00eb gjith\u00eb mas\u00ebn.<\/p><p>N\u00eb nj\u00eb en\u00eb hedhim vez\u00ebt se bashku me sheqerin. I trazojm\u00eb se bashku dhe shtojm\u00eb kakaon e situr se bashku me miellin. Miellin e kemi p\u00ebrzier me majan\u00eb p\u00ebr \u00ebmb\u00eblsira dhe pak krip\u00eb. Hedhim edhe pak vanilje.<\/p><p>Hedhim edhe \u00e7okollat\u00ebn e shkrir\u00eb dhe vazhdojm\u00eb ti trazojm\u00eb derisa e gjith\u00eb masa p\u00ebr \u00cbmb\u00eblsira brownies t\u00eb jete homogjene. Nuk \u00ebsht\u00eb nevoja ti rrahim, mjafton t\u00eb p\u00ebrzihen mir\u00eb.<\/p><p>\u00cbmb\u00eblsira brownies \u00ebsht\u00eb gati p\u00ebr tu pjekur. N\u00eb nj\u00eb tav\u00eb ku kemi vendosur let\u00ebr kuzhine (drejtk\u00ebnd\u00ebshe) hedhim mas\u00ebn e p\u00ebrgatitur t\u00eb \u00ebmb\u00eblsir\u00ebs. Tav\u00ebn \u00eb vendosim n\u00eb furr\u00eb n\u00eb temperatur\u00ebn 180\u00b0C p\u00ebr 30\/40 minuta.\nDuhet t\u00eb kemi parasysh q\u00eb mos ta pjekim shum\u00eb, pasi \u00ebsht\u00eb karakteristike e k\u00ebsaj \u00ebmb\u00eblsire qe zemra te q\u00ebndroje pak e qull\u00ebt.<\/p>\t\t\t\t\t\t<\/div>\n\t\t\t\t<\/div>\n\t\t\t\t\t<\/div>\n\t\t<\/div>\n\t\t\t\t\t\t\t<\/div>\n\t\t<\/section>\n\t\t\t\t\t<\/div>\n\t\t<\/div>\n\t\t\t\t\t\t\t<\/div>\n\t\t<\/section>\n\t\t\t\t\t\t\t<\/div>","protected":false},"excerpt":{"rendered":"<p>Brownies dessert Brownies cake, is a traditional American recipe. It is a cake that in the main composition has chocolate and soft crust. This dessert can be prepared in many different ways. Ingredients 200Gr Chocolates for cooking 150Gr Flour 200Gr Sugar 250Gr Butter 4 Pieces of Eggs 40Gr Cocoa Vanilla sugar Yeast for cakes A [&hellip;]<\/p>","protected":false},"author":1,"featured_media":0,"parent":6439,"menu_order":0,"comment_status":"closed","ping_status":"closed","template":"","meta":[],"yoast_head":"<!-- This site is optimized with the Yoast SEO plugin v20.3 - https:\/\/yoast.com\/wordpress\/plugins\/seo\/ -->\n<title>Brownies dessert - EVKO<\/title>\n<meta name=\"robots\" content=\"index, follow, max-snippet:-1, max-image-preview:large, max-video-preview:-1\" \/>\n<link rel=\"canonical\" href=\"https:\/\/evko-ks.com\/sq\/recipes\/brownies-dessert\/\" \/>\n<meta property=\"og:locale\" content=\"sq_AL\" \/>\n<meta property=\"og:type\" content=\"article\" \/>\n<meta property=\"og:title\" content=\"Brownies dessert - EVKO\" \/>\n<meta property=\"og:description\" content=\"Brownies dessert Brownies cake, is a traditional American recipe. It is a cake that in the main composition has chocolate and soft crust. This dessert can be prepared in many different ways. Ingredients 200Gr Chocolates for cooking 150Gr Flour 200Gr Sugar 250Gr Butter 4 Pieces of Eggs 40Gr Cocoa Vanilla sugar Yeast for cakes A [&hellip;]\" \/>\n<meta property=\"og:url\" content=\"https:\/\/evko-ks.com\/sq\/recipes\/brownies-dessert\/\" \/>\n<meta property=\"og:site_name\" content=\"EVKO\" \/>\n<meta property=\"article:modified_time\" content=\"2022-02-11T07:48:49+00:00\" \/>\n<meta property=\"og:image\" content=\"https:\/\/evko-ks.com\/wp-content\/uploads\/2022\/02\/6-1024x683.jpg\" \/>\n<meta name=\"twitter:card\" content=\"summary_large_image\" \/>\n<meta name=\"twitter:label1\" content=\"Est. reading time\" \/>\n\t<meta name=\"twitter:data1\" content=\"1 minut\u00eb\" \/>\n<script type=\"application\/ld+json\" class=\"yoast-schema-graph\">{\"@context\":\"https:\/\/schema.org\",\"@graph\":[{\"@type\":\"WebPage\",\"@id\":\"https:\/\/evko-ks.com\/recipes\/brownies-dessert\/\",\"url\":\"https:\/\/evko-ks.com\/recipes\/brownies-dessert\/\",\"name\":\"Brownies dessert - EVKO\",\"isPartOf\":{\"@id\":\"https:\/\/evko-ks.com\/#website\"},\"datePublished\":\"2022-02-11T07:47:14+00:00\",\"dateModified\":\"2022-02-11T07:48:49+00:00\",\"breadcrumb\":{\"@id\":\"https:\/\/evko-ks.com\/recipes\/brownies-dessert\/#breadcrumb\"},\"inLanguage\":\"sq\",\"potentialAction\":[{\"@type\":\"ReadAction\",\"target\":[\"https:\/\/evko-ks.com\/recipes\/brownies-dessert\/\"]}]},{\"@type\":\"BreadcrumbList\",\"@id\":\"https:\/\/evko-ks.com\/recipes\/brownies-dessert\/#breadcrumb\",\"itemListElement\":[{\"@type\":\"ListItem\",\"position\":1,\"name\":\"Home\",\"item\":\"https:\/\/evko-ks.com\/\"},{\"@type\":\"ListItem\",\"position\":2,\"name\":\"Recipes\",\"item\":\"https:\/\/evko-ks.com\/recipes\/\"},{\"@type\":\"ListItem\",\"position\":3,\"name\":\"Brownies dessert\"}]},{\"@type\":\"WebSite\",\"@id\":\"https:\/\/evko-ks.com\/#website\",\"url\":\"https:\/\/evko-ks.com\/\",\"name\":\"EVKO\",\"description\":\"\",\"potentialAction\":[{\"@type\":\"SearchAction\",\"target\":{\"@type\":\"EntryPoint\",\"urlTemplate\":\"https:\/\/evko-ks.com\/?s={search_term_string}\"},\"query-input\":\"required name=search_term_string\"}],\"inLanguage\":\"sq\"}]}<\/script>\n<!-- \/ Yoast SEO plugin. -->","yoast_head_json":{"title":"Brownies dessert - EVKO","robots":{"index":"index","follow":"follow","max-snippet":"max-snippet:-1","max-image-preview":"max-image-preview:large","max-video-preview":"max-video-preview:-1"},"canonical":"https:\/\/evko-ks.com\/sq\/recipes\/brownies-dessert\/","og_locale":"sq_AL","og_type":"article","og_title":"Brownies dessert - EVKO","og_description":"Brownies dessert Brownies cake, is a traditional American recipe. It is a cake that in the main composition has chocolate and soft crust. This dessert can be prepared in many different ways. Ingredients 200Gr Chocolates for cooking 150Gr Flour 200Gr Sugar 250Gr Butter 4 Pieces of Eggs 40Gr Cocoa Vanilla sugar Yeast for cakes A [&hellip;]","og_url":"https:\/\/evko-ks.com\/sq\/recipes\/brownies-dessert\/","og_site_name":"EVKO","article_modified_time":"2022-02-11T07:48:49+00:00","og_image":[{"url":"https:\/\/evko-ks.com\/wp-content\/uploads\/2022\/02\/6-1024x683.jpg"}],"twitter_card":"summary_large_image","twitter_misc":{"Est. reading time":"1 minut\u00eb"},"schema":{"@context":"https:\/\/schema.org","@graph":[{"@type":"WebPage","@id":"https:\/\/evko-ks.com\/recipes\/brownies-dessert\/","url":"https:\/\/evko-ks.com\/recipes\/brownies-dessert\/","name":"Brownies dessert - EVKO","isPartOf":{"@id":"https:\/\/evko-ks.com\/#website"},"datePublished":"2022-02-11T07:47:14+00:00","dateModified":"2022-02-11T07:48:49+00:00","breadcrumb":{"@id":"https:\/\/evko-ks.com\/recipes\/brownies-dessert\/#breadcrumb"},"inLanguage":"sq","potentialAction":[{"@type":"ReadAction","target":["https:\/\/evko-ks.com\/recipes\/brownies-dessert\/"]}]},{"@type":"BreadcrumbList","@id":"https:\/\/evko-ks.com\/recipes\/brownies-dessert\/#breadcrumb","itemListElement":[{"@type":"ListItem","position":1,"name":"Home","item":"https:\/\/evko-ks.com\/"},{"@type":"ListItem","position":2,"name":"Recipes","item":"https:\/\/evko-ks.com\/recipes\/"},{"@type":"ListItem","position":3,"name":"Brownies dessert"}]},{"@type":"WebSite","@id":"https:\/\/evko-ks.com\/#website","url":"https:\/\/evko-ks.com\/","name":"EVKO","description":"","potentialAction":[{"@type":"SearchAction","target":{"@type":"EntryPoint","urlTemplate":"https:\/\/evko-ks.com\/?s={search_term_string}"},"query-input":"required name=search_term_string"}],"inLanguage":"sq"}]}},"_links":{"self":[{"href":"https:\/\/evko-ks.com\/sq\/wp-json\/wp\/v2\/pages\/6504"}],"collection":[{"href":"https:\/\/evko-ks.com\/sq\/wp-json\/wp\/v2\/pages"}],"about":[{"href":"https:\/\/evko-ks.com\/sq\/wp-json\/wp\/v2\/types\/page"}],"author":[{"embeddable":true,"href":"https:\/\/evko-ks.com\/sq\/wp-json\/wp\/v2\/users\/1"}],"replies":[{"embeddable":true,"href":"https:\/\/evko-ks.com\/sq\/wp-json\/wp\/v2\/comments?post=6504"}],"version-history":[{"count":0,"href":"https:\/\/evko-ks.com\/sq\/wp-json\/wp\/v2\/pages\/6504\/revisions"}],"up":[{"embeddable":true,"href":"https:\/\/evko-ks.com\/sq\/wp-json\/wp\/v2\/pages\/6439"}],"wp:attachment":[{"href":"https:\/\/evko-ks.com\/sq\/wp-json\/wp\/v2\/media?parent=6504"}],"curies":[{"name":"wp","href":"https:\/\/api.w.org\/{rel}","templated":true}]}}