{"id":6528,"date":"2022-02-11T07:57:14","date_gmt":"2022-02-11T07:57:14","guid":{"rendered":"https:\/\/evko-ks.com\/?page_id=6528"},"modified":"2022-02-11T07:59:25","modified_gmt":"2022-02-11T07:59:25","slug":"chocolate-macarons","status":"publish","type":"page","link":"https:\/\/evko-ks.com\/sq\/recipes\/chocolate-macarons\/","title":{"rendered":"Macarons me \u00e7okollat\u00eb"},"content":{"rendered":"<div data-elementor-type=\"wp-page\" data-elementor-id=\"6528\" class=\"elementor elementor-6528\">\n\t\t\t\t\t\t\t\t\t<section class=\"elementor-section elementor-top-section elementor-element elementor-element-5c3f0cc1 elementor-section-boxed elementor-section-height-default elementor-section-height-default\" data-id=\"5c3f0cc1\" data-element_type=\"section\" data-settings=\"{&quot;background_background&quot;:&quot;classic&quot;}\">\n\t\t\t\t\t\t<div class=\"elementor-container elementor-column-gap-default\">\n\t\t\t\t\t<div class=\"elementor-column elementor-col-50 elementor-top-column elementor-element elementor-element-16a1873c\" data-id=\"16a1873c\" data-element_type=\"column\">\n\t\t\t<div class=\"elementor-widget-wrap elementor-element-populated\">\n\t\t\t\t\t\t\t\t<div class=\"elementor-element elementor-element-45247939 elementor-widget elementor-widget-image\" data-id=\"45247939\" data-element_type=\"widget\" data-widget_type=\"image.default\">\n\t\t\t\t<div class=\"elementor-widget-container\">\n\t\t\t<style>\/*! elementor - v3.11.5 - 14-03-2023 *\/\n.elementor-widget-image{text-align:center}.elementor-widget-image a{display:inline-block}.elementor-widget-image a img[src$=\".svg\"]{width:48px}.elementor-widget-image img{vertical-align:middle;display:inline-block}<\/style>\t\t\t\t\t\t\t\t\t\t\t\t\t<a href=\"https:\/\/evko-ks.com\/sq\/soups\/\">\n\t\t\t\t\t\t\t<img decoding=\"async\" width=\"960\" height=\"639\" src=\"https:\/\/evko-ks.com\/wp-content\/uploads\/2022\/02\/8-1024x682.jpg\" class=\"attachment-large size-large wp-image-6450\" alt=\"\" loading=\"lazy\" srcset=\"https:\/\/evko-ks.com\/wp-content\/uploads\/2022\/02\/8-1024x682.jpg 1024w, https:\/\/evko-ks.com\/wp-content\/uploads\/2022\/02\/8-300x200.jpg 300w, https:\/\/evko-ks.com\/wp-content\/uploads\/2022\/02\/8-768x511.jpg 768w, https:\/\/evko-ks.com\/wp-content\/uploads\/2022\/02\/8-1536x1022.jpg 1536w, https:\/\/evko-ks.com\/wp-content\/uploads\/2022\/02\/8-2048x1363.jpg 2048w, https:\/\/evko-ks.com\/wp-content\/uploads\/2022\/02\/8-18x12.jpg 18w\" sizes=\"(max-width: 960px) 100vw, 960px\" \/>\t\t\t\t\t\t\t\t<\/a>\n\t\t\t\t\t\t\t\t\t\t\t\t\t\t\t<\/div>\n\t\t\t\t<\/div>\n\t\t\t\t\t<\/div>\n\t\t<\/div>\n\t\t\t\t<div class=\"elementor-column elementor-col-50 elementor-top-column elementor-element elementor-element-ddd2d96\" data-id=\"ddd2d96\" data-element_type=\"column\">\n\t\t\t<div class=\"elementor-widget-wrap elementor-element-populated\">\n\t\t\t\t\t\t\t\t<div class=\"elementor-element elementor-element-6c3b3925 elementor-widget elementor-widget-heading\" data-id=\"6c3b3925\" data-element_type=\"widget\" data-widget_type=\"heading.default\">\n\t\t\t\t<div class=\"elementor-widget-container\">\n\t\t\t<style>\/*! elementor - v3.11.5 - 14-03-2023 *\/\n.elementor-heading-title{padding:0;margin:0;line-height:1}.elementor-widget-heading .elementor-heading-title[class*=elementor-size-]>a{color:inherit;font-size:inherit;line-height:inherit}.elementor-widget-heading .elementor-heading-title.elementor-size-small{font-size:15px}.elementor-widget-heading .elementor-heading-title.elementor-size-medium{font-size:19px}.elementor-widget-heading .elementor-heading-title.elementor-size-large{font-size:29px}.elementor-widget-heading .elementor-heading-title.elementor-size-xl{font-size:39px}.elementor-widget-heading .elementor-heading-title.elementor-size-xxl{font-size:59px}<\/style><h2 class=\"elementor-heading-title elementor-size-default\">Macarons me \u00e7okollat\u00eb\n<\/h2>\t\t<\/div>\n\t\t\t\t<\/div>\n\t\t\t\t<div class=\"elementor-element elementor-element-7a90ab36 elementor-widget elementor-widget-heading\" data-id=\"7a90ab36\" data-element_type=\"widget\" data-widget_type=\"heading.default\">\n\t\t\t\t<div class=\"elementor-widget-container\">\n\t\t\t<h2 class=\"elementor-heading-title elementor-size-default\">Kjo \u00ebmb\u00eblsir\u00eb \u00ebsht\u00eb me origjin\u00eb franceze. P\u00ebrgatitet me pak p\u00ebrb\u00ebr\u00ebs dhe \u00ebsht\u00eb shum\u00eb e shijshme. Mbushja e k\u00ebtyre \u00ebmb\u00eblsirave mund t\u00eb b\u00ebhet sipas d\u00ebshir\u00ebs, me \u00e7okollat\u00eb, marmelat\u00eb dhe kremra t\u00eb ndrysh\u00ebm.<\/h2>\t\t<\/div>\n\t\t\t\t<\/div>\n\t\t\t\t\t<\/div>\n\t\t<\/div>\n\t\t\t\t\t\t\t<\/div>\n\t\t<\/section>\n\t\t\t\t<section class=\"elementor-section elementor-top-section elementor-element elementor-element-71a910e3 elementor-section-boxed elementor-section-height-default elementor-section-height-default\" data-id=\"71a910e3\" data-element_type=\"section\" data-settings=\"{&quot;background_background&quot;:&quot;classic&quot;}\">\n\t\t\t\t\t\t<div class=\"elementor-container elementor-column-gap-no\">\n\t\t\t\t\t<div class=\"elementor-column elementor-col-100 elementor-top-column elementor-element elementor-element-3d32f6a6\" data-id=\"3d32f6a6\" data-element_type=\"column\">\n\t\t\t<div class=\"elementor-widget-wrap elementor-element-populated\">\n\t\t\t\t\t\t\t\t<div class=\"elementor-element elementor-element-24613b59 elementor-widget elementor-widget-heading\" data-id=\"24613b59\" data-element_type=\"widget\" data-widget_type=\"heading.default\">\n\t\t\t\t<div class=\"elementor-widget-container\">\n\t\t\t<h2 class=\"elementor-heading-title elementor-size-default\">P\u00ebrb\u00ebr\u00ebsit<\/h2>\t\t<\/div>\n\t\t\t\t<\/div>\n\t\t\t\t<section class=\"elementor-section elementor-inner-section elementor-element elementor-element-cb8b47 elementor-section-boxed elementor-section-height-default elementor-section-height-default\" data-id=\"cb8b47\" data-element_type=\"section\">\n\t\t\t\t\t\t<div class=\"elementor-container elementor-column-gap-no\">\n\t\t\t\t\t<div class=\"elementor-column elementor-col-50 elementor-inner-column elementor-element elementor-element-d8c9389\" data-id=\"d8c9389\" data-element_type=\"column\">\n\t\t\t<div class=\"elementor-widget-wrap elementor-element-populated\">\n\t\t\t\t\t\t\t\t<div class=\"elementor-element elementor-element-151349be elementor-widget elementor-widget-text-editor\" data-id=\"151349be\" data-element_type=\"widget\" data-widget_type=\"text-editor.default\">\n\t\t\t\t<div class=\"elementor-widget-container\">\n\t\t\t<style>\/*! elementor - v3.11.5 - 14-03-2023 *\/\n.elementor-widget-text-editor.elementor-drop-cap-view-stacked .elementor-drop-cap{background-color:#818a91;color:#fff}.elementor-widget-text-editor.elementor-drop-cap-view-framed .elementor-drop-cap{color:#818a91;border:3px solid;background-color:transparent}.elementor-widget-text-editor:not(.elementor-drop-cap-view-default) .elementor-drop-cap{margin-top:8px}.elementor-widget-text-editor:not(.elementor-drop-cap-view-default) .elementor-drop-cap-letter{width:1em;height:1em}.elementor-widget-text-editor .elementor-drop-cap{float:left;text-align:center;line-height:1;font-size:50px}.elementor-widget-text-editor .elementor-drop-cap-letter{display:inline-block}<\/style>\t\t\t\t<p><strong>P\u00ebrb\u00ebr\u00ebsit:<\/strong><\/p><p>P\u00ebr 30 Macarons<\/p><p>100gr Miell<\/p><p>180gr Sheqer pluhur<\/p><p>3 T\u00eb bardha veze<\/p><p>30gr Sheqer<\/p><p>3 Lug\u00eb kafeje Kakao<\/p>\t\t\t\t\t\t<\/div>\n\t\t\t\t<\/div>\n\t\t\t\t\t<\/div>\n\t\t<\/div>\n\t\t\t\t<div class=\"elementor-column elementor-col-50 elementor-inner-column elementor-element elementor-element-5e873384\" data-id=\"5e873384\" data-element_type=\"column\">\n\t\t\t<div class=\"elementor-widget-wrap elementor-element-populated\">\n\t\t\t\t\t\t\t\t<div class=\"elementor-element elementor-element-7867d06 elementor-widget elementor-widget-text-editor\" data-id=\"7867d06\" data-element_type=\"widget\" data-widget_type=\"text-editor.default\">\n\t\t\t\t<div class=\"elementor-widget-container\">\n\t\t\t\t\t\t\t<p><strong>P\u00ebr mbushjen:<\/strong><\/p><p>200gr \u00c7okollat e zez\u00eb p\u00ebr gatim<\/p><p>50ml Qum\u00ebsht<\/p>\t\t\t\t\t\t<\/div>\n\t\t\t\t<\/div>\n\t\t\t\t\t<\/div>\n\t\t<\/div>\n\t\t\t\t\t\t\t<\/div>\n\t\t<\/section>\n\t\t\t\t\t<\/div>\n\t\t<\/div>\n\t\t\t\t\t\t\t<\/div>\n\t\t<\/section>\n\t\t\t\t<section class=\"elementor-section elementor-top-section elementor-element elementor-element-3c82e760 elementor-section-boxed elementor-section-height-default elementor-section-height-default\" data-id=\"3c82e760\" data-element_type=\"section\">\n\t\t\t\t\t\t<div class=\"elementor-container elementor-column-gap-no\">\n\t\t\t\t\t<div class=\"elementor-column elementor-col-100 elementor-top-column elementor-element elementor-element-17af3946\" data-id=\"17af3946\" data-element_type=\"column\">\n\t\t\t<div class=\"elementor-widget-wrap elementor-element-populated\">\n\t\t\t\t\t\t\t\t<div class=\"elementor-element elementor-element-13f4e3e0 elementor-widget elementor-widget-heading\" data-id=\"13f4e3e0\" data-element_type=\"widget\" data-widget_type=\"heading.default\">\n\t\t\t\t<div class=\"elementor-widget-container\">\n\t\t\t<h2 class=\"elementor-heading-title elementor-size-default\">How to use<\/h2>\t\t<\/div>\n\t\t\t\t<\/div>\n\t\t\t\t<section class=\"elementor-section elementor-inner-section elementor-element elementor-element-71a65a04 elementor-section-boxed elementor-section-height-default elementor-section-height-default\" data-id=\"71a65a04\" data-element_type=\"section\">\n\t\t\t\t\t\t<div class=\"elementor-container elementor-column-gap-no\">\n\t\t\t\t\t<div class=\"elementor-column elementor-col-100 elementor-inner-column elementor-element elementor-element-2b941c50\" data-id=\"2b941c50\" data-element_type=\"column\">\n\t\t\t<div class=\"elementor-widget-wrap elementor-element-populated\">\n\t\t\t\t\t\t\t\t<div class=\"elementor-element elementor-element-761d1c07 elementor-widget elementor-widget-text-editor\" data-id=\"761d1c07\" data-element_type=\"widget\" data-widget_type=\"text-editor.default\">\n\t\t\t\t<div class=\"elementor-widget-container\">\n\t\t\t\t\t\t\t<p><strong>P\u00ebrgatitja:<\/strong><\/p><p>Marrim t\u00eb bardhat e vez\u00ebve t\u00eb cilat duhet t\u00eb jen\u00eb n\u00eb temperatur\u00eb ambienti 20-25\u00b0C dhe fillojm\u00eb t'i rrahim n\u00eb nj\u00eb en\u00eb t\u00eb thell\u00eb qelqi ose porcelani. Mund t\u00eb p\u00ebrdorni rrah\u00ebsin e vez\u00ebve ose rrah\u00ebsin elektrik, por b\u00ebni kujdes q\u00eb t\u00eb mos e teproni.<\/p><p>Pasi t\u00eb krijohet nj\u00eb shkum\u00eb e bardh\u00eb, shtoni pjes\u00eb-pjes\u00eb sheqerin (30gr) dhe vazhdoni ta rrahni.<\/p><p>Vezet duhet te rrahen derisa e bardha te beje nje mase te bardhe kremoze dhe kur te ngreme rrahesin duhet te jete maje e mprehte dhe jo e perkulur. Shihni edhe fotot p\u00ebr ilustrim.<\/p><p>P\u00ebrziejm\u00eb miellin e bajameve me sheqerin pluhur, kakaon dhe gjysm\u00ebn e k\u00ebsaj mase e shtojm\u00eb tek e bardha e vez\u00ebs. Me ndihm\u00ebn e nj\u00eb luge fillojm\u00eb ta trazojm\u00eb me kujdes. M\u00eb pas shtoni gjysm\u00ebn tjet\u00ebr. P\u00ebrziejini ngadal\u00eb derisa t\u00eb keni nj\u00eb mas\u00eb homogjene.<\/p><p>Marrim xhepin e shefit dhe e mbushim me mas\u00ebn e p\u00ebrgatitur. N\u00eb nj\u00eb tav\u00eb ku kemi shtruar m\u00eb par\u00eb let\u00ebr kuzhine fillojm\u00eb dhe krijojm\u00eb disa rrath\u00eb t\u00eb vegj\u00ebl me diamet\u00ebr m\u00eb t\u00eb vog\u00ebl se 5cm.<\/p><p>Pasi t\u00eb kemi mbushur tav\u00ebn, duhet ta shtypim leht\u00eb n\u00eb planin e kuzhin\u00ebs, duke hequr k\u00ebshtu ajrin dhe t\u00eb mos krijojm\u00eb flluska brenda, si dhe t\u00eb marrim nj\u00eb form\u00eb t\u00eb rrumbullak\u00ebt dhe t\u00eb l\u00ebmuar sip\u00ebr.<\/p><p>Tava duhet t\u00eb lihet t\u00eb pushoj\u00eb n\u00eb nj\u00eb ambient t\u00eb fresk\u00ebt 20-25\u00b0C p\u00ebr 30-40 minuta. Makaronat jan\u00eb gati p\u00ebr t'u pjekur n\u00ebse kur prekim sip\u00ebrfaqen nuk ngjiten.<\/p><p>Tav\u00ebn me makarona e vendosim n\u00eb furr\u00ebn e ajrosur, n\u00eb temperatur\u00ebn 170\u00b0C dhe e lem\u00eb t\u00eb piqet p\u00ebr 15-20 minuta.<\/p><p>Pasi t\u00eb jen\u00eb zier i l\u00ebm\u00eb t\u00eb ftohen dhe m\u00eb pas i heqim nga tigani.<\/p><p><strong>P\u00ebrgatisni \u00e7okollat\u00ebn<\/strong><\/p><p>Nd\u00ebrkoh\u00eb p\u00ebrgatisim kremin duke shkrir\u00eb \u00e7okollat\u00ebn n\u00eb vask\u00eb dhe e p\u00ebrziejm\u00eb me qum\u00ebsht. I trazojm\u00eb mir\u00eb derisa t\u00eb arrijm\u00eb nj\u00eb mas\u00eb homogjene.<\/p><p>Marrim kremin e pergatitur per mbushje dhe e hedhim ne xhepin e kuzhinierit. Marrim nj\u00eb makarona dhe n\u00eb fund hedhim nj\u00eb shtres\u00eb kremi pa dal\u00eb nga d\u00ebrrasa. Marrim nj\u00eb tjet\u00ebr makarona dhe e bashkojm\u00eb me kremin.<\/p>\t\t\t\t\t\t<\/div>\n\t\t\t\t<\/div>\n\t\t\t\t\t<\/div>\n\t\t<\/div>\n\t\t\t\t\t\t\t<\/div>\n\t\t<\/section>\n\t\t\t\t\t<\/div>\n\t\t<\/div>\n\t\t\t\t\t\t\t<\/div>\n\t\t<\/section>\n\t\t\t\t\t\t\t<\/div>","protected":false},"excerpt":{"rendered":"<p>Chocolate Macarons This dessert is of French origin. It is prepared with few ingredients and is very tasty. The filling of these cakes can be made as desired, with chocolate, jams and various creams. Ingredients Ingredients: For 30 Macarons 100gr Flour 180gr Powdered sugar 3 Egg whites 30gr Sugar 3 teaspoons Cocoa For the filling: [&hellip;]<\/p>","protected":false},"author":1,"featured_media":0,"parent":6439,"menu_order":0,"comment_status":"closed","ping_status":"closed","template":"","meta":[],"yoast_head":"<!-- This site is optimized with the Yoast SEO plugin v20.3 - https:\/\/yoast.com\/wordpress\/plugins\/seo\/ -->\n<title>Chocolate Macarons - EVKO<\/title>\n<meta name=\"robots\" content=\"index, follow, max-snippet:-1, max-image-preview:large, max-video-preview:-1\" \/>\n<link rel=\"canonical\" href=\"https:\/\/evko-ks.com\/sq\/recipes\/chocolate-macarons\/\" \/>\n<meta property=\"og:locale\" content=\"sq_AL\" \/>\n<meta property=\"og:type\" content=\"article\" \/>\n<meta property=\"og:title\" content=\"Chocolate Macarons - EVKO\" \/>\n<meta property=\"og:description\" content=\"Chocolate Macarons This dessert is of French origin. It is prepared with few ingredients and is very tasty. The filling of these cakes can be made as desired, with chocolate, jams and various creams. Ingredients Ingredients: For 30 Macarons 100gr Flour 180gr Powdered sugar 3 Egg whites 30gr Sugar 3 teaspoons Cocoa For the filling: [&hellip;]\" \/>\n<meta property=\"og:url\" content=\"https:\/\/evko-ks.com\/sq\/recipes\/chocolate-macarons\/\" \/>\n<meta property=\"og:site_name\" content=\"EVKO\" \/>\n<meta property=\"article:modified_time\" content=\"2022-02-11T07:59:25+00:00\" \/>\n<meta property=\"og:image\" content=\"https:\/\/evko-ks.com\/wp-content\/uploads\/2022\/02\/8-1024x682.jpg\" \/>\n<meta name=\"twitter:card\" content=\"summary_large_image\" \/>\n<meta name=\"twitter:label1\" content=\"Est. reading time\" \/>\n\t<meta name=\"twitter:data1\" content=\"2 minuta\" \/>\n<script type=\"application\/ld+json\" class=\"yoast-schema-graph\">{\"@context\":\"https:\/\/schema.org\",\"@graph\":[{\"@type\":\"WebPage\",\"@id\":\"https:\/\/evko-ks.com\/recipes\/chocolate-macarons\/\",\"url\":\"https:\/\/evko-ks.com\/recipes\/chocolate-macarons\/\",\"name\":\"Chocolate Macarons - EVKO\",\"isPartOf\":{\"@id\":\"https:\/\/evko-ks.com\/#website\"},\"datePublished\":\"2022-02-11T07:57:14+00:00\",\"dateModified\":\"2022-02-11T07:59:25+00:00\",\"breadcrumb\":{\"@id\":\"https:\/\/evko-ks.com\/recipes\/chocolate-macarons\/#breadcrumb\"},\"inLanguage\":\"sq\",\"potentialAction\":[{\"@type\":\"ReadAction\",\"target\":[\"https:\/\/evko-ks.com\/recipes\/chocolate-macarons\/\"]}]},{\"@type\":\"BreadcrumbList\",\"@id\":\"https:\/\/evko-ks.com\/recipes\/chocolate-macarons\/#breadcrumb\",\"itemListElement\":[{\"@type\":\"ListItem\",\"position\":1,\"name\":\"Home\",\"item\":\"https:\/\/evko-ks.com\/\"},{\"@type\":\"ListItem\",\"position\":2,\"name\":\"Recipes\",\"item\":\"https:\/\/evko-ks.com\/recipes\/\"},{\"@type\":\"ListItem\",\"position\":3,\"name\":\"Chocolate Macarons\"}]},{\"@type\":\"WebSite\",\"@id\":\"https:\/\/evko-ks.com\/#website\",\"url\":\"https:\/\/evko-ks.com\/\",\"name\":\"EVKO\",\"description\":\"\",\"potentialAction\":[{\"@type\":\"SearchAction\",\"target\":{\"@type\":\"EntryPoint\",\"urlTemplate\":\"https:\/\/evko-ks.com\/?s={search_term_string}\"},\"query-input\":\"required name=search_term_string\"}],\"inLanguage\":\"sq\"}]}<\/script>\n<!-- \/ Yoast SEO plugin. -->","yoast_head_json":{"title":"Chocolate Macarons - EVKO","robots":{"index":"index","follow":"follow","max-snippet":"max-snippet:-1","max-image-preview":"max-image-preview:large","max-video-preview":"max-video-preview:-1"},"canonical":"https:\/\/evko-ks.com\/sq\/recipes\/chocolate-macarons\/","og_locale":"sq_AL","og_type":"article","og_title":"Chocolate Macarons - EVKO","og_description":"Chocolate Macarons This dessert is of French origin. It is prepared with few ingredients and is very tasty. The filling of these cakes can be made as desired, with chocolate, jams and various creams. Ingredients Ingredients: For 30 Macarons 100gr Flour 180gr Powdered sugar 3 Egg whites 30gr Sugar 3 teaspoons Cocoa For the filling: [&hellip;]","og_url":"https:\/\/evko-ks.com\/sq\/recipes\/chocolate-macarons\/","og_site_name":"EVKO","article_modified_time":"2022-02-11T07:59:25+00:00","og_image":[{"url":"https:\/\/evko-ks.com\/wp-content\/uploads\/2022\/02\/8-1024x682.jpg"}],"twitter_card":"summary_large_image","twitter_misc":{"Est. reading time":"2 minuta"},"schema":{"@context":"https:\/\/schema.org","@graph":[{"@type":"WebPage","@id":"https:\/\/evko-ks.com\/recipes\/chocolate-macarons\/","url":"https:\/\/evko-ks.com\/recipes\/chocolate-macarons\/","name":"Chocolate Macarons - EVKO","isPartOf":{"@id":"https:\/\/evko-ks.com\/#website"},"datePublished":"2022-02-11T07:57:14+00:00","dateModified":"2022-02-11T07:59:25+00:00","breadcrumb":{"@id":"https:\/\/evko-ks.com\/recipes\/chocolate-macarons\/#breadcrumb"},"inLanguage":"sq","potentialAction":[{"@type":"ReadAction","target":["https:\/\/evko-ks.com\/recipes\/chocolate-macarons\/"]}]},{"@type":"BreadcrumbList","@id":"https:\/\/evko-ks.com\/recipes\/chocolate-macarons\/#breadcrumb","itemListElement":[{"@type":"ListItem","position":1,"name":"Home","item":"https:\/\/evko-ks.com\/"},{"@type":"ListItem","position":2,"name":"Recipes","item":"https:\/\/evko-ks.com\/recipes\/"},{"@type":"ListItem","position":3,"name":"Chocolate Macarons"}]},{"@type":"WebSite","@id":"https:\/\/evko-ks.com\/#website","url":"https:\/\/evko-ks.com\/","name":"EVKO","description":"","potentialAction":[{"@type":"SearchAction","target":{"@type":"EntryPoint","urlTemplate":"https:\/\/evko-ks.com\/?s={search_term_string}"},"query-input":"required name=search_term_string"}],"inLanguage":"sq"}]}},"_links":{"self":[{"href":"https:\/\/evko-ks.com\/sq\/wp-json\/wp\/v2\/pages\/6528"}],"collection":[{"href":"https:\/\/evko-ks.com\/sq\/wp-json\/wp\/v2\/pages"}],"about":[{"href":"https:\/\/evko-ks.com\/sq\/wp-json\/wp\/v2\/types\/page"}],"author":[{"embeddable":true,"href":"https:\/\/evko-ks.com\/sq\/wp-json\/wp\/v2\/users\/1"}],"replies":[{"embeddable":true,"href":"https:\/\/evko-ks.com\/sq\/wp-json\/wp\/v2\/comments?post=6528"}],"version-history":[{"count":0,"href":"https:\/\/evko-ks.com\/sq\/wp-json\/wp\/v2\/pages\/6528\/revisions"}],"up":[{"embeddable":true,"href":"https:\/\/evko-ks.com\/sq\/wp-json\/wp\/v2\/pages\/6439"}],"wp:attachment":[{"href":"https:\/\/evko-ks.com\/sq\/wp-json\/wp\/v2\/media?parent=6528"}],"curies":[{"name":"wp","href":"https:\/\/api.w.org\/{rel}","templated":true}]}}