{"id":6540,"date":"2022-02-11T08:04:26","date_gmt":"2022-02-11T08:04:26","guid":{"rendered":"https:\/\/evko-ks.com\/?page_id=6540"},"modified":"2022-02-22T17:15:29","modified_gmt":"2022-02-22T17:15:29","slug":"crepe-with-choco","status":"publish","type":"page","link":"https:\/\/evko-ks.com\/sq\/recipes\/crepe-with-choco\/","title":{"rendered":"Krepa me krem \u00e7okollate"},"content":{"rendered":"<div data-elementor-type=\"wp-page\" data-elementor-id=\"6540\" class=\"elementor elementor-6540\">\n\t\t\t\t\t\t\t\t\t<section class=\"elementor-section elementor-top-section elementor-element elementor-element-72a45ce3 elementor-section-boxed elementor-section-height-default elementor-section-height-default\" data-id=\"72a45ce3\" data-element_type=\"section\" data-settings=\"{&quot;background_background&quot;:&quot;classic&quot;}\">\n\t\t\t\t\t\t<div class=\"elementor-container elementor-column-gap-default\">\n\t\t\t\t\t<div class=\"elementor-column elementor-col-50 elementor-top-column elementor-element elementor-element-791a6708\" data-id=\"791a6708\" data-element_type=\"column\">\n\t\t\t<div class=\"elementor-widget-wrap elementor-element-populated\">\n\t\t\t\t\t\t\t\t<div class=\"elementor-element elementor-element-3252984b elementor-widget elementor-widget-image\" data-id=\"3252984b\" data-element_type=\"widget\" data-widget_type=\"image.default\">\n\t\t\t\t<div class=\"elementor-widget-container\">\n\t\t\t<style>\/*! elementor - v3.11.5 - 14-03-2023 *\/\n.elementor-widget-image{text-align:center}.elementor-widget-image a{display:inline-block}.elementor-widget-image a img[src$=\".svg\"]{width:48px}.elementor-widget-image img{vertical-align:middle;display:inline-block}<\/style>\t\t\t\t\t\t\t\t\t\t\t\t\t<a href=\"https:\/\/evko-ks.com\/sq\/soups\/\">\n\t\t\t\t\t\t\t<img decoding=\"async\" width=\"960\" height=\"640\" src=\"https:\/\/evko-ks.com\/wp-content\/uploads\/2022\/02\/9-1024x683.jpg\" class=\"attachment-large size-large wp-image-6451\" alt=\"\" loading=\"lazy\" srcset=\"https:\/\/evko-ks.com\/wp-content\/uploads\/2022\/02\/9-1024x683.jpg 1024w, https:\/\/evko-ks.com\/wp-content\/uploads\/2022\/02\/9-300x200.jpg 300w, https:\/\/evko-ks.com\/wp-content\/uploads\/2022\/02\/9-768x513.jpg 768w, https:\/\/evko-ks.com\/wp-content\/uploads\/2022\/02\/9-1536x1025.jpg 1536w, https:\/\/evko-ks.com\/wp-content\/uploads\/2022\/02\/9-2048x1367.jpg 2048w, https:\/\/evko-ks.com\/wp-content\/uploads\/2022\/02\/9-18x12.jpg 18w\" sizes=\"(max-width: 960px) 100vw, 960px\" \/>\t\t\t\t\t\t\t\t<\/a>\n\t\t\t\t\t\t\t\t\t\t\t\t\t\t\t<\/div>\n\t\t\t\t<\/div>\n\t\t\t\t\t<\/div>\n\t\t<\/div>\n\t\t\t\t<div class=\"elementor-column elementor-col-50 elementor-top-column elementor-element elementor-element-1e3a57ee\" data-id=\"1e3a57ee\" data-element_type=\"column\">\n\t\t\t<div class=\"elementor-widget-wrap elementor-element-populated\">\n\t\t\t\t\t\t\t\t<div class=\"elementor-element elementor-element-57635cb1 elementor-widget elementor-widget-heading\" data-id=\"57635cb1\" data-element_type=\"widget\" data-widget_type=\"heading.default\">\n\t\t\t\t<div class=\"elementor-widget-container\">\n\t\t\t<style>\/*! elementor - v3.11.5 - 14-03-2023 *\/\n.elementor-heading-title{padding:0;margin:0;line-height:1}.elementor-widget-heading .elementor-heading-title[class*=elementor-size-]>a{color:inherit;font-size:inherit;line-height:inherit}.elementor-widget-heading .elementor-heading-title.elementor-size-small{font-size:15px}.elementor-widget-heading .elementor-heading-title.elementor-size-medium{font-size:19px}.elementor-widget-heading .elementor-heading-title.elementor-size-large{font-size:29px}.elementor-widget-heading .elementor-heading-title.elementor-size-xl{font-size:39px}.elementor-widget-heading .elementor-heading-title.elementor-size-xxl{font-size:59px}<\/style><h2 class=\"elementor-heading-title elementor-size-default\">Krepa me krem \u00e7okollate<\/h2>\t\t<\/div>\n\t\t\t\t<\/div>\n\t\t\t\t<div class=\"elementor-element elementor-element-7f5cb066 elementor-widget elementor-widget-heading\" data-id=\"7f5cb066\" data-element_type=\"widget\" data-widget_type=\"heading.default\">\n\t\t\t\t<div class=\"elementor-widget-container\">\n\t\t\t<h2 class=\"elementor-heading-title elementor-size-default\">Krepi me krem \u00e7okollate \u00ebsht\u00eb nj\u00eb nga \u00ebmb\u00eblsirat m\u00eb t\u00eb thjeshta n\u00eb p\u00ebrgatitje. Kjo \u00ebmb\u00eblsir\u00eb p\u00eblqehet shum\u00eb si nga f\u00ebmij\u00ebt ashtu edhe nga t\u00eb rriturit.<\/h2>\t\t<\/div>\n\t\t\t\t<\/div>\n\t\t\t\t\t<\/div>\n\t\t<\/div>\n\t\t\t\t\t\t\t<\/div>\n\t\t<\/section>\n\t\t\t\t<section class=\"elementor-section elementor-top-section elementor-element elementor-element-7da1a262 elementor-section-boxed elementor-section-height-default elementor-section-height-default\" data-id=\"7da1a262\" data-element_type=\"section\" data-settings=\"{&quot;background_background&quot;:&quot;classic&quot;}\">\n\t\t\t\t\t\t<div class=\"elementor-container elementor-column-gap-no\">\n\t\t\t\t\t<div class=\"elementor-column elementor-col-100 elementor-top-column elementor-element elementor-element-6bc24b0d\" data-id=\"6bc24b0d\" data-element_type=\"column\">\n\t\t\t<div class=\"elementor-widget-wrap elementor-element-populated\">\n\t\t\t\t\t\t\t\t<div class=\"elementor-element elementor-element-5f935767 elementor-widget elementor-widget-heading\" data-id=\"5f935767\" data-element_type=\"widget\" data-widget_type=\"heading.default\">\n\t\t\t\t<div class=\"elementor-widget-container\">\n\t\t\t<h2 class=\"elementor-heading-title elementor-size-default\">P\u00ebrb\u00ebr\u00ebsit<\/h2>\t\t<\/div>\n\t\t\t\t<\/div>\n\t\t\t\t<section class=\"elementor-section elementor-inner-section elementor-element elementor-element-1dc54e25 elementor-section-boxed elementor-section-height-default elementor-section-height-default\" data-id=\"1dc54e25\" data-element_type=\"section\">\n\t\t\t\t\t\t<div class=\"elementor-container elementor-column-gap-no\">\n\t\t\t\t\t<div class=\"elementor-column elementor-col-50 elementor-inner-column elementor-element elementor-element-466cb597\" data-id=\"466cb597\" data-element_type=\"column\">\n\t\t\t<div class=\"elementor-widget-wrap elementor-element-populated\">\n\t\t\t\t\t\t\t\t<div class=\"elementor-element elementor-element-6df282fc elementor-widget elementor-widget-text-editor\" data-id=\"6df282fc\" data-element_type=\"widget\" data-widget_type=\"text-editor.default\">\n\t\t\t\t<div class=\"elementor-widget-container\">\n\t\t\t<style>\/*! elementor - v3.11.5 - 14-03-2023 *\/\n.elementor-widget-text-editor.elementor-drop-cap-view-stacked .elementor-drop-cap{background-color:#818a91;color:#fff}.elementor-widget-text-editor.elementor-drop-cap-view-framed .elementor-drop-cap{color:#818a91;border:3px solid;background-color:transparent}.elementor-widget-text-editor:not(.elementor-drop-cap-view-default) .elementor-drop-cap{margin-top:8px}.elementor-widget-text-editor:not(.elementor-drop-cap-view-default) .elementor-drop-cap-letter{width:1em;height:1em}.elementor-widget-text-editor .elementor-drop-cap{float:left;text-align:center;line-height:1;font-size:50px}.elementor-widget-text-editor .elementor-drop-cap-letter{display:inline-block}<\/style>\t\t\t\t<p><strong>P\u00ebrb\u00ebr\u00ebsit:<\/strong><\/p><p>500ml Qum\u00ebsht<\/p><p>250ml Miell<\/p><p>50gr Gjalp\u00eb<\/p><p>3 Vez\u00eb<\/p><p>Pak Krip\u00eb<\/p>\t\t\t\t\t\t<\/div>\n\t\t\t\t<\/div>\n\t\t\t\t\t<\/div>\n\t\t<\/div>\n\t\t\t\t<div class=\"elementor-column elementor-col-50 elementor-inner-column elementor-element elementor-element-73a8f825\" data-id=\"73a8f825\" data-element_type=\"column\">\n\t\t\t<div class=\"elementor-widget-wrap elementor-element-populated\">\n\t\t\t\t\t\t\t\t<div class=\"elementor-element elementor-element-66d9b947 elementor-widget elementor-widget-text-editor\" data-id=\"66d9b947\" data-element_type=\"widget\" data-widget_type=\"text-editor.default\">\n\t\t\t\t<div class=\"elementor-widget-container\">\n\t\t\t\t\t\t\t<p><strong>Ingredients for filling:<\/strong><\/p><p>350gr choco cream<\/p><p>Banane<\/p><p>Sheqer pluhur per zbukurim<\/p>\t\t\t\t\t\t<\/div>\n\t\t\t\t<\/div>\n\t\t\t\t\t<\/div>\n\t\t<\/div>\n\t\t\t\t\t\t\t<\/div>\n\t\t<\/section>\n\t\t\t\t\t<\/div>\n\t\t<\/div>\n\t\t\t\t\t\t\t<\/div>\n\t\t<\/section>\n\t\t\t\t<section class=\"elementor-section elementor-top-section elementor-element elementor-element-dbeea93 elementor-section-boxed elementor-section-height-default elementor-section-height-default\" data-id=\"dbeea93\" data-element_type=\"section\">\n\t\t\t\t\t\t<div class=\"elementor-container elementor-column-gap-no\">\n\t\t\t\t\t<div class=\"elementor-column elementor-col-100 elementor-top-column elementor-element elementor-element-60261fa6\" data-id=\"60261fa6\" data-element_type=\"column\">\n\t\t\t<div class=\"elementor-widget-wrap elementor-element-populated\">\n\t\t\t\t\t\t\t\t<div class=\"elementor-element elementor-element-7c33164c elementor-widget elementor-widget-heading\" data-id=\"7c33164c\" data-element_type=\"widget\" data-widget_type=\"heading.default\">\n\t\t\t\t<div class=\"elementor-widget-container\">\n\t\t\t<h2 class=\"elementor-heading-title elementor-size-default\">How to use<\/h2>\t\t<\/div>\n\t\t\t\t<\/div>\n\t\t\t\t<section class=\"elementor-section elementor-inner-section elementor-element elementor-element-11528153 elementor-section-boxed elementor-section-height-default elementor-section-height-default\" data-id=\"11528153\" data-element_type=\"section\">\n\t\t\t\t\t\t<div class=\"elementor-container elementor-column-gap-no\">\n\t\t\t\t\t<div class=\"elementor-column elementor-col-100 elementor-inner-column elementor-element elementor-element-24b5cebc\" data-id=\"24b5cebc\" data-element_type=\"column\">\n\t\t\t<div class=\"elementor-widget-wrap elementor-element-populated\">\n\t\t\t\t\t\t\t\t<div class=\"elementor-element elementor-element-538d90d1 elementor-widget elementor-widget-text-editor\" data-id=\"538d90d1\" data-element_type=\"widget\" data-widget_type=\"text-editor.default\">\n\t\t\t\t<div class=\"elementor-widget-container\">\n\t\t\t\t\t\t\t<p><strong>P\u00ebrgatitja:<\/strong><\/p><p>Marrim nj\u00eb en\u00eb t\u00eb madhe qelqi dhe hedhim miellin dhe pak krip\u00eb. P\u00ebrziejini mir\u00eb dhe shtoni qum\u00ebshtin ngadal\u00eb duke e rrahur vazhdimisht. Duhet t\u00eb kemi kujdes q\u00eb nga mielli t\u00eb mos krijohen kokrra. Mund t\u00eb p\u00ebrdorim edhe rrah\u00ebsin elektrik. Shtoni vez\u00ebt duke vazhduar rrahjen mir\u00eb.<\/p><p>Shkrijm\u00eb gjalpin n\u00eb banj\u00eb ose n\u00eb mikroval\u00eb dhe e shtojm\u00eb n\u00eb mas\u00ebn e p\u00ebrgatitur (duhet t\u00eb b\u00ebjm\u00eb kujdes q\u00eb gjalpi t\u00eb mos jet\u00eb i nxeht\u00eb). I trazojm\u00eb mir\u00eb t\u00eb gjith\u00eb p\u00ebrb\u00ebr\u00ebsit derisa t\u00eb arrijm\u00eb nj\u00eb mas\u00eb t\u00eb l\u00ebngshme dhe homogjene.<\/p><p>Nd\u00ebrkoh\u00eb ngrohim tav\u00ebn me krepat, (n\u00ebse nuk mund t\u00eb p\u00ebrdorni as nj\u00eb tav\u00eb normale duke e lyer me pak gjalp\u00eb rreth e qark, mjafton t\u00eb jet\u00eb nj\u00eb q\u00eb nuk ngjitet).<\/p><p>Hedhim mbi tav\u00eb, n\u00eb qend\u00ebr t\u00eb saj, nj\u00eb garuzhde me mas\u00ebn e p\u00ebrgatitur. E hapim mire duke e palosur taven ose nese mundeni mund te perdorni hapesin e krepave i cili eshte prej druri dhe ka forme T-je.<\/p><p>E lem\u00eb krepin t\u00eb gatuhet p\u00ebr rreth nj\u00eb minut\u00eb dhe m\u00eb pas e kthejm\u00eb t\u00eb piqet edhe k\u00ebtu. E hedhim n\u00eb nj\u00eb pjat\u00eb dhe vazhdojm\u00eb k\u00ebshtu derisa t\u00eb kemi p\u00ebrfunduar t\u00eb gjith\u00eb brumin e p\u00ebrgatitur.<\/p><p>Pasi t\u00eb jen\u00eb pjekur, marrim nj\u00eb krep, e lyejm\u00eb plot\u00ebsisht me krem \u00e7okollate, (n\u00ebse \u00ebsht\u00eb pak i fort\u00eb, e vendosim n\u00eb mikroval\u00eb ose n\u00eb banj\u00eb p\u00ebr pak \u00e7aste q\u00eb t\u00eb shkrihet). M\u00eb pas e palosim krepin n\u00eb dysh dhe m\u00eb pas edhe m\u00eb shum\u00eb n\u00eb dysh. Vendosim krepin n\u00eb pjat\u00eb dhe e zbukurojm\u00eb me sheqer pluhur.<\/p>\t\t\t\t\t\t<\/div>\n\t\t\t\t<\/div>\n\t\t\t\t\t<\/div>\n\t\t<\/div>\n\t\t\t\t\t\t\t<\/div>\n\t\t<\/section>\n\t\t\t\t\t<\/div>\n\t\t<\/div>\n\t\t\t\t\t\t\t<\/div>\n\t\t<\/section>\n\t\t\t\t\t\t\t<\/div>","protected":false},"excerpt":{"rendered":"<p>Crepe with choco cream Crepe with choco cream is one of the simplest desserts in preparation. This dessert is very much liked by both children and adults. Ingredients Ingredients: 500ml Milk 250ml Flour 50gr Butter 3 Eggs A little Salt Ingredients for filling: 350gr choco cream Bananas Powdered sugar for decoration How to use Preparation [&hellip;]<\/p>","protected":false},"author":1,"featured_media":0,"parent":6439,"menu_order":0,"comment_status":"closed","ping_status":"closed","template":"","meta":[],"yoast_head":"<!-- This site is optimized with the Yoast SEO plugin v20.3 - https:\/\/yoast.com\/wordpress\/plugins\/seo\/ -->\n<title>Crepe with choco cream - EVKO<\/title>\n<meta name=\"robots\" content=\"index, follow, max-snippet:-1, max-image-preview:large, max-video-preview:-1\" \/>\n<link rel=\"canonical\" href=\"https:\/\/evko-ks.com\/sq\/recipes\/crepe-with-choco\/\" \/>\n<meta property=\"og:locale\" content=\"sq_AL\" \/>\n<meta property=\"og:type\" content=\"article\" \/>\n<meta property=\"og:title\" content=\"Crepe with choco cream - EVKO\" \/>\n<meta property=\"og:description\" content=\"Crepe with choco cream Crepe with choco cream is one of the simplest desserts in preparation. This dessert is very much liked by both children and adults. Ingredients Ingredients: 500ml Milk 250ml Flour 50gr Butter 3 Eggs A little Salt Ingredients for filling: 350gr choco cream Bananas Powdered sugar for decoration How to use Preparation [&hellip;]\" \/>\n<meta property=\"og:url\" content=\"https:\/\/evko-ks.com\/sq\/recipes\/crepe-with-choco\/\" \/>\n<meta property=\"og:site_name\" content=\"EVKO\" \/>\n<meta property=\"article:modified_time\" content=\"2022-02-22T17:15:29+00:00\" \/>\n<meta property=\"og:image\" content=\"https:\/\/evko-ks.com\/wp-content\/uploads\/2022\/02\/9-1024x683.jpg\" \/>\n<meta name=\"twitter:card\" content=\"summary_large_image\" \/>\n<meta name=\"twitter:label1\" content=\"Est. reading time\" \/>\n\t<meta name=\"twitter:data1\" content=\"2 minuta\" \/>\n<script type=\"application\/ld+json\" class=\"yoast-schema-graph\">{\"@context\":\"https:\/\/schema.org\",\"@graph\":[{\"@type\":\"WebPage\",\"@id\":\"https:\/\/evko-ks.com\/recipes\/crepe-with-choco\/\",\"url\":\"https:\/\/evko-ks.com\/recipes\/crepe-with-choco\/\",\"name\":\"Crepe with choco cream - EVKO\",\"isPartOf\":{\"@id\":\"https:\/\/evko-ks.com\/#website\"},\"datePublished\":\"2022-02-11T08:04:26+00:00\",\"dateModified\":\"2022-02-22T17:15:29+00:00\",\"breadcrumb\":{\"@id\":\"https:\/\/evko-ks.com\/recipes\/crepe-with-choco\/#breadcrumb\"},\"inLanguage\":\"sq\",\"potentialAction\":[{\"@type\":\"ReadAction\",\"target\":[\"https:\/\/evko-ks.com\/recipes\/crepe-with-choco\/\"]}]},{\"@type\":\"BreadcrumbList\",\"@id\":\"https:\/\/evko-ks.com\/recipes\/crepe-with-choco\/#breadcrumb\",\"itemListElement\":[{\"@type\":\"ListItem\",\"position\":1,\"name\":\"Home\",\"item\":\"https:\/\/evko-ks.com\/\"},{\"@type\":\"ListItem\",\"position\":2,\"name\":\"Recipes\",\"item\":\"https:\/\/evko-ks.com\/recipes\/\"},{\"@type\":\"ListItem\",\"position\":3,\"name\":\"Crepe with choco cream\"}]},{\"@type\":\"WebSite\",\"@id\":\"https:\/\/evko-ks.com\/#website\",\"url\":\"https:\/\/evko-ks.com\/\",\"name\":\"EVKO\",\"description\":\"\",\"potentialAction\":[{\"@type\":\"SearchAction\",\"target\":{\"@type\":\"EntryPoint\",\"urlTemplate\":\"https:\/\/evko-ks.com\/?s={search_term_string}\"},\"query-input\":\"required name=search_term_string\"}],\"inLanguage\":\"sq\"}]}<\/script>\n<!-- \/ Yoast SEO plugin. -->","yoast_head_json":{"title":"Crepe with choco cream - EVKO","robots":{"index":"index","follow":"follow","max-snippet":"max-snippet:-1","max-image-preview":"max-image-preview:large","max-video-preview":"max-video-preview:-1"},"canonical":"https:\/\/evko-ks.com\/sq\/recipes\/crepe-with-choco\/","og_locale":"sq_AL","og_type":"article","og_title":"Crepe with choco cream - EVKO","og_description":"Crepe with choco cream Crepe with choco cream is one of the simplest desserts in preparation. This dessert is very much liked by both children and adults. Ingredients Ingredients: 500ml Milk 250ml Flour 50gr Butter 3 Eggs A little Salt Ingredients for filling: 350gr choco cream Bananas Powdered sugar for decoration How to use Preparation [&hellip;]","og_url":"https:\/\/evko-ks.com\/sq\/recipes\/crepe-with-choco\/","og_site_name":"EVKO","article_modified_time":"2022-02-22T17:15:29+00:00","og_image":[{"url":"https:\/\/evko-ks.com\/wp-content\/uploads\/2022\/02\/9-1024x683.jpg"}],"twitter_card":"summary_large_image","twitter_misc":{"Est. reading time":"2 minuta"},"schema":{"@context":"https:\/\/schema.org","@graph":[{"@type":"WebPage","@id":"https:\/\/evko-ks.com\/recipes\/crepe-with-choco\/","url":"https:\/\/evko-ks.com\/recipes\/crepe-with-choco\/","name":"Crepe with choco cream - EVKO","isPartOf":{"@id":"https:\/\/evko-ks.com\/#website"},"datePublished":"2022-02-11T08:04:26+00:00","dateModified":"2022-02-22T17:15:29+00:00","breadcrumb":{"@id":"https:\/\/evko-ks.com\/recipes\/crepe-with-choco\/#breadcrumb"},"inLanguage":"sq","potentialAction":[{"@type":"ReadAction","target":["https:\/\/evko-ks.com\/recipes\/crepe-with-choco\/"]}]},{"@type":"BreadcrumbList","@id":"https:\/\/evko-ks.com\/recipes\/crepe-with-choco\/#breadcrumb","itemListElement":[{"@type":"ListItem","position":1,"name":"Home","item":"https:\/\/evko-ks.com\/"},{"@type":"ListItem","position":2,"name":"Recipes","item":"https:\/\/evko-ks.com\/recipes\/"},{"@type":"ListItem","position":3,"name":"Crepe with choco cream"}]},{"@type":"WebSite","@id":"https:\/\/evko-ks.com\/#website","url":"https:\/\/evko-ks.com\/","name":"EVKO","description":"","potentialAction":[{"@type":"SearchAction","target":{"@type":"EntryPoint","urlTemplate":"https:\/\/evko-ks.com\/?s={search_term_string}"},"query-input":"required name=search_term_string"}],"inLanguage":"sq"}]}},"_links":{"self":[{"href":"https:\/\/evko-ks.com\/sq\/wp-json\/wp\/v2\/pages\/6540"}],"collection":[{"href":"https:\/\/evko-ks.com\/sq\/wp-json\/wp\/v2\/pages"}],"about":[{"href":"https:\/\/evko-ks.com\/sq\/wp-json\/wp\/v2\/types\/page"}],"author":[{"embeddable":true,"href":"https:\/\/evko-ks.com\/sq\/wp-json\/wp\/v2\/users\/1"}],"replies":[{"embeddable":true,"href":"https:\/\/evko-ks.com\/sq\/wp-json\/wp\/v2\/comments?post=6540"}],"version-history":[{"count":0,"href":"https:\/\/evko-ks.com\/sq\/wp-json\/wp\/v2\/pages\/6540\/revisions"}],"up":[{"embeddable":true,"href":"https:\/\/evko-ks.com\/sq\/wp-json\/wp\/v2\/pages\/6439"}],"wp:attachment":[{"href":"https:\/\/evko-ks.com\/sq\/wp-json\/wp\/v2\/media?parent=6540"}],"curies":[{"name":"wp","href":"https:\/\/api.w.org\/{rel}","templated":true}]}}