{"id":6576,"date":"2022-02-11T09:14:20","date_gmt":"2022-02-11T09:14:20","guid":{"rendered":"https:\/\/evko-ks.com\/?page_id=6576"},"modified":"2022-02-21T10:43:15","modified_gmt":"2022-02-21T10:43:15","slug":"dulina-white-chocolate-for-cooking-90-gr","status":"publish","type":"page","link":"https:\/\/evko-ks.com\/sq\/products\/cakes\/dulina-white-chocolate-for-cooking-90-gr\/","title":{"rendered":"Dulina Cokollat\u00eb\u00a0e  bardh\u00eb p\u00ebr zierje 90 gr"},"content":{"rendered":"<div data-elementor-type=\"wp-page\" data-elementor-id=\"6576\" class=\"elementor elementor-6576\">\n\t\t\t\t\t\t\t\t\t<section class=\"elementor-section elementor-top-section elementor-element elementor-element-25a8ddc2 elementor-section-boxed elementor-section-height-default elementor-section-height-default\" data-id=\"25a8ddc2\" data-element_type=\"section\" data-settings=\"{&quot;background_background&quot;:&quot;classic&quot;}\">\n\t\t\t\t\t\t<div class=\"elementor-container elementor-column-gap-default\">\n\t\t\t\t\t<div class=\"elementor-column elementor-col-50 elementor-top-column elementor-element elementor-element-254b31c0\" data-id=\"254b31c0\" data-element_type=\"column\">\n\t\t\t<div class=\"elementor-widget-wrap elementor-element-populated\">\n\t\t\t\t\t\t\t\t<div class=\"elementor-element elementor-element-4e4811a5 elementor-widget elementor-widget-image\" data-id=\"4e4811a5\" data-element_type=\"widget\" data-widget_type=\"image.default\">\n\t\t\t\t<div class=\"elementor-widget-container\">\n\t\t\t<style>\/*! elementor - v3.11.5 - 14-03-2023 *\/\n.elementor-widget-image{text-align:center}.elementor-widget-image a{display:inline-block}.elementor-widget-image a img[src$=\".svg\"]{width:48px}.elementor-widget-image img{vertical-align:middle;display:inline-block}<\/style>\t\t\t\t\t\t\t\t\t\t\t\t\t<a href=\"https:\/\/evko-ks.com\/sq\/products\/cakes\/\">\n\t\t\t\t\t\t\t<img decoding=\"async\" width=\"960\" height=\"960\" src=\"https:\/\/evko-ks.com\/wp-content\/uploads\/2022\/02\/2.Dulina_White-1024x1024.png\" class=\"attachment-large size-large wp-image-6558\" alt=\"\" loading=\"lazy\" srcset=\"https:\/\/evko-ks.com\/wp-content\/uploads\/2022\/02\/2.Dulina_White-1024x1024.png 1024w, https:\/\/evko-ks.com\/wp-content\/uploads\/2022\/02\/2.Dulina_White-300x300.png 300w, https:\/\/evko-ks.com\/wp-content\/uploads\/2022\/02\/2.Dulina_White-150x150.png 150w, https:\/\/evko-ks.com\/wp-content\/uploads\/2022\/02\/2.Dulina_White-768x768.png 768w, https:\/\/evko-ks.com\/wp-content\/uploads\/2022\/02\/2.Dulina_White-1536x1536.png 1536w, https:\/\/evko-ks.com\/wp-content\/uploads\/2022\/02\/2.Dulina_White-2048x2048.png 2048w, https:\/\/evko-ks.com\/wp-content\/uploads\/2022\/02\/2.Dulina_White-12x12.png 12w\" sizes=\"(max-width: 960px) 100vw, 960px\" \/>\t\t\t\t\t\t\t\t<\/a>\n\t\t\t\t\t\t\t\t\t\t\t\t\t\t\t<\/div>\n\t\t\t\t<\/div>\n\t\t\t\t\t<\/div>\n\t\t<\/div>\n\t\t\t\t<div class=\"elementor-column elementor-col-50 elementor-top-column elementor-element elementor-element-66506ed0\" data-id=\"66506ed0\" data-element_type=\"column\">\n\t\t\t<div class=\"elementor-widget-wrap elementor-element-populated\">\n\t\t\t\t\t\t\t\t<div class=\"elementor-element elementor-element-e3eb9a elementor-widget elementor-widget-heading\" data-id=\"e3eb9a\" data-element_type=\"widget\" data-widget_type=\"heading.default\">\n\t\t\t\t<div class=\"elementor-widget-container\">\n\t\t\t<style>\/*! elementor - v3.11.5 - 14-03-2023 *\/\n.elementor-heading-title{padding:0;margin:0;line-height:1}.elementor-widget-heading .elementor-heading-title[class*=elementor-size-]>a{color:inherit;font-size:inherit;line-height:inherit}.elementor-widget-heading .elementor-heading-title.elementor-size-small{font-size:15px}.elementor-widget-heading .elementor-heading-title.elementor-size-medium{font-size:19px}.elementor-widget-heading .elementor-heading-title.elementor-size-large{font-size:29px}.elementor-widget-heading .elementor-heading-title.elementor-size-xl{font-size:39px}.elementor-widget-heading .elementor-heading-title.elementor-size-xxl{font-size:59px}<\/style><h2 class=\"elementor-heading-title elementor-size-default\">Dulina Cokollat\u00eb\u00a0e  bardh\u00eb p\u00ebr zierje 90 gr<\/h2>\t\t<\/div>\n\t\t\t\t<\/div>\n\t\t\t\t<div class=\"elementor-element elementor-element-7b5f76ea elementor-widget elementor-widget-heading\" data-id=\"7b5f76ea\" data-element_type=\"widget\" data-widget_type=\"heading.default\">\n\t\t\t\t<div class=\"elementor-widget-container\">\n\t\t\t<h2 class=\"elementor-heading-title elementor-size-default\">Qokollat\u00eb\u00a0e bardh\u00eb p\u00ebr zierje EVKO, e p\u00ebrshtatshme p\u00ebr p\u00ebrgaditjen e\u00a0\u00ebmb\u00eblsirave t\u00eb\u00a0ndryshme, shija e pasur e qokollat\u00ebs s\u00eb bardh\u00eb do ta b\u00ebj\u00eb \u00ebmb\u00eblsir\u00ebn tuaj t\u00eb\u00a0parezistueshme.<\/h2>\t\t<\/div>\n\t\t\t\t<\/div>\n\t\t\t\t\t<\/div>\n\t\t<\/div>\n\t\t\t\t\t\t\t<\/div>\n\t\t<\/section>\n\t\t\t\t<section class=\"elementor-section elementor-top-section elementor-element elementor-element-dd6ebca elementor-section-boxed elementor-section-height-default elementor-section-height-default\" data-id=\"dd6ebca\" data-element_type=\"section\" data-settings=\"{&quot;background_background&quot;:&quot;classic&quot;}\">\n\t\t\t\t\t\t<div class=\"elementor-container elementor-column-gap-no\">\n\t\t\t\t\t<div class=\"elementor-column elementor-col-100 elementor-top-column elementor-element elementor-element-64a363b5\" data-id=\"64a363b5\" data-element_type=\"column\">\n\t\t\t<div class=\"elementor-widget-wrap elementor-element-populated\">\n\t\t\t\t\t\t\t\t<div class=\"elementor-element elementor-element-692452bc elementor-widget elementor-widget-heading\" data-id=\"692452bc\" data-element_type=\"widget\" data-widget_type=\"heading.default\">\n\t\t\t\t<div class=\"elementor-widget-container\">\n\t\t\t<h2 class=\"elementor-heading-title elementor-size-default\">P\u00ebrmbajtja<\/h2>\t\t<\/div>\n\t\t\t\t<\/div>\n\t\t\t\t<section class=\"elementor-section elementor-inner-section elementor-element elementor-element-5d10d764 elementor-section-boxed elementor-section-height-default elementor-section-height-default\" data-id=\"5d10d764\" data-element_type=\"section\">\n\t\t\t\t\t\t<div class=\"elementor-container elementor-column-gap-no\">\n\t\t\t\t\t<div class=\"elementor-column elementor-col-100 elementor-inner-column elementor-element elementor-element-1ccabaeb\" data-id=\"1ccabaeb\" data-element_type=\"column\">\n\t\t\t<div class=\"elementor-widget-wrap elementor-element-populated\">\n\t\t\t\t\t\t\t\t<div class=\"elementor-element elementor-element-13dcb16d elementor-widget elementor-widget-text-editor\" data-id=\"13dcb16d\" data-element_type=\"widget\" data-widget_type=\"text-editor.default\">\n\t\t\t\t<div class=\"elementor-widget-container\">\n\t\t\t<style>\/*! elementor - v3.11.5 - 14-03-2023 *\/\n.elementor-widget-text-editor.elementor-drop-cap-view-stacked .elementor-drop-cap{background-color:#818a91;color:#fff}.elementor-widget-text-editor.elementor-drop-cap-view-framed .elementor-drop-cap{color:#818a91;border:3px solid;background-color:transparent}.elementor-widget-text-editor:not(.elementor-drop-cap-view-default) .elementor-drop-cap{margin-top:8px}.elementor-widget-text-editor:not(.elementor-drop-cap-view-default) .elementor-drop-cap-letter{width:1em;height:1em}.elementor-widget-text-editor .elementor-drop-cap{float:left;text-align:center;line-height:1;font-size:50px}.elementor-widget-text-editor .elementor-drop-cap-letter{display:inline-block}<\/style>\t\t\t\t<p>Sheqer, yndyr\u00eb bimore e hidrogjenizuar, qum\u00ebsht pluhur, hierr\u00eb, miell soje, emulgator\u00eb, arom\u00eb vanilije.<\/p>\t\t\t\t\t\t<\/div>\n\t\t\t\t<\/div>\n\t\t\t\t<div class=\"elementor-element elementor-element-47cf2fa elementor-widget elementor-widget-heading\" data-id=\"47cf2fa\" data-element_type=\"widget\" data-widget_type=\"heading.default\">\n\t\t\t\t<div class=\"elementor-widget-container\">\n\t\t\t<h2 class=\"elementor-heading-title elementor-size-default\">Barkodi<\/h2>\t\t<\/div>\n\t\t\t\t<\/div>\n\t\t\t\t<div class=\"elementor-element elementor-element-7577790 elementor-widget elementor-widget-text-editor\" data-id=\"7577790\" data-element_type=\"widget\" data-widget_type=\"text-editor.default\">\n\t\t\t\t<div class=\"elementor-widget-container\">\n\t\t\t\t\t\t\t<p>3902756210924<\/p>\t\t\t\t\t\t<\/div>\n\t\t\t\t<\/div>\n\t\t\t\t\t<\/div>\n\t\t<\/div>\n\t\t\t\t\t\t\t<\/div>\n\t\t<\/section>\n\t\t\t\t\t<\/div>\n\t\t<\/div>\n\t\t\t\t\t\t\t<\/div>\n\t\t<\/section>\n\t\t\t\t\t\t\t<\/div>","protected":false},"excerpt":{"rendered":"<p>Dulina White chocolate for cooking 90 gr EVKO white chocolate for cooking, suitable for preparing various cakes, the rich taste of white chocolate will make your dessert irresistible. Content Sugar, hydrogenated vegetable fat, milk powder, whey, soy flour, emulsifiers, vanilla flavor. Barcode 3902756210924<\/p>","protected":false},"author":1,"featured_media":0,"parent":6552,"menu_order":0,"comment_status":"closed","ping_status":"closed","template":"","meta":[],"yoast_head":"<!-- This site is optimized with the Yoast SEO plugin v20.3 - https:\/\/yoast.com\/wordpress\/plugins\/seo\/ -->\n<title>Dulina White chocolate for cooking 90 gr - EVKO<\/title>\n<meta name=\"robots\" content=\"index, follow, max-snippet:-1, max-image-preview:large, max-video-preview:-1\" \/>\n<link rel=\"canonical\" href=\"https:\/\/evko-ks.com\/sq\/products\/cakes\/dulina-white-chocolate-for-cooking-90-gr\/\" \/>\n<meta property=\"og:locale\" content=\"sq_AL\" \/>\n<meta property=\"og:type\" content=\"article\" \/>\n<meta property=\"og:title\" content=\"Dulina White chocolate for cooking 90 gr - EVKO\" \/>\n<meta property=\"og:description\" content=\"Dulina White chocolate for cooking 90 gr EVKO white chocolate for cooking, suitable for preparing various cakes, the rich taste of white chocolate will make your dessert irresistible. Content Sugar, hydrogenated vegetable fat, milk powder, whey, soy flour, emulsifiers, vanilla flavor. Barcode 3902756210924\" \/>\n<meta property=\"og:url\" content=\"https:\/\/evko-ks.com\/sq\/products\/cakes\/dulina-white-chocolate-for-cooking-90-gr\/\" \/>\n<meta property=\"og:site_name\" content=\"EVKO\" \/>\n<meta property=\"article:modified_time\" content=\"2022-02-21T10:43:15+00:00\" \/>\n<meta property=\"og:image\" content=\"https:\/\/evko-ks.com\/wp-content\/uploads\/2022\/02\/2.Dulina_White-1024x1024.png\" \/>\n<meta name=\"twitter:card\" content=\"summary_large_image\" \/>\n<meta name=\"twitter:label1\" content=\"Est. reading time\" \/>\n\t<meta name=\"twitter:data1\" content=\"1 minut\u00eb\" \/>\n<script type=\"application\/ld+json\" class=\"yoast-schema-graph\">{\"@context\":\"https:\/\/schema.org\",\"@graph\":[{\"@type\":\"WebPage\",\"@id\":\"https:\/\/evko-ks.com\/products\/cakes\/dulina-white-chocolate-for-cooking-90-gr\/\",\"url\":\"https:\/\/evko-ks.com\/products\/cakes\/dulina-white-chocolate-for-cooking-90-gr\/\",\"name\":\"Dulina White chocolate for cooking 90 gr - EVKO\",\"isPartOf\":{\"@id\":\"https:\/\/evko-ks.com\/#website\"},\"datePublished\":\"2022-02-11T09:14:20+00:00\",\"dateModified\":\"2022-02-21T10:43:15+00:00\",\"breadcrumb\":{\"@id\":\"https:\/\/evko-ks.com\/products\/cakes\/dulina-white-chocolate-for-cooking-90-gr\/#breadcrumb\"},\"inLanguage\":\"sq\",\"potentialAction\":[{\"@type\":\"ReadAction\",\"target\":[\"https:\/\/evko-ks.com\/products\/cakes\/dulina-white-chocolate-for-cooking-90-gr\/\"]}]},{\"@type\":\"BreadcrumbList\",\"@id\":\"https:\/\/evko-ks.com\/products\/cakes\/dulina-white-chocolate-for-cooking-90-gr\/#breadcrumb\",\"itemListElement\":[{\"@type\":\"ListItem\",\"position\":1,\"name\":\"Home\",\"item\":\"https:\/\/evko-ks.com\/\"},{\"@type\":\"ListItem\",\"position\":2,\"name\":\"Products\",\"item\":\"https:\/\/evko-ks.com\/products\/\"},{\"@type\":\"ListItem\",\"position\":3,\"name\":\"Cakes\",\"item\":\"https:\/\/evko-ks.com\/products\/cakes\/\"},{\"@type\":\"ListItem\",\"position\":4,\"name\":\"Dulina White chocolate for cooking 90 gr\"}]},{\"@type\":\"WebSite\",\"@id\":\"https:\/\/evko-ks.com\/#website\",\"url\":\"https:\/\/evko-ks.com\/\",\"name\":\"EVKO\",\"description\":\"\",\"potentialAction\":[{\"@type\":\"SearchAction\",\"target\":{\"@type\":\"EntryPoint\",\"urlTemplate\":\"https:\/\/evko-ks.com\/?s={search_term_string}\"},\"query-input\":\"required name=search_term_string\"}],\"inLanguage\":\"sq\"}]}<\/script>\n<!-- \/ Yoast SEO plugin. -->","yoast_head_json":{"title":"Dulina White chocolate for cooking 90 gr - EVKO","robots":{"index":"index","follow":"follow","max-snippet":"max-snippet:-1","max-image-preview":"max-image-preview:large","max-video-preview":"max-video-preview:-1"},"canonical":"https:\/\/evko-ks.com\/sq\/products\/cakes\/dulina-white-chocolate-for-cooking-90-gr\/","og_locale":"sq_AL","og_type":"article","og_title":"Dulina White chocolate for cooking 90 gr - EVKO","og_description":"Dulina White chocolate for cooking 90 gr EVKO white chocolate for cooking, suitable for preparing various cakes, the rich taste of white chocolate will make your dessert irresistible. Content Sugar, hydrogenated vegetable fat, milk powder, whey, soy flour, emulsifiers, vanilla flavor. Barcode 3902756210924","og_url":"https:\/\/evko-ks.com\/sq\/products\/cakes\/dulina-white-chocolate-for-cooking-90-gr\/","og_site_name":"EVKO","article_modified_time":"2022-02-21T10:43:15+00:00","og_image":[{"url":"https:\/\/evko-ks.com\/wp-content\/uploads\/2022\/02\/2.Dulina_White-1024x1024.png"}],"twitter_card":"summary_large_image","twitter_misc":{"Est. reading time":"1 minut\u00eb"},"schema":{"@context":"https:\/\/schema.org","@graph":[{"@type":"WebPage","@id":"https:\/\/evko-ks.com\/products\/cakes\/dulina-white-chocolate-for-cooking-90-gr\/","url":"https:\/\/evko-ks.com\/products\/cakes\/dulina-white-chocolate-for-cooking-90-gr\/","name":"Dulina White chocolate for cooking 90 gr - EVKO","isPartOf":{"@id":"https:\/\/evko-ks.com\/#website"},"datePublished":"2022-02-11T09:14:20+00:00","dateModified":"2022-02-21T10:43:15+00:00","breadcrumb":{"@id":"https:\/\/evko-ks.com\/products\/cakes\/dulina-white-chocolate-for-cooking-90-gr\/#breadcrumb"},"inLanguage":"sq","potentialAction":[{"@type":"ReadAction","target":["https:\/\/evko-ks.com\/products\/cakes\/dulina-white-chocolate-for-cooking-90-gr\/"]}]},{"@type":"BreadcrumbList","@id":"https:\/\/evko-ks.com\/products\/cakes\/dulina-white-chocolate-for-cooking-90-gr\/#breadcrumb","itemListElement":[{"@type":"ListItem","position":1,"name":"Home","item":"https:\/\/evko-ks.com\/"},{"@type":"ListItem","position":2,"name":"Products","item":"https:\/\/evko-ks.com\/products\/"},{"@type":"ListItem","position":3,"name":"Cakes","item":"https:\/\/evko-ks.com\/products\/cakes\/"},{"@type":"ListItem","position":4,"name":"Dulina White chocolate for cooking 90 gr"}]},{"@type":"WebSite","@id":"https:\/\/evko-ks.com\/#website","url":"https:\/\/evko-ks.com\/","name":"EVKO","description":"","potentialAction":[{"@type":"SearchAction","target":{"@type":"EntryPoint","urlTemplate":"https:\/\/evko-ks.com\/?s={search_term_string}"},"query-input":"required name=search_term_string"}],"inLanguage":"sq"}]}},"_links":{"self":[{"href":"https:\/\/evko-ks.com\/sq\/wp-json\/wp\/v2\/pages\/6576"}],"collection":[{"href":"https:\/\/evko-ks.com\/sq\/wp-json\/wp\/v2\/pages"}],"about":[{"href":"https:\/\/evko-ks.com\/sq\/wp-json\/wp\/v2\/types\/page"}],"author":[{"embeddable":true,"href":"https:\/\/evko-ks.com\/sq\/wp-json\/wp\/v2\/users\/1"}],"replies":[{"embeddable":true,"href":"https:\/\/evko-ks.com\/sq\/wp-json\/wp\/v2\/comments?post=6576"}],"version-history":[{"count":0,"href":"https:\/\/evko-ks.com\/sq\/wp-json\/wp\/v2\/pages\/6576\/revisions"}],"up":[{"embeddable":true,"href":"https:\/\/evko-ks.com\/sq\/wp-json\/wp\/v2\/pages\/6552"}],"wp:attachment":[{"href":"https:\/\/evko-ks.com\/sq\/wp-json\/wp\/v2\/media?parent=6576"}],"curies":[{"name":"wp","href":"https:\/\/api.w.org\/{rel}","templated":true}]}}