{"id":6597,"date":"2022-02-11T09:27:06","date_gmt":"2022-02-11T09:27:06","guid":{"rendered":"https:\/\/evko-ks.com\/?page_id=6597"},"modified":"2022-02-24T13:41:33","modified_gmt":"2022-02-24T13:41:33","slug":"chocolate-cream-whipped-cream-50-gr","status":"publish","type":"page","link":"https:\/\/evko-ks.com\/sq\/products\/cakes\/chocolate-cream-whipped-cream-50-gr\/","title":{"rendered":"Shllag krem \u00e7okollat\u00eb 50 gr"},"content":{"rendered":"<div data-elementor-type=\"wp-page\" data-elementor-id=\"6597\" class=\"elementor elementor-6597\">\n\t\t\t\t\t\t\t\t\t<section class=\"elementor-section elementor-top-section elementor-element elementor-element-2140092b elementor-section-boxed elementor-section-height-default elementor-section-height-default\" data-id=\"2140092b\" data-element_type=\"section\" data-settings=\"{&quot;background_background&quot;:&quot;classic&quot;}\">\n\t\t\t\t\t\t<div class=\"elementor-container elementor-column-gap-default\">\n\t\t\t\t\t<div class=\"elementor-column elementor-col-50 elementor-top-column elementor-element elementor-element-1565976a\" data-id=\"1565976a\" data-element_type=\"column\">\n\t\t\t<div class=\"elementor-widget-wrap elementor-element-populated\">\n\t\t\t\t\t\t\t\t<div class=\"elementor-element elementor-element-443a4637 elementor-widget elementor-widget-image\" data-id=\"443a4637\" data-element_type=\"widget\" data-widget_type=\"image.default\">\n\t\t\t\t<div class=\"elementor-widget-container\">\n\t\t\t<style>\/*! elementor - v3.11.5 - 14-03-2023 *\/\n.elementor-widget-image{text-align:center}.elementor-widget-image a{display:inline-block}.elementor-widget-image a img[src$=\".svg\"]{width:48px}.elementor-widget-image img{vertical-align:middle;display:inline-block}<\/style>\t\t\t\t\t\t\t\t\t\t\t\t\t<a href=\"https:\/\/evko-ks.com\/sq\/products\/cakes\/\">\n\t\t\t\t\t\t\t<img decoding=\"async\" width=\"960\" height=\"960\" src=\"https:\/\/evko-ks.com\/wp-content\/uploads\/2022\/02\/Shllag_Chocolate-1024x1024.png\" class=\"attachment-large size-large wp-image-7894\" alt=\"\" loading=\"lazy\" srcset=\"https:\/\/evko-ks.com\/wp-content\/uploads\/2022\/02\/Shllag_Chocolate-1024x1024.png 1024w, https:\/\/evko-ks.com\/wp-content\/uploads\/2022\/02\/Shllag_Chocolate-300x300.png 300w, https:\/\/evko-ks.com\/wp-content\/uploads\/2022\/02\/Shllag_Chocolate-150x150.png 150w, https:\/\/evko-ks.com\/wp-content\/uploads\/2022\/02\/Shllag_Chocolate-768x768.png 768w, https:\/\/evko-ks.com\/wp-content\/uploads\/2022\/02\/Shllag_Chocolate-12x12.png 12w, https:\/\/evko-ks.com\/wp-content\/uploads\/2022\/02\/Shllag_Chocolate.png 1080w\" sizes=\"(max-width: 960px) 100vw, 960px\" \/>\t\t\t\t\t\t\t\t<\/a>\n\t\t\t\t\t\t\t\t\t\t\t\t\t\t\t<\/div>\n\t\t\t\t<\/div>\n\t\t\t\t\t<\/div>\n\t\t<\/div>\n\t\t\t\t<div class=\"elementor-column elementor-col-50 elementor-top-column elementor-element elementor-element-5c9f0beb\" data-id=\"5c9f0beb\" data-element_type=\"column\">\n\t\t\t<div class=\"elementor-widget-wrap elementor-element-populated\">\n\t\t\t\t\t\t\t\t<div class=\"elementor-element elementor-element-4c3be7f5 elementor-widget elementor-widget-heading\" data-id=\"4c3be7f5\" data-element_type=\"widget\" data-widget_type=\"heading.default\">\n\t\t\t\t<div class=\"elementor-widget-container\">\n\t\t\t<style>\/*! elementor - v3.11.5 - 14-03-2023 *\/\n.elementor-heading-title{padding:0;margin:0;line-height:1}.elementor-widget-heading .elementor-heading-title[class*=elementor-size-]>a{color:inherit;font-size:inherit;line-height:inherit}.elementor-widget-heading .elementor-heading-title.elementor-size-small{font-size:15px}.elementor-widget-heading .elementor-heading-title.elementor-size-medium{font-size:19px}.elementor-widget-heading .elementor-heading-title.elementor-size-large{font-size:29px}.elementor-widget-heading .elementor-heading-title.elementor-size-xl{font-size:39px}.elementor-widget-heading .elementor-heading-title.elementor-size-xxl{font-size:59px}<\/style><h2 class=\"elementor-heading-title elementor-size-default\">Shllag krem \u00e7okollat\u00eb 50 gr<\/h2>\t\t<\/div>\n\t\t\t\t<\/div>\n\t\t\t\t<div class=\"elementor-element elementor-element-718167c3 elementor-widget elementor-widget-heading\" data-id=\"718167c3\" data-element_type=\"widget\" data-widget_type=\"heading.default\">\n\t\t\t\t<div class=\"elementor-widget-container\">\n\t\t\t<h2 class=\"elementor-heading-title elementor-size-default\">Shllag krem \u00e7okollat\u00eb nga EVKO, me shije t\u00eb \u00e7okollat\u00ebs, mund t\u00eb p\u00ebrdoret p\u00ebr dekorimin e \u00ebmb\u00eblsirave, sallatave t\u00eb pem\u00ebve, ose edhe p\u00ebr q\u00ebllime t\u00eb tjera, var\u00ebsisht nga nevojat e juaja.<\/h2>\t\t<\/div>\n\t\t\t\t<\/div>\n\t\t\t\t\t<\/div>\n\t\t<\/div>\n\t\t\t\t\t\t\t<\/div>\n\t\t<\/section>\n\t\t\t\t<section class=\"elementor-section elementor-top-section elementor-element elementor-element-58547339 elementor-section-boxed elementor-section-height-default elementor-section-height-default\" data-id=\"58547339\" data-element_type=\"section\" data-settings=\"{&quot;background_background&quot;:&quot;classic&quot;}\">\n\t\t\t\t\t\t<div class=\"elementor-container elementor-column-gap-no\">\n\t\t\t\t\t<div class=\"elementor-column elementor-col-100 elementor-top-column elementor-element elementor-element-439cc926\" data-id=\"439cc926\" data-element_type=\"column\">\n\t\t\t<div class=\"elementor-widget-wrap elementor-element-populated\">\n\t\t\t\t\t\t\t\t<div class=\"elementor-element elementor-element-66ab2f7f elementor-widget elementor-widget-heading\" data-id=\"66ab2f7f\" data-element_type=\"widget\" data-widget_type=\"heading.default\">\n\t\t\t\t<div class=\"elementor-widget-container\">\n\t\t\t<h2 class=\"elementor-heading-title elementor-size-default\">P\u00ebrmbajtja<\/h2>\t\t<\/div>\n\t\t\t\t<\/div>\n\t\t\t\t<section class=\"elementor-section elementor-inner-section elementor-element elementor-element-794eafd0 elementor-section-boxed elementor-section-height-default elementor-section-height-default\" data-id=\"794eafd0\" data-element_type=\"section\">\n\t\t\t\t\t\t<div class=\"elementor-container elementor-column-gap-no\">\n\t\t\t\t\t<div class=\"elementor-column elementor-col-100 elementor-inner-column elementor-element elementor-element-52cd2897\" data-id=\"52cd2897\" data-element_type=\"column\">\n\t\t\t<div class=\"elementor-widget-wrap elementor-element-populated\">\n\t\t\t\t\t\t\t\t<div class=\"elementor-element elementor-element-7311514f elementor-widget elementor-widget-text-editor\" data-id=\"7311514f\" data-element_type=\"widget\" data-widget_type=\"text-editor.default\">\n\t\t\t\t<div class=\"elementor-widget-container\">\n\t\t\t<style>\/*! elementor - v3.11.5 - 14-03-2023 *\/\n.elementor-widget-text-editor.elementor-drop-cap-view-stacked .elementor-drop-cap{background-color:#818a91;color:#fff}.elementor-widget-text-editor.elementor-drop-cap-view-framed .elementor-drop-cap{color:#818a91;border:3px solid;background-color:transparent}.elementor-widget-text-editor:not(.elementor-drop-cap-view-default) .elementor-drop-cap{margin-top:8px}.elementor-widget-text-editor:not(.elementor-drop-cap-view-default) .elementor-drop-cap-letter{width:1em;height:1em}.elementor-widget-text-editor .elementor-drop-cap{float:left;text-align:center;line-height:1;font-size:50px}.elementor-widget-text-editor .elementor-drop-cap-letter{display:inline-block}<\/style>\t\t\t\t<p>Toping baze shllagu pluhur, sheqer pluhur, qumesht pluhur pa yndyre, emulgatore, arom ajke e embel, stabilizator, kakao pluhur, kakao, arome cokollate.                                                                                                                               Te ruhet ne vend te thate dhe te erret!<\/p>\t\t\t\t\t\t<\/div>\n\t\t\t\t<\/div>\n\t\t\t\t<div class=\"elementor-element elementor-element-65e9a823 elementor-widget elementor-widget-heading\" data-id=\"65e9a823\" data-element_type=\"widget\" data-widget_type=\"heading.default\">\n\t\t\t\t<div class=\"elementor-widget-container\">\n\t\t\t<h2 class=\"elementor-heading-title elementor-size-default\">Barkodi<\/h2>\t\t<\/div>\n\t\t\t\t<\/div>\n\t\t\t\t<div class=\"elementor-element elementor-element-6932f30a elementor-widget elementor-widget-text-editor\" data-id=\"6932f30a\" data-element_type=\"widget\" data-widget_type=\"text-editor.default\">\n\t\t\t\t<div class=\"elementor-widget-container\">\n\t\t\t\t\t\t\t<p>3902756210191<\/p>\t\t\t\t\t\t<\/div>\n\t\t\t\t<\/div>\n\t\t\t\t\t<\/div>\n\t\t<\/div>\n\t\t\t\t\t\t\t<\/div>\n\t\t<\/section>\n\t\t\t\t\t<\/div>\n\t\t<\/div>\n\t\t\t\t\t\t\t<\/div>\n\t\t<\/section>\n\t\t\t\t\t\t\t<\/div>","protected":false},"excerpt":{"rendered":"<p>Chocolate cream whipped cream 50 gr Chocolate whipped cream from EVKO, with chocolate flavor, can be used to decorate cakes, fruit salads, or even for other purposes, depending on your needs. Content Topping powdered whipped cream, powdered sugar, skim milk powder, emulsifier, sweet cream flavor, stabilizer, cocoa powder, cocoa, chocolate flavor. Store in a dry [&hellip;]<\/p>","protected":false},"author":1,"featured_media":0,"parent":6552,"menu_order":0,"comment_status":"closed","ping_status":"closed","template":"","meta":[],"yoast_head":"<!-- This site is optimized with the Yoast SEO plugin v20.3 - https:\/\/yoast.com\/wordpress\/plugins\/seo\/ -->\n<title>Chocolate cream whipped cream 50 gr - EVKO<\/title>\n<meta name=\"robots\" content=\"index, follow, max-snippet:-1, max-image-preview:large, max-video-preview:-1\" \/>\n<link rel=\"canonical\" href=\"https:\/\/evko-ks.com\/sq\/products\/cakes\/chocolate-cream-whipped-cream-50-gr\/\" \/>\n<meta property=\"og:locale\" content=\"sq_AL\" \/>\n<meta property=\"og:type\" content=\"article\" \/>\n<meta property=\"og:title\" content=\"Chocolate cream whipped cream 50 gr - EVKO\" \/>\n<meta property=\"og:description\" content=\"Chocolate cream whipped cream 50 gr Chocolate whipped cream from EVKO, with chocolate flavor, can be used to decorate cakes, fruit salads, or even for other purposes, depending on your needs. Content Topping powdered whipped cream, powdered sugar, skim milk powder, emulsifier, sweet cream flavor, stabilizer, cocoa powder, cocoa, chocolate flavor. Store in a dry [&hellip;]\" \/>\n<meta property=\"og:url\" content=\"https:\/\/evko-ks.com\/sq\/products\/cakes\/chocolate-cream-whipped-cream-50-gr\/\" \/>\n<meta property=\"og:site_name\" content=\"EVKO\" \/>\n<meta property=\"article:modified_time\" content=\"2022-02-24T13:41:33+00:00\" \/>\n<meta property=\"og:image\" content=\"https:\/\/evko-ks.com\/wp-content\/uploads\/2022\/02\/Shllag_Chocolate-1024x1024.png\" \/>\n<meta name=\"twitter:card\" content=\"summary_large_image\" \/>\n<meta name=\"twitter:label1\" content=\"Est. reading time\" \/>\n\t<meta name=\"twitter:data1\" content=\"1 minut\u00eb\" \/>\n<script type=\"application\/ld+json\" class=\"yoast-schema-graph\">{\"@context\":\"https:\/\/schema.org\",\"@graph\":[{\"@type\":\"WebPage\",\"@id\":\"https:\/\/evko-ks.com\/products\/cakes\/chocolate-cream-whipped-cream-50-gr\/\",\"url\":\"https:\/\/evko-ks.com\/products\/cakes\/chocolate-cream-whipped-cream-50-gr\/\",\"name\":\"Chocolate cream whipped cream 50 gr - EVKO\",\"isPartOf\":{\"@id\":\"https:\/\/evko-ks.com\/#website\"},\"datePublished\":\"2022-02-11T09:27:06+00:00\",\"dateModified\":\"2022-02-24T13:41:33+00:00\",\"breadcrumb\":{\"@id\":\"https:\/\/evko-ks.com\/products\/cakes\/chocolate-cream-whipped-cream-50-gr\/#breadcrumb\"},\"inLanguage\":\"sq\",\"potentialAction\":[{\"@type\":\"ReadAction\",\"target\":[\"https:\/\/evko-ks.com\/products\/cakes\/chocolate-cream-whipped-cream-50-gr\/\"]}]},{\"@type\":\"BreadcrumbList\",\"@id\":\"https:\/\/evko-ks.com\/products\/cakes\/chocolate-cream-whipped-cream-50-gr\/#breadcrumb\",\"itemListElement\":[{\"@type\":\"ListItem\",\"position\":1,\"name\":\"Home\",\"item\":\"https:\/\/evko-ks.com\/\"},{\"@type\":\"ListItem\",\"position\":2,\"name\":\"Products\",\"item\":\"https:\/\/evko-ks.com\/products\/\"},{\"@type\":\"ListItem\",\"position\":3,\"name\":\"Cakes\",\"item\":\"https:\/\/evko-ks.com\/products\/cakes\/\"},{\"@type\":\"ListItem\",\"position\":4,\"name\":\"Chocolate cream whipped cream 50 gr\"}]},{\"@type\":\"WebSite\",\"@id\":\"https:\/\/evko-ks.com\/#website\",\"url\":\"https:\/\/evko-ks.com\/\",\"name\":\"EVKO\",\"description\":\"\",\"potentialAction\":[{\"@type\":\"SearchAction\",\"target\":{\"@type\":\"EntryPoint\",\"urlTemplate\":\"https:\/\/evko-ks.com\/?s={search_term_string}\"},\"query-input\":\"required name=search_term_string\"}],\"inLanguage\":\"sq\"}]}<\/script>\n<!-- \/ Yoast SEO plugin. -->","yoast_head_json":{"title":"Chocolate cream whipped cream 50 gr - EVKO","robots":{"index":"index","follow":"follow","max-snippet":"max-snippet:-1","max-image-preview":"max-image-preview:large","max-video-preview":"max-video-preview:-1"},"canonical":"https:\/\/evko-ks.com\/sq\/products\/cakes\/chocolate-cream-whipped-cream-50-gr\/","og_locale":"sq_AL","og_type":"article","og_title":"Chocolate cream whipped cream 50 gr - EVKO","og_description":"Chocolate cream whipped cream 50 gr Chocolate whipped cream from EVKO, with chocolate flavor, can be used to decorate cakes, fruit salads, or even for other purposes, depending on your needs. Content Topping powdered whipped cream, powdered sugar, skim milk powder, emulsifier, sweet cream flavor, stabilizer, cocoa powder, cocoa, chocolate flavor. Store in a dry [&hellip;]","og_url":"https:\/\/evko-ks.com\/sq\/products\/cakes\/chocolate-cream-whipped-cream-50-gr\/","og_site_name":"EVKO","article_modified_time":"2022-02-24T13:41:33+00:00","og_image":[{"url":"https:\/\/evko-ks.com\/wp-content\/uploads\/2022\/02\/Shllag_Chocolate-1024x1024.png"}],"twitter_card":"summary_large_image","twitter_misc":{"Est. reading time":"1 minut\u00eb"},"schema":{"@context":"https:\/\/schema.org","@graph":[{"@type":"WebPage","@id":"https:\/\/evko-ks.com\/products\/cakes\/chocolate-cream-whipped-cream-50-gr\/","url":"https:\/\/evko-ks.com\/products\/cakes\/chocolate-cream-whipped-cream-50-gr\/","name":"Chocolate cream whipped cream 50 gr - EVKO","isPartOf":{"@id":"https:\/\/evko-ks.com\/#website"},"datePublished":"2022-02-11T09:27:06+00:00","dateModified":"2022-02-24T13:41:33+00:00","breadcrumb":{"@id":"https:\/\/evko-ks.com\/products\/cakes\/chocolate-cream-whipped-cream-50-gr\/#breadcrumb"},"inLanguage":"sq","potentialAction":[{"@type":"ReadAction","target":["https:\/\/evko-ks.com\/products\/cakes\/chocolate-cream-whipped-cream-50-gr\/"]}]},{"@type":"BreadcrumbList","@id":"https:\/\/evko-ks.com\/products\/cakes\/chocolate-cream-whipped-cream-50-gr\/#breadcrumb","itemListElement":[{"@type":"ListItem","position":1,"name":"Home","item":"https:\/\/evko-ks.com\/"},{"@type":"ListItem","position":2,"name":"Products","item":"https:\/\/evko-ks.com\/products\/"},{"@type":"ListItem","position":3,"name":"Cakes","item":"https:\/\/evko-ks.com\/products\/cakes\/"},{"@type":"ListItem","position":4,"name":"Chocolate cream whipped cream 50 gr"}]},{"@type":"WebSite","@id":"https:\/\/evko-ks.com\/#website","url":"https:\/\/evko-ks.com\/","name":"EVKO","description":"","potentialAction":[{"@type":"SearchAction","target":{"@type":"EntryPoint","urlTemplate":"https:\/\/evko-ks.com\/?s={search_term_string}"},"query-input":"required name=search_term_string"}],"inLanguage":"sq"}]}},"_links":{"self":[{"href":"https:\/\/evko-ks.com\/sq\/wp-json\/wp\/v2\/pages\/6597"}],"collection":[{"href":"https:\/\/evko-ks.com\/sq\/wp-json\/wp\/v2\/pages"}],"about":[{"href":"https:\/\/evko-ks.com\/sq\/wp-json\/wp\/v2\/types\/page"}],"author":[{"embeddable":true,"href":"https:\/\/evko-ks.com\/sq\/wp-json\/wp\/v2\/users\/1"}],"replies":[{"embeddable":true,"href":"https:\/\/evko-ks.com\/sq\/wp-json\/wp\/v2\/comments?post=6597"}],"version-history":[{"count":0,"href":"https:\/\/evko-ks.com\/sq\/wp-json\/wp\/v2\/pages\/6597\/revisions"}],"up":[{"embeddable":true,"href":"https:\/\/evko-ks.com\/sq\/wp-json\/wp\/v2\/pages\/6552"}],"wp:attachment":[{"href":"https:\/\/evko-ks.com\/sq\/wp-json\/wp\/v2\/media?parent=6597"}],"curies":[{"name":"wp","href":"https:\/\/api.w.org\/{rel}","templated":true}]}}