{"id":6700,"date":"2022-02-11T09:47:05","date_gmt":"2022-02-11T09:47:05","guid":{"rendered":"https:\/\/evko-ks.com\/?page_id=6700"},"modified":"2022-02-21T10:53:54","modified_gmt":"2022-02-21T10:53:54","slug":"cocoa-powder-80-gr","status":"publish","type":"page","link":"https:\/\/evko-ks.com\/sq\/products\/cakes\/cocoa-powder-80-gr\/","title":{"rendered":"Kakao pluhur 80 gr\u00a0"},"content":{"rendered":"<div data-elementor-type=\"wp-page\" data-elementor-id=\"6700\" class=\"elementor elementor-6700\">\n\t\t\t\t\t\t\t\t\t<section class=\"elementor-section elementor-top-section elementor-element elementor-element-32c94b5d elementor-section-boxed elementor-section-height-default elementor-section-height-default\" data-id=\"32c94b5d\" data-element_type=\"section\" data-settings=\"{&quot;background_background&quot;:&quot;classic&quot;}\">\n\t\t\t\t\t\t<div class=\"elementor-container elementor-column-gap-default\">\n\t\t\t\t\t<div class=\"elementor-column elementor-col-50 elementor-top-column elementor-element elementor-element-6e6d798a\" data-id=\"6e6d798a\" data-element_type=\"column\">\n\t\t\t<div class=\"elementor-widget-wrap elementor-element-populated\">\n\t\t\t\t\t\t\t\t<div class=\"elementor-element elementor-element-23c0aa66 elementor-widget elementor-widget-image\" data-id=\"23c0aa66\" data-element_type=\"widget\" data-widget_type=\"image.default\">\n\t\t\t\t<div class=\"elementor-widget-container\">\n\t\t\t<style>\/*! elementor - v3.11.5 - 14-03-2023 *\/\n.elementor-widget-image{text-align:center}.elementor-widget-image a{display:inline-block}.elementor-widget-image a img[src$=\".svg\"]{width:48px}.elementor-widget-image img{vertical-align:middle;display:inline-block}<\/style>\t\t\t\t\t\t\t\t\t\t\t\t\t<a href=\"https:\/\/evko-ks.com\/sq\/products\/cakes\/\">\n\t\t\t\t\t\t\t<img decoding=\"async\" width=\"960\" height=\"960\" src=\"https:\/\/evko-ks.com\/wp-content\/uploads\/2022\/02\/12.Kakao-pluhur-80-gr-png-1024x1024.png\" class=\"attachment-large size-large wp-image-6687\" alt=\"\" loading=\"lazy\" srcset=\"https:\/\/evko-ks.com\/wp-content\/uploads\/2022\/02\/12.Kakao-pluhur-80-gr-png-1024x1024.png 1024w, https:\/\/evko-ks.com\/wp-content\/uploads\/2022\/02\/12.Kakao-pluhur-80-gr-png-300x300.png 300w, https:\/\/evko-ks.com\/wp-content\/uploads\/2022\/02\/12.Kakao-pluhur-80-gr-png-150x150.png 150w, https:\/\/evko-ks.com\/wp-content\/uploads\/2022\/02\/12.Kakao-pluhur-80-gr-png-768x768.png 768w, https:\/\/evko-ks.com\/wp-content\/uploads\/2022\/02\/12.Kakao-pluhur-80-gr-png-1536x1536.png 1536w, https:\/\/evko-ks.com\/wp-content\/uploads\/2022\/02\/12.Kakao-pluhur-80-gr-png-2048x2048.png 2048w, https:\/\/evko-ks.com\/wp-content\/uploads\/2022\/02\/12.Kakao-pluhur-80-gr-png-12x12.png 12w\" sizes=\"(max-width: 960px) 100vw, 960px\" \/>\t\t\t\t\t\t\t\t<\/a>\n\t\t\t\t\t\t\t\t\t\t\t\t\t\t\t<\/div>\n\t\t\t\t<\/div>\n\t\t\t\t\t<\/div>\n\t\t<\/div>\n\t\t\t\t<div class=\"elementor-column elementor-col-50 elementor-top-column elementor-element elementor-element-66830a64\" data-id=\"66830a64\" data-element_type=\"column\">\n\t\t\t<div class=\"elementor-widget-wrap elementor-element-populated\">\n\t\t\t\t\t\t\t\t<div class=\"elementor-element elementor-element-4f8bc468 elementor-widget elementor-widget-heading\" data-id=\"4f8bc468\" data-element_type=\"widget\" data-widget_type=\"heading.default\">\n\t\t\t\t<div class=\"elementor-widget-container\">\n\t\t\t<style>\/*! elementor - v3.11.5 - 14-03-2023 *\/\n.elementor-heading-title{padding:0;margin:0;line-height:1}.elementor-widget-heading .elementor-heading-title[class*=elementor-size-]>a{color:inherit;font-size:inherit;line-height:inherit}.elementor-widget-heading .elementor-heading-title.elementor-size-small{font-size:15px}.elementor-widget-heading .elementor-heading-title.elementor-size-medium{font-size:19px}.elementor-widget-heading .elementor-heading-title.elementor-size-large{font-size:29px}.elementor-widget-heading .elementor-heading-title.elementor-size-xl{font-size:39px}.elementor-widget-heading .elementor-heading-title.elementor-size-xxl{font-size:59px}<\/style><h2 class=\"elementor-heading-title elementor-size-default\">Kakao pluhur 80 gr\u00a0<\/h2>\t\t<\/div>\n\t\t\t\t<\/div>\n\t\t\t\t<div class=\"elementor-element elementor-element-c9f72bd elementor-widget elementor-widget-heading\" data-id=\"c9f72bd\" data-element_type=\"widget\" data-widget_type=\"heading.default\">\n\t\t\t\t<div class=\"elementor-widget-container\">\n\t\t\t<h2 class=\"elementor-heading-title elementor-size-default\">Kakao pluhur \u00ebsht\u00eb i shk\u00eblqyesh\u00ebm\u00a0 p\u00ebr p\u00ebrgaditjen e \u00ebmb\u00eblsirave t\u00eb ndryshme, duke i dh\u00ebn\u00eb shije t\u00eb pasur t\u00eb qokollat\u00ebs, \u00ebsht\u00eb 100 % kako i past\u00ebrt. Kakao \u00ebsht\u00eb burimi me i fuqish\u00ebm antioksidant i ushqimeve n\u00eb bot\u00eb. Kjo ju jep edhe me shum\u00eb arsye p\u00ebr t\u00eb ngr\u00ebn\u00eb \u00ebmb\u00eblsira me kakao pa u ndjere ne faj!<\/h2>\t\t<\/div>\n\t\t\t\t<\/div>\n\t\t\t\t\t<\/div>\n\t\t<\/div>\n\t\t\t\t\t\t\t<\/div>\n\t\t<\/section>\n\t\t\t\t<section class=\"elementor-section elementor-top-section elementor-element elementor-element-3dd424fc elementor-section-boxed elementor-section-height-default elementor-section-height-default\" data-id=\"3dd424fc\" data-element_type=\"section\" data-settings=\"{&quot;background_background&quot;:&quot;classic&quot;}\">\n\t\t\t\t\t\t<div class=\"elementor-container elementor-column-gap-no\">\n\t\t\t\t\t<div class=\"elementor-column elementor-col-100 elementor-top-column elementor-element elementor-element-31395bba\" data-id=\"31395bba\" data-element_type=\"column\">\n\t\t\t<div class=\"elementor-widget-wrap elementor-element-populated\">\n\t\t\t\t\t\t\t\t<div class=\"elementor-element elementor-element-6e0d8130 elementor-widget elementor-widget-heading\" data-id=\"6e0d8130\" data-element_type=\"widget\" data-widget_type=\"heading.default\">\n\t\t\t\t<div class=\"elementor-widget-container\">\n\t\t\t<h2 class=\"elementor-heading-title elementor-size-default\">P\u00ebrmbajtja<\/h2>\t\t<\/div>\n\t\t\t\t<\/div>\n\t\t\t\t<section class=\"elementor-section elementor-inner-section elementor-element elementor-element-4bcb36d1 elementor-section-boxed elementor-section-height-default elementor-section-height-default\" data-id=\"4bcb36d1\" data-element_type=\"section\">\n\t\t\t\t\t\t<div class=\"elementor-container elementor-column-gap-no\">\n\t\t\t\t\t<div class=\"elementor-column elementor-col-100 elementor-inner-column elementor-element elementor-element-39e46ded\" data-id=\"39e46ded\" data-element_type=\"column\">\n\t\t\t<div class=\"elementor-widget-wrap elementor-element-populated\">\n\t\t\t\t\t\t\t\t<div class=\"elementor-element elementor-element-700d67ba elementor-widget elementor-widget-text-editor\" data-id=\"700d67ba\" data-element_type=\"widget\" data-widget_type=\"text-editor.default\">\n\t\t\t\t<div class=\"elementor-widget-container\">\n\t\t\t<style>\/*! elementor - v3.11.5 - 14-03-2023 *\/\n.elementor-widget-text-editor.elementor-drop-cap-view-stacked .elementor-drop-cap{background-color:#818a91;color:#fff}.elementor-widget-text-editor.elementor-drop-cap-view-framed .elementor-drop-cap{color:#818a91;border:3px solid;background-color:transparent}.elementor-widget-text-editor:not(.elementor-drop-cap-view-default) .elementor-drop-cap{margin-top:8px}.elementor-widget-text-editor:not(.elementor-drop-cap-view-default) .elementor-drop-cap-letter{width:1em;height:1em}.elementor-widget-text-editor .elementor-drop-cap{float:left;text-align:center;line-height:1;font-size:50px}.elementor-widget-text-editor .elementor-drop-cap-letter{display:inline-block}<\/style>\t\t\t\t<p>Kakao pluhur 80 gr                                                                                                             Kakao pluhur me yndyre te reduktuar.                                                                        T\u00eb ruhet n\u00eb vende t\u00eb thata dhe t\u00eb err\u00ebta.<\/p>\t\t\t\t\t\t<\/div>\n\t\t\t\t<\/div>\n\t\t\t\t<div class=\"elementor-element elementor-element-17eca202 elementor-widget elementor-widget-heading\" data-id=\"17eca202\" data-element_type=\"widget\" data-widget_type=\"heading.default\">\n\t\t\t\t<div class=\"elementor-widget-container\">\n\t\t\t<h2 class=\"elementor-heading-title elementor-size-default\">Barkodi<\/h2>\t\t<\/div>\n\t\t\t\t<\/div>\n\t\t\t\t<div class=\"elementor-element elementor-element-73f558f6 elementor-widget elementor-widget-text-editor\" data-id=\"73f558f6\" data-element_type=\"widget\" data-widget_type=\"text-editor.default\">\n\t\t\t\t<div class=\"elementor-widget-container\">\n\t\t\t\t\t\t\t<p>3902756210306<\/p>\t\t\t\t\t\t<\/div>\n\t\t\t\t<\/div>\n\t\t\t\t\t<\/div>\n\t\t<\/div>\n\t\t\t\t\t\t\t<\/div>\n\t\t<\/section>\n\t\t\t\t\t<\/div>\n\t\t<\/div>\n\t\t\t\t\t\t\t<\/div>\n\t\t<\/section>\n\t\t\t\t\t\t\t<\/div>","protected":false},"excerpt":{"rendered":"<p>Cocoa powder 80 gr Cocoa powder is excellent for preparing various desserts, giving rich chocolate flavor, it is 100% pure cocoa. Cocoa is the most powerful source of antioxidant foods in the world. This also gives you many reasons to eat cocoa cakes without feeling guilty! Content Cocoa powder 80 gr Cocoa powder with reduced [&hellip;]<\/p>","protected":false},"author":1,"featured_media":0,"parent":6552,"menu_order":0,"comment_status":"closed","ping_status":"closed","template":"","meta":[],"yoast_head":"<!-- This site is optimized with the Yoast SEO plugin v20.3 - https:\/\/yoast.com\/wordpress\/plugins\/seo\/ -->\n<title>Cocoa powder 80 gr - EVKO<\/title>\n<meta name=\"robots\" content=\"index, follow, max-snippet:-1, max-image-preview:large, max-video-preview:-1\" \/>\n<link rel=\"canonical\" href=\"https:\/\/evko-ks.com\/sq\/products\/cakes\/cocoa-powder-80-gr\/\" \/>\n<meta property=\"og:locale\" content=\"sq_AL\" \/>\n<meta property=\"og:type\" content=\"article\" \/>\n<meta property=\"og:title\" content=\"Cocoa powder 80 gr - EVKO\" \/>\n<meta property=\"og:description\" content=\"Cocoa powder 80 gr Cocoa powder is excellent for preparing various desserts, giving rich chocolate flavor, it is 100% pure cocoa. Cocoa is the most powerful source of antioxidant foods in the world. This also gives you many reasons to eat cocoa cakes without feeling guilty! Content Cocoa powder 80 gr Cocoa powder with reduced [&hellip;]\" \/>\n<meta property=\"og:url\" content=\"https:\/\/evko-ks.com\/sq\/products\/cakes\/cocoa-powder-80-gr\/\" \/>\n<meta property=\"og:site_name\" content=\"EVKO\" \/>\n<meta property=\"article:modified_time\" content=\"2022-02-21T10:53:54+00:00\" \/>\n<meta property=\"og:image\" content=\"https:\/\/evko-ks.com\/wp-content\/uploads\/2022\/02\/12.Kakao-pluhur-80-gr-png-1024x1024.png\" \/>\n<meta name=\"twitter:card\" content=\"summary_large_image\" \/>\n<meta name=\"twitter:label1\" content=\"Est. reading time\" \/>\n\t<meta name=\"twitter:data1\" content=\"1 minut\u00eb\" \/>\n<script type=\"application\/ld+json\" class=\"yoast-schema-graph\">{\"@context\":\"https:\/\/schema.org\",\"@graph\":[{\"@type\":\"WebPage\",\"@id\":\"https:\/\/evko-ks.com\/products\/cakes\/cocoa-powder-80-gr\/\",\"url\":\"https:\/\/evko-ks.com\/products\/cakes\/cocoa-powder-80-gr\/\",\"name\":\"Cocoa powder 80 gr - EVKO\",\"isPartOf\":{\"@id\":\"https:\/\/evko-ks.com\/#website\"},\"datePublished\":\"2022-02-11T09:47:05+00:00\",\"dateModified\":\"2022-02-21T10:53:54+00:00\",\"breadcrumb\":{\"@id\":\"https:\/\/evko-ks.com\/products\/cakes\/cocoa-powder-80-gr\/#breadcrumb\"},\"inLanguage\":\"sq\",\"potentialAction\":[{\"@type\":\"ReadAction\",\"target\":[\"https:\/\/evko-ks.com\/products\/cakes\/cocoa-powder-80-gr\/\"]}]},{\"@type\":\"BreadcrumbList\",\"@id\":\"https:\/\/evko-ks.com\/products\/cakes\/cocoa-powder-80-gr\/#breadcrumb\",\"itemListElement\":[{\"@type\":\"ListItem\",\"position\":1,\"name\":\"Home\",\"item\":\"https:\/\/evko-ks.com\/\"},{\"@type\":\"ListItem\",\"position\":2,\"name\":\"Products\",\"item\":\"https:\/\/evko-ks.com\/products\/\"},{\"@type\":\"ListItem\",\"position\":3,\"name\":\"Cakes\",\"item\":\"https:\/\/evko-ks.com\/products\/cakes\/\"},{\"@type\":\"ListItem\",\"position\":4,\"name\":\"Cocoa powder 80 gr\"}]},{\"@type\":\"WebSite\",\"@id\":\"https:\/\/evko-ks.com\/#website\",\"url\":\"https:\/\/evko-ks.com\/\",\"name\":\"EVKO\",\"description\":\"\",\"potentialAction\":[{\"@type\":\"SearchAction\",\"target\":{\"@type\":\"EntryPoint\",\"urlTemplate\":\"https:\/\/evko-ks.com\/?s={search_term_string}\"},\"query-input\":\"required name=search_term_string\"}],\"inLanguage\":\"sq\"}]}<\/script>\n<!-- \/ Yoast SEO plugin. -->","yoast_head_json":{"title":"Cocoa powder 80 gr - EVKO","robots":{"index":"index","follow":"follow","max-snippet":"max-snippet:-1","max-image-preview":"max-image-preview:large","max-video-preview":"max-video-preview:-1"},"canonical":"https:\/\/evko-ks.com\/sq\/products\/cakes\/cocoa-powder-80-gr\/","og_locale":"sq_AL","og_type":"article","og_title":"Cocoa powder 80 gr - EVKO","og_description":"Cocoa powder 80 gr Cocoa powder is excellent for preparing various desserts, giving rich chocolate flavor, it is 100% pure cocoa. Cocoa is the most powerful source of antioxidant foods in the world. This also gives you many reasons to eat cocoa cakes without feeling guilty! Content Cocoa powder 80 gr Cocoa powder with reduced [&hellip;]","og_url":"https:\/\/evko-ks.com\/sq\/products\/cakes\/cocoa-powder-80-gr\/","og_site_name":"EVKO","article_modified_time":"2022-02-21T10:53:54+00:00","og_image":[{"url":"https:\/\/evko-ks.com\/wp-content\/uploads\/2022\/02\/12.Kakao-pluhur-80-gr-png-1024x1024.png"}],"twitter_card":"summary_large_image","twitter_misc":{"Est. reading time":"1 minut\u00eb"},"schema":{"@context":"https:\/\/schema.org","@graph":[{"@type":"WebPage","@id":"https:\/\/evko-ks.com\/products\/cakes\/cocoa-powder-80-gr\/","url":"https:\/\/evko-ks.com\/products\/cakes\/cocoa-powder-80-gr\/","name":"Cocoa powder 80 gr - EVKO","isPartOf":{"@id":"https:\/\/evko-ks.com\/#website"},"datePublished":"2022-02-11T09:47:05+00:00","dateModified":"2022-02-21T10:53:54+00:00","breadcrumb":{"@id":"https:\/\/evko-ks.com\/products\/cakes\/cocoa-powder-80-gr\/#breadcrumb"},"inLanguage":"sq","potentialAction":[{"@type":"ReadAction","target":["https:\/\/evko-ks.com\/products\/cakes\/cocoa-powder-80-gr\/"]}]},{"@type":"BreadcrumbList","@id":"https:\/\/evko-ks.com\/products\/cakes\/cocoa-powder-80-gr\/#breadcrumb","itemListElement":[{"@type":"ListItem","position":1,"name":"Home","item":"https:\/\/evko-ks.com\/"},{"@type":"ListItem","position":2,"name":"Products","item":"https:\/\/evko-ks.com\/products\/"},{"@type":"ListItem","position":3,"name":"Cakes","item":"https:\/\/evko-ks.com\/products\/cakes\/"},{"@type":"ListItem","position":4,"name":"Cocoa powder 80 gr"}]},{"@type":"WebSite","@id":"https:\/\/evko-ks.com\/#website","url":"https:\/\/evko-ks.com\/","name":"EVKO","description":"","potentialAction":[{"@type":"SearchAction","target":{"@type":"EntryPoint","urlTemplate":"https:\/\/evko-ks.com\/?s={search_term_string}"},"query-input":"required name=search_term_string"}],"inLanguage":"sq"}]}},"_links":{"self":[{"href":"https:\/\/evko-ks.com\/sq\/wp-json\/wp\/v2\/pages\/6700"}],"collection":[{"href":"https:\/\/evko-ks.com\/sq\/wp-json\/wp\/v2\/pages"}],"about":[{"href":"https:\/\/evko-ks.com\/sq\/wp-json\/wp\/v2\/types\/page"}],"author":[{"embeddable":true,"href":"https:\/\/evko-ks.com\/sq\/wp-json\/wp\/v2\/users\/1"}],"replies":[{"embeddable":true,"href":"https:\/\/evko-ks.com\/sq\/wp-json\/wp\/v2\/comments?post=6700"}],"version-history":[{"count":0,"href":"https:\/\/evko-ks.com\/sq\/wp-json\/wp\/v2\/pages\/6700\/revisions"}],"up":[{"embeddable":true,"href":"https:\/\/evko-ks.com\/sq\/wp-json\/wp\/v2\/pages\/6552"}],"wp:attachment":[{"href":"https:\/\/evko-ks.com\/sq\/wp-json\/wp\/v2\/media?parent=6700"}],"curies":[{"name":"wp","href":"https:\/\/api.w.org\/{rel}","templated":true}]}}