{"id":6780,"date":"2022-02-11T10:53:00","date_gmt":"2022-02-11T10:53:00","guid":{"rendered":"https:\/\/evko-ks.com\/?page_id=6780"},"modified":"2022-02-21T10:35:45","modified_gmt":"2022-02-21T10:35:45","slug":"dulina-with-rice-75gr","status":"publish","type":"page","link":"https:\/\/evko-ks.com\/sq\/products\/snacks\/dulina-with-rice-75gr\/","title":{"rendered":"Dulina me oriz 75gr"},"content":{"rendered":"<div data-elementor-type=\"wp-page\" data-elementor-id=\"6780\" class=\"elementor elementor-6780\">\n\t\t\t\t\t\t\t\t\t<section class=\"elementor-section elementor-top-section elementor-element elementor-element-59b6205c elementor-section-boxed elementor-section-height-default elementor-section-height-default\" data-id=\"59b6205c\" data-element_type=\"section\" data-settings=\"{&quot;background_background&quot;:&quot;classic&quot;}\">\n\t\t\t\t\t\t<div class=\"elementor-container elementor-column-gap-default\">\n\t\t\t\t\t<div class=\"elementor-column elementor-col-50 elementor-top-column elementor-element elementor-element-dba53f3\" data-id=\"dba53f3\" data-element_type=\"column\">\n\t\t\t<div class=\"elementor-widget-wrap elementor-element-populated\">\n\t\t\t\t\t\t\t\t<div class=\"elementor-element elementor-element-325e9bc3 elementor-widget elementor-widget-image\" data-id=\"325e9bc3\" data-element_type=\"widget\" data-widget_type=\"image.default\">\n\t\t\t\t<div class=\"elementor-widget-container\">\n\t\t\t<style>\/*! elementor - v3.11.5 - 14-03-2023 *\/\n.elementor-widget-image{text-align:center}.elementor-widget-image a{display:inline-block}.elementor-widget-image a img[src$=\".svg\"]{width:48px}.elementor-widget-image img{vertical-align:middle;display:inline-block}<\/style>\t\t\t\t\t\t\t\t\t\t\t\t\t<a href=\"https:\/\/evko-ks.com\/sq\/products\/snacks\/\">\n\t\t\t\t\t\t\t<img decoding=\"async\" width=\"960\" height=\"960\" src=\"https:\/\/evko-ks.com\/wp-content\/uploads\/2022\/02\/1.Dulina_75gr-1024x1024.png\" class=\"attachment-large size-large wp-image-6775\" alt=\"\" loading=\"lazy\" srcset=\"https:\/\/evko-ks.com\/wp-content\/uploads\/2022\/02\/1.Dulina_75gr-1024x1024.png 1024w, https:\/\/evko-ks.com\/wp-content\/uploads\/2022\/02\/1.Dulina_75gr-300x300.png 300w, https:\/\/evko-ks.com\/wp-content\/uploads\/2022\/02\/1.Dulina_75gr-150x150.png 150w, https:\/\/evko-ks.com\/wp-content\/uploads\/2022\/02\/1.Dulina_75gr-768x768.png 768w, https:\/\/evko-ks.com\/wp-content\/uploads\/2022\/02\/1.Dulina_75gr-1536x1536.png 1536w, https:\/\/evko-ks.com\/wp-content\/uploads\/2022\/02\/1.Dulina_75gr-2048x2048.png 2048w, https:\/\/evko-ks.com\/wp-content\/uploads\/2022\/02\/1.Dulina_75gr-12x12.png 12w\" sizes=\"(max-width: 960px) 100vw, 960px\" \/>\t\t\t\t\t\t\t\t<\/a>\n\t\t\t\t\t\t\t\t\t\t\t\t\t\t\t<\/div>\n\t\t\t\t<\/div>\n\t\t\t\t\t<\/div>\n\t\t<\/div>\n\t\t\t\t<div class=\"elementor-column elementor-col-50 elementor-top-column elementor-element elementor-element-27be7b12\" data-id=\"27be7b12\" data-element_type=\"column\">\n\t\t\t<div class=\"elementor-widget-wrap elementor-element-populated\">\n\t\t\t\t\t\t\t\t<div class=\"elementor-element elementor-element-5d66b061 elementor-widget elementor-widget-heading\" data-id=\"5d66b061\" data-element_type=\"widget\" data-widget_type=\"heading.default\">\n\t\t\t\t<div class=\"elementor-widget-container\">\n\t\t\t<style>\/*! elementor - v3.11.5 - 14-03-2023 *\/\n.elementor-heading-title{padding:0;margin:0;line-height:1}.elementor-widget-heading .elementor-heading-title[class*=elementor-size-]>a{color:inherit;font-size:inherit;line-height:inherit}.elementor-widget-heading .elementor-heading-title.elementor-size-small{font-size:15px}.elementor-widget-heading .elementor-heading-title.elementor-size-medium{font-size:19px}.elementor-widget-heading .elementor-heading-title.elementor-size-large{font-size:29px}.elementor-widget-heading .elementor-heading-title.elementor-size-xl{font-size:39px}.elementor-widget-heading .elementor-heading-title.elementor-size-xxl{font-size:59px}<\/style><h2 class=\"elementor-heading-title elementor-size-default\">Dulina me oriz 75gr<\/h2>\t\t<\/div>\n\t\t\t\t<\/div>\n\t\t\t\t<div class=\"elementor-element elementor-element-ee21c3b elementor-widget elementor-widget-heading\" data-id=\"ee21c3b\" data-element_type=\"widget\" data-widget_type=\"heading.default\">\n\t\t\t\t<div class=\"elementor-widget-container\">\n\t\t\t<h2 class=\"elementor-heading-title elementor-size-default\">Kjo \u00e7okollat\u00eb \u00ebsht\u00eb jasht\u00ebzakonisht e pasur me kakao dhe e mbushur plot me oriz t\u00eb thekur krokant p\u00ebr nj\u00eb shije dhe tekstur\u00eb t\u00eb shijshme. Shija perfekte ju pret me \u00e7do kafshat\u00eb t\u00eb k\u00ebsaj \u00e7okollate me oriz.<\/h2>\t\t<\/div>\n\t\t\t\t<\/div>\n\t\t\t\t\t<\/div>\n\t\t<\/div>\n\t\t\t\t\t\t\t<\/div>\n\t\t<\/section>\n\t\t\t\t<section class=\"elementor-section elementor-top-section elementor-element elementor-element-2f54b53 elementor-section-boxed elementor-section-height-default elementor-section-height-default\" data-id=\"2f54b53\" data-element_type=\"section\" data-settings=\"{&quot;background_background&quot;:&quot;classic&quot;}\">\n\t\t\t\t\t\t<div class=\"elementor-container elementor-column-gap-no\">\n\t\t\t\t\t<div class=\"elementor-column elementor-col-100 elementor-top-column elementor-element elementor-element-e1f8a44\" data-id=\"e1f8a44\" data-element_type=\"column\">\n\t\t\t<div class=\"elementor-widget-wrap elementor-element-populated\">\n\t\t\t\t\t\t\t\t<div class=\"elementor-element elementor-element-5abaea25 elementor-widget elementor-widget-heading\" data-id=\"5abaea25\" data-element_type=\"widget\" data-widget_type=\"heading.default\">\n\t\t\t\t<div class=\"elementor-widget-container\">\n\t\t\t<h2 class=\"elementor-heading-title elementor-size-default\">P\u00ebrmbajtja<\/h2>\t\t<\/div>\n\t\t\t\t<\/div>\n\t\t\t\t<section class=\"elementor-section elementor-inner-section elementor-element elementor-element-5bb00819 elementor-section-boxed elementor-section-height-default elementor-section-height-default\" data-id=\"5bb00819\" data-element_type=\"section\">\n\t\t\t\t\t\t<div class=\"elementor-container elementor-column-gap-no\">\n\t\t\t\t\t<div class=\"elementor-column elementor-col-100 elementor-inner-column elementor-element elementor-element-2bd47c45\" data-id=\"2bd47c45\" data-element_type=\"column\">\n\t\t\t<div class=\"elementor-widget-wrap elementor-element-populated\">\n\t\t\t\t\t\t\t\t<div class=\"elementor-element elementor-element-1a92a53d elementor-widget elementor-widget-text-editor\" data-id=\"1a92a53d\" data-element_type=\"widget\" data-widget_type=\"text-editor.default\">\n\t\t\t\t<div class=\"elementor-widget-container\">\n\t\t\t<style>\/*! elementor - v3.11.5 - 14-03-2023 *\/\n.elementor-widget-text-editor.elementor-drop-cap-view-stacked .elementor-drop-cap{background-color:#818a91;color:#fff}.elementor-widget-text-editor.elementor-drop-cap-view-framed .elementor-drop-cap{color:#818a91;border:3px solid;background-color:transparent}.elementor-widget-text-editor:not(.elementor-drop-cap-view-default) .elementor-drop-cap{margin-top:8px}.elementor-widget-text-editor:not(.elementor-drop-cap-view-default) .elementor-drop-cap-letter{width:1em;height:1em}.elementor-widget-text-editor .elementor-drop-cap{float:left;text-align:center;line-height:1;font-size:50px}.elementor-widget-text-editor .elementor-drop-cap-letter{display:inline-block}<\/style>\t\t\t\t<p>Kakao pluhur, sheqer, yndyr\u00eb bimore e hidrogjenizuar, qum\u00ebsht pluhur, hirr\u00eb, miell soje, oriz i ekspanduar, emulgator\u00eb (lecitin\u00eb), arom\u00eb lajthie. T\u00eb ruhet n\u00eb vend t\u00eb that\u00eb dhe t\u00eb fresk\u00ebt.<\/p>\t\t\t\t\t\t<\/div>\n\t\t\t\t<\/div>\n\t\t\t\t<div class=\"elementor-element elementor-element-766288ec elementor-widget elementor-widget-heading\" data-id=\"766288ec\" data-element_type=\"widget\" data-widget_type=\"heading.default\">\n\t\t\t\t<div class=\"elementor-widget-container\">\n\t\t\t<h2 class=\"elementor-heading-title elementor-size-default\">Barkodi<\/h2>\t\t<\/div>\n\t\t\t\t<\/div>\n\t\t\t\t<div class=\"elementor-element elementor-element-4ce8c3f elementor-widget elementor-widget-text-editor\" data-id=\"4ce8c3f\" data-element_type=\"widget\" data-widget_type=\"text-editor.default\">\n\t\t\t\t<div class=\"elementor-widget-container\">\n\t\t\t\t\t\t\t<p>3902756210634<\/p>\t\t\t\t\t\t<\/div>\n\t\t\t\t<\/div>\n\t\t\t\t\t<\/div>\n\t\t<\/div>\n\t\t\t\t\t\t\t<\/div>\n\t\t<\/section>\n\t\t\t\t\t<\/div>\n\t\t<\/div>\n\t\t\t\t\t\t\t<\/div>\n\t\t<\/section>\n\t\t\t\t\t\t\t<\/div>","protected":false},"excerpt":{"rendered":"<p>Dulina with rice 75gr This chocolate is extremely rich in cocoa and filled with crispy toasted rice for a delicious flavor and texture. The perfect taste awaits you with every bite of this rice chocolate. Content Cocoa powder, sugar, hydrogenated vegetable fat, milk powder, whey, soy flour, expanded rice, emulsifiers (lecithin), hazelnut flavor. Store in [&hellip;]<\/p>","protected":false},"author":1,"featured_media":0,"parent":6766,"menu_order":0,"comment_status":"closed","ping_status":"closed","template":"","meta":[],"yoast_head":"<!-- This site is optimized with the Yoast SEO plugin v20.3 - https:\/\/yoast.com\/wordpress\/plugins\/seo\/ -->\n<title>Dulina with rice 75gr - EVKO<\/title>\n<meta name=\"robots\" content=\"index, follow, max-snippet:-1, max-image-preview:large, max-video-preview:-1\" \/>\n<link rel=\"canonical\" href=\"https:\/\/evko-ks.com\/sq\/products\/snacks\/dulina-with-rice-75gr\/\" \/>\n<meta property=\"og:locale\" content=\"sq_AL\" \/>\n<meta property=\"og:type\" content=\"article\" \/>\n<meta property=\"og:title\" content=\"Dulina with rice 75gr - EVKO\" \/>\n<meta property=\"og:description\" content=\"Dulina with rice 75gr This chocolate is extremely rich in cocoa and filled with crispy toasted rice for a delicious flavor and texture. The perfect taste awaits you with every bite of this rice chocolate. Content Cocoa powder, sugar, hydrogenated vegetable fat, milk powder, whey, soy flour, expanded rice, emulsifiers (lecithin), hazelnut flavor. Store in [&hellip;]\" \/>\n<meta property=\"og:url\" content=\"https:\/\/evko-ks.com\/sq\/products\/snacks\/dulina-with-rice-75gr\/\" \/>\n<meta property=\"og:site_name\" content=\"EVKO\" \/>\n<meta property=\"article:modified_time\" content=\"2022-02-21T10:35:45+00:00\" \/>\n<meta property=\"og:image\" content=\"https:\/\/evko-ks.com\/wp-content\/uploads\/2022\/02\/1.Dulina_75gr-1024x1024.png\" \/>\n<meta name=\"twitter:card\" content=\"summary_large_image\" \/>\n<meta name=\"twitter:label1\" content=\"Est. reading time\" \/>\n\t<meta name=\"twitter:data1\" content=\"1 minut\u00eb\" \/>\n<script type=\"application\/ld+json\" class=\"yoast-schema-graph\">{\"@context\":\"https:\/\/schema.org\",\"@graph\":[{\"@type\":\"WebPage\",\"@id\":\"https:\/\/evko-ks.com\/products\/snacks\/dulina-with-rice-75gr\/\",\"url\":\"https:\/\/evko-ks.com\/products\/snacks\/dulina-with-rice-75gr\/\",\"name\":\"Dulina with rice 75gr - EVKO\",\"isPartOf\":{\"@id\":\"https:\/\/evko-ks.com\/#website\"},\"datePublished\":\"2022-02-11T10:53:00+00:00\",\"dateModified\":\"2022-02-21T10:35:45+00:00\",\"breadcrumb\":{\"@id\":\"https:\/\/evko-ks.com\/products\/snacks\/dulina-with-rice-75gr\/#breadcrumb\"},\"inLanguage\":\"sq\",\"potentialAction\":[{\"@type\":\"ReadAction\",\"target\":[\"https:\/\/evko-ks.com\/products\/snacks\/dulina-with-rice-75gr\/\"]}]},{\"@type\":\"BreadcrumbList\",\"@id\":\"https:\/\/evko-ks.com\/products\/snacks\/dulina-with-rice-75gr\/#breadcrumb\",\"itemListElement\":[{\"@type\":\"ListItem\",\"position\":1,\"name\":\"Home\",\"item\":\"https:\/\/evko-ks.com\/\"},{\"@type\":\"ListItem\",\"position\":2,\"name\":\"Products\",\"item\":\"https:\/\/evko-ks.com\/products\/\"},{\"@type\":\"ListItem\",\"position\":3,\"name\":\"Snacks\",\"item\":\"https:\/\/evko-ks.com\/products\/snacks\/\"},{\"@type\":\"ListItem\",\"position\":4,\"name\":\"Dulina with rice 75gr\"}]},{\"@type\":\"WebSite\",\"@id\":\"https:\/\/evko-ks.com\/#website\",\"url\":\"https:\/\/evko-ks.com\/\",\"name\":\"EVKO\",\"description\":\"\",\"potentialAction\":[{\"@type\":\"SearchAction\",\"target\":{\"@type\":\"EntryPoint\",\"urlTemplate\":\"https:\/\/evko-ks.com\/?s={search_term_string}\"},\"query-input\":\"required name=search_term_string\"}],\"inLanguage\":\"sq\"}]}<\/script>\n<!-- \/ Yoast SEO plugin. -->","yoast_head_json":{"title":"Dulina with rice 75gr - EVKO","robots":{"index":"index","follow":"follow","max-snippet":"max-snippet:-1","max-image-preview":"max-image-preview:large","max-video-preview":"max-video-preview:-1"},"canonical":"https:\/\/evko-ks.com\/sq\/products\/snacks\/dulina-with-rice-75gr\/","og_locale":"sq_AL","og_type":"article","og_title":"Dulina with rice 75gr - EVKO","og_description":"Dulina with rice 75gr This chocolate is extremely rich in cocoa and filled with crispy toasted rice for a delicious flavor and texture. The perfect taste awaits you with every bite of this rice chocolate. Content Cocoa powder, sugar, hydrogenated vegetable fat, milk powder, whey, soy flour, expanded rice, emulsifiers (lecithin), hazelnut flavor. Store in [&hellip;]","og_url":"https:\/\/evko-ks.com\/sq\/products\/snacks\/dulina-with-rice-75gr\/","og_site_name":"EVKO","article_modified_time":"2022-02-21T10:35:45+00:00","og_image":[{"url":"https:\/\/evko-ks.com\/wp-content\/uploads\/2022\/02\/1.Dulina_75gr-1024x1024.png"}],"twitter_card":"summary_large_image","twitter_misc":{"Est. reading time":"1 minut\u00eb"},"schema":{"@context":"https:\/\/schema.org","@graph":[{"@type":"WebPage","@id":"https:\/\/evko-ks.com\/products\/snacks\/dulina-with-rice-75gr\/","url":"https:\/\/evko-ks.com\/products\/snacks\/dulina-with-rice-75gr\/","name":"Dulina with rice 75gr - EVKO","isPartOf":{"@id":"https:\/\/evko-ks.com\/#website"},"datePublished":"2022-02-11T10:53:00+00:00","dateModified":"2022-02-21T10:35:45+00:00","breadcrumb":{"@id":"https:\/\/evko-ks.com\/products\/snacks\/dulina-with-rice-75gr\/#breadcrumb"},"inLanguage":"sq","potentialAction":[{"@type":"ReadAction","target":["https:\/\/evko-ks.com\/products\/snacks\/dulina-with-rice-75gr\/"]}]},{"@type":"BreadcrumbList","@id":"https:\/\/evko-ks.com\/products\/snacks\/dulina-with-rice-75gr\/#breadcrumb","itemListElement":[{"@type":"ListItem","position":1,"name":"Home","item":"https:\/\/evko-ks.com\/"},{"@type":"ListItem","position":2,"name":"Products","item":"https:\/\/evko-ks.com\/products\/"},{"@type":"ListItem","position":3,"name":"Snacks","item":"https:\/\/evko-ks.com\/products\/snacks\/"},{"@type":"ListItem","position":4,"name":"Dulina with rice 75gr"}]},{"@type":"WebSite","@id":"https:\/\/evko-ks.com\/#website","url":"https:\/\/evko-ks.com\/","name":"EVKO","description":"","potentialAction":[{"@type":"SearchAction","target":{"@type":"EntryPoint","urlTemplate":"https:\/\/evko-ks.com\/?s={search_term_string}"},"query-input":"required name=search_term_string"}],"inLanguage":"sq"}]}},"_links":{"self":[{"href":"https:\/\/evko-ks.com\/sq\/wp-json\/wp\/v2\/pages\/6780"}],"collection":[{"href":"https:\/\/evko-ks.com\/sq\/wp-json\/wp\/v2\/pages"}],"about":[{"href":"https:\/\/evko-ks.com\/sq\/wp-json\/wp\/v2\/types\/page"}],"author":[{"embeddable":true,"href":"https:\/\/evko-ks.com\/sq\/wp-json\/wp\/v2\/users\/1"}],"replies":[{"embeddable":true,"href":"https:\/\/evko-ks.com\/sq\/wp-json\/wp\/v2\/comments?post=6780"}],"version-history":[{"count":0,"href":"https:\/\/evko-ks.com\/sq\/wp-json\/wp\/v2\/pages\/6780\/revisions"}],"up":[{"embeddable":true,"href":"https:\/\/evko-ks.com\/sq\/wp-json\/wp\/v2\/pages\/6766"}],"wp:attachment":[{"href":"https:\/\/evko-ks.com\/sq\/wp-json\/wp\/v2\/media?parent=6780"}],"curies":[{"name":"wp","href":"https:\/\/api.w.org\/{rel}","templated":true}]}}