{"id":6823,"date":"2022-02-14T07:56:18","date_gmt":"2022-02-14T07:56:18","guid":{"rendered":"https:\/\/evko-ks.com\/?page_id=6823"},"modified":"2022-02-18T09:37:05","modified_gmt":"2022-02-18T09:37:05","slug":"chicken-soup","status":"publish","type":"page","link":"https:\/\/evko-ks.com\/sq\/products\/soups\/chicken-soup\/","title":{"rendered":"Sup\u00eb Pule"},"content":{"rendered":"<div data-elementor-type=\"wp-page\" data-elementor-id=\"6823\" class=\"elementor elementor-6823\">\n\t\t\t\t\t\t\t\t\t<section class=\"elementor-section elementor-top-section elementor-element elementor-element-3939af83 elementor-section-boxed elementor-section-height-default elementor-section-height-default\" data-id=\"3939af83\" data-element_type=\"section\" data-settings=\"{&quot;background_background&quot;:&quot;classic&quot;}\">\n\t\t\t\t\t\t<div class=\"elementor-container elementor-column-gap-default\">\n\t\t\t\t\t<div class=\"elementor-column elementor-col-50 elementor-top-column elementor-element elementor-element-1ea7116d\" data-id=\"1ea7116d\" data-element_type=\"column\">\n\t\t\t<div class=\"elementor-widget-wrap elementor-element-populated\">\n\t\t\t\t\t\t\t\t<div class=\"elementor-element elementor-element-5de90680 elementor-widget elementor-widget-image\" data-id=\"5de90680\" data-element_type=\"widget\" data-widget_type=\"image.default\">\n\t\t\t\t<div class=\"elementor-widget-container\">\n\t\t\t<style>\/*! elementor - v3.11.5 - 14-03-2023 *\/\n.elementor-widget-image{text-align:center}.elementor-widget-image a{display:inline-block}.elementor-widget-image a img[src$=\".svg\"]{width:48px}.elementor-widget-image img{vertical-align:middle;display:inline-block}<\/style>\t\t\t\t\t\t\t\t\t\t\t\t\t<a href=\"https:\/\/evko-ks.com\/sq\/soups\/\">\n\t\t\t\t\t\t\t<img decoding=\"async\" width=\"960\" height=\"960\" src=\"https:\/\/evko-ks.com\/wp-content\/uploads\/2022\/02\/01_Mate_Vegetable-1024x1024.png\" class=\"attachment-large size-large wp-image-6810\" alt=\"\" loading=\"lazy\" srcset=\"https:\/\/evko-ks.com\/wp-content\/uploads\/2022\/02\/01_Mate_Vegetable-1024x1024.png 1024w, https:\/\/evko-ks.com\/wp-content\/uploads\/2022\/02\/01_Mate_Vegetable-300x300.png 300w, https:\/\/evko-ks.com\/wp-content\/uploads\/2022\/02\/01_Mate_Vegetable-150x150.png 150w, https:\/\/evko-ks.com\/wp-content\/uploads\/2022\/02\/01_Mate_Vegetable-768x768.png 768w, https:\/\/evko-ks.com\/wp-content\/uploads\/2022\/02\/01_Mate_Vegetable-1536x1536.png 1536w, https:\/\/evko-ks.com\/wp-content\/uploads\/2022\/02\/01_Mate_Vegetable-2048x2048.png 2048w, https:\/\/evko-ks.com\/wp-content\/uploads\/2022\/02\/01_Mate_Vegetable-12x12.png 12w\" sizes=\"(max-width: 960px) 100vw, 960px\" \/>\t\t\t\t\t\t\t\t<\/a>\n\t\t\t\t\t\t\t\t\t\t\t\t\t\t\t<\/div>\n\t\t\t\t<\/div>\n\t\t\t\t\t<\/div>\n\t\t<\/div>\n\t\t\t\t<div class=\"elementor-column elementor-col-50 elementor-top-column elementor-element elementor-element-6cc2327e\" data-id=\"6cc2327e\" data-element_type=\"column\">\n\t\t\t<div class=\"elementor-widget-wrap elementor-element-populated\">\n\t\t\t\t\t\t\t\t<div class=\"elementor-element elementor-element-33b9a4e8 elementor-widget elementor-widget-heading\" data-id=\"33b9a4e8\" data-element_type=\"widget\" data-widget_type=\"heading.default\">\n\t\t\t\t<div class=\"elementor-widget-container\">\n\t\t\t<style>\/*! elementor - v3.11.5 - 14-03-2023 *\/\n.elementor-heading-title{padding:0;margin:0;line-height:1}.elementor-widget-heading .elementor-heading-title[class*=elementor-size-]>a{color:inherit;font-size:inherit;line-height:inherit}.elementor-widget-heading .elementor-heading-title.elementor-size-small{font-size:15px}.elementor-widget-heading .elementor-heading-title.elementor-size-medium{font-size:19px}.elementor-widget-heading .elementor-heading-title.elementor-size-large{font-size:29px}.elementor-widget-heading .elementor-heading-title.elementor-size-xl{font-size:39px}.elementor-widget-heading .elementor-heading-title.elementor-size-xxl{font-size:59px}<\/style><h2 class=\"elementor-heading-title elementor-size-default\">Sup\u00eb Pule<\/h2>\t\t<\/div>\n\t\t\t\t<\/div>\n\t\t\t\t<div class=\"elementor-element elementor-element-3d73ea44 elementor-widget elementor-widget-heading\" data-id=\"3d73ea44\" data-element_type=\"widget\" data-widget_type=\"heading.default\">\n\t\t\t\t<div class=\"elementor-widget-container\">\n\t\t\t<h2 class=\"elementor-heading-title elementor-size-default\">Supa e pul\u00ebs \u00ebsht\u00eb nj\u00eb nga supat q\u00eb ne e duam shum\u00eb. K\u00ebt\u00eb sup\u00eb na p\u00eblqen ta gatuajm\u00eb qoft\u00eb n\u00eb stin\u00ebt e ngrohta qoft\u00eb n\u00eb ato t\u00eb ftohta. Provojeni shijen e vecant\u00eb t\u00eb k\u00ebsaj supe dhe do t\u00eb ngelni shum\u00eb t\u00eb k\u00ebnaqur!<\/h2>\t\t<\/div>\n\t\t\t\t<\/div>\n\t\t\t\t\t<\/div>\n\t\t<\/div>\n\t\t\t\t\t\t\t<\/div>\n\t\t<\/section>\n\t\t\t\t<section class=\"elementor-section elementor-top-section elementor-element elementor-element-281e0c63 elementor-section-boxed elementor-section-height-default elementor-section-height-default\" data-id=\"281e0c63\" data-element_type=\"section\" data-settings=\"{&quot;background_background&quot;:&quot;classic&quot;}\">\n\t\t\t\t\t\t<div class=\"elementor-container elementor-column-gap-no\">\n\t\t\t\t\t<div class=\"elementor-column elementor-col-100 elementor-top-column elementor-element elementor-element-25ade0e\" data-id=\"25ade0e\" data-element_type=\"column\">\n\t\t\t<div class=\"elementor-widget-wrap elementor-element-populated\">\n\t\t\t\t\t\t\t\t<div class=\"elementor-element elementor-element-2835b250 elementor-widget elementor-widget-heading\" data-id=\"2835b250\" data-element_type=\"widget\" data-widget_type=\"heading.default\">\n\t\t\t\t<div class=\"elementor-widget-container\">\n\t\t\t<h2 class=\"elementor-heading-title elementor-size-default\">P\u00ebrmbajtja<\/h2>\t\t<\/div>\n\t\t\t\t<\/div>\n\t\t\t\t<section class=\"elementor-section elementor-inner-section elementor-element elementor-element-2751efd0 elementor-section-boxed elementor-section-height-default elementor-section-height-default\" data-id=\"2751efd0\" data-element_type=\"section\">\n\t\t\t\t\t\t<div class=\"elementor-container elementor-column-gap-no\">\n\t\t\t\t\t<div class=\"elementor-column elementor-col-100 elementor-inner-column elementor-element elementor-element-26e2a82e\" data-id=\"26e2a82e\" data-element_type=\"column\">\n\t\t\t<div class=\"elementor-widget-wrap elementor-element-populated\">\n\t\t\t\t\t\t\t\t<div class=\"elementor-element elementor-element-384112ed elementor-widget elementor-widget-text-editor\" data-id=\"384112ed\" data-element_type=\"widget\" data-widget_type=\"text-editor.default\">\n\t\t\t\t<div class=\"elementor-widget-container\">\n\t\t\t<style>\/*! elementor - v3.11.5 - 14-03-2023 *\/\n.elementor-widget-text-editor.elementor-drop-cap-view-stacked .elementor-drop-cap{background-color:#818a91;color:#fff}.elementor-widget-text-editor.elementor-drop-cap-view-framed .elementor-drop-cap{color:#818a91;border:3px solid;background-color:transparent}.elementor-widget-text-editor:not(.elementor-drop-cap-view-default) .elementor-drop-cap{margin-top:8px}.elementor-widget-text-editor:not(.elementor-drop-cap-view-default) .elementor-drop-cap-letter{width:1em;height:1em}.elementor-widget-text-editor .elementor-drop-cap{float:left;text-align:center;line-height:1;font-size:50px}.elementor-widget-text-editor .elementor-drop-cap-letter{display:inline-block}<\/style>\t\t\t\t<p>Sup\u00eb Pule 60g                                                                                                     P\u00ebrb\u00ebr\u00ebsit: Brum\u00ebra (fide - makarona), krip\u00eb e jodizuar, maltodextrin, Na-Glutaminate, Aroma (I+G Aimoto)sheqer, yndyr\u00eb palme, yndyr\u00eb pule, ekstrakt pule, aroma pule, karrot e bluar, majdanoz i bluar, qep\u00eb e bluar, rr\u00ebnj\u00eb selino, gjethe majdanozi, piper i zi i bluar, spec i bluar, limontoz, vitamina B2, ekstrakt rozmarine, patate e that\u00eb. Alergjent\u00eb : gluten gruri. Produkti mund t\u00eb p\u00ebrmbaj\u00eb gjurm\u00eb qum\u00ebshti, vez\u00eb, seline dhe sulfide.<\/p>\t\t\t\t\t\t<\/div>\n\t\t\t\t<\/div>\n\t\t\t\t<div class=\"elementor-element elementor-element-3e83eaf0 elementor-widget elementor-widget-heading\" data-id=\"3e83eaf0\" data-element_type=\"widget\" data-widget_type=\"heading.default\">\n\t\t\t\t<div class=\"elementor-widget-container\">\n\t\t\t<h2 class=\"elementor-heading-title elementor-size-default\">P\u00ebrgatitja:<\/h2>\t\t<\/div>\n\t\t\t\t<\/div>\n\t\t\t\t<div class=\"elementor-element elementor-element-59b32579 elementor-widget elementor-widget-text-editor\" data-id=\"59b32579\" data-element_type=\"widget\" data-widget_type=\"text-editor.default\">\n\t\t\t\t<div class=\"elementor-widget-container\">\n\t\t\t\t\t\t\t<p>Hidhni p\u00ebrmbajtjen e qeses n\u00eb 1 lit\u00ebr uj\u00eb t\u00eb zier dhe p\u00ebrziejeni mir\u00eb. Gatuajeni n\u00eb zjarr mesatar n\u00eb nj\u00eb en\u00eb gjys\u00ebem t\u00eb mbuluar p\u00ebr 5 minuta, duke e p\u00ebrzier her\u00eb pas here. T\u00eb ruhet n\u00eb vend t\u00eb that\u00eb dhe t\u00eb fresk\u00ebt (jo n\u00eb frigorifer).<\/p>\t\t\t\t\t\t<\/div>\n\t\t\t\t<\/div>\n\t\t\t\t<div class=\"elementor-element elementor-element-5a9c75ab elementor-widget elementor-widget-heading\" data-id=\"5a9c75ab\" data-element_type=\"widget\" data-widget_type=\"heading.default\">\n\t\t\t\t<div class=\"elementor-widget-container\">\n\t\t\t<h2 class=\"elementor-heading-title elementor-size-default\">Barkodi<\/h2>\t\t<\/div>\n\t\t\t\t<\/div>\n\t\t\t\t<div class=\"elementor-element elementor-element-55571fe3 elementor-widget elementor-widget-text-editor\" data-id=\"55571fe3\" data-element_type=\"widget\" data-widget_type=\"text-editor.default\">\n\t\t\t\t<div class=\"elementor-widget-container\">\n\t\t\t\t\t\t\t<p>3902756220176<\/p>\t\t\t\t\t\t<\/div>\n\t\t\t\t<\/div>\n\t\t\t\t\t<\/div>\n\t\t<\/div>\n\t\t\t\t\t\t\t<\/div>\n\t\t<\/section>\n\t\t\t\t\t<\/div>\n\t\t<\/div>\n\t\t\t\t\t\t\t<\/div>\n\t\t<\/section>\n\t\t\t\t\t\t\t<\/div>","protected":false},"excerpt":{"rendered":"<p>Chicken Soup Chicken soup is one of the soups we love so much. We like to cook this soup in both warm and cold seasons. Try the special taste of this soup and you will be very satisfied! Content Chicken Soup 60g Ingredients: Dough (fide &#8211; pasta), iodized salt, maltodextrin, Na-Glutaminate, Aroma (I + G [&hellip;]<\/p>","protected":false},"author":1,"featured_media":0,"parent":6807,"menu_order":0,"comment_status":"closed","ping_status":"closed","template":"","meta":[],"yoast_head":"<!-- This site is optimized with the Yoast SEO plugin v20.3 - https:\/\/yoast.com\/wordpress\/plugins\/seo\/ -->\n<title>Chicken Soup - EVKO<\/title>\n<meta name=\"robots\" content=\"index, follow, max-snippet:-1, max-image-preview:large, max-video-preview:-1\" \/>\n<link rel=\"canonical\" href=\"https:\/\/evko-ks.com\/sq\/products\/soups\/chicken-soup\/\" \/>\n<meta property=\"og:locale\" content=\"sq_AL\" \/>\n<meta property=\"og:type\" content=\"article\" \/>\n<meta property=\"og:title\" content=\"Chicken Soup - EVKO\" \/>\n<meta property=\"og:description\" content=\"Chicken Soup Chicken soup is one of the soups we love so much. We like to cook this soup in both warm and cold seasons. Try the special taste of this soup and you will be very satisfied! Content Chicken Soup 60g Ingredients: Dough (fide &#8211; pasta), iodized salt, maltodextrin, Na-Glutaminate, Aroma (I + G [&hellip;]\" \/>\n<meta property=\"og:url\" content=\"https:\/\/evko-ks.com\/sq\/products\/soups\/chicken-soup\/\" \/>\n<meta property=\"og:site_name\" content=\"EVKO\" \/>\n<meta property=\"article:modified_time\" content=\"2022-02-18T09:37:05+00:00\" \/>\n<meta property=\"og:image\" content=\"https:\/\/evko-ks.com\/wp-content\/uploads\/2022\/02\/01_Mate_Vegetable-1024x1024.png\" \/>\n<meta name=\"twitter:card\" content=\"summary_large_image\" \/>\n<meta name=\"twitter:label1\" content=\"Est. reading time\" \/>\n\t<meta name=\"twitter:data1\" content=\"1 minut\u00eb\" \/>\n<script type=\"application\/ld+json\" class=\"yoast-schema-graph\">{\"@context\":\"https:\/\/schema.org\",\"@graph\":[{\"@type\":\"WebPage\",\"@id\":\"https:\/\/evko-ks.com\/products\/soups\/chicken-soup\/\",\"url\":\"https:\/\/evko-ks.com\/products\/soups\/chicken-soup\/\",\"name\":\"Chicken Soup - EVKO\",\"isPartOf\":{\"@id\":\"https:\/\/evko-ks.com\/#website\"},\"datePublished\":\"2022-02-14T07:56:18+00:00\",\"dateModified\":\"2022-02-18T09:37:05+00:00\",\"breadcrumb\":{\"@id\":\"https:\/\/evko-ks.com\/products\/soups\/chicken-soup\/#breadcrumb\"},\"inLanguage\":\"sq\",\"potentialAction\":[{\"@type\":\"ReadAction\",\"target\":[\"https:\/\/evko-ks.com\/products\/soups\/chicken-soup\/\"]}]},{\"@type\":\"BreadcrumbList\",\"@id\":\"https:\/\/evko-ks.com\/products\/soups\/chicken-soup\/#breadcrumb\",\"itemListElement\":[{\"@type\":\"ListItem\",\"position\":1,\"name\":\"Home\",\"item\":\"https:\/\/evko-ks.com\/\"},{\"@type\":\"ListItem\",\"position\":2,\"name\":\"Products\",\"item\":\"https:\/\/evko-ks.com\/products\/\"},{\"@type\":\"ListItem\",\"position\":3,\"name\":\"Soups\",\"item\":\"https:\/\/evko-ks.com\/products\/soups\/\"},{\"@type\":\"ListItem\",\"position\":4,\"name\":\"Chicken Soup\"}]},{\"@type\":\"WebSite\",\"@id\":\"https:\/\/evko-ks.com\/#website\",\"url\":\"https:\/\/evko-ks.com\/\",\"name\":\"EVKO\",\"description\":\"\",\"potentialAction\":[{\"@type\":\"SearchAction\",\"target\":{\"@type\":\"EntryPoint\",\"urlTemplate\":\"https:\/\/evko-ks.com\/?s={search_term_string}\"},\"query-input\":\"required name=search_term_string\"}],\"inLanguage\":\"sq\"}]}<\/script>\n<!-- \/ Yoast SEO plugin. -->","yoast_head_json":{"title":"Chicken Soup - EVKO","robots":{"index":"index","follow":"follow","max-snippet":"max-snippet:-1","max-image-preview":"max-image-preview:large","max-video-preview":"max-video-preview:-1"},"canonical":"https:\/\/evko-ks.com\/sq\/products\/soups\/chicken-soup\/","og_locale":"sq_AL","og_type":"article","og_title":"Chicken Soup - EVKO","og_description":"Chicken Soup Chicken soup is one of the soups we love so much. We like to cook this soup in both warm and cold seasons. Try the special taste of this soup and you will be very satisfied! Content Chicken Soup 60g Ingredients: Dough (fide &#8211; pasta), iodized salt, maltodextrin, Na-Glutaminate, Aroma (I + G [&hellip;]","og_url":"https:\/\/evko-ks.com\/sq\/products\/soups\/chicken-soup\/","og_site_name":"EVKO","article_modified_time":"2022-02-18T09:37:05+00:00","og_image":[{"url":"https:\/\/evko-ks.com\/wp-content\/uploads\/2022\/02\/01_Mate_Vegetable-1024x1024.png"}],"twitter_card":"summary_large_image","twitter_misc":{"Est. reading time":"1 minut\u00eb"},"schema":{"@context":"https:\/\/schema.org","@graph":[{"@type":"WebPage","@id":"https:\/\/evko-ks.com\/products\/soups\/chicken-soup\/","url":"https:\/\/evko-ks.com\/products\/soups\/chicken-soup\/","name":"Chicken Soup - EVKO","isPartOf":{"@id":"https:\/\/evko-ks.com\/#website"},"datePublished":"2022-02-14T07:56:18+00:00","dateModified":"2022-02-18T09:37:05+00:00","breadcrumb":{"@id":"https:\/\/evko-ks.com\/products\/soups\/chicken-soup\/#breadcrumb"},"inLanguage":"sq","potentialAction":[{"@type":"ReadAction","target":["https:\/\/evko-ks.com\/products\/soups\/chicken-soup\/"]}]},{"@type":"BreadcrumbList","@id":"https:\/\/evko-ks.com\/products\/soups\/chicken-soup\/#breadcrumb","itemListElement":[{"@type":"ListItem","position":1,"name":"Home","item":"https:\/\/evko-ks.com\/"},{"@type":"ListItem","position":2,"name":"Products","item":"https:\/\/evko-ks.com\/products\/"},{"@type":"ListItem","position":3,"name":"Soups","item":"https:\/\/evko-ks.com\/products\/soups\/"},{"@type":"ListItem","position":4,"name":"Chicken Soup"}]},{"@type":"WebSite","@id":"https:\/\/evko-ks.com\/#website","url":"https:\/\/evko-ks.com\/","name":"EVKO","description":"","potentialAction":[{"@type":"SearchAction","target":{"@type":"EntryPoint","urlTemplate":"https:\/\/evko-ks.com\/?s={search_term_string}"},"query-input":"required name=search_term_string"}],"inLanguage":"sq"}]}},"_links":{"self":[{"href":"https:\/\/evko-ks.com\/sq\/wp-json\/wp\/v2\/pages\/6823"}],"collection":[{"href":"https:\/\/evko-ks.com\/sq\/wp-json\/wp\/v2\/pages"}],"about":[{"href":"https:\/\/evko-ks.com\/sq\/wp-json\/wp\/v2\/types\/page"}],"author":[{"embeddable":true,"href":"https:\/\/evko-ks.com\/sq\/wp-json\/wp\/v2\/users\/1"}],"replies":[{"embeddable":true,"href":"https:\/\/evko-ks.com\/sq\/wp-json\/wp\/v2\/comments?post=6823"}],"version-history":[{"count":0,"href":"https:\/\/evko-ks.com\/sq\/wp-json\/wp\/v2\/pages\/6823\/revisions"}],"up":[{"embeddable":true,"href":"https:\/\/evko-ks.com\/sq\/wp-json\/wp\/v2\/pages\/6807"}],"wp:attachment":[{"href":"https:\/\/evko-ks.com\/sq\/wp-json\/wp\/v2\/media?parent=6823"}],"curies":[{"name":"wp","href":"https:\/\/api.w.org\/{rel}","templated":true}]}}