{"id":6838,"date":"2022-02-14T07:58:29","date_gmt":"2022-02-14T07:58:29","guid":{"rendered":"https:\/\/evko-ks.com\/?page_id=6838"},"modified":"2022-02-18T21:54:19","modified_gmt":"2022-02-18T21:54:19","slug":"vegetable-soup","status":"publish","type":"page","link":"https:\/\/evko-ks.com\/sq\/products\/soups\/vegetable-soup\/","title":{"rendered":"Sup\u00eb Perimesh"},"content":{"rendered":"<div data-elementor-type=\"wp-page\" data-elementor-id=\"6838\" class=\"elementor elementor-6838\">\n\t\t\t\t\t\t\t\t\t<section class=\"elementor-section elementor-top-section elementor-element elementor-element-670eee08 elementor-section-boxed elementor-section-height-default elementor-section-height-default\" data-id=\"670eee08\" data-element_type=\"section\" data-settings=\"{&quot;background_background&quot;:&quot;classic&quot;}\">\n\t\t\t\t\t\t<div class=\"elementor-container elementor-column-gap-default\">\n\t\t\t\t\t<div class=\"elementor-column elementor-col-50 elementor-top-column elementor-element elementor-element-356b3777\" data-id=\"356b3777\" data-element_type=\"column\">\n\t\t\t<div class=\"elementor-widget-wrap elementor-element-populated\">\n\t\t\t\t\t\t\t\t<div class=\"elementor-element elementor-element-49d122a0 elementor-widget elementor-widget-image\" data-id=\"49d122a0\" data-element_type=\"widget\" data-widget_type=\"image.default\">\n\t\t\t\t<div class=\"elementor-widget-container\">\n\t\t\t<style>\/*! elementor - v3.11.5 - 14-03-2023 *\/\n.elementor-widget-image{text-align:center}.elementor-widget-image a{display:inline-block}.elementor-widget-image a img[src$=\".svg\"]{width:48px}.elementor-widget-image img{vertical-align:middle;display:inline-block}<\/style>\t\t\t\t\t\t\t\t\t\t\t\t\t<a href=\"https:\/\/evko-ks.com\/sq\/soups\/\">\n\t\t\t\t\t\t\t<img decoding=\"async\" width=\"960\" height=\"960\" src=\"https:\/\/evko-ks.com\/wp-content\/uploads\/2022\/02\/01_Mate_Vegetable_Final-1024x1024.png\" class=\"attachment-large size-large wp-image-6811\" alt=\"\" loading=\"lazy\" srcset=\"https:\/\/evko-ks.com\/wp-content\/uploads\/2022\/02\/01_Mate_Vegetable_Final-1024x1024.png 1024w, https:\/\/evko-ks.com\/wp-content\/uploads\/2022\/02\/01_Mate_Vegetable_Final-300x300.png 300w, https:\/\/evko-ks.com\/wp-content\/uploads\/2022\/02\/01_Mate_Vegetable_Final-150x150.png 150w, https:\/\/evko-ks.com\/wp-content\/uploads\/2022\/02\/01_Mate_Vegetable_Final-768x768.png 768w, https:\/\/evko-ks.com\/wp-content\/uploads\/2022\/02\/01_Mate_Vegetable_Final-1536x1536.png 1536w, https:\/\/evko-ks.com\/wp-content\/uploads\/2022\/02\/01_Mate_Vegetable_Final-2048x2048.png 2048w, https:\/\/evko-ks.com\/wp-content\/uploads\/2022\/02\/01_Mate_Vegetable_Final-12x12.png 12w\" sizes=\"(max-width: 960px) 100vw, 960px\" \/>\t\t\t\t\t\t\t\t<\/a>\n\t\t\t\t\t\t\t\t\t\t\t\t\t\t\t<\/div>\n\t\t\t\t<\/div>\n\t\t\t\t\t<\/div>\n\t\t<\/div>\n\t\t\t\t<div class=\"elementor-column elementor-col-50 elementor-top-column elementor-element elementor-element-19dafc8e\" data-id=\"19dafc8e\" data-element_type=\"column\">\n\t\t\t<div class=\"elementor-widget-wrap elementor-element-populated\">\n\t\t\t\t\t\t\t\t<div class=\"elementor-element elementor-element-4258bc90 elementor-widget elementor-widget-heading\" data-id=\"4258bc90\" data-element_type=\"widget\" data-widget_type=\"heading.default\">\n\t\t\t\t<div class=\"elementor-widget-container\">\n\t\t\t<style>\/*! elementor - v3.11.5 - 14-03-2023 *\/\n.elementor-heading-title{padding:0;margin:0;line-height:1}.elementor-widget-heading .elementor-heading-title[class*=elementor-size-]>a{color:inherit;font-size:inherit;line-height:inherit}.elementor-widget-heading .elementor-heading-title.elementor-size-small{font-size:15px}.elementor-widget-heading .elementor-heading-title.elementor-size-medium{font-size:19px}.elementor-widget-heading .elementor-heading-title.elementor-size-large{font-size:29px}.elementor-widget-heading .elementor-heading-title.elementor-size-xl{font-size:39px}.elementor-widget-heading .elementor-heading-title.elementor-size-xxl{font-size:59px}<\/style><h2 class=\"elementor-heading-title elementor-size-default\">Sup\u00eb Perimesh<\/h2>\t\t<\/div>\n\t\t\t\t<\/div>\n\t\t\t\t<div class=\"elementor-element elementor-element-11124fb5 elementor-widget elementor-widget-heading\" data-id=\"11124fb5\" data-element_type=\"widget\" data-widget_type=\"heading.default\">\n\t\t\t\t<div class=\"elementor-widget-container\">\n\t\t\t<h2 class=\"elementor-heading-title elementor-size-default\">M\u00eb t\u00eb mirat perime t\u00eb stin\u00ebs, t\u00eb pasura me vlera ushqyese, e sigurisht super t\u00eb shijshme t\u00eb sjella n\u00eb nj\u00eb paketim supe jan\u00eb dhurata m\u00eb e mir\u00eb p\u00ebr nj\u00eb organiz\u00ebm t\u00eb fuqish\u00ebm dhe t\u00eb sh\u00ebndetsh\u00ebm.\nNj\u00eb sup\u00eb e leht\u00eb, plot shije, e thjesht\u00eb n\u00eb p\u00ebrgatitje por e pasur n\u00eb vitamina dhe minerale.\n<\/h2>\t\t<\/div>\n\t\t\t\t<\/div>\n\t\t\t\t\t<\/div>\n\t\t<\/div>\n\t\t\t\t\t\t\t<\/div>\n\t\t<\/section>\n\t\t\t\t<section class=\"elementor-section elementor-top-section elementor-element elementor-element-5e7bf823 elementor-section-boxed elementor-section-height-default elementor-section-height-default\" data-id=\"5e7bf823\" data-element_type=\"section\" data-settings=\"{&quot;background_background&quot;:&quot;classic&quot;}\">\n\t\t\t\t\t\t<div class=\"elementor-container elementor-column-gap-no\">\n\t\t\t\t\t<div class=\"elementor-column elementor-col-100 elementor-top-column elementor-element elementor-element-7638d2c7\" data-id=\"7638d2c7\" data-element_type=\"column\">\n\t\t\t<div class=\"elementor-widget-wrap elementor-element-populated\">\n\t\t\t\t\t\t\t\t<div class=\"elementor-element elementor-element-63d0ec3f elementor-widget elementor-widget-heading\" data-id=\"63d0ec3f\" data-element_type=\"widget\" data-widget_type=\"heading.default\">\n\t\t\t\t<div class=\"elementor-widget-container\">\n\t\t\t<h2 class=\"elementor-heading-title elementor-size-default\">P\u00ebrmbajtja<\/h2>\t\t<\/div>\n\t\t\t\t<\/div>\n\t\t\t\t<section class=\"elementor-section elementor-inner-section elementor-element elementor-element-4b46ea5b elementor-section-boxed elementor-section-height-default elementor-section-height-default\" data-id=\"4b46ea5b\" data-element_type=\"section\">\n\t\t\t\t\t\t<div class=\"elementor-container elementor-column-gap-no\">\n\t\t\t\t\t<div class=\"elementor-column elementor-col-100 elementor-inner-column elementor-element elementor-element-63ea1236\" data-id=\"63ea1236\" data-element_type=\"column\">\n\t\t\t<div class=\"elementor-widget-wrap elementor-element-populated\">\n\t\t\t\t\t\t\t\t<div class=\"elementor-element elementor-element-1d3c8a7d elementor-widget elementor-widget-text-editor\" data-id=\"1d3c8a7d\" data-element_type=\"widget\" data-widget_type=\"text-editor.default\">\n\t\t\t\t<div class=\"elementor-widget-container\">\n\t\t\t<style>\/*! elementor - v3.11.5 - 14-03-2023 *\/\n.elementor-widget-text-editor.elementor-drop-cap-view-stacked .elementor-drop-cap{background-color:#818a91;color:#fff}.elementor-widget-text-editor.elementor-drop-cap-view-framed .elementor-drop-cap{color:#818a91;border:3px solid;background-color:transparent}.elementor-widget-text-editor:not(.elementor-drop-cap-view-default) .elementor-drop-cap{margin-top:8px}.elementor-widget-text-editor:not(.elementor-drop-cap-view-default) .elementor-drop-cap-letter{width:1em;height:1em}.elementor-widget-text-editor .elementor-drop-cap{float:left;text-align:center;line-height:1;font-size:50px}.elementor-widget-text-editor .elementor-drop-cap-letter{display:inline-block}<\/style>\t\t\t\t<p>Sup\u00eb Perimesh 60g                                                                 P\u00ebrb\u00ebr\u00ebsit: Fide 50% (bollgur gruri, krip\u00eb, uj\u00eb), krip\u00eb tryeze, perime t\u00eb thata 20% (karota, patate, qep\u00eb, parsnips), sheqer, p\u00ebrmir\u00ebsues i ul\u00e7er\u00ebs (glutamat monosod), maltodextrin, yndyr\u00eb palme, niseshte misri, er\u00ebza (flet\u00eb aguli\u00e7e, piper i zi), rregullatori i aciditetit: acid limoni, ngjyra natyrale: riboflavin. Alergjent\u00eb : gluten gruri. Produkti mund t\u00eb p\u00ebrmbaj\u00eb gjurm\u00eb qum\u00ebshti, vez\u00eb, seline dhe sulfide.<\/p>\t\t\t\t\t\t<\/div>\n\t\t\t\t<\/div>\n\t\t\t\t<div class=\"elementor-element elementor-element-15957575 elementor-widget elementor-widget-heading\" data-id=\"15957575\" data-element_type=\"widget\" data-widget_type=\"heading.default\">\n\t\t\t\t<div class=\"elementor-widget-container\">\n\t\t\t<h2 class=\"elementor-heading-title elementor-size-default\">P\u00ebrgatitja:<\/h2>\t\t<\/div>\n\t\t\t\t<\/div>\n\t\t\t\t<div class=\"elementor-element elementor-element-45e6f152 elementor-widget elementor-widget-text-editor\" data-id=\"45e6f152\" data-element_type=\"widget\" data-widget_type=\"text-editor.default\">\n\t\t\t\t<div class=\"elementor-widget-container\">\n\t\t\t\t\t\t\t<p>Hidhni p\u00ebrmbajtjen e qeses n\u00eb 1 lit\u00ebr uj\u00eb t\u00eb zier dhe p\u00ebrziejeni mir\u00eb. Gatuajeni n\u00eb zjarr mesatar n\u00eb nj\u00eb en\u00eb gjys\u00ebem t\u00eb mbuluar p\u00ebr 5 minuta, duke e p\u00ebrzier her\u00eb pas here. T\u00eb ruhet n\u00eb vend t\u00eb that\u00eb dhe t\u00eb fresk\u00ebt (jo n\u00eb frigorifer).<\/p>\t\t\t\t\t\t<\/div>\n\t\t\t\t<\/div>\n\t\t\t\t<div class=\"elementor-element elementor-element-6cda06a5 elementor-widget elementor-widget-heading\" data-id=\"6cda06a5\" data-element_type=\"widget\" data-widget_type=\"heading.default\">\n\t\t\t\t<div class=\"elementor-widget-container\">\n\t\t\t<h2 class=\"elementor-heading-title elementor-size-default\">Barkodi<\/h2>\t\t<\/div>\n\t\t\t\t<\/div>\n\t\t\t\t<div class=\"elementor-element elementor-element-28d6f263 elementor-widget elementor-widget-text-editor\" data-id=\"28d6f263\" data-element_type=\"widget\" data-widget_type=\"text-editor.default\">\n\t\t\t\t<div class=\"elementor-widget-container\">\n\t\t\t\t\t\t\t<p>3902756220183<\/p>\t\t\t\t\t\t<\/div>\n\t\t\t\t<\/div>\n\t\t\t\t\t<\/div>\n\t\t<\/div>\n\t\t\t\t\t\t\t<\/div>\n\t\t<\/section>\n\t\t\t\t\t<\/div>\n\t\t<\/div>\n\t\t\t\t\t\t\t<\/div>\n\t\t<\/section>\n\t\t\t\t\t\t\t<\/div>","protected":false},"excerpt":{"rendered":"<p>Vegetable Soup The best vegetables of the season, rich in nutritional values, and of course super delicious brought in a shoulder pack are the best gift for a strong and healthy organism. A light soup, full of flavor, simple to prepare but rich in vitamins and minerals. Content Vegetable Soup 60g Ingredients: Fide 50% (wheat [&hellip;]<\/p>","protected":false},"author":1,"featured_media":0,"parent":6807,"menu_order":0,"comment_status":"closed","ping_status":"closed","template":"","meta":[],"yoast_head":"<!-- This site is optimized with the Yoast SEO plugin v20.3 - https:\/\/yoast.com\/wordpress\/plugins\/seo\/ -->\n<title>Vegetable Soup - EVKO<\/title>\n<meta name=\"robots\" content=\"index, follow, max-snippet:-1, max-image-preview:large, max-video-preview:-1\" \/>\n<link rel=\"canonical\" href=\"https:\/\/evko-ks.com\/sq\/products\/soups\/vegetable-soup\/\" \/>\n<meta property=\"og:locale\" content=\"sq_AL\" \/>\n<meta property=\"og:type\" content=\"article\" \/>\n<meta property=\"og:title\" content=\"Vegetable Soup - EVKO\" \/>\n<meta property=\"og:description\" content=\"Vegetable Soup The best vegetables of the season, rich in nutritional values, and of course super delicious brought in a shoulder pack are the best gift for a strong and healthy organism. A light soup, full of flavor, simple to prepare but rich in vitamins and minerals. Content Vegetable Soup 60g Ingredients: Fide 50% (wheat [&hellip;]\" \/>\n<meta property=\"og:url\" content=\"https:\/\/evko-ks.com\/sq\/products\/soups\/vegetable-soup\/\" \/>\n<meta property=\"og:site_name\" content=\"EVKO\" \/>\n<meta property=\"article:modified_time\" content=\"2022-02-18T21:54:19+00:00\" \/>\n<meta property=\"og:image\" content=\"https:\/\/evko-ks.com\/wp-content\/uploads\/2022\/02\/01_Mate_Vegetable_Final-1024x1024.png\" \/>\n<meta name=\"twitter:card\" content=\"summary_large_image\" \/>\n<meta name=\"twitter:label1\" content=\"Est. reading time\" \/>\n\t<meta name=\"twitter:data1\" content=\"1 minut\u00eb\" \/>\n<script type=\"application\/ld+json\" class=\"yoast-schema-graph\">{\"@context\":\"https:\/\/schema.org\",\"@graph\":[{\"@type\":\"WebPage\",\"@id\":\"https:\/\/evko-ks.com\/products\/soups\/vegetable-soup\/\",\"url\":\"https:\/\/evko-ks.com\/products\/soups\/vegetable-soup\/\",\"name\":\"Vegetable Soup - EVKO\",\"isPartOf\":{\"@id\":\"https:\/\/evko-ks.com\/#website\"},\"datePublished\":\"2022-02-14T07:58:29+00:00\",\"dateModified\":\"2022-02-18T21:54:19+00:00\",\"breadcrumb\":{\"@id\":\"https:\/\/evko-ks.com\/products\/soups\/vegetable-soup\/#breadcrumb\"},\"inLanguage\":\"sq\",\"potentialAction\":[{\"@type\":\"ReadAction\",\"target\":[\"https:\/\/evko-ks.com\/products\/soups\/vegetable-soup\/\"]}]},{\"@type\":\"BreadcrumbList\",\"@id\":\"https:\/\/evko-ks.com\/products\/soups\/vegetable-soup\/#breadcrumb\",\"itemListElement\":[{\"@type\":\"ListItem\",\"position\":1,\"name\":\"Home\",\"item\":\"https:\/\/evko-ks.com\/\"},{\"@type\":\"ListItem\",\"position\":2,\"name\":\"Products\",\"item\":\"https:\/\/evko-ks.com\/products\/\"},{\"@type\":\"ListItem\",\"position\":3,\"name\":\"Soups\",\"item\":\"https:\/\/evko-ks.com\/products\/soups\/\"},{\"@type\":\"ListItem\",\"position\":4,\"name\":\"Vegetable Soup\"}]},{\"@type\":\"WebSite\",\"@id\":\"https:\/\/evko-ks.com\/#website\",\"url\":\"https:\/\/evko-ks.com\/\",\"name\":\"EVKO\",\"description\":\"\",\"potentialAction\":[{\"@type\":\"SearchAction\",\"target\":{\"@type\":\"EntryPoint\",\"urlTemplate\":\"https:\/\/evko-ks.com\/?s={search_term_string}\"},\"query-input\":\"required name=search_term_string\"}],\"inLanguage\":\"sq\"}]}<\/script>\n<!-- \/ Yoast SEO plugin. -->","yoast_head_json":{"title":"Vegetable Soup - EVKO","robots":{"index":"index","follow":"follow","max-snippet":"max-snippet:-1","max-image-preview":"max-image-preview:large","max-video-preview":"max-video-preview:-1"},"canonical":"https:\/\/evko-ks.com\/sq\/products\/soups\/vegetable-soup\/","og_locale":"sq_AL","og_type":"article","og_title":"Vegetable Soup - EVKO","og_description":"Vegetable Soup The best vegetables of the season, rich in nutritional values, and of course super delicious brought in a shoulder pack are the best gift for a strong and healthy organism. A light soup, full of flavor, simple to prepare but rich in vitamins and minerals. Content Vegetable Soup 60g Ingredients: Fide 50% (wheat [&hellip;]","og_url":"https:\/\/evko-ks.com\/sq\/products\/soups\/vegetable-soup\/","og_site_name":"EVKO","article_modified_time":"2022-02-18T21:54:19+00:00","og_image":[{"url":"https:\/\/evko-ks.com\/wp-content\/uploads\/2022\/02\/01_Mate_Vegetable_Final-1024x1024.png"}],"twitter_card":"summary_large_image","twitter_misc":{"Est. reading time":"1 minut\u00eb"},"schema":{"@context":"https:\/\/schema.org","@graph":[{"@type":"WebPage","@id":"https:\/\/evko-ks.com\/products\/soups\/vegetable-soup\/","url":"https:\/\/evko-ks.com\/products\/soups\/vegetable-soup\/","name":"Vegetable Soup - EVKO","isPartOf":{"@id":"https:\/\/evko-ks.com\/#website"},"datePublished":"2022-02-14T07:58:29+00:00","dateModified":"2022-02-18T21:54:19+00:00","breadcrumb":{"@id":"https:\/\/evko-ks.com\/products\/soups\/vegetable-soup\/#breadcrumb"},"inLanguage":"sq","potentialAction":[{"@type":"ReadAction","target":["https:\/\/evko-ks.com\/products\/soups\/vegetable-soup\/"]}]},{"@type":"BreadcrumbList","@id":"https:\/\/evko-ks.com\/products\/soups\/vegetable-soup\/#breadcrumb","itemListElement":[{"@type":"ListItem","position":1,"name":"Home","item":"https:\/\/evko-ks.com\/"},{"@type":"ListItem","position":2,"name":"Products","item":"https:\/\/evko-ks.com\/products\/"},{"@type":"ListItem","position":3,"name":"Soups","item":"https:\/\/evko-ks.com\/products\/soups\/"},{"@type":"ListItem","position":4,"name":"Vegetable Soup"}]},{"@type":"WebSite","@id":"https:\/\/evko-ks.com\/#website","url":"https:\/\/evko-ks.com\/","name":"EVKO","description":"","potentialAction":[{"@type":"SearchAction","target":{"@type":"EntryPoint","urlTemplate":"https:\/\/evko-ks.com\/?s={search_term_string}"},"query-input":"required name=search_term_string"}],"inLanguage":"sq"}]}},"_links":{"self":[{"href":"https:\/\/evko-ks.com\/sq\/wp-json\/wp\/v2\/pages\/6838"}],"collection":[{"href":"https:\/\/evko-ks.com\/sq\/wp-json\/wp\/v2\/pages"}],"about":[{"href":"https:\/\/evko-ks.com\/sq\/wp-json\/wp\/v2\/types\/page"}],"author":[{"embeddable":true,"href":"https:\/\/evko-ks.com\/sq\/wp-json\/wp\/v2\/users\/1"}],"replies":[{"embeddable":true,"href":"https:\/\/evko-ks.com\/sq\/wp-json\/wp\/v2\/comments?post=6838"}],"version-history":[{"count":0,"href":"https:\/\/evko-ks.com\/sq\/wp-json\/wp\/v2\/pages\/6838\/revisions"}],"up":[{"embeddable":true,"href":"https:\/\/evko-ks.com\/sq\/wp-json\/wp\/v2\/pages\/6807"}],"wp:attachment":[{"href":"https:\/\/evko-ks.com\/sq\/wp-json\/wp\/v2\/media?parent=6838"}],"curies":[{"name":"wp","href":"https:\/\/api.w.org\/{rel}","templated":true}]}}