{"id":7320,"date":"2022-02-18T11:41:28","date_gmt":"2022-02-18T11:41:28","guid":{"rendered":"https:\/\/evko-ks.com\/?page_id=7320"},"modified":"2022-02-18T11:43:22","modified_gmt":"2022-02-18T11:43:22","slug":"storing-cakes","status":"publish","type":"page","link":"https:\/\/evko-ks.com\/sq\/storing-cakes\/","title":{"rendered":"Ruajtja e \u00ebmb\u00eblsirave"},"content":{"rendered":"<div data-elementor-type=\"wp-page\" data-elementor-id=\"7320\" class=\"elementor elementor-7320\">\n\t\t\t\t\t\t\t\t\t<section class=\"elementor-section elementor-top-section elementor-element elementor-element-1598bd1a elementor-section-boxed elementor-section-height-default elementor-section-height-default\" data-id=\"1598bd1a\" data-element_type=\"section\" data-settings=\"{&quot;background_background&quot;:&quot;classic&quot;}\">\n\t\t\t\t\t\t<div class=\"elementor-container elementor-column-gap-default\">\n\t\t\t\t\t<div class=\"elementor-column elementor-col-50 elementor-top-column elementor-element elementor-element-77681093\" data-id=\"77681093\" data-element_type=\"column\">\n\t\t\t<div class=\"elementor-widget-wrap elementor-element-populated\">\n\t\t\t\t\t\t\t\t<div class=\"elementor-element elementor-element-1aecf371 elementor-widget elementor-widget-image\" data-id=\"1aecf371\" data-element_type=\"widget\" data-widget_type=\"image.default\">\n\t\t\t\t<div class=\"elementor-widget-container\">\n\t\t\t<style>\/*! elementor - v3.11.5 - 14-03-2023 *\/\n.elementor-widget-image{text-align:center}.elementor-widget-image a{display:inline-block}.elementor-widget-image a img[src$=\".svg\"]{width:48px}.elementor-widget-image img{vertical-align:middle;display:inline-block}<\/style>\t\t\t\t\t\t\t\t\t\t\t\t\t<a href=\"https:\/\/evko-ks.com\/sq\/soups\/\">\n\t\t\t\t\t\t\t<img decoding=\"async\" width=\"960\" height=\"640\" src=\"https:\/\/evko-ks.com\/wp-content\/uploads\/2022\/02\/TOHcom19_PU4295_E02_20_3b3-1024x683.jpg\" class=\"attachment-large size-large wp-image-7316\" alt=\"\" loading=\"lazy\" srcset=\"https:\/\/evko-ks.com\/wp-content\/uploads\/2022\/02\/TOHcom19_PU4295_E02_20_3b3-1024x683.jpg 1024w, https:\/\/evko-ks.com\/wp-content\/uploads\/2022\/02\/TOHcom19_PU4295_E02_20_3b3-300x200.jpg 300w, https:\/\/evko-ks.com\/wp-content\/uploads\/2022\/02\/TOHcom19_PU4295_E02_20_3b3-768x512.jpg 768w, https:\/\/evko-ks.com\/wp-content\/uploads\/2022\/02\/TOHcom19_PU4295_E02_20_3b3-1536x1024.jpg 1536w, https:\/\/evko-ks.com\/wp-content\/uploads\/2022\/02\/TOHcom19_PU4295_E02_20_3b3-18x12.jpg 18w, https:\/\/evko-ks.com\/wp-content\/uploads\/2022\/02\/TOHcom19_PU4295_E02_20_3b3.jpg 1920w\" sizes=\"(max-width: 960px) 100vw, 960px\" \/>\t\t\t\t\t\t\t\t<\/a>\n\t\t\t\t\t\t\t\t\t\t\t\t\t\t\t<\/div>\n\t\t\t\t<\/div>\n\t\t\t\t\t<\/div>\n\t\t<\/div>\n\t\t\t\t<div class=\"elementor-column elementor-col-50 elementor-top-column elementor-element elementor-element-60971084\" data-id=\"60971084\" data-element_type=\"column\">\n\t\t\t<div class=\"elementor-widget-wrap elementor-element-populated\">\n\t\t\t\t\t\t\t\t<div class=\"elementor-element elementor-element-b8cc1f1 elementor-widget elementor-widget-heading\" data-id=\"b8cc1f1\" data-element_type=\"widget\" data-widget_type=\"heading.default\">\n\t\t\t\t<div class=\"elementor-widget-container\">\n\t\t\t<style>\/*! elementor - v3.11.5 - 14-03-2023 *\/\n.elementor-heading-title{padding:0;margin:0;line-height:1}.elementor-widget-heading .elementor-heading-title[class*=elementor-size-]>a{color:inherit;font-size:inherit;line-height:inherit}.elementor-widget-heading .elementor-heading-title.elementor-size-small{font-size:15px}.elementor-widget-heading .elementor-heading-title.elementor-size-medium{font-size:19px}.elementor-widget-heading .elementor-heading-title.elementor-size-large{font-size:29px}.elementor-widget-heading .elementor-heading-title.elementor-size-xl{font-size:39px}.elementor-widget-heading .elementor-heading-title.elementor-size-xxl{font-size:59px}<\/style><h2 class=\"elementor-heading-title elementor-size-default\">Ruajtja e \u00ebmb\u00eblsirave<\/h2>\t\t<\/div>\n\t\t\t\t<\/div>\n\t\t\t\t<div class=\"elementor-element elementor-element-2602679f elementor-widget elementor-widget-heading\" data-id=\"2602679f\" data-element_type=\"widget\" data-widget_type=\"heading.default\">\n\t\t\t\t<div class=\"elementor-widget-container\">\n\t\t\t<h2 class=\"elementor-heading-title elementor-size-default\">\u00cbmb\u00eblsira shpesh duhet t\u00eb p\u00ebrgatiten paraprakisht, k\u00ebshtu q\u00eb ato nuk mund t\u00eb hahen menj\u00ebher\u00eb pas pjekjes. \u00cbsht\u00eb e r\u00ebnd\u00ebsishme t'i ruani dhe t'i mb\u00ebshtillni si\u00e7 duhet p\u00ebr t\u00eb ruajtur freskin\u00eb dhe shijen. Mund ta piqni paraprakisht brumin tuaj, ta mb\u00ebshtillni dy her\u00eb me folio ushqimore dhe ta ngrini. Kur t\u00eb jeni gati p\u00ebr t\u00eb b\u00ebr\u00eb dekorimin e kremit, e shkrini derisa t\u00eb kthehet n\u00eb temperatur\u00ebn e dhom\u00ebs dhe filloni me dekorimin.<\/h2>\t\t<\/div>\n\t\t\t\t<\/div>\n\t\t\t\t\t<\/div>\n\t\t<\/div>\n\t\t\t\t\t\t\t<\/div>\n\t\t<\/section>\n\t\t\t\t\t\t\t<\/div>","protected":false},"excerpt":{"rendered":"<p>Storing cakes Cakes often need to be prepared in advance, so they can not be eaten after baking. It is important to store and wrap them properly to see the freshness and taste. You can pre-bake your dough, wrap it twice in parchment paper and roll it out. When you are ready to make the [&hellip;]<\/p>","protected":false},"author":1,"featured_media":0,"parent":0,"menu_order":0,"comment_status":"closed","ping_status":"closed","template":"","meta":[],"yoast_head":"<!-- This site is optimized with the Yoast SEO plugin v20.3 - https:\/\/yoast.com\/wordpress\/plugins\/seo\/ -->\n<title>Storing cakes - EVKO<\/title>\n<meta name=\"robots\" content=\"index, follow, max-snippet:-1, max-image-preview:large, max-video-preview:-1\" \/>\n<link rel=\"canonical\" href=\"https:\/\/evko-ks.com\/sq\/storing-cakes\/\" \/>\n<meta property=\"og:locale\" content=\"sq_AL\" \/>\n<meta property=\"og:type\" content=\"article\" \/>\n<meta property=\"og:title\" content=\"Storing cakes - EVKO\" \/>\n<meta property=\"og:description\" content=\"Storing cakes Cakes often need to be prepared in advance, so they can not be eaten after baking. It is important to store and wrap them properly to see the freshness and taste. You can pre-bake your dough, wrap it twice in parchment paper and roll it out. When you are ready to make the [&hellip;]\" \/>\n<meta property=\"og:url\" content=\"https:\/\/evko-ks.com\/sq\/storing-cakes\/\" \/>\n<meta property=\"og:site_name\" content=\"EVKO\" \/>\n<meta property=\"article:modified_time\" content=\"2022-02-18T11:43:22+00:00\" \/>\n<meta property=\"og:image\" content=\"https:\/\/evko-ks.com\/wp-content\/uploads\/2022\/02\/TOHcom19_PU4295_E02_20_3b3-1024x683.jpg\" \/>\n<meta name=\"twitter:card\" content=\"summary_large_image\" \/>\n<script type=\"application\/ld+json\" class=\"yoast-schema-graph\">{\"@context\":\"https:\/\/schema.org\",\"@graph\":[{\"@type\":\"WebPage\",\"@id\":\"https:\/\/evko-ks.com\/storing-cakes\/\",\"url\":\"https:\/\/evko-ks.com\/storing-cakes\/\",\"name\":\"Storing cakes - EVKO\",\"isPartOf\":{\"@id\":\"https:\/\/evko-ks.com\/#website\"},\"datePublished\":\"2022-02-18T11:41:28+00:00\",\"dateModified\":\"2022-02-18T11:43:22+00:00\",\"breadcrumb\":{\"@id\":\"https:\/\/evko-ks.com\/storing-cakes\/#breadcrumb\"},\"inLanguage\":\"sq\",\"potentialAction\":[{\"@type\":\"ReadAction\",\"target\":[\"https:\/\/evko-ks.com\/storing-cakes\/\"]}]},{\"@type\":\"BreadcrumbList\",\"@id\":\"https:\/\/evko-ks.com\/storing-cakes\/#breadcrumb\",\"itemListElement\":[{\"@type\":\"ListItem\",\"position\":1,\"name\":\"Home\",\"item\":\"https:\/\/evko-ks.com\/\"},{\"@type\":\"ListItem\",\"position\":2,\"name\":\"Storing cakes\"}]},{\"@type\":\"WebSite\",\"@id\":\"https:\/\/evko-ks.com\/#website\",\"url\":\"https:\/\/evko-ks.com\/\",\"name\":\"EVKO\",\"description\":\"\",\"potentialAction\":[{\"@type\":\"SearchAction\",\"target\":{\"@type\":\"EntryPoint\",\"urlTemplate\":\"https:\/\/evko-ks.com\/?s={search_term_string}\"},\"query-input\":\"required name=search_term_string\"}],\"inLanguage\":\"sq\"}]}<\/script>\n<!-- \/ Yoast SEO plugin. -->","yoast_head_json":{"title":"Storing cakes - EVKO","robots":{"index":"index","follow":"follow","max-snippet":"max-snippet:-1","max-image-preview":"max-image-preview:large","max-video-preview":"max-video-preview:-1"},"canonical":"https:\/\/evko-ks.com\/sq\/storing-cakes\/","og_locale":"sq_AL","og_type":"article","og_title":"Storing cakes - EVKO","og_description":"Storing cakes Cakes often need to be prepared in advance, so they can not be eaten after baking. It is important to store and wrap them properly to see the freshness and taste. You can pre-bake your dough, wrap it twice in parchment paper and roll it out. When you are ready to make the [&hellip;]","og_url":"https:\/\/evko-ks.com\/sq\/storing-cakes\/","og_site_name":"EVKO","article_modified_time":"2022-02-18T11:43:22+00:00","og_image":[{"url":"https:\/\/evko-ks.com\/wp-content\/uploads\/2022\/02\/TOHcom19_PU4295_E02_20_3b3-1024x683.jpg"}],"twitter_card":"summary_large_image","schema":{"@context":"https:\/\/schema.org","@graph":[{"@type":"WebPage","@id":"https:\/\/evko-ks.com\/storing-cakes\/","url":"https:\/\/evko-ks.com\/storing-cakes\/","name":"Storing cakes - EVKO","isPartOf":{"@id":"https:\/\/evko-ks.com\/#website"},"datePublished":"2022-02-18T11:41:28+00:00","dateModified":"2022-02-18T11:43:22+00:00","breadcrumb":{"@id":"https:\/\/evko-ks.com\/storing-cakes\/#breadcrumb"},"inLanguage":"sq","potentialAction":[{"@type":"ReadAction","target":["https:\/\/evko-ks.com\/storing-cakes\/"]}]},{"@type":"BreadcrumbList","@id":"https:\/\/evko-ks.com\/storing-cakes\/#breadcrumb","itemListElement":[{"@type":"ListItem","position":1,"name":"Home","item":"https:\/\/evko-ks.com\/"},{"@type":"ListItem","position":2,"name":"Storing cakes"}]},{"@type":"WebSite","@id":"https:\/\/evko-ks.com\/#website","url":"https:\/\/evko-ks.com\/","name":"EVKO","description":"","potentialAction":[{"@type":"SearchAction","target":{"@type":"EntryPoint","urlTemplate":"https:\/\/evko-ks.com\/?s={search_term_string}"},"query-input":"required name=search_term_string"}],"inLanguage":"sq"}]}},"_links":{"self":[{"href":"https:\/\/evko-ks.com\/sq\/wp-json\/wp\/v2\/pages\/7320"}],"collection":[{"href":"https:\/\/evko-ks.com\/sq\/wp-json\/wp\/v2\/pages"}],"about":[{"href":"https:\/\/evko-ks.com\/sq\/wp-json\/wp\/v2\/types\/page"}],"author":[{"embeddable":true,"href":"https:\/\/evko-ks.com\/sq\/wp-json\/wp\/v2\/users\/1"}],"replies":[{"embeddable":true,"href":"https:\/\/evko-ks.com\/sq\/wp-json\/wp\/v2\/comments?post=7320"}],"version-history":[{"count":0,"href":"https:\/\/evko-ks.com\/sq\/wp-json\/wp\/v2\/pages\/7320\/revisions"}],"wp:attachment":[{"href":"https:\/\/evko-ks.com\/sq\/wp-json\/wp\/v2\/media?parent=7320"}],"curies":[{"name":"wp","href":"https:\/\/api.w.org\/{rel}","templated":true}]}}